{"id":13196,"date":"2025-02-26T15:46:15","date_gmt":"2025-02-26T07:46:15","guid":{"rendered":"https:\/\/www.yoroow.com\/?post_type=product&#038;p=13196"},"modified":"2025-05-16T09:44:05","modified_gmt":"2025-05-16T01:44:05","slug":"hohe-qualitat-groshandelspreis-verchromt-langen-griff-1-2-geschmiedet-messing-verdeckte-ventil","status":"publish","type":"product","link":"https:\/\/www.yoroow.com\/de\/produktdetail\/hohe-qualitat-groshandelspreis-verchromt-langen-griff-1-2-geschmiedet-messing-verdeckte-ventil\/","title":{"rendered":"Hohe Qualit\u00e4t 1\/2 geschmiedetem Messing verdeckte Zisterne Stop Ventil lange verchromte Griff verdeckte Zisterne Ventil Wasserhahn Zubeh\u00f6r"},"content":{"rendered":"<p>Dieses hochwertige Unterputz-Sp\u00fclkastenventil aus geschmiedetem Messing ist mit einem langen verchromten Griff ausgestattet, der die Bedienung erleichtert. Es bietet eine effiziente Wassersteuerung in Bad- und Toilettensystemen und gew\u00e4hrleistet Haltbarkeit und langfristige Leistung. Das Fachwissen der chinesischen Fabrik in Sachen Messingprodukte gew\u00e4hrleistet einen hohen Fertigungsstandard. Dieses Absperrventil ist ideal f\u00fcr die s\u00fcdamerikanischen und s\u00fcdostasiatischen M\u00e4rkte, wo langlebige, erschwingliche Badkomponenten ben\u00f6tigt werden.<\/p>","protected":false},"excerpt":{"rendered":"<p>This high-quality forged brass concealed cistern stop valve is designed with a long chromed handle for ease of operation. It offers efficient water control in bathroom and toilet systems, ensuring durability and long-term performance. The Chinese factory\u2019s expertise in brass products ensures a high standard of manufacturing. This stop valve is ideal for South American\u2026<\/p>","protected":false},"featured_media":13205,"template":"","meta":{"_acf_changed":false,"_kad_post_transparent":"default","_kad_post_title":"","_kad_post_layout":"default","_kad_post_sidebar_id":"","_kad_post_content_style":"default","_kad_post_vertical_padding":"default","_kad_post_feature":"","_kad_post_feature_position":"","_kad_post_header":false,"_kad_post_footer":false},"product_brand":[],"product_cat":[224],"product_tag":[2991,3004],"class_list":{"0":"post-13196","1":"product","2":"type-product","3":"status-publish","4":"has-post-thumbnail","6":"product_cat-single-cold-concealed-valve","7":"product_tag-brass-concealed-cistern-stop-valve","8":"product_tag-concealed-cistern-valve","10":"first","11":"instock","12":"shipping-taxable","13":"purchasable","14":"product-type-variable","15":"wvs-archive-product-wrapper","16":"entry","17":"content-bg","18":"loop-entry"},"acf":[],"yoast_head":"<!-- This site is optimized with the Yoast SEO Premium plugin v25.4 (Yoast SEO v27.0) - https:\/\/yoast.com\/product\/yoast-seo-premium-wordpress\/ -->\n<title>High Quality 1\/2 Forged Brass Concealed Cistern Stop Valve Long Chromed Handle Concealed Cistern Valve Faucet Accessory - YOROOW<\/title>\n<meta name=\"description\" content=\"High quality 1\/2 forged brass concealed cistern stop valve with long chromed handle, durable and easy to operate. Produced in China with reliable export service for South American and Southeast Asian markets.\" \/>\n<meta name=\"robots\" content=\"index, follow, max-snippet:-1, max-image-preview:large, max-video-preview:-1\" \/>\n<link rel=\"canonical\" href=\"https:\/\/www.yoroow.com\/de\/produktdetail\/hohe-qualitat-groshandelspreis-verchromt-langen-griff-1-2-geschmiedet-messing-verdeckte-ventil\/\" \/>\n<meta property=\"og:locale\" content=\"de_DE\" \/>\n<meta property=\"og:type\" content=\"article\" \/>\n<meta property=\"og:title\" content=\"High Quality 1\/2 Forged Brass Concealed Cistern Stop Valve Long Chromed Handle Concealed Cistern Valve Faucet Accessory\" \/>\n<meta property=\"og:description\" content=\"High quality 1\/2 forged brass concealed cistern stop valve with long chromed handle, durable and easy to operate. Produced in China with reliable export service for South American and Southeast Asian markets.\" \/>\n<meta property=\"og:url\" content=\"https:\/\/www.yoroow.com\/de\/produktdetail\/hohe-qualitat-groshandelspreis-verchromt-langen-griff-1-2-geschmiedet-messing-verdeckte-ventil\/\" \/>\n<meta property=\"og:site_name\" content=\"YOROOW\" \/>\n<meta property=\"article:publisher\" content=\"https:\/\/www.facebook.com\/people\/yoroowfaucetfactory\/61564236752362\/\" \/>\n<meta property=\"article:modified_time\" content=\"2025-05-16T01:44:05+00:00\" \/>\n<meta property=\"og:image\" content=\"https:\/\/www.yoroow.com\/wp-content\/uploads\/2025\/02\/\u6697\u96004.jpg\" \/>\n\t<meta property=\"og:image:width\" content=\"929\" \/>\n\t<meta property=\"og:image:height\" content=\"929\" \/>\n\t<meta property=\"og:image:type\" content=\"image\/jpeg\" \/>\n<meta name=\"twitter:card\" content=\"summary_large_image\" \/>\n<meta name=\"twitter:label1\" content=\"Gesch\u00e4tzte Lesezeit\" \/>\n\t<meta name=\"twitter:data1\" content=\"1\u00a0Minute\" \/>\n<script type=\"application\/ld+json\" class=\"yoast-schema-graph\">{\"@context\":\"https:\/\/schema.org\",\"@graph\":[{\"@type\":\"WebPage\",\"@id\":\"https:\/\/www.yoroow.com\/de\/produktdetail\/hohe-qualitat-groshandelspreis-verchromt-langen-griff-1-2-geschmiedet-messing-verdeckte-ventil\/\",\"url\":\"https:\/\/www.yoroow.com\/de\/produktdetail\/hohe-qualitat-groshandelspreis-verchromt-langen-griff-1-2-geschmiedet-messing-verdeckte-ventil\/\",\"name\":\"High Quality 1\/2 Forged Brass Concealed Cistern Stop Valve Long Chromed Handle Concealed Cistern Valve Faucet Accessory - YOROOW\",\"isPartOf\":{\"@id\":\"https:\/\/www.yoroow.com\/de\/#website\"},\"primaryImageOfPage\":{\"@id\":\"https:\/\/www.yoroow.com\/de\/produktdetail\/hohe-qualitat-groshandelspreis-verchromt-langen-griff-1-2-geschmiedet-messing-verdeckte-ventil\/#primaryimage\"},\"image\":{\"@id\":\"https:\/\/www.yoroow.com\/de\/produktdetail\/hohe-qualitat-groshandelspreis-verchromt-langen-griff-1-2-geschmiedet-messing-verdeckte-ventil\/#primaryimage\"},\"thumbnailUrl\":\"https:\/\/www.yoroow.com\/wp-content\/uploads\/2025\/02\/\u6697\u96004.jpg\",\"datePublished\":\"2025-02-26T07:46:15+00:00\",\"dateModified\":\"2025-05-16T01:44:05+00:00\",\"description\":\"High quality 1\/2 forged brass concealed cistern stop valve with long chromed handle, durable and easy to operate. Produced in China with reliable export service for South American and Southeast Asian markets.\",\"breadcrumb\":{\"@id\":\"https:\/\/www.yoroow.com\/de\/produktdetail\/hohe-qualitat-groshandelspreis-verchromt-langen-griff-1-2-geschmiedet-messing-verdeckte-ventil\/#breadcrumb\"},\"inLanguage\":\"de\",\"potentialAction\":[{\"@type\":\"ReadAction\",\"target\":[\"https:\/\/www.yoroow.com\/de\/produktdetail\/hohe-qualitat-groshandelspreis-verchromt-langen-griff-1-2-geschmiedet-messing-verdeckte-ventil\/\"]}]},{\"@type\":\"ImageObject\",\"inLanguage\":\"de\",\"@id\":\"https:\/\/www.yoroow.com\/de\/produktdetail\/hohe-qualitat-groshandelspreis-verchromt-langen-griff-1-2-geschmiedet-messing-verdeckte-ventil\/#primaryimage\",\"url\":\"https:\/\/www.yoroow.com\/wp-content\/uploads\/2025\/02\/\u6697\u96004.jpg\",\"contentUrl\":\"https:\/\/www.yoroow.com\/wp-content\/uploads\/2025\/02\/\u6697\u96004.jpg\",\"width\":929,\"height\":929,\"caption\":\"High Quality 1\/2 Forged Brass Concealed Cistern Stop Valve Long Chromed Handle Concealed Cistern Valve Faucet Accessory\"},{\"@type\":\"BreadcrumbList\",\"@id\":\"https:\/\/www.yoroow.com\/de\/produktdetail\/hohe-qualitat-groshandelspreis-verchromt-langen-griff-1-2-geschmiedet-messing-verdeckte-ventil\/#breadcrumb\",\"itemListElement\":[{\"@type\":\"ListItem\",\"position\":1,\"name\":\"home\",\"item\":\"https:\/\/www.yoroow.com\/\"},{\"@type\":\"ListItem\",\"position\":2,\"name\":\"Product\",\"item\":\"https:\/\/www.yoroow.com\/product\/\"},{\"@type\":\"ListItem\",\"position\":3,\"name\":\"High Quality 1\/2 Forged Brass Concealed Cistern Stop Valve Long Chromed Handle Concealed Cistern Valve Faucet Accessory\"}]},{\"@type\":\"WebSite\",\"@id\":\"https:\/\/www.yoroow.com\/de\/#website\",\"url\":\"https:\/\/www.yoroow.com\/de\/\",\"name\":\"YOROOW\",\"description\":\"\",\"publisher\":{\"@id\":\"https:\/\/www.yoroow.com\/de\/#organization\"},\"potentialAction\":[{\"@type\":\"SearchAction\",\"target\":{\"@type\":\"EntryPoint\",\"urlTemplate\":\"https:\/\/www.yoroow.com\/de\/?s={search_term_string}\"},\"query-input\":{\"@type\":\"PropertyValueSpecification\",\"valueRequired\":true,\"valueName\":\"search_term_string\"}}],\"inLanguage\":\"de\"},{\"@type\":\"Organization\",\"@id\":\"https:\/\/www.yoroow.com\/de\/#organization\",\"name\":\"YOROOW\",\"url\":\"https:\/\/www.yoroow.com\/de\/\",\"logo\":{\"@type\":\"ImageObject\",\"inLanguage\":\"de\",\"@id\":\"https:\/\/www.yoroow.com\/de\/#\/schema\/logo\/image\/\",\"url\":\"https:\/\/www.yoroow.com\/wp-content\/uploads\/2024\/12\/2024123007131061.png\",\"contentUrl\":\"https:\/\/www.yoroow.com\/wp-content\/uploads\/2024\/12\/2024123007131061.png\",\"width\":168,\"height\":27,\"caption\":\"YOROOW\"},\"image\":{\"@id\":\"https:\/\/www.yoroow.com\/de\/#\/schema\/logo\/image\/\"},\"sameAs\":[\"https:\/\/www.facebook.com\/people\/yoroowfaucetfactory\/61564236752362\/\"]}]}<\/script>\n<!-- \/ Yoast SEO Premium plugin. -->","yoast_head_json":{"title":"High Quality 1\/2 Forged Brass Concealed Cistern Stop Valve Long Chromed Handle Concealed Cistern Valve Faucet Accessory - YOROOW","description":"High quality 1\/2 forged brass concealed cistern stop valve with long chromed handle, durable and easy to operate. Produced in China with reliable export service for South American and Southeast Asian markets.","robots":{"index":"index","follow":"follow","max-snippet":"max-snippet:-1","max-image-preview":"max-image-preview:large","max-video-preview":"max-video-preview:-1"},"canonical":"https:\/\/www.yoroow.com\/de\/produktdetail\/hohe-qualitat-groshandelspreis-verchromt-langen-griff-1-2-geschmiedet-messing-verdeckte-ventil\/","og_locale":"de_DE","og_type":"article","og_title":"High Quality 1\/2 Forged Brass Concealed Cistern Stop Valve Long Chromed Handle Concealed Cistern Valve Faucet Accessory","og_description":"High quality 1\/2 forged brass concealed cistern stop valve with long chromed handle, durable and easy to operate. Produced in China with reliable export service for South American and Southeast Asian markets.","og_url":"https:\/\/www.yoroow.com\/de\/produktdetail\/hohe-qualitat-groshandelspreis-verchromt-langen-griff-1-2-geschmiedet-messing-verdeckte-ventil\/","og_site_name":"YOROOW","article_publisher":"https:\/\/www.facebook.com\/people\/yoroowfaucetfactory\/61564236752362\/","article_modified_time":"2025-05-16T01:44:05+00:00","og_image":[{"width":929,"height":929,"url":"https:\/\/www.yoroow.com\/wp-content\/uploads\/2025\/02\/\u6697\u96004.jpg","type":"image\/jpeg"}],"twitter_card":"summary_large_image","twitter_misc":{"Gesch\u00e4tzte Lesezeit":"1\u00a0Minute"},"schema":{"@context":"https:\/\/schema.org","@graph":[{"@type":"WebPage","@id":"https:\/\/www.yoroow.com\/de\/produktdetail\/hohe-qualitat-groshandelspreis-verchromt-langen-griff-1-2-geschmiedet-messing-verdeckte-ventil\/","url":"https:\/\/www.yoroow.com\/de\/produktdetail\/hohe-qualitat-groshandelspreis-verchromt-langen-griff-1-2-geschmiedet-messing-verdeckte-ventil\/","name":"High Quality 1\/2 Forged Brass Concealed Cistern Stop Valve Long Chromed Handle Concealed Cistern Valve Faucet Accessory - YOROOW","isPartOf":{"@id":"https:\/\/www.yoroow.com\/de\/#website"},"primaryImageOfPage":{"@id":"https:\/\/www.yoroow.com\/de\/produktdetail\/hohe-qualitat-groshandelspreis-verchromt-langen-griff-1-2-geschmiedet-messing-verdeckte-ventil\/#primaryimage"},"image":{"@id":"https:\/\/www.yoroow.com\/de\/produktdetail\/hohe-qualitat-groshandelspreis-verchromt-langen-griff-1-2-geschmiedet-messing-verdeckte-ventil\/#primaryimage"},"thumbnailUrl":"https:\/\/www.yoroow.com\/wp-content\/uploads\/2025\/02\/\u6697\u96004.jpg","datePublished":"2025-02-26T07:46:15+00:00","dateModified":"2025-05-16T01:44:05+00:00","description":"High quality 1\/2 forged brass concealed cistern stop valve with long chromed handle, durable and easy to operate. Produced in China with reliable export service for South American and Southeast Asian markets.","breadcrumb":{"@id":"https:\/\/www.yoroow.com\/de\/produktdetail\/hohe-qualitat-groshandelspreis-verchromt-langen-griff-1-2-geschmiedet-messing-verdeckte-ventil\/#breadcrumb"},"inLanguage":"de","potentialAction":[{"@type":"ReadAction","target":["https:\/\/www.yoroow.com\/de\/produktdetail\/hohe-qualitat-groshandelspreis-verchromt-langen-griff-1-2-geschmiedet-messing-verdeckte-ventil\/"]}]},{"@type":"ImageObject","inLanguage":"de","@id":"https:\/\/www.yoroow.com\/de\/produktdetail\/hohe-qualitat-groshandelspreis-verchromt-langen-griff-1-2-geschmiedet-messing-verdeckte-ventil\/#primaryimage","url":"https:\/\/www.yoroow.com\/wp-content\/uploads\/2025\/02\/\u6697\u96004.jpg","contentUrl":"https:\/\/www.yoroow.com\/wp-content\/uploads\/2025\/02\/\u6697\u96004.jpg","width":929,"height":929,"caption":"High Quality 1\/2 Forged Brass Concealed Cistern Stop Valve Long Chromed Handle Concealed Cistern Valve Faucet Accessory"},{"@type":"BreadcrumbList","@id":"https:\/\/www.yoroow.com\/de\/produktdetail\/hohe-qualitat-groshandelspreis-verchromt-langen-griff-1-2-geschmiedet-messing-verdeckte-ventil\/#breadcrumb","itemListElement":[{"@type":"ListItem","position":1,"name":"home","item":"https:\/\/www.yoroow.com\/"},{"@type":"ListItem","position":2,"name":"Product","item":"https:\/\/www.yoroow.com\/product\/"},{"@type":"ListItem","position":3,"name":"High Quality 1\/2 Forged Brass Concealed Cistern Stop Valve Long Chromed Handle Concealed Cistern Valve Faucet Accessory"}]},{"@type":"WebSite","@id":"https:\/\/www.yoroow.com\/de\/#website","url":"https:\/\/www.yoroow.com\/de\/","name":"YOROOW","description":"","publisher":{"@id":"https:\/\/www.yoroow.com\/de\/#organization"},"potentialAction":[{"@type":"SearchAction","target":{"@type":"EntryPoint","urlTemplate":"https:\/\/www.yoroow.com\/de\/?s={search_term_string}"},"query-input":{"@type":"PropertyValueSpecification","valueRequired":true,"valueName":"search_term_string"}}],"inLanguage":"de"},{"@type":"Organization","@id":"https:\/\/www.yoroow.com\/de\/#organization","name":"YOROOW","url":"https:\/\/www.yoroow.com\/de\/","logo":{"@type":"ImageObject","inLanguage":"de","@id":"https:\/\/www.yoroow.com\/de\/#\/schema\/logo\/image\/","url":"https:\/\/www.yoroow.com\/wp-content\/uploads\/2024\/12\/2024123007131061.png","contentUrl":"https:\/\/www.yoroow.com\/wp-content\/uploads\/2024\/12\/2024123007131061.png","width":168,"height":27,"caption":"YOROOW"},"image":{"@id":"https:\/\/www.yoroow.com\/de\/#\/schema\/logo\/image\/"},"sameAs":["https:\/\/www.facebook.com\/people\/yoroowfaucetfactory\/61564236752362\/"]}]}},"_links":{"self":[{"href":"https:\/\/www.yoroow.com\/de\/wp-json\/wp\/v2\/product\/13196","targetHints":{"allow":["GET"]}}],"collection":[{"href":"https:\/\/www.yoroow.com\/de\/wp-json\/wp\/v2\/product"}],"about":[{"href":"https:\/\/www.yoroow.com\/de\/wp-json\/wp\/v2\/types\/product"}],"wp:featuredmedia":[{"embeddable":true,"href":"https:\/\/www.yoroow.com\/de\/wp-json\/wp\/v2\/media\/13205"}],"wp:attachment":[{"href":"https:\/\/www.yoroow.com\/de\/wp-json\/wp\/v2\/media?parent=13196"}],"wp:term":[{"taxonomy":"product_brand","embeddable":true,"href":"https:\/\/www.yoroow.com\/de\/wp-json\/wp\/v2\/product_brand?post=13196"},{"taxonomy":"product_cat","embeddable":true,"href":"https:\/\/www.yoroow.com\/de\/wp-json\/wp\/v2\/product_cat?post=13196"},{"taxonomy":"product_tag","embeddable":true,"href":"https:\/\/www.yoroow.com\/de\/wp-json\/wp\/v2\/product_tag?post=13196"}],"curies":[{"name":"wp","href":"https:\/\/api.w.org\/{rel}","templated":true}]}}