{"id":13078,"date":"2025-02-25T17:20:02","date_gmt":"2025-02-25T09:20:02","guid":{"rendered":"https:\/\/www.yoroow.com\/?post_type=product&#038;p=13078"},"modified":"2025-05-16T09:43:31","modified_gmt":"2025-05-16T01:43:31","slug":"moderne-drehbare-chrom-kuchenarmaturen-einloch-kuchenarmaturen-fur-die-spule-aus-messing","status":"publish","type":"product","link":"https:\/\/www.yoroow.com\/de\/produktdetail\/moderne-drehbare-chrom-kuchenarmaturen-einloch-kuchenarmaturen-fur-die-spule-aus-messing\/","title":{"rendered":"Antike Messing K\u00fcchenarmatur Moderne Chrom K\u00fcchenmischer Einloch Deck montiert Zink Sp\u00fcle Wasserh\u00e4hne Rotierende K\u00fcche Wasserhahn"},"content":{"rendered":"<p>This antique brass kitchen faucet features a modern chrome finish and a rotating spout, making it both stylish and functional. The single-hole deck-mounted design is perfect for kitchen sinks, offering both hot and cold water flow. Made from a zinc body, it is durable and corrosion-resistant, ideal for long-term use in kitchen settings. Produced in a Chinese factory with expertise in faucet manufacturing, it offers an elegant, affordable solution for South American and Southeast Asian markets, where a combination of style and functionality is highly valued.<\/p>","protected":false},"excerpt":{"rendered":"<p>Diese K\u00fcchenarmatur aus antikem Messing ist modern verchromt und verf\u00fcgt \u00fcber einen drehbaren Auslauf, der sie sowohl stilvoll als auch funktional macht. Die Einloch-Montagearmatur eignet sich perfekt f\u00fcr K\u00fcchensp\u00fclen und bietet sowohl Hei\u00df- als auch Kaltwasserdurchfluss. Das Geh\u00e4use aus Zink ist langlebig und korrosionsbest\u00e4ndig, ideal f\u00fcr den langfristigen Einsatz in der K\u00fcche. Produziert in...<\/p>","protected":false},"featured_media":13079,"template":"","meta":{"_acf_changed":false,"_kad_post_transparent":"default","_kad_post_title":"","_kad_post_layout":"default","_kad_post_sidebar_id":"","_kad_post_content_style":"default","_kad_post_vertical_padding":"default","_kad_post_feature":"","_kad_post_feature_position":"","_kad_post_header":false,"_kad_post_footer":false},"product_brand":[],"product_cat":[246,1526],"product_tag":[3115,3289],"class_list":{"0":"post-13078","1":"product","2":"type-product","3":"status-publish","4":"has-post-thumbnail","6":"product_cat-mixer-kitchen-faucet","7":"product_cat-109pseries","8":"product_tag-antique-brass-kitchen-faucet","9":"product_tag-kitchen-tap-water-and-morden-zinc","11":"first","12":"instock","13":"shipping-taxable","14":"purchasable","15":"product-type-variable","16":"wvs-archive-product-wrapper","17":"entry","18":"content-bg","19":"loop-entry"},"acf":[],"yoast_head":"<!-- This site is optimized with the Yoast SEO Premium plugin v25.4 (Yoast SEO v27.0) - https:\/\/yoast.com\/product\/yoast-seo-premium-wordpress\/ -->\n<title>Antique Brass Kitchen Faucet Modern Chrome Kitchen Mixer Taps Single-Hole Deck Mounted Zinc Sink Faucets Rotating Kitchen Tap - YOROOW<\/title>\n<meta name=\"description\" content=\"Antique brass kitchen faucet with modern chrome mixer tap, single-hole deck-mounted design. Zinc sink faucet with rotating spout for convenience. Made in China, catering to markets in South America and Southeast Asia valuing classic style with modern features.\" \/>\n<meta name=\"robots\" content=\"index, follow, max-snippet:-1, max-image-preview:large, max-video-preview:-1\" \/>\n<link rel=\"canonical\" href=\"https:\/\/www.yoroow.com\/de\/produktdetail\/moderne-drehbare-chrom-kuchenarmaturen-einloch-kuchenarmaturen-fur-die-spule-aus-messing\/\" \/>\n<meta property=\"og:locale\" content=\"de_DE\" \/>\n<meta property=\"og:type\" content=\"article\" \/>\n<meta property=\"og:title\" content=\"Antique Brass Kitchen Faucet Modern Chrome Kitchen Mixer Taps Single-Hole Deck Mounted Zinc Sink Faucets Rotating Kitchen Tap\" \/>\n<meta property=\"og:description\" content=\"Antique brass kitchen faucet with modern chrome mixer tap, single-hole deck-mounted design. Zinc sink faucet with rotating spout for convenience. Made in China, catering to markets in South America and Southeast Asia valuing classic style with modern features.\" \/>\n<meta property=\"og:url\" content=\"https:\/\/www.yoroow.com\/de\/produktdetail\/moderne-drehbare-chrom-kuchenarmaturen-einloch-kuchenarmaturen-fur-die-spule-aus-messing\/\" \/>\n<meta property=\"og:site_name\" content=\"YOROOW\" \/>\n<meta property=\"article:publisher\" content=\"https:\/\/www.facebook.com\/people\/yoroowfaucetfactory\/61564236752362\/\" \/>\n<meta property=\"article:modified_time\" content=\"2025-05-16T01:43:31+00:00\" \/>\n<meta property=\"og:image\" content=\"https:\/\/www.yoroow.com\/wp-content\/uploads\/2025\/02\/bd7c752e54fc2d4695efcb1905f71ce.jpg\" \/>\n\t<meta property=\"og:image:width\" content=\"750\" \/>\n\t<meta property=\"og:image:height\" content=\"750\" \/>\n\t<meta property=\"og:image:type\" content=\"image\/jpeg\" \/>\n<meta name=\"twitter:card\" content=\"summary_large_image\" \/>\n<meta name=\"twitter:label1\" content=\"Gesch\u00e4tzte Lesezeit\" \/>\n\t<meta name=\"twitter:data1\" content=\"1\u00a0Minute\" \/>\n<script type=\"application\/ld+json\" class=\"yoast-schema-graph\">{\"@context\":\"https:\/\/schema.org\",\"@graph\":[{\"@type\":\"WebPage\",\"@id\":\"https:\/\/www.yoroow.com\/de\/produktdetail\/moderne-drehbare-chrom-kuchenarmaturen-einloch-kuchenarmaturen-fur-die-spule-aus-messing\/\",\"url\":\"https:\/\/www.yoroow.com\/de\/produktdetail\/moderne-drehbare-chrom-kuchenarmaturen-einloch-kuchenarmaturen-fur-die-spule-aus-messing\/\",\"name\":\"Antique Brass Kitchen Faucet Modern Chrome Kitchen Mixer Taps Single-Hole Deck Mounted Zinc Sink Faucets Rotating Kitchen Tap - YOROOW\",\"isPartOf\":{\"@id\":\"https:\/\/www.yoroow.com\/de\/#website\"},\"primaryImageOfPage\":{\"@id\":\"https:\/\/www.yoroow.com\/de\/produktdetail\/moderne-drehbare-chrom-kuchenarmaturen-einloch-kuchenarmaturen-fur-die-spule-aus-messing\/#primaryimage\"},\"image\":{\"@id\":\"https:\/\/www.yoroow.com\/de\/produktdetail\/moderne-drehbare-chrom-kuchenarmaturen-einloch-kuchenarmaturen-fur-die-spule-aus-messing\/#primaryimage\"},\"thumbnailUrl\":\"https:\/\/www.yoroow.com\/wp-content\/uploads\/2025\/02\/bd7c752e54fc2d4695efcb1905f71ce.jpg\",\"datePublished\":\"2025-02-25T09:20:02+00:00\",\"dateModified\":\"2025-05-16T01:43:31+00:00\",\"description\":\"Antique brass kitchen faucet with modern chrome mixer tap, single-hole deck-mounted design. Zinc sink faucet with rotating spout for convenience. Made in China, catering to markets in South America and Southeast Asia valuing classic style with modern features.\",\"breadcrumb\":{\"@id\":\"https:\/\/www.yoroow.com\/de\/produktdetail\/moderne-drehbare-chrom-kuchenarmaturen-einloch-kuchenarmaturen-fur-die-spule-aus-messing\/#breadcrumb\"},\"inLanguage\":\"de\",\"potentialAction\":[{\"@type\":\"ReadAction\",\"target\":[\"https:\/\/www.yoroow.com\/de\/produktdetail\/moderne-drehbare-chrom-kuchenarmaturen-einloch-kuchenarmaturen-fur-die-spule-aus-messing\/\"]}]},{\"@type\":\"ImageObject\",\"inLanguage\":\"de\",\"@id\":\"https:\/\/www.yoroow.com\/de\/produktdetail\/moderne-drehbare-chrom-kuchenarmaturen-einloch-kuchenarmaturen-fur-die-spule-aus-messing\/#primaryimage\",\"url\":\"https:\/\/www.yoroow.com\/wp-content\/uploads\/2025\/02\/bd7c752e54fc2d4695efcb1905f71ce.jpg\",\"contentUrl\":\"https:\/\/www.yoroow.com\/wp-content\/uploads\/2025\/02\/bd7c752e54fc2d4695efcb1905f71ce.jpg\",\"width\":750,\"height\":750,\"caption\":\"Antique Brass Kitchen Faucet Modern Chrome Kitchen Mixer Taps Single-Hole Deck Mounted Zinc Sink Faucets Rotating Kitchen Tap\"},{\"@type\":\"BreadcrumbList\",\"@id\":\"https:\/\/www.yoroow.com\/de\/produktdetail\/moderne-drehbare-chrom-kuchenarmaturen-einloch-kuchenarmaturen-fur-die-spule-aus-messing\/#breadcrumb\",\"itemListElement\":[{\"@type\":\"ListItem\",\"position\":1,\"name\":\"home\",\"item\":\"https:\/\/www.yoroow.com\/\"},{\"@type\":\"ListItem\",\"position\":2,\"name\":\"Product\",\"item\":\"https:\/\/www.yoroow.com\/product\/\"},{\"@type\":\"ListItem\",\"position\":3,\"name\":\"Antique Brass Kitchen Faucet Modern Chrome Kitchen Mixer Taps Single-Hole Deck Mounted Zinc Sink Faucets Rotating Kitchen Tap\"}]},{\"@type\":\"WebSite\",\"@id\":\"https:\/\/www.yoroow.com\/de\/#website\",\"url\":\"https:\/\/www.yoroow.com\/de\/\",\"name\":\"YOROOW\",\"description\":\"\",\"publisher\":{\"@id\":\"https:\/\/www.yoroow.com\/de\/#organization\"},\"potentialAction\":[{\"@type\":\"SearchAction\",\"target\":{\"@type\":\"EntryPoint\",\"urlTemplate\":\"https:\/\/www.yoroow.com\/de\/?s={search_term_string}\"},\"query-input\":{\"@type\":\"PropertyValueSpecification\",\"valueRequired\":true,\"valueName\":\"search_term_string\"}}],\"inLanguage\":\"de\"},{\"@type\":\"Organization\",\"@id\":\"https:\/\/www.yoroow.com\/de\/#organization\",\"name\":\"YOROOW\",\"url\":\"https:\/\/www.yoroow.com\/de\/\",\"logo\":{\"@type\":\"ImageObject\",\"inLanguage\":\"de\",\"@id\":\"https:\/\/www.yoroow.com\/de\/#\/schema\/logo\/image\/\",\"url\":\"https:\/\/www.yoroow.com\/wp-content\/uploads\/2024\/12\/2024123007131061.png\",\"contentUrl\":\"https:\/\/www.yoroow.com\/wp-content\/uploads\/2024\/12\/2024123007131061.png\",\"width\":168,\"height\":27,\"caption\":\"YOROOW\"},\"image\":{\"@id\":\"https:\/\/www.yoroow.com\/de\/#\/schema\/logo\/image\/\"},\"sameAs\":[\"https:\/\/www.facebook.com\/people\/yoroowfaucetfactory\/61564236752362\/\"]}]}<\/script>\n<!-- \/ Yoast SEO Premium plugin. -->","yoast_head_json":{"title":"Antique Brass Kitchen Faucet Modern Chrome Kitchen Mixer Taps Single-Hole Deck Mounted Zinc Sink Faucets Rotating Kitchen Tap - YOROOW","description":"Antique brass kitchen faucet with modern chrome mixer tap, single-hole deck-mounted design. Zinc sink faucet with rotating spout for convenience. Made in China, catering to markets in South America and Southeast Asia valuing classic style with modern features.","robots":{"index":"index","follow":"follow","max-snippet":"max-snippet:-1","max-image-preview":"max-image-preview:large","max-video-preview":"max-video-preview:-1"},"canonical":"https:\/\/www.yoroow.com\/de\/produktdetail\/moderne-drehbare-chrom-kuchenarmaturen-einloch-kuchenarmaturen-fur-die-spule-aus-messing\/","og_locale":"de_DE","og_type":"article","og_title":"Antique Brass Kitchen Faucet Modern Chrome Kitchen Mixer Taps Single-Hole Deck Mounted Zinc Sink Faucets Rotating Kitchen Tap","og_description":"Antique brass kitchen faucet with modern chrome mixer tap, single-hole deck-mounted design. Zinc sink faucet with rotating spout for convenience. Made in China, catering to markets in South America and Southeast Asia valuing classic style with modern features.","og_url":"https:\/\/www.yoroow.com\/de\/produktdetail\/moderne-drehbare-chrom-kuchenarmaturen-einloch-kuchenarmaturen-fur-die-spule-aus-messing\/","og_site_name":"YOROOW","article_publisher":"https:\/\/www.facebook.com\/people\/yoroowfaucetfactory\/61564236752362\/","article_modified_time":"2025-05-16T01:43:31+00:00","og_image":[{"width":750,"height":750,"url":"https:\/\/www.yoroow.com\/wp-content\/uploads\/2025\/02\/bd7c752e54fc2d4695efcb1905f71ce.jpg","type":"image\/jpeg"}],"twitter_card":"summary_large_image","twitter_misc":{"Gesch\u00e4tzte Lesezeit":"1\u00a0Minute"},"schema":{"@context":"https:\/\/schema.org","@graph":[{"@type":"WebPage","@id":"https:\/\/www.yoroow.com\/de\/produktdetail\/moderne-drehbare-chrom-kuchenarmaturen-einloch-kuchenarmaturen-fur-die-spule-aus-messing\/","url":"https:\/\/www.yoroow.com\/de\/produktdetail\/moderne-drehbare-chrom-kuchenarmaturen-einloch-kuchenarmaturen-fur-die-spule-aus-messing\/","name":"Antique Brass Kitchen Faucet Modern Chrome Kitchen Mixer Taps Single-Hole Deck Mounted Zinc Sink Faucets Rotating Kitchen Tap - YOROOW","isPartOf":{"@id":"https:\/\/www.yoroow.com\/de\/#website"},"primaryImageOfPage":{"@id":"https:\/\/www.yoroow.com\/de\/produktdetail\/moderne-drehbare-chrom-kuchenarmaturen-einloch-kuchenarmaturen-fur-die-spule-aus-messing\/#primaryimage"},"image":{"@id":"https:\/\/www.yoroow.com\/de\/produktdetail\/moderne-drehbare-chrom-kuchenarmaturen-einloch-kuchenarmaturen-fur-die-spule-aus-messing\/#primaryimage"},"thumbnailUrl":"https:\/\/www.yoroow.com\/wp-content\/uploads\/2025\/02\/bd7c752e54fc2d4695efcb1905f71ce.jpg","datePublished":"2025-02-25T09:20:02+00:00","dateModified":"2025-05-16T01:43:31+00:00","description":"Antique brass kitchen faucet with modern chrome mixer tap, single-hole deck-mounted design. Zinc sink faucet with rotating spout for convenience. Made in China, catering to markets in South America and Southeast Asia valuing classic style with modern features.","breadcrumb":{"@id":"https:\/\/www.yoroow.com\/de\/produktdetail\/moderne-drehbare-chrom-kuchenarmaturen-einloch-kuchenarmaturen-fur-die-spule-aus-messing\/#breadcrumb"},"inLanguage":"de","potentialAction":[{"@type":"ReadAction","target":["https:\/\/www.yoroow.com\/de\/produktdetail\/moderne-drehbare-chrom-kuchenarmaturen-einloch-kuchenarmaturen-fur-die-spule-aus-messing\/"]}]},{"@type":"ImageObject","inLanguage":"de","@id":"https:\/\/www.yoroow.com\/de\/produktdetail\/moderne-drehbare-chrom-kuchenarmaturen-einloch-kuchenarmaturen-fur-die-spule-aus-messing\/#primaryimage","url":"https:\/\/www.yoroow.com\/wp-content\/uploads\/2025\/02\/bd7c752e54fc2d4695efcb1905f71ce.jpg","contentUrl":"https:\/\/www.yoroow.com\/wp-content\/uploads\/2025\/02\/bd7c752e54fc2d4695efcb1905f71ce.jpg","width":750,"height":750,"caption":"Antique Brass Kitchen Faucet Modern Chrome Kitchen Mixer Taps Single-Hole Deck Mounted Zinc Sink Faucets Rotating Kitchen Tap"},{"@type":"BreadcrumbList","@id":"https:\/\/www.yoroow.com\/de\/produktdetail\/moderne-drehbare-chrom-kuchenarmaturen-einloch-kuchenarmaturen-fur-die-spule-aus-messing\/#breadcrumb","itemListElement":[{"@type":"ListItem","position":1,"name":"home","item":"https:\/\/www.yoroow.com\/"},{"@type":"ListItem","position":2,"name":"Product","item":"https:\/\/www.yoroow.com\/product\/"},{"@type":"ListItem","position":3,"name":"Antique Brass Kitchen Faucet Modern Chrome Kitchen Mixer Taps Single-Hole Deck Mounted Zinc Sink Faucets Rotating Kitchen Tap"}]},{"@type":"WebSite","@id":"https:\/\/www.yoroow.com\/de\/#website","url":"https:\/\/www.yoroow.com\/de\/","name":"YOROOW","description":"","publisher":{"@id":"https:\/\/www.yoroow.com\/de\/#organization"},"potentialAction":[{"@type":"SearchAction","target":{"@type":"EntryPoint","urlTemplate":"https:\/\/www.yoroow.com\/de\/?s={search_term_string}"},"query-input":{"@type":"PropertyValueSpecification","valueRequired":true,"valueName":"search_term_string"}}],"inLanguage":"de"},{"@type":"Organization","@id":"https:\/\/www.yoroow.com\/de\/#organization","name":"YOROOW","url":"https:\/\/www.yoroow.com\/de\/","logo":{"@type":"ImageObject","inLanguage":"de","@id":"https:\/\/www.yoroow.com\/de\/#\/schema\/logo\/image\/","url":"https:\/\/www.yoroow.com\/wp-content\/uploads\/2024\/12\/2024123007131061.png","contentUrl":"https:\/\/www.yoroow.com\/wp-content\/uploads\/2024\/12\/2024123007131061.png","width":168,"height":27,"caption":"YOROOW"},"image":{"@id":"https:\/\/www.yoroow.com\/de\/#\/schema\/logo\/image\/"},"sameAs":["https:\/\/www.facebook.com\/people\/yoroowfaucetfactory\/61564236752362\/"]}]}},"_links":{"self":[{"href":"https:\/\/www.yoroow.com\/de\/wp-json\/wp\/v2\/product\/13078","targetHints":{"allow":["GET"]}}],"collection":[{"href":"https:\/\/www.yoroow.com\/de\/wp-json\/wp\/v2\/product"}],"about":[{"href":"https:\/\/www.yoroow.com\/de\/wp-json\/wp\/v2\/types\/product"}],"wp:featuredmedia":[{"embeddable":true,"href":"https:\/\/www.yoroow.com\/de\/wp-json\/wp\/v2\/media\/13079"}],"wp:attachment":[{"href":"https:\/\/www.yoroow.com\/de\/wp-json\/wp\/v2\/media?parent=13078"}],"wp:term":[{"taxonomy":"product_brand","embeddable":true,"href":"https:\/\/www.yoroow.com\/de\/wp-json\/wp\/v2\/product_brand?post=13078"},{"taxonomy":"product_cat","embeddable":true,"href":"https:\/\/www.yoroow.com\/de\/wp-json\/wp\/v2\/product_cat?post=13078"},{"taxonomy":"product_tag","embeddable":true,"href":"https:\/\/www.yoroow.com\/de\/wp-json\/wp\/v2\/product_tag?post=13078"}],"curies":[{"name":"wp","href":"https:\/\/api.w.org\/{rel}","templated":true}]}}