{"id":13012,"date":"2025-02-25T15:36:15","date_gmt":"2025-02-25T07:36:15","guid":{"rendered":"https:\/\/www.yoroow.com\/?post_type=product&#038;p=13012"},"modified":"2025-05-16T09:42:47","modified_gmt":"2025-05-16T01:42:47","slug":"werk-direktverkauf-edelstahl-spultischarmatur-eingriff-pistole-grau-waschbeckenarmatur-mischer","status":"publish","type":"product","link":"https:\/\/www.yoroow.com\/de\/produktdetail\/werk-direktverkauf-edelstahl-spultischarmatur-eingriff-pistole-grau-waschbeckenarmatur-mischer\/","title":{"rendered":"Klassischer Vintage-Stil Antiker Einhebel-Edelstahl-Waschtischarmatur Gun Grey Vintage Bad Mischbatterie f\u00fcr Waschbecken"},"content":{"rendered":"<p>Diese klassische, antike Einhebel-Waschtischarmatur aus Edelstahl im Vintage-Stil verleiht dem Waschbecken einen Hauch von Eleganz. Mit ihrem waffengrauen Vintage-Finish passt sie zu einer Reihe traditioneller Badezimmerstile. Die Armatur zeichnet sich durch Langlebigkeit und hohe Leistung aus und ist daher sowohl f\u00fcr den privaten als auch f\u00fcr den gewerblichen Gebrauch eine zuverl\u00e4ssige Wahl. Die chinesische Fabrik von YOROOW gew\u00e4hrleistet eine strenge Qualit\u00e4tskontrolle w\u00e4hrend der Herstellung und bietet einen Direktvertrieb an, was sie zu einer erschwinglichen Option f\u00fcr die M\u00e4rkte in S\u00fcdamerika und S\u00fcdostasien macht. Der einzigartige Stil der Armatur eignet sich perfekt f\u00fcr B\u00e4der im Vintage-Stil.<\/p>","protected":false},"excerpt":{"rendered":"<p>This classic vintage-style antique single-handle stainless steel basin faucet brings a touch of elegance to bathroom sinks. With a gun-grey vintage finish, it complements a range of traditional bathroom styles. The faucet offers durability and high performance, making it a reliable choice for both residential and commercial use. YOROOW\u2019s Chinese factory ensures strict quality control\u2026<\/p>","protected":false},"featured_media":12990,"template":"","meta":{"_acf_changed":false,"_kad_post_transparent":"default","_kad_post_title":"","_kad_post_layout":"default","_kad_post_sidebar_id":"","_kad_post_content_style":"default","_kad_post_vertical_padding":"default","_kad_post_feature":"","_kad_post_feature_position":"","_kad_post_header":false,"_kad_post_footer":false},"product_brand":[],"product_cat":[238,1553],"product_tag":[6024,5941],"class_list":{"0":"post-13012","1":"product","2":"type-product","3":"status-publish","4":"has-post-thumbnail","6":"product_cat-mixer-basin-faucet","7":"product_cat-square-wide","8":"product_tag-classic-antique-basin-tap-mixer","9":"product_tag-vintage-bathroom-basin-faucet-mixer-tap","11":"first","12":"instock","13":"shipping-taxable","14":"purchasable","15":"product-type-variable","16":"wvs-archive-product-wrapper","17":"entry","18":"content-bg","19":"loop-entry"},"acf":[],"yoast_head":"<!-- This site is optimized with the Yoast SEO Premium plugin v25.4 (Yoast SEO v27.0) - https:\/\/yoast.com\/product\/yoast-seo-premium-wordpress\/ -->\n<title>Classic Vintage Style Antique Single-Handle Stainless Steel Basin Faucet Gun Grey Vintage Bathroom Sink Mixer Tap - YOROOW<\/title>\n<meta name=\"description\" content=\"Classic vintage-style antique single-handle stainless steel basin faucet in gun grey finish. This bathroom sink mixer offers a nostalgic look with modern reliability. Produced in China for export to South American and Southeast Asian markets seeking vintage aesthetics.\" \/>\n<meta name=\"robots\" content=\"index, follow, max-snippet:-1, max-image-preview:large, max-video-preview:-1\" \/>\n<link rel=\"canonical\" href=\"https:\/\/www.yoroow.com\/de\/produktdetail\/werk-direktverkauf-edelstahl-spultischarmatur-eingriff-pistole-grau-waschbeckenarmatur-mischer\/\" \/>\n<meta property=\"og:locale\" content=\"de_DE\" \/>\n<meta property=\"og:type\" content=\"article\" \/>\n<meta property=\"og:title\" content=\"Classic Vintage Style Antique Single-Handle Stainless Steel Basin Faucet Gun Grey Vintage Bathroom Sink Mixer Tap\" \/>\n<meta property=\"og:description\" content=\"Classic vintage-style antique single-handle stainless steel basin faucet in gun grey finish. This bathroom sink mixer offers a nostalgic look with modern reliability. Produced in China for export to South American and Southeast Asian markets seeking vintage aesthetics.\" \/>\n<meta property=\"og:url\" content=\"https:\/\/www.yoroow.com\/de\/produktdetail\/werk-direktverkauf-edelstahl-spultischarmatur-eingriff-pistole-grau-waschbeckenarmatur-mischer\/\" \/>\n<meta property=\"og:site_name\" content=\"YOROOW\" \/>\n<meta property=\"article:publisher\" content=\"https:\/\/www.facebook.com\/people\/yoroowfaucetfactory\/61564236752362\/\" \/>\n<meta property=\"article:modified_time\" content=\"2025-05-16T01:42:47+00:00\" \/>\n<meta property=\"og:image\" content=\"https:\/\/www.yoroow.com\/wp-content\/uploads\/2025\/02\/59720ccad11a6fd6b3c2eda8041e1e1.jpg\" \/>\n\t<meta property=\"og:image:width\" content=\"640\" \/>\n\t<meta property=\"og:image:height\" content=\"640\" \/>\n\t<meta property=\"og:image:type\" content=\"image\/jpeg\" \/>\n<meta name=\"twitter:card\" content=\"summary_large_image\" \/>\n<meta name=\"twitter:label1\" content=\"Gesch\u00e4tzte Lesezeit\" \/>\n\t<meta name=\"twitter:data1\" content=\"2\u00a0Minuten\" \/>\n<script type=\"application\/ld+json\" class=\"yoast-schema-graph\">{\"@context\":\"https:\/\/schema.org\",\"@graph\":[{\"@type\":\"WebPage\",\"@id\":\"https:\/\/www.yoroow.com\/de\/produktdetail\/werk-direktverkauf-edelstahl-spultischarmatur-eingriff-pistole-grau-waschbeckenarmatur-mischer\/\",\"url\":\"https:\/\/www.yoroow.com\/de\/produktdetail\/werk-direktverkauf-edelstahl-spultischarmatur-eingriff-pistole-grau-waschbeckenarmatur-mischer\/\",\"name\":\"Classic Vintage Style Antique Single-Handle Stainless Steel Basin Faucet Gun Grey Vintage Bathroom Sink Mixer Tap - YOROOW\",\"isPartOf\":{\"@id\":\"https:\/\/www.yoroow.com\/de\/#website\"},\"primaryImageOfPage\":{\"@id\":\"https:\/\/www.yoroow.com\/de\/produktdetail\/werk-direktverkauf-edelstahl-spultischarmatur-eingriff-pistole-grau-waschbeckenarmatur-mischer\/#primaryimage\"},\"image\":{\"@id\":\"https:\/\/www.yoroow.com\/de\/produktdetail\/werk-direktverkauf-edelstahl-spultischarmatur-eingriff-pistole-grau-waschbeckenarmatur-mischer\/#primaryimage\"},\"thumbnailUrl\":\"https:\/\/www.yoroow.com\/wp-content\/uploads\/2025\/02\/59720ccad11a6fd6b3c2eda8041e1e1.jpg\",\"datePublished\":\"2025-02-25T07:36:15+00:00\",\"dateModified\":\"2025-05-16T01:42:47+00:00\",\"description\":\"Classic vintage-style antique single-handle stainless steel basin faucet in gun grey finish. This bathroom sink mixer offers a nostalgic look with modern reliability. Produced in China for export to South American and Southeast Asian markets seeking vintage aesthetics.\",\"breadcrumb\":{\"@id\":\"https:\/\/www.yoroow.com\/de\/produktdetail\/werk-direktverkauf-edelstahl-spultischarmatur-eingriff-pistole-grau-waschbeckenarmatur-mischer\/#breadcrumb\"},\"inLanguage\":\"de\",\"potentialAction\":[{\"@type\":\"ReadAction\",\"target\":[\"https:\/\/www.yoroow.com\/de\/produktdetail\/werk-direktverkauf-edelstahl-spultischarmatur-eingriff-pistole-grau-waschbeckenarmatur-mischer\/\"]}]},{\"@type\":\"ImageObject\",\"inLanguage\":\"de\",\"@id\":\"https:\/\/www.yoroow.com\/de\/produktdetail\/werk-direktverkauf-edelstahl-spultischarmatur-eingriff-pistole-grau-waschbeckenarmatur-mischer\/#primaryimage\",\"url\":\"https:\/\/www.yoroow.com\/wp-content\/uploads\/2025\/02\/59720ccad11a6fd6b3c2eda8041e1e1.jpg\",\"contentUrl\":\"https:\/\/www.yoroow.com\/wp-content\/uploads\/2025\/02\/59720ccad11a6fd6b3c2eda8041e1e1.jpg\",\"width\":640,\"height\":640,\"caption\":\"Golden Single Handle Contemporary Luxury Bathroom Basin Faucet Stainless Steel SinkWashbasin Mixer Faucet - 7165B6\"},{\"@type\":\"BreadcrumbList\",\"@id\":\"https:\/\/www.yoroow.com\/de\/produktdetail\/werk-direktverkauf-edelstahl-spultischarmatur-eingriff-pistole-grau-waschbeckenarmatur-mischer\/#breadcrumb\",\"itemListElement\":[{\"@type\":\"ListItem\",\"position\":1,\"name\":\"home\",\"item\":\"https:\/\/www.yoroow.com\/\"},{\"@type\":\"ListItem\",\"position\":2,\"name\":\"Product\",\"item\":\"https:\/\/www.yoroow.com\/product\/\"},{\"@type\":\"ListItem\",\"position\":3,\"name\":\"Classic Vintage Style Antique Single-Handle Stainless Steel Basin Faucet Gun Grey Vintage Bathroom Sink Mixer Tap\"}]},{\"@type\":\"WebSite\",\"@id\":\"https:\/\/www.yoroow.com\/de\/#website\",\"url\":\"https:\/\/www.yoroow.com\/de\/\",\"name\":\"YOROOW\",\"description\":\"\",\"publisher\":{\"@id\":\"https:\/\/www.yoroow.com\/de\/#organization\"},\"potentialAction\":[{\"@type\":\"SearchAction\",\"target\":{\"@type\":\"EntryPoint\",\"urlTemplate\":\"https:\/\/www.yoroow.com\/de\/?s={search_term_string}\"},\"query-input\":{\"@type\":\"PropertyValueSpecification\",\"valueRequired\":true,\"valueName\":\"search_term_string\"}}],\"inLanguage\":\"de\"},{\"@type\":\"Organization\",\"@id\":\"https:\/\/www.yoroow.com\/de\/#organization\",\"name\":\"YOROOW\",\"url\":\"https:\/\/www.yoroow.com\/de\/\",\"logo\":{\"@type\":\"ImageObject\",\"inLanguage\":\"de\",\"@id\":\"https:\/\/www.yoroow.com\/de\/#\/schema\/logo\/image\/\",\"url\":\"https:\/\/www.yoroow.com\/wp-content\/uploads\/2024\/12\/2024123007131061.png\",\"contentUrl\":\"https:\/\/www.yoroow.com\/wp-content\/uploads\/2024\/12\/2024123007131061.png\",\"width\":168,\"height\":27,\"caption\":\"YOROOW\"},\"image\":{\"@id\":\"https:\/\/www.yoroow.com\/de\/#\/schema\/logo\/image\/\"},\"sameAs\":[\"https:\/\/www.facebook.com\/people\/yoroowfaucetfactory\/61564236752362\/\"]}]}<\/script>\n<!-- \/ Yoast SEO Premium plugin. -->","yoast_head_json":{"title":"Classic Vintage Style Antique Single-Handle Stainless Steel Basin Faucet Gun Grey Vintage Bathroom Sink Mixer Tap - YOROOW","description":"Classic vintage-style antique single-handle stainless steel basin faucet in gun grey finish. This bathroom sink mixer offers a nostalgic look with modern reliability. Produced in China for export to South American and Southeast Asian markets seeking vintage aesthetics.","robots":{"index":"index","follow":"follow","max-snippet":"max-snippet:-1","max-image-preview":"max-image-preview:large","max-video-preview":"max-video-preview:-1"},"canonical":"https:\/\/www.yoroow.com\/de\/produktdetail\/werk-direktverkauf-edelstahl-spultischarmatur-eingriff-pistole-grau-waschbeckenarmatur-mischer\/","og_locale":"de_DE","og_type":"article","og_title":"Classic Vintage Style Antique Single-Handle Stainless Steel Basin Faucet Gun Grey Vintage Bathroom Sink Mixer Tap","og_description":"Classic vintage-style antique single-handle stainless steel basin faucet in gun grey finish. This bathroom sink mixer offers a nostalgic look with modern reliability. Produced in China for export to South American and Southeast Asian markets seeking vintage aesthetics.","og_url":"https:\/\/www.yoroow.com\/de\/produktdetail\/werk-direktverkauf-edelstahl-spultischarmatur-eingriff-pistole-grau-waschbeckenarmatur-mischer\/","og_site_name":"YOROOW","article_publisher":"https:\/\/www.facebook.com\/people\/yoroowfaucetfactory\/61564236752362\/","article_modified_time":"2025-05-16T01:42:47+00:00","og_image":[{"width":640,"height":640,"url":"https:\/\/www.yoroow.com\/wp-content\/uploads\/2025\/02\/59720ccad11a6fd6b3c2eda8041e1e1.jpg","type":"image\/jpeg"}],"twitter_card":"summary_large_image","twitter_misc":{"Gesch\u00e4tzte Lesezeit":"2\u00a0Minuten"},"schema":{"@context":"https:\/\/schema.org","@graph":[{"@type":"WebPage","@id":"https:\/\/www.yoroow.com\/de\/produktdetail\/werk-direktverkauf-edelstahl-spultischarmatur-eingriff-pistole-grau-waschbeckenarmatur-mischer\/","url":"https:\/\/www.yoroow.com\/de\/produktdetail\/werk-direktverkauf-edelstahl-spultischarmatur-eingriff-pistole-grau-waschbeckenarmatur-mischer\/","name":"Classic Vintage Style Antique Single-Handle Stainless Steel Basin Faucet Gun Grey Vintage Bathroom Sink Mixer Tap - YOROOW","isPartOf":{"@id":"https:\/\/www.yoroow.com\/de\/#website"},"primaryImageOfPage":{"@id":"https:\/\/www.yoroow.com\/de\/produktdetail\/werk-direktverkauf-edelstahl-spultischarmatur-eingriff-pistole-grau-waschbeckenarmatur-mischer\/#primaryimage"},"image":{"@id":"https:\/\/www.yoroow.com\/de\/produktdetail\/werk-direktverkauf-edelstahl-spultischarmatur-eingriff-pistole-grau-waschbeckenarmatur-mischer\/#primaryimage"},"thumbnailUrl":"https:\/\/www.yoroow.com\/wp-content\/uploads\/2025\/02\/59720ccad11a6fd6b3c2eda8041e1e1.jpg","datePublished":"2025-02-25T07:36:15+00:00","dateModified":"2025-05-16T01:42:47+00:00","description":"Classic vintage-style antique single-handle stainless steel basin faucet in gun grey finish. This bathroom sink mixer offers a nostalgic look with modern reliability. Produced in China for export to South American and Southeast Asian markets seeking vintage aesthetics.","breadcrumb":{"@id":"https:\/\/www.yoroow.com\/de\/produktdetail\/werk-direktverkauf-edelstahl-spultischarmatur-eingriff-pistole-grau-waschbeckenarmatur-mischer\/#breadcrumb"},"inLanguage":"de","potentialAction":[{"@type":"ReadAction","target":["https:\/\/www.yoroow.com\/de\/produktdetail\/werk-direktverkauf-edelstahl-spultischarmatur-eingriff-pistole-grau-waschbeckenarmatur-mischer\/"]}]},{"@type":"ImageObject","inLanguage":"de","@id":"https:\/\/www.yoroow.com\/de\/produktdetail\/werk-direktverkauf-edelstahl-spultischarmatur-eingriff-pistole-grau-waschbeckenarmatur-mischer\/#primaryimage","url":"https:\/\/www.yoroow.com\/wp-content\/uploads\/2025\/02\/59720ccad11a6fd6b3c2eda8041e1e1.jpg","contentUrl":"https:\/\/www.yoroow.com\/wp-content\/uploads\/2025\/02\/59720ccad11a6fd6b3c2eda8041e1e1.jpg","width":640,"height":640,"caption":"Golden Single Handle Contemporary Luxury Bathroom Basin Faucet Stainless Steel SinkWashbasin Mixer Faucet - 7165B6"},{"@type":"BreadcrumbList","@id":"https:\/\/www.yoroow.com\/de\/produktdetail\/werk-direktverkauf-edelstahl-spultischarmatur-eingriff-pistole-grau-waschbeckenarmatur-mischer\/#breadcrumb","itemListElement":[{"@type":"ListItem","position":1,"name":"home","item":"https:\/\/www.yoroow.com\/"},{"@type":"ListItem","position":2,"name":"Product","item":"https:\/\/www.yoroow.com\/product\/"},{"@type":"ListItem","position":3,"name":"Classic Vintage Style Antique Single-Handle Stainless Steel Basin Faucet Gun Grey Vintage Bathroom Sink Mixer Tap"}]},{"@type":"WebSite","@id":"https:\/\/www.yoroow.com\/de\/#website","url":"https:\/\/www.yoroow.com\/de\/","name":"YOROOW","description":"","publisher":{"@id":"https:\/\/www.yoroow.com\/de\/#organization"},"potentialAction":[{"@type":"SearchAction","target":{"@type":"EntryPoint","urlTemplate":"https:\/\/www.yoroow.com\/de\/?s={search_term_string}"},"query-input":{"@type":"PropertyValueSpecification","valueRequired":true,"valueName":"search_term_string"}}],"inLanguage":"de"},{"@type":"Organization","@id":"https:\/\/www.yoroow.com\/de\/#organization","name":"YOROOW","url":"https:\/\/www.yoroow.com\/de\/","logo":{"@type":"ImageObject","inLanguage":"de","@id":"https:\/\/www.yoroow.com\/de\/#\/schema\/logo\/image\/","url":"https:\/\/www.yoroow.com\/wp-content\/uploads\/2024\/12\/2024123007131061.png","contentUrl":"https:\/\/www.yoroow.com\/wp-content\/uploads\/2024\/12\/2024123007131061.png","width":168,"height":27,"caption":"YOROOW"},"image":{"@id":"https:\/\/www.yoroow.com\/de\/#\/schema\/logo\/image\/"},"sameAs":["https:\/\/www.facebook.com\/people\/yoroowfaucetfactory\/61564236752362\/"]}]}},"_links":{"self":[{"href":"https:\/\/www.yoroow.com\/de\/wp-json\/wp\/v2\/product\/13012","targetHints":{"allow":["GET"]}}],"collection":[{"href":"https:\/\/www.yoroow.com\/de\/wp-json\/wp\/v2\/product"}],"about":[{"href":"https:\/\/www.yoroow.com\/de\/wp-json\/wp\/v2\/types\/product"}],"wp:featuredmedia":[{"embeddable":true,"href":"https:\/\/www.yoroow.com\/de\/wp-json\/wp\/v2\/media\/12990"}],"wp:attachment":[{"href":"https:\/\/www.yoroow.com\/de\/wp-json\/wp\/v2\/media?parent=13012"}],"wp:term":[{"taxonomy":"product_brand","embeddable":true,"href":"https:\/\/www.yoroow.com\/de\/wp-json\/wp\/v2\/product_brand?post=13012"},{"taxonomy":"product_cat","embeddable":true,"href":"https:\/\/www.yoroow.com\/de\/wp-json\/wp\/v2\/product_cat?post=13012"},{"taxonomy":"product_tag","embeddable":true,"href":"https:\/\/www.yoroow.com\/de\/wp-json\/wp\/v2\/product_tag?post=13012"}],"curies":[{"name":"wp","href":"https:\/\/api.w.org\/{rel}","templated":true}]}}