{"id":12576,"date":"2025-02-24T13:41:41","date_gmt":"2025-02-24T05:41:41","guid":{"rendered":"https:\/\/www.yoroow.com\/?post_type=product&#038;p=12576"},"modified":"2025-05-16T09:38:01","modified_gmt":"2025-05-16T01:38:01","slug":"heiser-verkauf-hohe-qualitat-pull-down-spray-sanitarkeramik-gold-kuchenarmatur-mischbatterie-mit-2-modi-sprayer-edelstahl","status":"publish","type":"product","link":"https:\/\/www.yoroow.com\/de\/produktdetail\/heiser-verkauf-hohe-qualitat-pull-down-spray-sanitarkeramik-gold-kuchenarmatur-mischbatterie-mit-2-modi-sprayer-edelstahl\/","title":{"rendered":"Antike K\u00fcchenarmatur Mischbatterie 201 Edelstahl Hochwertig Pull Spray 2-Mode Sprayer Hei\u00dfer Verkauf Sanit\u00e4rkeramik Gold K\u00fcche"},"content":{"rendered":"<p>Diese K\u00fcchenarmatur im antiken Stil ist aus hochwertigem 201er-Edelstahl gefertigt und verf\u00fcgt \u00fcber einen ausziehbaren Brausekopf mit zwei Brausearten, der vielseitige Einsatzm\u00f6glichkeiten in der K\u00fcche bietet. Die goldene Oberfl\u00e4che verleiht ihr einen Hauch von Luxus und sorgt f\u00fcr Langlebigkeit und Rostbest\u00e4ndigkeit. Dieser Wasserhahn ist ideal f\u00fcr private und gewerbliche K\u00fcchen. Die Direktpreise von YOROOW sichern einen Wettbewerbsvorteil und machen sie perfekt f\u00fcr den Export in die s\u00fcdamerikanischen und s\u00fcdostasiatischen M\u00e4rkte, wo hochwertige, stilvolle K\u00fcchenarmaturen gefragt sind.<\/p>","protected":false},"excerpt":{"rendered":"<p>Diese K\u00fcchenarmatur im antiken Stil ist aus hochwertigem 201er-Edelstahl gefertigt und verf\u00fcgt \u00fcber einen ausziehbaren Brausekopf mit zwei Brausearten, der vielseitige Einsatzm\u00f6glichkeiten in der K\u00fcche bietet. Die goldene Oberfl\u00e4che verleiht ihr einen Hauch von Luxus und sorgt f\u00fcr Langlebigkeit und Rostbest\u00e4ndigkeit. Dieser Wasserhahn ist ideal f\u00fcr private und gewerbliche K\u00fcchen. YOROOWs Fabrik direkt...<\/p>","protected":false},"featured_media":12565,"template":"","meta":{"_acf_changed":false,"_kad_post_transparent":"default","_kad_post_title":"","_kad_post_layout":"default","_kad_post_sidebar_id":"","_kad_post_content_style":"default","_kad_post_vertical_padding":"default","_kad_post_feature":"","_kad_post_feature_position":"","_kad_post_header":false,"_kad_post_footer":false},"product_brand":[],"product_cat":[246,1564],"product_tag":[3101,3338],"class_list":{"0":"post-12576","1":"product","2":"type-product","3":"status-publish","4":"has-post-thumbnail","6":"product_cat-mixer-kitchen-faucet","7":"product_cat-spring-mixer-faucet","8":"product_tag-201-stainless-steel-kitchen-faucet","9":"product_tag-kitchen-antique-taps","11":"first","12":"instock","13":"shipping-taxable","14":"purchasable","15":"product-type-variable","16":"wvs-archive-product-wrapper","17":"entry","18":"content-bg","19":"loop-entry"},"acf":[],"yoast_head":"<!-- This site is optimized with the Yoast SEO Premium plugin v25.4 (Yoast SEO v27.0) - https:\/\/yoast.com\/product\/yoast-seo-premium-wordpress\/ -->\n<title>Antique Kitchen Faucet Mixer Tap 201 Stainless Steel High Quality Pull Spray 2-Mode Sprayer Hot Sale Sanitary Ware Gold Kitchen - YOROOW<\/title>\n<meta name=\"description\" content=\"Antique kitchen faucet mixer tap made of 201 stainless steel with pull spray and dual-mode sprayer. High-quality Chinese factory production for traditional and luxury kitchens. Exported primarily to South America and Southeast Asia.\" \/>\n<meta name=\"robots\" content=\"index, follow, max-snippet:-1, max-image-preview:large, max-video-preview:-1\" \/>\n<link rel=\"canonical\" href=\"https:\/\/www.yoroow.com\/de\/produktdetail\/heiser-verkauf-hohe-qualitat-pull-down-spray-sanitarkeramik-gold-kuchenarmatur-mischbatterie-mit-2-modi-sprayer-edelstahl\/\" \/>\n<meta property=\"og:locale\" content=\"de_DE\" \/>\n<meta property=\"og:type\" content=\"article\" \/>\n<meta property=\"og:title\" content=\"Antique Kitchen Faucet Mixer Tap 201 Stainless Steel High Quality Pull Spray 2-Mode Sprayer Hot Sale Sanitary Ware Gold Kitchen\" \/>\n<meta property=\"og:description\" content=\"Antique kitchen faucet mixer tap made of 201 stainless steel with pull spray and dual-mode sprayer. High-quality Chinese factory production for traditional and luxury kitchens. Exported primarily to South America and Southeast Asia.\" \/>\n<meta property=\"og:url\" content=\"https:\/\/www.yoroow.com\/de\/produktdetail\/heiser-verkauf-hohe-qualitat-pull-down-spray-sanitarkeramik-gold-kuchenarmatur-mischbatterie-mit-2-modi-sprayer-edelstahl\/\" \/>\n<meta property=\"og:site_name\" content=\"YOROOW\" \/>\n<meta property=\"article:publisher\" content=\"https:\/\/www.facebook.com\/people\/yoroowfaucetfactory\/61564236752362\/\" \/>\n<meta property=\"article:modified_time\" content=\"2025-05-16T01:38:01+00:00\" \/>\n<meta property=\"og:image\" content=\"https:\/\/www.yoroow.com\/wp-content\/uploads\/2025\/02\/2323232.jpg\" \/>\n\t<meta property=\"og:image:width\" content=\"800\" \/>\n\t<meta property=\"og:image:height\" content=\"800\" \/>\n\t<meta property=\"og:image:type\" content=\"image\/jpeg\" \/>\n<meta name=\"twitter:card\" content=\"summary_large_image\" \/>\n<meta name=\"twitter:label1\" content=\"Gesch\u00e4tzte Lesezeit\" \/>\n\t<meta name=\"twitter:data1\" content=\"1\u00a0Minute\" \/>\n<script type=\"application\/ld+json\" class=\"yoast-schema-graph\">{\"@context\":\"https:\/\/schema.org\",\"@graph\":[{\"@type\":\"WebPage\",\"@id\":\"https:\/\/www.yoroow.com\/de\/produktdetail\/heiser-verkauf-hohe-qualitat-pull-down-spray-sanitarkeramik-gold-kuchenarmatur-mischbatterie-mit-2-modi-sprayer-edelstahl\/\",\"url\":\"https:\/\/www.yoroow.com\/de\/produktdetail\/heiser-verkauf-hohe-qualitat-pull-down-spray-sanitarkeramik-gold-kuchenarmatur-mischbatterie-mit-2-modi-sprayer-edelstahl\/\",\"name\":\"Antique Kitchen Faucet Mixer Tap 201 Stainless Steel High Quality Pull Spray 2-Mode Sprayer Hot Sale Sanitary Ware Gold Kitchen - YOROOW\",\"isPartOf\":{\"@id\":\"https:\/\/www.yoroow.com\/de\/#website\"},\"primaryImageOfPage\":{\"@id\":\"https:\/\/www.yoroow.com\/de\/produktdetail\/heiser-verkauf-hohe-qualitat-pull-down-spray-sanitarkeramik-gold-kuchenarmatur-mischbatterie-mit-2-modi-sprayer-edelstahl\/#primaryimage\"},\"image\":{\"@id\":\"https:\/\/www.yoroow.com\/de\/produktdetail\/heiser-verkauf-hohe-qualitat-pull-down-spray-sanitarkeramik-gold-kuchenarmatur-mischbatterie-mit-2-modi-sprayer-edelstahl\/#primaryimage\"},\"thumbnailUrl\":\"https:\/\/www.yoroow.com\/wp-content\/uploads\/2025\/02\/2323232.jpg\",\"datePublished\":\"2025-02-24T05:41:41+00:00\",\"dateModified\":\"2025-05-16T01:38:01+00:00\",\"description\":\"Antique kitchen faucet mixer tap made of 201 stainless steel with pull spray and dual-mode sprayer. High-quality Chinese factory production for traditional and luxury kitchens. Exported primarily to South America and Southeast Asia.\",\"breadcrumb\":{\"@id\":\"https:\/\/www.yoroow.com\/de\/produktdetail\/heiser-verkauf-hohe-qualitat-pull-down-spray-sanitarkeramik-gold-kuchenarmatur-mischbatterie-mit-2-modi-sprayer-edelstahl\/#breadcrumb\"},\"inLanguage\":\"de\",\"potentialAction\":[{\"@type\":\"ReadAction\",\"target\":[\"https:\/\/www.yoroow.com\/de\/produktdetail\/heiser-verkauf-hohe-qualitat-pull-down-spray-sanitarkeramik-gold-kuchenarmatur-mischbatterie-mit-2-modi-sprayer-edelstahl\/\"]}]},{\"@type\":\"ImageObject\",\"inLanguage\":\"de\",\"@id\":\"https:\/\/www.yoroow.com\/de\/produktdetail\/heiser-verkauf-hohe-qualitat-pull-down-spray-sanitarkeramik-gold-kuchenarmatur-mischbatterie-mit-2-modi-sprayer-edelstahl\/#primaryimage\",\"url\":\"https:\/\/www.yoroow.com\/wp-content\/uploads\/2025\/02\/2323232.jpg\",\"contentUrl\":\"https:\/\/www.yoroow.com\/wp-content\/uploads\/2025\/02\/2323232.jpg\",\"width\":800,\"height\":800,\"caption\":\"Vintage Kitchen Tap 201 Stainless Steel Mixer Faucet Modern 360 Rotation Deck Mounted Pull Chrome Sink Tap Kitchen Faucet\"},{\"@type\":\"BreadcrumbList\",\"@id\":\"https:\/\/www.yoroow.com\/de\/produktdetail\/heiser-verkauf-hohe-qualitat-pull-down-spray-sanitarkeramik-gold-kuchenarmatur-mischbatterie-mit-2-modi-sprayer-edelstahl\/#breadcrumb\",\"itemListElement\":[{\"@type\":\"ListItem\",\"position\":1,\"name\":\"home\",\"item\":\"https:\/\/www.yoroow.com\/\"},{\"@type\":\"ListItem\",\"position\":2,\"name\":\"Product\",\"item\":\"https:\/\/www.yoroow.com\/product\/\"},{\"@type\":\"ListItem\",\"position\":3,\"name\":\"Antique Kitchen Faucet Mixer Tap 201 Stainless Steel High Quality Pull Spray 2-Mode Sprayer Hot Sale Sanitary Ware Gold Kitchen\"}]},{\"@type\":\"WebSite\",\"@id\":\"https:\/\/www.yoroow.com\/de\/#website\",\"url\":\"https:\/\/www.yoroow.com\/de\/\",\"name\":\"YOROOW\",\"description\":\"\",\"publisher\":{\"@id\":\"https:\/\/www.yoroow.com\/de\/#organization\"},\"potentialAction\":[{\"@type\":\"SearchAction\",\"target\":{\"@type\":\"EntryPoint\",\"urlTemplate\":\"https:\/\/www.yoroow.com\/de\/?s={search_term_string}\"},\"query-input\":{\"@type\":\"PropertyValueSpecification\",\"valueRequired\":true,\"valueName\":\"search_term_string\"}}],\"inLanguage\":\"de\"},{\"@type\":\"Organization\",\"@id\":\"https:\/\/www.yoroow.com\/de\/#organization\",\"name\":\"YOROOW\",\"url\":\"https:\/\/www.yoroow.com\/de\/\",\"logo\":{\"@type\":\"ImageObject\",\"inLanguage\":\"de\",\"@id\":\"https:\/\/www.yoroow.com\/de\/#\/schema\/logo\/image\/\",\"url\":\"https:\/\/www.yoroow.com\/wp-content\/uploads\/2024\/12\/2024123007131061.png\",\"contentUrl\":\"https:\/\/www.yoroow.com\/wp-content\/uploads\/2024\/12\/2024123007131061.png\",\"width\":168,\"height\":27,\"caption\":\"YOROOW\"},\"image\":{\"@id\":\"https:\/\/www.yoroow.com\/de\/#\/schema\/logo\/image\/\"},\"sameAs\":[\"https:\/\/www.facebook.com\/people\/yoroowfaucetfactory\/61564236752362\/\"]}]}<\/script>\n<!-- \/ Yoast SEO Premium plugin. -->","yoast_head_json":{"title":"Antique Kitchen Faucet Mixer Tap 201 Stainless Steel High Quality Pull Spray 2-Mode Sprayer Hot Sale Sanitary Ware Gold Kitchen - YOROOW","description":"Antique kitchen faucet mixer tap made of 201 stainless steel with pull spray and dual-mode sprayer. High-quality Chinese factory production for traditional and luxury kitchens. Exported primarily to South America and Southeast Asia.","robots":{"index":"index","follow":"follow","max-snippet":"max-snippet:-1","max-image-preview":"max-image-preview:large","max-video-preview":"max-video-preview:-1"},"canonical":"https:\/\/www.yoroow.com\/de\/produktdetail\/heiser-verkauf-hohe-qualitat-pull-down-spray-sanitarkeramik-gold-kuchenarmatur-mischbatterie-mit-2-modi-sprayer-edelstahl\/","og_locale":"de_DE","og_type":"article","og_title":"Antique Kitchen Faucet Mixer Tap 201 Stainless Steel High Quality Pull Spray 2-Mode Sprayer Hot Sale Sanitary Ware Gold Kitchen","og_description":"Antique kitchen faucet mixer tap made of 201 stainless steel with pull spray and dual-mode sprayer. High-quality Chinese factory production for traditional and luxury kitchens. Exported primarily to South America and Southeast Asia.","og_url":"https:\/\/www.yoroow.com\/de\/produktdetail\/heiser-verkauf-hohe-qualitat-pull-down-spray-sanitarkeramik-gold-kuchenarmatur-mischbatterie-mit-2-modi-sprayer-edelstahl\/","og_site_name":"YOROOW","article_publisher":"https:\/\/www.facebook.com\/people\/yoroowfaucetfactory\/61564236752362\/","article_modified_time":"2025-05-16T01:38:01+00:00","og_image":[{"width":800,"height":800,"url":"https:\/\/www.yoroow.com\/wp-content\/uploads\/2025\/02\/2323232.jpg","type":"image\/jpeg"}],"twitter_card":"summary_large_image","twitter_misc":{"Gesch\u00e4tzte Lesezeit":"1\u00a0Minute"},"schema":{"@context":"https:\/\/schema.org","@graph":[{"@type":"WebPage","@id":"https:\/\/www.yoroow.com\/de\/produktdetail\/heiser-verkauf-hohe-qualitat-pull-down-spray-sanitarkeramik-gold-kuchenarmatur-mischbatterie-mit-2-modi-sprayer-edelstahl\/","url":"https:\/\/www.yoroow.com\/de\/produktdetail\/heiser-verkauf-hohe-qualitat-pull-down-spray-sanitarkeramik-gold-kuchenarmatur-mischbatterie-mit-2-modi-sprayer-edelstahl\/","name":"Antique Kitchen Faucet Mixer Tap 201 Stainless Steel High Quality Pull Spray 2-Mode Sprayer Hot Sale Sanitary Ware Gold Kitchen - YOROOW","isPartOf":{"@id":"https:\/\/www.yoroow.com\/de\/#website"},"primaryImageOfPage":{"@id":"https:\/\/www.yoroow.com\/de\/produktdetail\/heiser-verkauf-hohe-qualitat-pull-down-spray-sanitarkeramik-gold-kuchenarmatur-mischbatterie-mit-2-modi-sprayer-edelstahl\/#primaryimage"},"image":{"@id":"https:\/\/www.yoroow.com\/de\/produktdetail\/heiser-verkauf-hohe-qualitat-pull-down-spray-sanitarkeramik-gold-kuchenarmatur-mischbatterie-mit-2-modi-sprayer-edelstahl\/#primaryimage"},"thumbnailUrl":"https:\/\/www.yoroow.com\/wp-content\/uploads\/2025\/02\/2323232.jpg","datePublished":"2025-02-24T05:41:41+00:00","dateModified":"2025-05-16T01:38:01+00:00","description":"Antique kitchen faucet mixer tap made of 201 stainless steel with pull spray and dual-mode sprayer. High-quality Chinese factory production for traditional and luxury kitchens. Exported primarily to South America and Southeast Asia.","breadcrumb":{"@id":"https:\/\/www.yoroow.com\/de\/produktdetail\/heiser-verkauf-hohe-qualitat-pull-down-spray-sanitarkeramik-gold-kuchenarmatur-mischbatterie-mit-2-modi-sprayer-edelstahl\/#breadcrumb"},"inLanguage":"de","potentialAction":[{"@type":"ReadAction","target":["https:\/\/www.yoroow.com\/de\/produktdetail\/heiser-verkauf-hohe-qualitat-pull-down-spray-sanitarkeramik-gold-kuchenarmatur-mischbatterie-mit-2-modi-sprayer-edelstahl\/"]}]},{"@type":"ImageObject","inLanguage":"de","@id":"https:\/\/www.yoroow.com\/de\/produktdetail\/heiser-verkauf-hohe-qualitat-pull-down-spray-sanitarkeramik-gold-kuchenarmatur-mischbatterie-mit-2-modi-sprayer-edelstahl\/#primaryimage","url":"https:\/\/www.yoroow.com\/wp-content\/uploads\/2025\/02\/2323232.jpg","contentUrl":"https:\/\/www.yoroow.com\/wp-content\/uploads\/2025\/02\/2323232.jpg","width":800,"height":800,"caption":"Vintage Kitchen Tap 201 Stainless Steel Mixer Faucet Modern 360 Rotation Deck Mounted Pull Chrome Sink Tap Kitchen Faucet"},{"@type":"BreadcrumbList","@id":"https:\/\/www.yoroow.com\/de\/produktdetail\/heiser-verkauf-hohe-qualitat-pull-down-spray-sanitarkeramik-gold-kuchenarmatur-mischbatterie-mit-2-modi-sprayer-edelstahl\/#breadcrumb","itemListElement":[{"@type":"ListItem","position":1,"name":"home","item":"https:\/\/www.yoroow.com\/"},{"@type":"ListItem","position":2,"name":"Product","item":"https:\/\/www.yoroow.com\/product\/"},{"@type":"ListItem","position":3,"name":"Antique Kitchen Faucet Mixer Tap 201 Stainless Steel High Quality Pull Spray 2-Mode Sprayer Hot Sale Sanitary Ware Gold Kitchen"}]},{"@type":"WebSite","@id":"https:\/\/www.yoroow.com\/de\/#website","url":"https:\/\/www.yoroow.com\/de\/","name":"YOROOW","description":"","publisher":{"@id":"https:\/\/www.yoroow.com\/de\/#organization"},"potentialAction":[{"@type":"SearchAction","target":{"@type":"EntryPoint","urlTemplate":"https:\/\/www.yoroow.com\/de\/?s={search_term_string}"},"query-input":{"@type":"PropertyValueSpecification","valueRequired":true,"valueName":"search_term_string"}}],"inLanguage":"de"},{"@type":"Organization","@id":"https:\/\/www.yoroow.com\/de\/#organization","name":"YOROOW","url":"https:\/\/www.yoroow.com\/de\/","logo":{"@type":"ImageObject","inLanguage":"de","@id":"https:\/\/www.yoroow.com\/de\/#\/schema\/logo\/image\/","url":"https:\/\/www.yoroow.com\/wp-content\/uploads\/2024\/12\/2024123007131061.png","contentUrl":"https:\/\/www.yoroow.com\/wp-content\/uploads\/2024\/12\/2024123007131061.png","width":168,"height":27,"caption":"YOROOW"},"image":{"@id":"https:\/\/www.yoroow.com\/de\/#\/schema\/logo\/image\/"},"sameAs":["https:\/\/www.facebook.com\/people\/yoroowfaucetfactory\/61564236752362\/"]}]}},"_links":{"self":[{"href":"https:\/\/www.yoroow.com\/de\/wp-json\/wp\/v2\/product\/12576","targetHints":{"allow":["GET"]}}],"collection":[{"href":"https:\/\/www.yoroow.com\/de\/wp-json\/wp\/v2\/product"}],"about":[{"href":"https:\/\/www.yoroow.com\/de\/wp-json\/wp\/v2\/types\/product"}],"wp:featuredmedia":[{"embeddable":true,"href":"https:\/\/www.yoroow.com\/de\/wp-json\/wp\/v2\/media\/12565"}],"wp:attachment":[{"href":"https:\/\/www.yoroow.com\/de\/wp-json\/wp\/v2\/media?parent=12576"}],"wp:term":[{"taxonomy":"product_brand","embeddable":true,"href":"https:\/\/www.yoroow.com\/de\/wp-json\/wp\/v2\/product_brand?post=12576"},{"taxonomy":"product_cat","embeddable":true,"href":"https:\/\/www.yoroow.com\/de\/wp-json\/wp\/v2\/product_cat?post=12576"},{"taxonomy":"product_tag","embeddable":true,"href":"https:\/\/www.yoroow.com\/de\/wp-json\/wp\/v2\/product_tag?post=12576"}],"curies":[{"name":"wp","href":"https:\/\/api.w.org\/{rel}","templated":true}]}}