{"id":12485,"date":"2025-02-24T10:55:33","date_gmt":"2025-02-24T02:55:33","guid":{"rendered":"https:\/\/www.yoroow.com\/?post_type=product&#038;p=12485"},"modified":"2025-05-16T09:37:17","modified_gmt":"2025-05-16T01:37:17","slug":"guter-preis-gold-kuchenarmatur-zwei-funktion-einzelner-griff-herausziehen-edelstahl-kuche-spule-wasser-mischbatterie-kuche","status":"publish","type":"product","link":"https:\/\/www.yoroow.com\/de\/produktdetail\/guter-preis-gold-kuchenarmatur-zwei-funktion-einzelner-griff-herausziehen-edelstahl-kuche-spule-wasser-mischbatterie-kuche\/","title":{"rendered":"Modernes Design Geb\u00fcrstetes Gold Edelstahl K\u00fcchenarmatur Guter Preis Einhand-Zug-Wasser-Mischer f\u00fcr K\u00fcchensp\u00fcle K\u00fcchenarmatur"},"content":{"rendered":"<p>Diese moderne K\u00fcchenarmatur aus geb\u00fcrstetem Gold-Edelstahl verbindet Stil mit Funktionalit\u00e4t. Der ausziehbare Einhebelmischer erm\u00f6glicht eine einfache Einstellung der Wassertemperatur und des Wasserflusses und sorgt so f\u00fcr eine effiziente Nutzung. Die geb\u00fcrstete, goldfarbene Oberfl\u00e4che aus hochwertigem Edelstahl ist rostfrei und verleiht der Armatur einen luxuri\u00f6sen Touch, der sie perfekt f\u00fcr moderne K\u00fcchen macht. Ob f\u00fcr private oder gewerbliche K\u00fcchen, diese Armatur f\u00fcgt sich nahtlos in jede Umgebung ein. Die Direktpreise von YOROOW bieten einen Wettbewerbsvorteil und eignen sich besonders f\u00fcr den Export in die s\u00fcdamerikanischen und s\u00fcdostasiatischen M\u00e4rkte, wo eine steigende Nachfrage nach hochwertigen K\u00fcchendesigns besteht.<\/p>","protected":false},"excerpt":{"rendered":"<p>This modern design brushed gold stainless steel kitchen faucet combines style with functionality. The single handle pull-out mixer allows easy adjustment of water temperature and flow, ensuring efficiency in use. Made from high-quality stainless steel, the brushed gold finish resists rust and adds a luxurious touch, making it perfect for modern kitchens. Whether for residential\u2026<\/p>","protected":false},"featured_media":12465,"template":"","meta":{"_acf_changed":false,"_kad_post_transparent":"default","_kad_post_title":"","_kad_post_layout":"default","_kad_post_sidebar_id":"","_kad_post_content_style":"default","_kad_post_vertical_padding":"default","_kad_post_feature":"","_kad_post_feature_position":"","_kad_post_header":false,"_kad_post_footer":false},"product_brand":[],"product_cat":[246,1565],"product_tag":[5793,5536],"class_list":{"0":"post-12485","1":"product","2":"type-product","3":"status-publish","4":"has-post-thumbnail","6":"product_cat-mixer-kitchen-faucet","7":"product_cat-pulling-kitchen-mixer-faucet","8":"product_tag-bruched-gold-kitchen-tap","9":"product_tag-stainless-steel-kitchen-mixer-faucet","11":"first","12":"instock","13":"shipping-taxable","14":"purchasable","15":"product-type-variable","16":"wvs-archive-product-wrapper","17":"entry","18":"content-bg","19":"loop-entry"},"acf":[],"yoast_head":"<!-- This site is optimized with the Yoast SEO Premium plugin v25.4 (Yoast SEO v27.0) - https:\/\/yoast.com\/product\/yoast-seo-premium-wordpress\/ -->\n<title>Modern Design Brushed Gold Stainless Steel Kitchen Faucet Good Price Single Handle Pull Water Mixer for Kitchen Sink Kitchen Faucet - YOROOW<\/title>\n<meta name=\"description\" content=\"Modern design brushed gold stainless steel kitchen faucet with single handle and pull water mixer. Manufactured by trusted Chinese factories with focus on aesthetics and durability. Well received in South American and Southeast Asian home improvement markets.\" \/>\n<meta name=\"robots\" content=\"index, follow, max-snippet:-1, max-image-preview:large, max-video-preview:-1\" \/>\n<link rel=\"canonical\" href=\"https:\/\/www.yoroow.com\/de\/produktdetail\/guter-preis-gold-kuchenarmatur-zwei-funktion-einzelner-griff-herausziehen-edelstahl-kuche-spule-wasser-mischbatterie-kuche\/\" \/>\n<meta property=\"og:locale\" content=\"de_DE\" \/>\n<meta property=\"og:type\" content=\"article\" \/>\n<meta property=\"og:title\" content=\"Modern Design Brushed Gold Stainless Steel Kitchen Faucet Good Price Single Handle Pull Water Mixer for Kitchen Sink Kitchen Faucet\" \/>\n<meta property=\"og:description\" content=\"Modern design brushed gold stainless steel kitchen faucet with single handle and pull water mixer. Manufactured by trusted Chinese factories with focus on aesthetics and durability. Well received in South American and Southeast Asian home improvement markets.\" \/>\n<meta property=\"og:url\" content=\"https:\/\/www.yoroow.com\/de\/produktdetail\/guter-preis-gold-kuchenarmatur-zwei-funktion-einzelner-griff-herausziehen-edelstahl-kuche-spule-wasser-mischbatterie-kuche\/\" \/>\n<meta property=\"og:site_name\" content=\"YOROOW\" \/>\n<meta property=\"article:publisher\" content=\"https:\/\/www.facebook.com\/people\/yoroowfaucetfactory\/61564236752362\/\" \/>\n<meta property=\"article:modified_time\" content=\"2025-05-16T01:37:17+00:00\" \/>\n<meta property=\"og:image\" content=\"https:\/\/www.yoroow.com\/wp-content\/uploads\/2025\/02\/deeeee.jpg\" \/>\n\t<meta property=\"og:image:width\" content=\"800\" \/>\n\t<meta property=\"og:image:height\" content=\"800\" \/>\n\t<meta property=\"og:image:type\" content=\"image\/jpeg\" \/>\n<meta name=\"twitter:card\" content=\"summary_large_image\" \/>\n<meta name=\"twitter:label1\" content=\"Gesch\u00e4tzte Lesezeit\" \/>\n\t<meta name=\"twitter:data1\" content=\"1\u00a0Minute\" \/>\n<script type=\"application\/ld+json\" class=\"yoast-schema-graph\">{\"@context\":\"https:\/\/schema.org\",\"@graph\":[{\"@type\":\"WebPage\",\"@id\":\"https:\/\/www.yoroow.com\/de\/produktdetail\/guter-preis-gold-kuchenarmatur-zwei-funktion-einzelner-griff-herausziehen-edelstahl-kuche-spule-wasser-mischbatterie-kuche\/\",\"url\":\"https:\/\/www.yoroow.com\/de\/produktdetail\/guter-preis-gold-kuchenarmatur-zwei-funktion-einzelner-griff-herausziehen-edelstahl-kuche-spule-wasser-mischbatterie-kuche\/\",\"name\":\"Modern Design Brushed Gold Stainless Steel Kitchen Faucet Good Price Single Handle Pull Water Mixer for Kitchen Sink Kitchen Faucet - YOROOW\",\"isPartOf\":{\"@id\":\"https:\/\/www.yoroow.com\/de\/#website\"},\"primaryImageOfPage\":{\"@id\":\"https:\/\/www.yoroow.com\/de\/produktdetail\/guter-preis-gold-kuchenarmatur-zwei-funktion-einzelner-griff-herausziehen-edelstahl-kuche-spule-wasser-mischbatterie-kuche\/#primaryimage\"},\"image\":{\"@id\":\"https:\/\/www.yoroow.com\/de\/produktdetail\/guter-preis-gold-kuchenarmatur-zwei-funktion-einzelner-griff-herausziehen-edelstahl-kuche-spule-wasser-mischbatterie-kuche\/#primaryimage\"},\"thumbnailUrl\":\"https:\/\/www.yoroow.com\/wp-content\/uploads\/2025\/02\/deeeee.jpg\",\"datePublished\":\"2025-02-24T02:55:33+00:00\",\"dateModified\":\"2025-05-16T01:37:17+00:00\",\"description\":\"Modern design brushed gold stainless steel kitchen faucet with single handle and pull water mixer. Manufactured by trusted Chinese factories with focus on aesthetics and durability. Well received in South American and Southeast Asian home improvement markets.\",\"breadcrumb\":{\"@id\":\"https:\/\/www.yoroow.com\/de\/produktdetail\/guter-preis-gold-kuchenarmatur-zwei-funktion-einzelner-griff-herausziehen-edelstahl-kuche-spule-wasser-mischbatterie-kuche\/#breadcrumb\"},\"inLanguage\":\"de\",\"potentialAction\":[{\"@type\":\"ReadAction\",\"target\":[\"https:\/\/www.yoroow.com\/de\/produktdetail\/guter-preis-gold-kuchenarmatur-zwei-funktion-einzelner-griff-herausziehen-edelstahl-kuche-spule-wasser-mischbatterie-kuche\/\"]}]},{\"@type\":\"ImageObject\",\"inLanguage\":\"de\",\"@id\":\"https:\/\/www.yoroow.com\/de\/produktdetail\/guter-preis-gold-kuchenarmatur-zwei-funktion-einzelner-griff-herausziehen-edelstahl-kuche-spule-wasser-mischbatterie-kuche\/#primaryimage\",\"url\":\"https:\/\/www.yoroow.com\/wp-content\/uploads\/2025\/02\/deeeee.jpg\",\"contentUrl\":\"https:\/\/www.yoroow.com\/wp-content\/uploads\/2025\/02\/deeeee.jpg\",\"width\":800,\"height\":800,\"caption\":\"Factory Direct Sale 201 Stainless Steel Single-Handle Pull Kitchen Faucet High Tap Kitchen Mixer Dual Mode Outlet Black Hot Cold Water Sink Kitchen\"},{\"@type\":\"BreadcrumbList\",\"@id\":\"https:\/\/www.yoroow.com\/de\/produktdetail\/guter-preis-gold-kuchenarmatur-zwei-funktion-einzelner-griff-herausziehen-edelstahl-kuche-spule-wasser-mischbatterie-kuche\/#breadcrumb\",\"itemListElement\":[{\"@type\":\"ListItem\",\"position\":1,\"name\":\"home\",\"item\":\"https:\/\/www.yoroow.com\/\"},{\"@type\":\"ListItem\",\"position\":2,\"name\":\"Product\",\"item\":\"https:\/\/www.yoroow.com\/product\/\"},{\"@type\":\"ListItem\",\"position\":3,\"name\":\"Modern Design Brushed Gold Stainless Steel Kitchen Faucet Good Price Single Handle Pull Water Mixer for Kitchen Sink Kitchen Faucet\"}]},{\"@type\":\"WebSite\",\"@id\":\"https:\/\/www.yoroow.com\/de\/#website\",\"url\":\"https:\/\/www.yoroow.com\/de\/\",\"name\":\"YOROOW\",\"description\":\"\",\"publisher\":{\"@id\":\"https:\/\/www.yoroow.com\/de\/#organization\"},\"potentialAction\":[{\"@type\":\"SearchAction\",\"target\":{\"@type\":\"EntryPoint\",\"urlTemplate\":\"https:\/\/www.yoroow.com\/de\/?s={search_term_string}\"},\"query-input\":{\"@type\":\"PropertyValueSpecification\",\"valueRequired\":true,\"valueName\":\"search_term_string\"}}],\"inLanguage\":\"de\"},{\"@type\":\"Organization\",\"@id\":\"https:\/\/www.yoroow.com\/de\/#organization\",\"name\":\"YOROOW\",\"url\":\"https:\/\/www.yoroow.com\/de\/\",\"logo\":{\"@type\":\"ImageObject\",\"inLanguage\":\"de\",\"@id\":\"https:\/\/www.yoroow.com\/de\/#\/schema\/logo\/image\/\",\"url\":\"https:\/\/www.yoroow.com\/wp-content\/uploads\/2024\/12\/2024123007131061.png\",\"contentUrl\":\"https:\/\/www.yoroow.com\/wp-content\/uploads\/2024\/12\/2024123007131061.png\",\"width\":168,\"height\":27,\"caption\":\"YOROOW\"},\"image\":{\"@id\":\"https:\/\/www.yoroow.com\/de\/#\/schema\/logo\/image\/\"},\"sameAs\":[\"https:\/\/www.facebook.com\/people\/yoroowfaucetfactory\/61564236752362\/\"]}]}<\/script>\n<!-- \/ Yoast SEO Premium plugin. -->","yoast_head_json":{"title":"Modern Design Brushed Gold Stainless Steel Kitchen Faucet Good Price Single Handle Pull Water Mixer for Kitchen Sink Kitchen Faucet - YOROOW","description":"Modern design brushed gold stainless steel kitchen faucet with single handle and pull water mixer. Manufactured by trusted Chinese factories with focus on aesthetics and durability. Well received in South American and Southeast Asian home improvement markets.","robots":{"index":"index","follow":"follow","max-snippet":"max-snippet:-1","max-image-preview":"max-image-preview:large","max-video-preview":"max-video-preview:-1"},"canonical":"https:\/\/www.yoroow.com\/de\/produktdetail\/guter-preis-gold-kuchenarmatur-zwei-funktion-einzelner-griff-herausziehen-edelstahl-kuche-spule-wasser-mischbatterie-kuche\/","og_locale":"de_DE","og_type":"article","og_title":"Modern Design Brushed Gold Stainless Steel Kitchen Faucet Good Price Single Handle Pull Water Mixer for Kitchen Sink Kitchen Faucet","og_description":"Modern design brushed gold stainless steel kitchen faucet with single handle and pull water mixer. Manufactured by trusted Chinese factories with focus on aesthetics and durability. Well received in South American and Southeast Asian home improvement markets.","og_url":"https:\/\/www.yoroow.com\/de\/produktdetail\/guter-preis-gold-kuchenarmatur-zwei-funktion-einzelner-griff-herausziehen-edelstahl-kuche-spule-wasser-mischbatterie-kuche\/","og_site_name":"YOROOW","article_publisher":"https:\/\/www.facebook.com\/people\/yoroowfaucetfactory\/61564236752362\/","article_modified_time":"2025-05-16T01:37:17+00:00","og_image":[{"width":800,"height":800,"url":"https:\/\/www.yoroow.com\/wp-content\/uploads\/2025\/02\/deeeee.jpg","type":"image\/jpeg"}],"twitter_card":"summary_large_image","twitter_misc":{"Gesch\u00e4tzte Lesezeit":"1\u00a0Minute"},"schema":{"@context":"https:\/\/schema.org","@graph":[{"@type":"WebPage","@id":"https:\/\/www.yoroow.com\/de\/produktdetail\/guter-preis-gold-kuchenarmatur-zwei-funktion-einzelner-griff-herausziehen-edelstahl-kuche-spule-wasser-mischbatterie-kuche\/","url":"https:\/\/www.yoroow.com\/de\/produktdetail\/guter-preis-gold-kuchenarmatur-zwei-funktion-einzelner-griff-herausziehen-edelstahl-kuche-spule-wasser-mischbatterie-kuche\/","name":"Modern Design Brushed Gold Stainless Steel Kitchen Faucet Good Price Single Handle Pull Water Mixer for Kitchen Sink Kitchen Faucet - YOROOW","isPartOf":{"@id":"https:\/\/www.yoroow.com\/de\/#website"},"primaryImageOfPage":{"@id":"https:\/\/www.yoroow.com\/de\/produktdetail\/guter-preis-gold-kuchenarmatur-zwei-funktion-einzelner-griff-herausziehen-edelstahl-kuche-spule-wasser-mischbatterie-kuche\/#primaryimage"},"image":{"@id":"https:\/\/www.yoroow.com\/de\/produktdetail\/guter-preis-gold-kuchenarmatur-zwei-funktion-einzelner-griff-herausziehen-edelstahl-kuche-spule-wasser-mischbatterie-kuche\/#primaryimage"},"thumbnailUrl":"https:\/\/www.yoroow.com\/wp-content\/uploads\/2025\/02\/deeeee.jpg","datePublished":"2025-02-24T02:55:33+00:00","dateModified":"2025-05-16T01:37:17+00:00","description":"Modern design brushed gold stainless steel kitchen faucet with single handle and pull water mixer. Manufactured by trusted Chinese factories with focus on aesthetics and durability. Well received in South American and Southeast Asian home improvement markets.","breadcrumb":{"@id":"https:\/\/www.yoroow.com\/de\/produktdetail\/guter-preis-gold-kuchenarmatur-zwei-funktion-einzelner-griff-herausziehen-edelstahl-kuche-spule-wasser-mischbatterie-kuche\/#breadcrumb"},"inLanguage":"de","potentialAction":[{"@type":"ReadAction","target":["https:\/\/www.yoroow.com\/de\/produktdetail\/guter-preis-gold-kuchenarmatur-zwei-funktion-einzelner-griff-herausziehen-edelstahl-kuche-spule-wasser-mischbatterie-kuche\/"]}]},{"@type":"ImageObject","inLanguage":"de","@id":"https:\/\/www.yoroow.com\/de\/produktdetail\/guter-preis-gold-kuchenarmatur-zwei-funktion-einzelner-griff-herausziehen-edelstahl-kuche-spule-wasser-mischbatterie-kuche\/#primaryimage","url":"https:\/\/www.yoroow.com\/wp-content\/uploads\/2025\/02\/deeeee.jpg","contentUrl":"https:\/\/www.yoroow.com\/wp-content\/uploads\/2025\/02\/deeeee.jpg","width":800,"height":800,"caption":"Factory Direct Sale 201 Stainless Steel Single-Handle Pull Kitchen Faucet High Tap Kitchen Mixer Dual Mode Outlet Black Hot Cold Water Sink Kitchen"},{"@type":"BreadcrumbList","@id":"https:\/\/www.yoroow.com\/de\/produktdetail\/guter-preis-gold-kuchenarmatur-zwei-funktion-einzelner-griff-herausziehen-edelstahl-kuche-spule-wasser-mischbatterie-kuche\/#breadcrumb","itemListElement":[{"@type":"ListItem","position":1,"name":"home","item":"https:\/\/www.yoroow.com\/"},{"@type":"ListItem","position":2,"name":"Product","item":"https:\/\/www.yoroow.com\/product\/"},{"@type":"ListItem","position":3,"name":"Modern Design Brushed Gold Stainless Steel Kitchen Faucet Good Price Single Handle Pull Water Mixer for Kitchen Sink Kitchen Faucet"}]},{"@type":"WebSite","@id":"https:\/\/www.yoroow.com\/de\/#website","url":"https:\/\/www.yoroow.com\/de\/","name":"YOROOW","description":"","publisher":{"@id":"https:\/\/www.yoroow.com\/de\/#organization"},"potentialAction":[{"@type":"SearchAction","target":{"@type":"EntryPoint","urlTemplate":"https:\/\/www.yoroow.com\/de\/?s={search_term_string}"},"query-input":{"@type":"PropertyValueSpecification","valueRequired":true,"valueName":"search_term_string"}}],"inLanguage":"de"},{"@type":"Organization","@id":"https:\/\/www.yoroow.com\/de\/#organization","name":"YOROOW","url":"https:\/\/www.yoroow.com\/de\/","logo":{"@type":"ImageObject","inLanguage":"de","@id":"https:\/\/www.yoroow.com\/de\/#\/schema\/logo\/image\/","url":"https:\/\/www.yoroow.com\/wp-content\/uploads\/2024\/12\/2024123007131061.png","contentUrl":"https:\/\/www.yoroow.com\/wp-content\/uploads\/2024\/12\/2024123007131061.png","width":168,"height":27,"caption":"YOROOW"},"image":{"@id":"https:\/\/www.yoroow.com\/de\/#\/schema\/logo\/image\/"},"sameAs":["https:\/\/www.facebook.com\/people\/yoroowfaucetfactory\/61564236752362\/"]}]}},"_links":{"self":[{"href":"https:\/\/www.yoroow.com\/de\/wp-json\/wp\/v2\/product\/12485","targetHints":{"allow":["GET"]}}],"collection":[{"href":"https:\/\/www.yoroow.com\/de\/wp-json\/wp\/v2\/product"}],"about":[{"href":"https:\/\/www.yoroow.com\/de\/wp-json\/wp\/v2\/types\/product"}],"wp:featuredmedia":[{"embeddable":true,"href":"https:\/\/www.yoroow.com\/de\/wp-json\/wp\/v2\/media\/12465"}],"wp:attachment":[{"href":"https:\/\/www.yoroow.com\/de\/wp-json\/wp\/v2\/media?parent=12485"}],"wp:term":[{"taxonomy":"product_brand","embeddable":true,"href":"https:\/\/www.yoroow.com\/de\/wp-json\/wp\/v2\/product_brand?post=12485"},{"taxonomy":"product_cat","embeddable":true,"href":"https:\/\/www.yoroow.com\/de\/wp-json\/wp\/v2\/product_cat?post=12485"},{"taxonomy":"product_tag","embeddable":true,"href":"https:\/\/www.yoroow.com\/de\/wp-json\/wp\/v2\/product_tag?post=12485"}],"curies":[{"name":"wp","href":"https:\/\/api.w.org\/{rel}","templated":true}]}}