{"id":12358,"date":"2025-02-22T11:12:53","date_gmt":"2025-02-22T03:12:53","guid":{"rendered":"https:\/\/www.yoroow.com\/?post_type=product&#038;p=12358"},"modified":"2025-05-16T09:36:19","modified_gmt":"2025-05-16T01:36:19","slug":"offentliche-platze-krankenhaus-gebrauch-waschen-zubehor-zeitverzogerung-messing-mit-trittbrett-waschen-kaltes-waschbecken-wasserhahn","status":"publish","type":"product","link":"https:\/\/www.yoroow.com\/de\/produktdetail\/offentliche-platze-krankenhaus-gebrauch-waschen-zubehor-zeitverzogerung-messing-mit-trittbrett-waschen-kaltes-waschbecken-wasserhahn\/","title":{"rendered":"Kommerzielle Zeitverz\u00f6gerung Messing Trittbrett Waschbecken Wasserhahn Kupfer Fu\u00df Pedal Waschbecken Ventil f\u00fcr \u00f6ffentliche Pl\u00e4tze Krankenh\u00e4user waschen Zubeh\u00f6r"},"content":{"rendered":"<p>Kommerzielle Zeitverz\u00f6gerung Messing Trittbrett Waschbecken Wasserhahn Kupfer Fu\u00dfpedal Waschbeckenventil f\u00fcr \u00f6ffentliche Pl\u00e4tze Krankenh\u00e4user Waschen Zubeh\u00f6r Diese kommerzielle Fu\u00dfpedal Waschbecken Wasserhahn ist f\u00fcr \u00f6ffentliche R\u00e4ume, Krankenh\u00e4user und andere stark frequentierten Umgebungen, in denen die H\u00e4nde frei Betrieb ist entscheidend konzipiert. Sie ist aus hochwertigem Messing mit einem Fu\u00dfpedal aus Kupfer gefertigt und bietet eine zuverl\u00e4ssige Leistung mit Zeitverz\u00f6gerungsfunktion f\u00fcr eine effiziente Wassernutzung. Das Fu\u00dfpedal erm\u00f6glicht es dem Benutzer, den Wasserfluss zu aktivieren, ohne den Wasserhahn zu ber\u00fchren, und sorgt so f\u00fcr hygienische Bedingungen in Umgebungen, in denen Hygiene entscheidend ist. Die chinesische Fertigungsexpertise von YOROOW bietet dieses Produkt zu wettbewerbsf\u00e4higen Preisen an, was es zu einer ausgezeichneten Wahl f\u00fcr den Export in die s\u00fcdamerikanischen und s\u00fcdostasiatischen M\u00e4rkte macht, wo Wasserh\u00e4hne in Gewerbequalit\u00e4t sehr gefragt sind.<\/p>","protected":false},"excerpt":{"rendered":"<p>Commercial Time Delay Brass Footboard Basin Faucet Copper Foot Pedal Sink Valve for Public Places Hospitals Wash Accessories This commercial foot pedal basin faucet is designed for public spaces, hospitals, and other high-traffic environments where hands-free operation is crucial. Made from high-quality brass with a copper foot pedal, it provides reliable performance with time-delay functionality\u2026<\/p>","protected":false},"featured_media":12360,"template":"","meta":{"_acf_changed":false,"_kad_post_transparent":"default","_kad_post_title":"","_kad_post_layout":"default","_kad_post_sidebar_id":"","_kad_post_content_style":"default","_kad_post_vertical_padding":"default","_kad_post_feature":"","_kad_post_feature_position":"","_kad_post_header":false,"_kad_post_footer":false},"product_brand":[],"product_cat":[233],"product_tag":[7394,7408],"class_list":{"0":"post-12358","1":"product","2":"type-product","3":"status-publish","4":"has-post-thumbnail","6":"product_cat-pedaled-faucet","7":"product_tag-commercial-foot-pedal-sink","8":"product_tag-copper-foot-pedal-sink-valve","10":"first","11":"instock","12":"shipping-taxable","13":"purchasable","14":"product-type-variable","15":"wvs-archive-product-wrapper","16":"entry","17":"content-bg","18":"loop-entry"},"acf":[],"yoast_head":"<!-- This site is optimized with the Yoast SEO Premium plugin v25.4 (Yoast SEO v27.0) - https:\/\/yoast.com\/product\/yoast-seo-premium-wordpress\/ -->\n<title>Commercial Time Delay Brass Footboard Basin Faucet Copper Foot Pedal Sink Valve for Public Places Hospitals Wash Accessories - YOROOW<\/title>\n<meta name=\"description\" content=\"Commercial time-delay brass footboard basin faucet with copper construction for public places and hospitals. Durable and hygienic design made in China, perfect for high-traffic wash areas. Widely exported to healthcare facilities in South America and Southeast Asia.\" \/>\n<meta name=\"robots\" content=\"index, follow, max-snippet:-1, max-image-preview:large, max-video-preview:-1\" \/>\n<link rel=\"canonical\" href=\"https:\/\/www.yoroow.com\/de\/produktdetail\/offentliche-platze-krankenhaus-gebrauch-waschen-zubehor-zeitverzogerung-messing-mit-trittbrett-waschen-kaltes-waschbecken-wasserhahn\/\" \/>\n<meta property=\"og:locale\" content=\"de_DE\" \/>\n<meta property=\"og:type\" content=\"article\" \/>\n<meta property=\"og:title\" content=\"Commercial Time Delay Brass Footboard Basin Faucet Copper Foot Pedal Sink Valve for Public Places Hospitals Wash Accessories\" \/>\n<meta property=\"og:description\" content=\"Commercial time-delay brass footboard basin faucet with copper construction for public places and hospitals. Durable and hygienic design made in China, perfect for high-traffic wash areas. Widely exported to healthcare facilities in South America and Southeast Asia.\" \/>\n<meta property=\"og:url\" content=\"https:\/\/www.yoroow.com\/de\/produktdetail\/offentliche-platze-krankenhaus-gebrauch-waschen-zubehor-zeitverzogerung-messing-mit-trittbrett-waschen-kaltes-waschbecken-wasserhahn\/\" \/>\n<meta property=\"og:site_name\" content=\"YOROOW\" \/>\n<meta property=\"article:publisher\" content=\"https:\/\/www.facebook.com\/people\/yoroowfaucetfactory\/61564236752362\/\" \/>\n<meta property=\"article:modified_time\" content=\"2025-05-16T01:36:19+00:00\" \/>\n<meta property=\"og:image\" content=\"https:\/\/www.yoroow.com\/wp-content\/uploads\/2025\/02\/image-1-1.png\" \/>\n\t<meta property=\"og:image:width\" content=\"730\" \/>\n\t<meta property=\"og:image:height\" content=\"721\" \/>\n\t<meta property=\"og:image:type\" content=\"image\/png\" \/>\n<meta name=\"twitter:card\" content=\"summary_large_image\" \/>\n<meta name=\"twitter:label1\" content=\"Gesch\u00e4tzte Lesezeit\" \/>\n\t<meta name=\"twitter:data1\" content=\"1\u00a0Minute\" \/>\n<script type=\"application\/ld+json\" class=\"yoast-schema-graph\">{\"@context\":\"https:\/\/schema.org\",\"@graph\":[{\"@type\":\"WebPage\",\"@id\":\"https:\/\/www.yoroow.com\/de\/produktdetail\/offentliche-platze-krankenhaus-gebrauch-waschen-zubehor-zeitverzogerung-messing-mit-trittbrett-waschen-kaltes-waschbecken-wasserhahn\/\",\"url\":\"https:\/\/www.yoroow.com\/de\/produktdetail\/offentliche-platze-krankenhaus-gebrauch-waschen-zubehor-zeitverzogerung-messing-mit-trittbrett-waschen-kaltes-waschbecken-wasserhahn\/\",\"name\":\"Commercial Time Delay Brass Footboard Basin Faucet Copper Foot Pedal Sink Valve for Public Places Hospitals Wash Accessories - YOROOW\",\"isPartOf\":{\"@id\":\"https:\/\/www.yoroow.com\/de\/#website\"},\"primaryImageOfPage\":{\"@id\":\"https:\/\/www.yoroow.com\/de\/produktdetail\/offentliche-platze-krankenhaus-gebrauch-waschen-zubehor-zeitverzogerung-messing-mit-trittbrett-waschen-kaltes-waschbecken-wasserhahn\/#primaryimage\"},\"image\":{\"@id\":\"https:\/\/www.yoroow.com\/de\/produktdetail\/offentliche-platze-krankenhaus-gebrauch-waschen-zubehor-zeitverzogerung-messing-mit-trittbrett-waschen-kaltes-waschbecken-wasserhahn\/#primaryimage\"},\"thumbnailUrl\":\"https:\/\/www.yoroow.com\/wp-content\/uploads\/2025\/02\/image-1-1.png\",\"datePublished\":\"2025-02-22T03:12:53+00:00\",\"dateModified\":\"2025-05-16T01:36:19+00:00\",\"description\":\"Commercial time-delay brass footboard basin faucet with copper construction for public places and hospitals. Durable and hygienic design made in China, perfect for high-traffic wash areas. Widely exported to healthcare facilities in South America and Southeast Asia.\",\"breadcrumb\":{\"@id\":\"https:\/\/www.yoroow.com\/de\/produktdetail\/offentliche-platze-krankenhaus-gebrauch-waschen-zubehor-zeitverzogerung-messing-mit-trittbrett-waschen-kaltes-waschbecken-wasserhahn\/#breadcrumb\"},\"inLanguage\":\"de\",\"potentialAction\":[{\"@type\":\"ReadAction\",\"target\":[\"https:\/\/www.yoroow.com\/de\/produktdetail\/offentliche-platze-krankenhaus-gebrauch-waschen-zubehor-zeitverzogerung-messing-mit-trittbrett-waschen-kaltes-waschbecken-wasserhahn\/\"]}]},{\"@type\":\"ImageObject\",\"inLanguage\":\"de\",\"@id\":\"https:\/\/www.yoroow.com\/de\/produktdetail\/offentliche-platze-krankenhaus-gebrauch-waschen-zubehor-zeitverzogerung-messing-mit-trittbrett-waschen-kaltes-waschbecken-wasserhahn\/#primaryimage\",\"url\":\"https:\/\/www.yoroow.com\/wp-content\/uploads\/2025\/02\/image-1-1.png\",\"contentUrl\":\"https:\/\/www.yoroow.com\/wp-content\/uploads\/2025\/02\/image-1-1.png\",\"width\":730,\"height\":721,\"caption\":\"Public Places Hospital Use Wash Accessories Time Delay Brass with Footboard Wash Cold Basin Faucet\"},{\"@type\":\"BreadcrumbList\",\"@id\":\"https:\/\/www.yoroow.com\/de\/produktdetail\/offentliche-platze-krankenhaus-gebrauch-waschen-zubehor-zeitverzogerung-messing-mit-trittbrett-waschen-kaltes-waschbecken-wasserhahn\/#breadcrumb\",\"itemListElement\":[{\"@type\":\"ListItem\",\"position\":1,\"name\":\"home\",\"item\":\"https:\/\/www.yoroow.com\/\"},{\"@type\":\"ListItem\",\"position\":2,\"name\":\"Product\",\"item\":\"https:\/\/www.yoroow.com\/product\/\"},{\"@type\":\"ListItem\",\"position\":3,\"name\":\"Commercial Time Delay Brass Footboard Basin Faucet Copper Foot Pedal Sink Valve for Public Places Hospitals Wash Accessories\"}]},{\"@type\":\"WebSite\",\"@id\":\"https:\/\/www.yoroow.com\/de\/#website\",\"url\":\"https:\/\/www.yoroow.com\/de\/\",\"name\":\"YOROOW\",\"description\":\"\",\"publisher\":{\"@id\":\"https:\/\/www.yoroow.com\/de\/#organization\"},\"potentialAction\":[{\"@type\":\"SearchAction\",\"target\":{\"@type\":\"EntryPoint\",\"urlTemplate\":\"https:\/\/www.yoroow.com\/de\/?s={search_term_string}\"},\"query-input\":{\"@type\":\"PropertyValueSpecification\",\"valueRequired\":true,\"valueName\":\"search_term_string\"}}],\"inLanguage\":\"de\"},{\"@type\":\"Organization\",\"@id\":\"https:\/\/www.yoroow.com\/de\/#organization\",\"name\":\"YOROOW\",\"url\":\"https:\/\/www.yoroow.com\/de\/\",\"logo\":{\"@type\":\"ImageObject\",\"inLanguage\":\"de\",\"@id\":\"https:\/\/www.yoroow.com\/de\/#\/schema\/logo\/image\/\",\"url\":\"https:\/\/www.yoroow.com\/wp-content\/uploads\/2024\/12\/2024123007131061.png\",\"contentUrl\":\"https:\/\/www.yoroow.com\/wp-content\/uploads\/2024\/12\/2024123007131061.png\",\"width\":168,\"height\":27,\"caption\":\"YOROOW\"},\"image\":{\"@id\":\"https:\/\/www.yoroow.com\/de\/#\/schema\/logo\/image\/\"},\"sameAs\":[\"https:\/\/www.facebook.com\/people\/yoroowfaucetfactory\/61564236752362\/\"]}]}<\/script>\n<!-- \/ Yoast SEO Premium plugin. -->","yoast_head_json":{"title":"Commercial Time Delay Brass Footboard Basin Faucet Copper Foot Pedal Sink Valve for Public Places Hospitals Wash Accessories - YOROOW","description":"Commercial time-delay brass footboard basin faucet with copper construction for public places and hospitals. Durable and hygienic design made in China, perfect for high-traffic wash areas. Widely exported to healthcare facilities in South America and Southeast Asia.","robots":{"index":"index","follow":"follow","max-snippet":"max-snippet:-1","max-image-preview":"max-image-preview:large","max-video-preview":"max-video-preview:-1"},"canonical":"https:\/\/www.yoroow.com\/de\/produktdetail\/offentliche-platze-krankenhaus-gebrauch-waschen-zubehor-zeitverzogerung-messing-mit-trittbrett-waschen-kaltes-waschbecken-wasserhahn\/","og_locale":"de_DE","og_type":"article","og_title":"Commercial Time Delay Brass Footboard Basin Faucet Copper Foot Pedal Sink Valve for Public Places Hospitals Wash Accessories","og_description":"Commercial time-delay brass footboard basin faucet with copper construction for public places and hospitals. Durable and hygienic design made in China, perfect for high-traffic wash areas. Widely exported to healthcare facilities in South America and Southeast Asia.","og_url":"https:\/\/www.yoroow.com\/de\/produktdetail\/offentliche-platze-krankenhaus-gebrauch-waschen-zubehor-zeitverzogerung-messing-mit-trittbrett-waschen-kaltes-waschbecken-wasserhahn\/","og_site_name":"YOROOW","article_publisher":"https:\/\/www.facebook.com\/people\/yoroowfaucetfactory\/61564236752362\/","article_modified_time":"2025-05-16T01:36:19+00:00","og_image":[{"width":730,"height":721,"url":"https:\/\/www.yoroow.com\/wp-content\/uploads\/2025\/02\/image-1-1.png","type":"image\/png"}],"twitter_card":"summary_large_image","twitter_misc":{"Gesch\u00e4tzte Lesezeit":"1\u00a0Minute"},"schema":{"@context":"https:\/\/schema.org","@graph":[{"@type":"WebPage","@id":"https:\/\/www.yoroow.com\/de\/produktdetail\/offentliche-platze-krankenhaus-gebrauch-waschen-zubehor-zeitverzogerung-messing-mit-trittbrett-waschen-kaltes-waschbecken-wasserhahn\/","url":"https:\/\/www.yoroow.com\/de\/produktdetail\/offentliche-platze-krankenhaus-gebrauch-waschen-zubehor-zeitverzogerung-messing-mit-trittbrett-waschen-kaltes-waschbecken-wasserhahn\/","name":"Commercial Time Delay Brass Footboard Basin Faucet Copper Foot Pedal Sink Valve for Public Places Hospitals Wash Accessories - YOROOW","isPartOf":{"@id":"https:\/\/www.yoroow.com\/de\/#website"},"primaryImageOfPage":{"@id":"https:\/\/www.yoroow.com\/de\/produktdetail\/offentliche-platze-krankenhaus-gebrauch-waschen-zubehor-zeitverzogerung-messing-mit-trittbrett-waschen-kaltes-waschbecken-wasserhahn\/#primaryimage"},"image":{"@id":"https:\/\/www.yoroow.com\/de\/produktdetail\/offentliche-platze-krankenhaus-gebrauch-waschen-zubehor-zeitverzogerung-messing-mit-trittbrett-waschen-kaltes-waschbecken-wasserhahn\/#primaryimage"},"thumbnailUrl":"https:\/\/www.yoroow.com\/wp-content\/uploads\/2025\/02\/image-1-1.png","datePublished":"2025-02-22T03:12:53+00:00","dateModified":"2025-05-16T01:36:19+00:00","description":"Commercial time-delay brass footboard basin faucet with copper construction for public places and hospitals. Durable and hygienic design made in China, perfect for high-traffic wash areas. Widely exported to healthcare facilities in South America and Southeast Asia.","breadcrumb":{"@id":"https:\/\/www.yoroow.com\/de\/produktdetail\/offentliche-platze-krankenhaus-gebrauch-waschen-zubehor-zeitverzogerung-messing-mit-trittbrett-waschen-kaltes-waschbecken-wasserhahn\/#breadcrumb"},"inLanguage":"de","potentialAction":[{"@type":"ReadAction","target":["https:\/\/www.yoroow.com\/de\/produktdetail\/offentliche-platze-krankenhaus-gebrauch-waschen-zubehor-zeitverzogerung-messing-mit-trittbrett-waschen-kaltes-waschbecken-wasserhahn\/"]}]},{"@type":"ImageObject","inLanguage":"de","@id":"https:\/\/www.yoroow.com\/de\/produktdetail\/offentliche-platze-krankenhaus-gebrauch-waschen-zubehor-zeitverzogerung-messing-mit-trittbrett-waschen-kaltes-waschbecken-wasserhahn\/#primaryimage","url":"https:\/\/www.yoroow.com\/wp-content\/uploads\/2025\/02\/image-1-1.png","contentUrl":"https:\/\/www.yoroow.com\/wp-content\/uploads\/2025\/02\/image-1-1.png","width":730,"height":721,"caption":"Public Places Hospital Use Wash Accessories Time Delay Brass with Footboard Wash Cold Basin Faucet"},{"@type":"BreadcrumbList","@id":"https:\/\/www.yoroow.com\/de\/produktdetail\/offentliche-platze-krankenhaus-gebrauch-waschen-zubehor-zeitverzogerung-messing-mit-trittbrett-waschen-kaltes-waschbecken-wasserhahn\/#breadcrumb","itemListElement":[{"@type":"ListItem","position":1,"name":"home","item":"https:\/\/www.yoroow.com\/"},{"@type":"ListItem","position":2,"name":"Product","item":"https:\/\/www.yoroow.com\/product\/"},{"@type":"ListItem","position":3,"name":"Commercial Time Delay Brass Footboard Basin Faucet Copper Foot Pedal Sink Valve for Public Places Hospitals Wash Accessories"}]},{"@type":"WebSite","@id":"https:\/\/www.yoroow.com\/de\/#website","url":"https:\/\/www.yoroow.com\/de\/","name":"YOROOW","description":"","publisher":{"@id":"https:\/\/www.yoroow.com\/de\/#organization"},"potentialAction":[{"@type":"SearchAction","target":{"@type":"EntryPoint","urlTemplate":"https:\/\/www.yoroow.com\/de\/?s={search_term_string}"},"query-input":{"@type":"PropertyValueSpecification","valueRequired":true,"valueName":"search_term_string"}}],"inLanguage":"de"},{"@type":"Organization","@id":"https:\/\/www.yoroow.com\/de\/#organization","name":"YOROOW","url":"https:\/\/www.yoroow.com\/de\/","logo":{"@type":"ImageObject","inLanguage":"de","@id":"https:\/\/www.yoroow.com\/de\/#\/schema\/logo\/image\/","url":"https:\/\/www.yoroow.com\/wp-content\/uploads\/2024\/12\/2024123007131061.png","contentUrl":"https:\/\/www.yoroow.com\/wp-content\/uploads\/2024\/12\/2024123007131061.png","width":168,"height":27,"caption":"YOROOW"},"image":{"@id":"https:\/\/www.yoroow.com\/de\/#\/schema\/logo\/image\/"},"sameAs":["https:\/\/www.facebook.com\/people\/yoroowfaucetfactory\/61564236752362\/"]}]}},"_links":{"self":[{"href":"https:\/\/www.yoroow.com\/de\/wp-json\/wp\/v2\/product\/12358","targetHints":{"allow":["GET"]}}],"collection":[{"href":"https:\/\/www.yoroow.com\/de\/wp-json\/wp\/v2\/product"}],"about":[{"href":"https:\/\/www.yoroow.com\/de\/wp-json\/wp\/v2\/types\/product"}],"wp:featuredmedia":[{"embeddable":true,"href":"https:\/\/www.yoroow.com\/de\/wp-json\/wp\/v2\/media\/12360"}],"wp:attachment":[{"href":"https:\/\/www.yoroow.com\/de\/wp-json\/wp\/v2\/media?parent=12358"}],"wp:term":[{"taxonomy":"product_brand","embeddable":true,"href":"https:\/\/www.yoroow.com\/de\/wp-json\/wp\/v2\/product_brand?post=12358"},{"taxonomy":"product_cat","embeddable":true,"href":"https:\/\/www.yoroow.com\/de\/wp-json\/wp\/v2\/product_cat?post=12358"},{"taxonomy":"product_tag","embeddable":true,"href":"https:\/\/www.yoroow.com\/de\/wp-json\/wp\/v2\/product_tag?post=12358"}],"curies":[{"name":"wp","href":"https:\/\/api.w.org\/{rel}","templated":true}]}}