{"id":12124,"date":"2025-02-21T22:19:26","date_gmt":"2025-02-21T14:19:26","guid":{"rendered":"https:\/\/www.yoroow.com\/?post_type=product&#038;p=12124"},"modified":"2025-05-16T09:33:38","modified_gmt":"2025-05-16T01:33:38","slug":"warm-und-kaltwasser-waschbeckenarmatur-mit-wasserfall-aus-edelstahl-im-modernen-stil","status":"publish","type":"product","link":"https:\/\/www.yoroow.com\/de\/produktdetail\/warm-und-kaltwasser-waschbeckenarmatur-mit-wasserfall-aus-edelstahl-im-modernen-stil\/","title":{"rendered":"Moderne antike Einhand-Waschtischarmatur Thermostat-Badewannenarmatur mit Oberfl\u00e4chenveredelung Preisg\u00fcnstig"},"content":{"rendered":"<p>Diese moderne antike Einhebel-Waschtischarmatur verf\u00fcgt \u00fcber einen Thermostatmischer und eine Oberfl\u00e4chenveredelung und bietet sowohl Funktionalit\u00e4t als auch Stil. Die Gef\u00e4\u00df-Waschtischarmatur ist ideal f\u00fcr private und gewerbliche Badanwendungen und bietet eine pr\u00e4zise Wassersteuerung mit einem modernen und dennoch klassischen Design. Die Armatur wird von YOROOW in China hergestellt und profitiert von den fortschrittlichen Fertigungskapazit\u00e4ten des Unternehmens sowie von einer kosteng\u00fcnstigen Preisgestaltung. Ihr einzigartiges Design und ihre langlebige Konstruktion machen sie zu einer ausgezeichneten Wahl f\u00fcr Kunden in S\u00fcdamerika und S\u00fcdostasien, wo sowohl Stil als auch Funktionalit\u00e4t sehr gefragt sind. Die F\u00e4higkeit von YOROOW, kundenspezifische Anpassungen vorzunehmen, stellt sicher, dass die Armatur den Marktbed\u00fcrfnissen entspricht, was sie zu einer beliebten Wahl sowohl f\u00fcr den privaten als auch f\u00fcr den gewerblichen Gebrauch macht.<\/p>","protected":false},"excerpt":{"rendered":"<p>This modern antique single-handle basin faucet features a thermostatic mixer and surface finishing, offering both functionality and style. The vessel sink faucet is ideal for residential and commercial bathroom applications, providing precise water control with a modern yet classic design. Manufactured by YOROOW in China, this faucet benefits from the company\u2019s advanced manufacturing capabilities and&#8230;<\/p>","protected":false},"featured_media":12971,"template":"","meta":{"_acf_changed":false,"_kad_post_transparent":"default","_kad_post_title":"","_kad_post_layout":"default","_kad_post_sidebar_id":"","_kad_post_content_style":"default","_kad_post_vertical_padding":"default","_kad_post_feature":"","_kad_post_feature_position":"","_kad_post_header":false,"_kad_post_footer":false},"product_brand":[],"product_cat":[238],"product_tag":[6016,5991],"class_list":{"0":"post-12124","1":"product","2":"type-product","3":"status-publish","4":"has-post-thumbnail","6":"product_cat-mixer-basin-faucet","7":"product_tag-classic-antique-basin-faucet-mixer","8":"product_tag-vessel-bathroom-sink-bathroom-faucet-basin-cheap","10":"first","11":"instock","12":"shipping-taxable","13":"purchasable","14":"product-type-variable","15":"wvs-archive-product-wrapper","16":"entry","17":"content-bg","18":"loop-entry"},"acf":[],"yoast_head":"<!-- This site is optimized with the Yoast SEO Premium plugin v25.4 (Yoast SEO v27.0) - https:\/\/yoast.com\/product\/yoast-seo-premium-wordpress\/ -->\n<title>Modern Antique Single Handle Basin Faucet Thermostatic Vessel Bathroom Sink Faucet with Surface Finishing Economically Priced - YOROOW<\/title>\n<meta name=\"description\" content=\"Modern antique single handle basin faucet thermostatic vessel bathroom sink faucet with surface finishing economically priced. Made in China with craftsmanship for South American and Southeast Asian export markets.\" \/>\n<meta name=\"robots\" content=\"index, follow, max-snippet:-1, max-image-preview:large, max-video-preview:-1\" \/>\n<link rel=\"canonical\" href=\"https:\/\/www.yoroow.com\/de\/produktdetail\/warm-und-kaltwasser-waschbeckenarmatur-mit-wasserfall-aus-edelstahl-im-modernen-stil\/\" \/>\n<meta property=\"og:locale\" content=\"de_DE\" \/>\n<meta property=\"og:type\" content=\"article\" \/>\n<meta property=\"og:title\" content=\"Modern Antique Single Handle Basin Faucet Thermostatic Vessel Bathroom Sink Faucet with Surface Finishing Economically Priced\" \/>\n<meta property=\"og:description\" content=\"Modern antique single handle basin faucet thermostatic vessel bathroom sink faucet with surface finishing economically priced. Made in China with craftsmanship for South American and Southeast Asian export markets.\" \/>\n<meta property=\"og:url\" content=\"https:\/\/www.yoroow.com\/de\/produktdetail\/warm-und-kaltwasser-waschbeckenarmatur-mit-wasserfall-aus-edelstahl-im-modernen-stil\/\" \/>\n<meta property=\"og:site_name\" content=\"YOROOW\" \/>\n<meta property=\"article:publisher\" content=\"https:\/\/www.facebook.com\/people\/yoroowfaucetfactory\/61564236752362\/\" \/>\n<meta property=\"article:modified_time\" content=\"2025-05-16T01:33:38+00:00\" \/>\n<meta property=\"og:image\" content=\"https:\/\/www.yoroow.com\/wp-content\/uploads\/2025\/02\/9-3.jpg\" \/>\n\t<meta property=\"og:image:width\" content=\"800\" \/>\n\t<meta property=\"og:image:height\" content=\"800\" \/>\n\t<meta property=\"og:image:type\" content=\"image\/jpeg\" \/>\n<meta name=\"twitter:card\" content=\"summary_large_image\" \/>\n<meta name=\"twitter:label1\" content=\"Gesch\u00e4tzte Lesezeit\" \/>\n\t<meta name=\"twitter:data1\" content=\"1\u00a0Minute\" \/>\n<script type=\"application\/ld+json\" class=\"yoast-schema-graph\">{\"@context\":\"https:\/\/schema.org\",\"@graph\":[{\"@type\":\"WebPage\",\"@id\":\"https:\/\/www.yoroow.com\/de\/produktdetail\/warm-und-kaltwasser-waschbeckenarmatur-mit-wasserfall-aus-edelstahl-im-modernen-stil\/\",\"url\":\"https:\/\/www.yoroow.com\/de\/produktdetail\/warm-und-kaltwasser-waschbeckenarmatur-mit-wasserfall-aus-edelstahl-im-modernen-stil\/\",\"name\":\"Modern Antique Single Handle Basin Faucet Thermostatic Vessel Bathroom Sink Faucet with Surface Finishing Economically Priced - YOROOW\",\"isPartOf\":{\"@id\":\"https:\/\/www.yoroow.com\/de\/#website\"},\"primaryImageOfPage\":{\"@id\":\"https:\/\/www.yoroow.com\/de\/produktdetail\/warm-und-kaltwasser-waschbeckenarmatur-mit-wasserfall-aus-edelstahl-im-modernen-stil\/#primaryimage\"},\"image\":{\"@id\":\"https:\/\/www.yoroow.com\/de\/produktdetail\/warm-und-kaltwasser-waschbeckenarmatur-mit-wasserfall-aus-edelstahl-im-modernen-stil\/#primaryimage\"},\"thumbnailUrl\":\"https:\/\/www.yoroow.com\/wp-content\/uploads\/2025\/02\/9-3.jpg\",\"datePublished\":\"2025-02-21T14:19:26+00:00\",\"dateModified\":\"2025-05-16T01:33:38+00:00\",\"description\":\"Modern antique single handle basin faucet thermostatic vessel bathroom sink faucet with surface finishing economically priced. Made in China with craftsmanship for South American and Southeast Asian export markets.\",\"breadcrumb\":{\"@id\":\"https:\/\/www.yoroow.com\/de\/produktdetail\/warm-und-kaltwasser-waschbeckenarmatur-mit-wasserfall-aus-edelstahl-im-modernen-stil\/#breadcrumb\"},\"inLanguage\":\"de\",\"potentialAction\":[{\"@type\":\"ReadAction\",\"target\":[\"https:\/\/www.yoroow.com\/de\/produktdetail\/warm-und-kaltwasser-waschbeckenarmatur-mit-wasserfall-aus-edelstahl-im-modernen-stil\/\"]}]},{\"@type\":\"ImageObject\",\"inLanguage\":\"de\",\"@id\":\"https:\/\/www.yoroow.com\/de\/produktdetail\/warm-und-kaltwasser-waschbeckenarmatur-mit-wasserfall-aus-edelstahl-im-modernen-stil\/#primaryimage\",\"url\":\"https:\/\/www.yoroow.com\/wp-content\/uploads\/2025\/02\/9-3.jpg\",\"contentUrl\":\"https:\/\/www.yoroow.com\/wp-content\/uploads\/2025\/02\/9-3.jpg\",\"width\":800,\"height\":800,\"caption\":\"Modern Antique Single Handle Basin Faucet Thermostatic Vessel Bathroom Sink Faucet with Surface Finishing Economically Priced\"},{\"@type\":\"BreadcrumbList\",\"@id\":\"https:\/\/www.yoroow.com\/de\/produktdetail\/warm-und-kaltwasser-waschbeckenarmatur-mit-wasserfall-aus-edelstahl-im-modernen-stil\/#breadcrumb\",\"itemListElement\":[{\"@type\":\"ListItem\",\"position\":1,\"name\":\"home\",\"item\":\"https:\/\/www.yoroow.com\/\"},{\"@type\":\"ListItem\",\"position\":2,\"name\":\"Product\",\"item\":\"https:\/\/www.yoroow.com\/product\/\"},{\"@type\":\"ListItem\",\"position\":3,\"name\":\"Modern Antique Single Handle Basin Faucet Thermostatic Vessel Bathroom Sink Faucet with Surface Finishing Economically Priced\"}]},{\"@type\":\"WebSite\",\"@id\":\"https:\/\/www.yoroow.com\/de\/#website\",\"url\":\"https:\/\/www.yoroow.com\/de\/\",\"name\":\"YOROOW\",\"description\":\"\",\"publisher\":{\"@id\":\"https:\/\/www.yoroow.com\/de\/#organization\"},\"potentialAction\":[{\"@type\":\"SearchAction\",\"target\":{\"@type\":\"EntryPoint\",\"urlTemplate\":\"https:\/\/www.yoroow.com\/de\/?s={search_term_string}\"},\"query-input\":{\"@type\":\"PropertyValueSpecification\",\"valueRequired\":true,\"valueName\":\"search_term_string\"}}],\"inLanguage\":\"de\"},{\"@type\":\"Organization\",\"@id\":\"https:\/\/www.yoroow.com\/de\/#organization\",\"name\":\"YOROOW\",\"url\":\"https:\/\/www.yoroow.com\/de\/\",\"logo\":{\"@type\":\"ImageObject\",\"inLanguage\":\"de\",\"@id\":\"https:\/\/www.yoroow.com\/de\/#\/schema\/logo\/image\/\",\"url\":\"https:\/\/www.yoroow.com\/wp-content\/uploads\/2024\/12\/2024123007131061.png\",\"contentUrl\":\"https:\/\/www.yoroow.com\/wp-content\/uploads\/2024\/12\/2024123007131061.png\",\"width\":168,\"height\":27,\"caption\":\"YOROOW\"},\"image\":{\"@id\":\"https:\/\/www.yoroow.com\/de\/#\/schema\/logo\/image\/\"},\"sameAs\":[\"https:\/\/www.facebook.com\/people\/yoroowfaucetfactory\/61564236752362\/\"]}]}<\/script>\n<!-- \/ Yoast SEO Premium plugin. -->","yoast_head_json":{"title":"Modern Antique Single Handle Basin Faucet Thermostatic Vessel Bathroom Sink Faucet with Surface Finishing Economically Priced - YOROOW","description":"Modern antique single handle basin faucet thermostatic vessel bathroom sink faucet with surface finishing economically priced. Made in China with craftsmanship for South American and Southeast Asian export markets.","robots":{"index":"index","follow":"follow","max-snippet":"max-snippet:-1","max-image-preview":"max-image-preview:large","max-video-preview":"max-video-preview:-1"},"canonical":"https:\/\/www.yoroow.com\/de\/produktdetail\/warm-und-kaltwasser-waschbeckenarmatur-mit-wasserfall-aus-edelstahl-im-modernen-stil\/","og_locale":"de_DE","og_type":"article","og_title":"Modern Antique Single Handle Basin Faucet Thermostatic Vessel Bathroom Sink Faucet with Surface Finishing Economically Priced","og_description":"Modern antique single handle basin faucet thermostatic vessel bathroom sink faucet with surface finishing economically priced. Made in China with craftsmanship for South American and Southeast Asian export markets.","og_url":"https:\/\/www.yoroow.com\/de\/produktdetail\/warm-und-kaltwasser-waschbeckenarmatur-mit-wasserfall-aus-edelstahl-im-modernen-stil\/","og_site_name":"YOROOW","article_publisher":"https:\/\/www.facebook.com\/people\/yoroowfaucetfactory\/61564236752362\/","article_modified_time":"2025-05-16T01:33:38+00:00","og_image":[{"width":800,"height":800,"url":"https:\/\/www.yoroow.com\/wp-content\/uploads\/2025\/02\/9-3.jpg","type":"image\/jpeg"}],"twitter_card":"summary_large_image","twitter_misc":{"Gesch\u00e4tzte Lesezeit":"1\u00a0Minute"},"schema":{"@context":"https:\/\/schema.org","@graph":[{"@type":"WebPage","@id":"https:\/\/www.yoroow.com\/de\/produktdetail\/warm-und-kaltwasser-waschbeckenarmatur-mit-wasserfall-aus-edelstahl-im-modernen-stil\/","url":"https:\/\/www.yoroow.com\/de\/produktdetail\/warm-und-kaltwasser-waschbeckenarmatur-mit-wasserfall-aus-edelstahl-im-modernen-stil\/","name":"Modern Antique Single Handle Basin Faucet Thermostatic Vessel Bathroom Sink Faucet with Surface Finishing Economically Priced - YOROOW","isPartOf":{"@id":"https:\/\/www.yoroow.com\/de\/#website"},"primaryImageOfPage":{"@id":"https:\/\/www.yoroow.com\/de\/produktdetail\/warm-und-kaltwasser-waschbeckenarmatur-mit-wasserfall-aus-edelstahl-im-modernen-stil\/#primaryimage"},"image":{"@id":"https:\/\/www.yoroow.com\/de\/produktdetail\/warm-und-kaltwasser-waschbeckenarmatur-mit-wasserfall-aus-edelstahl-im-modernen-stil\/#primaryimage"},"thumbnailUrl":"https:\/\/www.yoroow.com\/wp-content\/uploads\/2025\/02\/9-3.jpg","datePublished":"2025-02-21T14:19:26+00:00","dateModified":"2025-05-16T01:33:38+00:00","description":"Modern antique single handle basin faucet thermostatic vessel bathroom sink faucet with surface finishing economically priced. Made in China with craftsmanship for South American and Southeast Asian export markets.","breadcrumb":{"@id":"https:\/\/www.yoroow.com\/de\/produktdetail\/warm-und-kaltwasser-waschbeckenarmatur-mit-wasserfall-aus-edelstahl-im-modernen-stil\/#breadcrumb"},"inLanguage":"de","potentialAction":[{"@type":"ReadAction","target":["https:\/\/www.yoroow.com\/de\/produktdetail\/warm-und-kaltwasser-waschbeckenarmatur-mit-wasserfall-aus-edelstahl-im-modernen-stil\/"]}]},{"@type":"ImageObject","inLanguage":"de","@id":"https:\/\/www.yoroow.com\/de\/produktdetail\/warm-und-kaltwasser-waschbeckenarmatur-mit-wasserfall-aus-edelstahl-im-modernen-stil\/#primaryimage","url":"https:\/\/www.yoroow.com\/wp-content\/uploads\/2025\/02\/9-3.jpg","contentUrl":"https:\/\/www.yoroow.com\/wp-content\/uploads\/2025\/02\/9-3.jpg","width":800,"height":800,"caption":"Modern Antique Single Handle Basin Faucet Thermostatic Vessel Bathroom Sink Faucet with Surface Finishing Economically Priced"},{"@type":"BreadcrumbList","@id":"https:\/\/www.yoroow.com\/de\/produktdetail\/warm-und-kaltwasser-waschbeckenarmatur-mit-wasserfall-aus-edelstahl-im-modernen-stil\/#breadcrumb","itemListElement":[{"@type":"ListItem","position":1,"name":"home","item":"https:\/\/www.yoroow.com\/"},{"@type":"ListItem","position":2,"name":"Product","item":"https:\/\/www.yoroow.com\/product\/"},{"@type":"ListItem","position":3,"name":"Modern Antique Single Handle Basin Faucet Thermostatic Vessel Bathroom Sink Faucet with Surface Finishing Economically Priced"}]},{"@type":"WebSite","@id":"https:\/\/www.yoroow.com\/de\/#website","url":"https:\/\/www.yoroow.com\/de\/","name":"YOROOW","description":"","publisher":{"@id":"https:\/\/www.yoroow.com\/de\/#organization"},"potentialAction":[{"@type":"SearchAction","target":{"@type":"EntryPoint","urlTemplate":"https:\/\/www.yoroow.com\/de\/?s={search_term_string}"},"query-input":{"@type":"PropertyValueSpecification","valueRequired":true,"valueName":"search_term_string"}}],"inLanguage":"de"},{"@type":"Organization","@id":"https:\/\/www.yoroow.com\/de\/#organization","name":"YOROOW","url":"https:\/\/www.yoroow.com\/de\/","logo":{"@type":"ImageObject","inLanguage":"de","@id":"https:\/\/www.yoroow.com\/de\/#\/schema\/logo\/image\/","url":"https:\/\/www.yoroow.com\/wp-content\/uploads\/2024\/12\/2024123007131061.png","contentUrl":"https:\/\/www.yoroow.com\/wp-content\/uploads\/2024\/12\/2024123007131061.png","width":168,"height":27,"caption":"YOROOW"},"image":{"@id":"https:\/\/www.yoroow.com\/de\/#\/schema\/logo\/image\/"},"sameAs":["https:\/\/www.facebook.com\/people\/yoroowfaucetfactory\/61564236752362\/"]}]}},"_links":{"self":[{"href":"https:\/\/www.yoroow.com\/de\/wp-json\/wp\/v2\/product\/12124","targetHints":{"allow":["GET"]}}],"collection":[{"href":"https:\/\/www.yoroow.com\/de\/wp-json\/wp\/v2\/product"}],"about":[{"href":"https:\/\/www.yoroow.com\/de\/wp-json\/wp\/v2\/types\/product"}],"wp:featuredmedia":[{"embeddable":true,"href":"https:\/\/www.yoroow.com\/de\/wp-json\/wp\/v2\/media\/12971"}],"wp:attachment":[{"href":"https:\/\/www.yoroow.com\/de\/wp-json\/wp\/v2\/media?parent=12124"}],"wp:term":[{"taxonomy":"product_brand","embeddable":true,"href":"https:\/\/www.yoroow.com\/de\/wp-json\/wp\/v2\/product_brand?post=12124"},{"taxonomy":"product_cat","embeddable":true,"href":"https:\/\/www.yoroow.com\/de\/wp-json\/wp\/v2\/product_cat?post=12124"},{"taxonomy":"product_tag","embeddable":true,"href":"https:\/\/www.yoroow.com\/de\/wp-json\/wp\/v2\/product_tag?post=12124"}],"curies":[{"name":"wp","href":"https:\/\/api.w.org\/{rel}","templated":true}]}}