{"id":12089,"date":"2025-02-21T22:18:34","date_gmt":"2025-02-21T14:18:34","guid":{"rendered":"https:\/\/www.yoroow.com\/?post_type=product&#038;p=12089"},"modified":"2025-05-16T09:33:32","modified_gmt":"2025-05-16T01:33:32","slug":"neues-produkt-warm-und-kalt-waschbecken-armatur-wasserfall-edelstahl-modernen-stil-spultisch-armatur","status":"publish","type":"product","link":"https:\/\/www.yoroow.com\/de\/produktdetail\/neues-produkt-warm-und-kalt-waschbecken-armatur-wasserfall-edelstahl-modernen-stil-spultisch-armatur\/","title":{"rendered":"Multifunktionale quadratische silberne Badezimmerarmatur Thermostatischer Mischbatterie Waschtisch Wasserhahn Modernes Design Hohe quadratische silberne Waschtischarmatur"},"content":{"rendered":"<p>Diese multifunktionale quadratische silberne Badarmatur ist mit einem Thermostatmischer ausgestattet, der eine pr\u00e4zise Steuerung der Wassertemperatur erm\u00f6glicht. Ihr modernes Design und die hohe quadratische Form machen sie zu einer ausgezeichneten Erg\u00e4nzung f\u00fcr B\u00e4der, die sowohl Stil als auch Funktionalit\u00e4t bieten. Die Armatur ist ideal f\u00fcr den Einsatz in Wohn-, Hotel- und Gewerbeb\u00e4dern. Das schlichte Design und die hochwertige Konstruktion garantieren eine lange Lebensdauer. Die Armatur wird von YOROOW in China hergestellt und profitiert von den fortschrittlichen Produktionsprozessen und dem Engagement des Unternehmens f\u00fcr Qualit\u00e4t. YOROOWs wettbewerbsf\u00e4hige Preise und die M\u00f6glichkeit, die Armaturen individuell zu gestalten, machen das Unternehmen zu einer beliebten Wahl f\u00fcr den s\u00fcdamerikanischen und s\u00fcdostasiatischen Markt, wo die Nachfrage nach modernen, funktionalen Badezimmerarmaturen steigt.<\/p>","protected":false},"excerpt":{"rendered":"<p>This multifunctional square silver bathroom faucet features a thermostatic mixer, providing precise control over water temperature. Its modern design and tall square shape make it an excellent addition to bathrooms looking for both style and functionality. Ideal for residential, hotel, or commercial bathroom use, the faucet\u2019s sleek design and high-quality construction ensure it will last\u2026<\/p>","protected":false},"featured_media":12090,"template":"","meta":{"_acf_changed":false,"_kad_post_transparent":"default","_kad_post_title":"","_kad_post_layout":"default","_kad_post_sidebar_id":"","_kad_post_content_style":"default","_kad_post_vertical_padding":"default","_kad_post_feature":"","_kad_post_feature_position":"","_kad_post_header":false,"_kad_post_footer":false},"product_brand":[],"product_cat":[238,1555],"product_tag":[5904,3380],"class_list":{"0":"post-12089","1":"product","2":"type-product","3":"status-publish","4":"has-post-thumbnail","6":"product_cat-mixer-basin-faucet","7":"product_cat-square-bend","8":"product_tag-multifunctional-tall-basin-faucet","9":"product_tag-square-silvery-bathroom-faucet-basin-water-tap","11":"first","12":"instock","13":"shipping-taxable","14":"purchasable","15":"product-type-variable","16":"wvs-archive-product-wrapper","17":"entry","18":"content-bg","19":"loop-entry"},"acf":[],"yoast_head":"<!-- This site is optimized with the Yoast SEO Premium plugin v25.4 (Yoast SEO v27.0) - https:\/\/yoast.com\/product\/yoast-seo-premium-wordpress\/ -->\n<title>Multifunctional Square Silver Bathroom Faucet Thermostatic Mixer Basin Water Tap Modern Design Tall Square Silvery Basin Faucet - YOROOW<\/title>\n<meta name=\"description\" content=\"Multifunctional square silver bathroom faucet thermostatic mixer with modern tall silvery design. Chinese factories provide quality and innovation, serving South American and Southeast Asian export demands.\" \/>\n<meta name=\"robots\" content=\"index, follow, max-snippet:-1, max-image-preview:large, max-video-preview:-1\" \/>\n<link rel=\"canonical\" href=\"https:\/\/www.yoroow.com\/de\/produktdetail\/neues-produkt-warm-und-kalt-waschbecken-armatur-wasserfall-edelstahl-modernen-stil-spultisch-armatur\/\" \/>\n<meta property=\"og:locale\" content=\"de_DE\" \/>\n<meta property=\"og:type\" content=\"article\" \/>\n<meta property=\"og:title\" content=\"Multifunctional Square Silver Bathroom Faucet Thermostatic Mixer Basin Water Tap Modern Design Tall Square Silvery Basin Faucet\" \/>\n<meta property=\"og:description\" content=\"Multifunctional square silver bathroom faucet thermostatic mixer with modern tall silvery design. Chinese factories provide quality and innovation, serving South American and Southeast Asian export demands.\" \/>\n<meta property=\"og:url\" content=\"https:\/\/www.yoroow.com\/de\/produktdetail\/neues-produkt-warm-und-kalt-waschbecken-armatur-wasserfall-edelstahl-modernen-stil-spultisch-armatur\/\" \/>\n<meta property=\"og:site_name\" content=\"YOROOW\" \/>\n<meta property=\"article:publisher\" content=\"https:\/\/www.facebook.com\/people\/yoroowfaucetfactory\/61564236752362\/\" \/>\n<meta property=\"article:modified_time\" content=\"2025-05-16T01:33:32+00:00\" \/>\n<meta property=\"og:image\" content=\"https:\/\/www.yoroow.com\/wp-content\/uploads\/2025\/02\/1-1-1.jpg\" \/>\n\t<meta property=\"og:image:width\" content=\"800\" \/>\n\t<meta property=\"og:image:height\" content=\"800\" \/>\n\t<meta property=\"og:image:type\" content=\"image\/jpeg\" \/>\n<meta name=\"twitter:card\" content=\"summary_large_image\" \/>\n<meta name=\"twitter:label1\" content=\"Gesch\u00e4tzte Lesezeit\" \/>\n\t<meta name=\"twitter:data1\" content=\"1\u00a0Minute\" \/>\n<script type=\"application\/ld+json\" class=\"yoast-schema-graph\">{\"@context\":\"https:\/\/schema.org\",\"@graph\":[{\"@type\":\"WebPage\",\"@id\":\"https:\/\/www.yoroow.com\/de\/produktdetail\/neues-produkt-warm-und-kalt-waschbecken-armatur-wasserfall-edelstahl-modernen-stil-spultisch-armatur\/\",\"url\":\"https:\/\/www.yoroow.com\/de\/produktdetail\/neues-produkt-warm-und-kalt-waschbecken-armatur-wasserfall-edelstahl-modernen-stil-spultisch-armatur\/\",\"name\":\"Multifunctional Square Silver Bathroom Faucet Thermostatic Mixer Basin Water Tap Modern Design Tall Square Silvery Basin Faucet - YOROOW\",\"isPartOf\":{\"@id\":\"https:\/\/www.yoroow.com\/de\/#website\"},\"primaryImageOfPage\":{\"@id\":\"https:\/\/www.yoroow.com\/de\/produktdetail\/neues-produkt-warm-und-kalt-waschbecken-armatur-wasserfall-edelstahl-modernen-stil-spultisch-armatur\/#primaryimage\"},\"image\":{\"@id\":\"https:\/\/www.yoroow.com\/de\/produktdetail\/neues-produkt-warm-und-kalt-waschbecken-armatur-wasserfall-edelstahl-modernen-stil-spultisch-armatur\/#primaryimage\"},\"thumbnailUrl\":\"https:\/\/www.yoroow.com\/wp-content\/uploads\/2025\/02\/1-1-1.jpg\",\"datePublished\":\"2025-02-21T14:18:34+00:00\",\"dateModified\":\"2025-05-16T01:33:32+00:00\",\"description\":\"Multifunctional square silver bathroom faucet thermostatic mixer with modern tall silvery design. Chinese factories provide quality and innovation, serving South American and Southeast Asian export demands.\",\"breadcrumb\":{\"@id\":\"https:\/\/www.yoroow.com\/de\/produktdetail\/neues-produkt-warm-und-kalt-waschbecken-armatur-wasserfall-edelstahl-modernen-stil-spultisch-armatur\/#breadcrumb\"},\"inLanguage\":\"de\",\"potentialAction\":[{\"@type\":\"ReadAction\",\"target\":[\"https:\/\/www.yoroow.com\/de\/produktdetail\/neues-produkt-warm-und-kalt-waschbecken-armatur-wasserfall-edelstahl-modernen-stil-spultisch-armatur\/\"]}]},{\"@type\":\"ImageObject\",\"inLanguage\":\"de\",\"@id\":\"https:\/\/www.yoroow.com\/de\/produktdetail\/neues-produkt-warm-und-kalt-waschbecken-armatur-wasserfall-edelstahl-modernen-stil-spultisch-armatur\/#primaryimage\",\"url\":\"https:\/\/www.yoroow.com\/wp-content\/uploads\/2025\/02\/1-1-1.jpg\",\"contentUrl\":\"https:\/\/www.yoroow.com\/wp-content\/uploads\/2025\/02\/1-1-1.jpg\",\"width\":800,\"height\":800,\"caption\":\"Multifunctional Square Silver Bathroom Faucet Thermostatic Mixer Basin Water Tap Modern Design Tall Square Silvery Basin Faucet\"},{\"@type\":\"BreadcrumbList\",\"@id\":\"https:\/\/www.yoroow.com\/de\/produktdetail\/neues-produkt-warm-und-kalt-waschbecken-armatur-wasserfall-edelstahl-modernen-stil-spultisch-armatur\/#breadcrumb\",\"itemListElement\":[{\"@type\":\"ListItem\",\"position\":1,\"name\":\"home\",\"item\":\"https:\/\/www.yoroow.com\/\"},{\"@type\":\"ListItem\",\"position\":2,\"name\":\"Product\",\"item\":\"https:\/\/www.yoroow.com\/product\/\"},{\"@type\":\"ListItem\",\"position\":3,\"name\":\"Multifunctional Square Silver Bathroom Faucet Thermostatic Mixer Basin Water Tap Modern Design Tall Square Silvery Basin Faucet\"}]},{\"@type\":\"WebSite\",\"@id\":\"https:\/\/www.yoroow.com\/de\/#website\",\"url\":\"https:\/\/www.yoroow.com\/de\/\",\"name\":\"YOROOW\",\"description\":\"\",\"publisher\":{\"@id\":\"https:\/\/www.yoroow.com\/de\/#organization\"},\"potentialAction\":[{\"@type\":\"SearchAction\",\"target\":{\"@type\":\"EntryPoint\",\"urlTemplate\":\"https:\/\/www.yoroow.com\/de\/?s={search_term_string}\"},\"query-input\":{\"@type\":\"PropertyValueSpecification\",\"valueRequired\":true,\"valueName\":\"search_term_string\"}}],\"inLanguage\":\"de\"},{\"@type\":\"Organization\",\"@id\":\"https:\/\/www.yoroow.com\/de\/#organization\",\"name\":\"YOROOW\",\"url\":\"https:\/\/www.yoroow.com\/de\/\",\"logo\":{\"@type\":\"ImageObject\",\"inLanguage\":\"de\",\"@id\":\"https:\/\/www.yoroow.com\/de\/#\/schema\/logo\/image\/\",\"url\":\"https:\/\/www.yoroow.com\/wp-content\/uploads\/2024\/12\/2024123007131061.png\",\"contentUrl\":\"https:\/\/www.yoroow.com\/wp-content\/uploads\/2024\/12\/2024123007131061.png\",\"width\":168,\"height\":27,\"caption\":\"YOROOW\"},\"image\":{\"@id\":\"https:\/\/www.yoroow.com\/de\/#\/schema\/logo\/image\/\"},\"sameAs\":[\"https:\/\/www.facebook.com\/people\/yoroowfaucetfactory\/61564236752362\/\"]}]}<\/script>\n<!-- \/ Yoast SEO Premium plugin. -->","yoast_head_json":{"title":"Multifunctional Square Silver Bathroom Faucet Thermostatic Mixer Basin Water Tap Modern Design Tall Square Silvery Basin Faucet - YOROOW","description":"Multifunctional square silver bathroom faucet thermostatic mixer with modern tall silvery design. Chinese factories provide quality and innovation, serving South American and Southeast Asian export demands.","robots":{"index":"index","follow":"follow","max-snippet":"max-snippet:-1","max-image-preview":"max-image-preview:large","max-video-preview":"max-video-preview:-1"},"canonical":"https:\/\/www.yoroow.com\/de\/produktdetail\/neues-produkt-warm-und-kalt-waschbecken-armatur-wasserfall-edelstahl-modernen-stil-spultisch-armatur\/","og_locale":"de_DE","og_type":"article","og_title":"Multifunctional Square Silver Bathroom Faucet Thermostatic Mixer Basin Water Tap Modern Design Tall Square Silvery Basin Faucet","og_description":"Multifunctional square silver bathroom faucet thermostatic mixer with modern tall silvery design. Chinese factories provide quality and innovation, serving South American and Southeast Asian export demands.","og_url":"https:\/\/www.yoroow.com\/de\/produktdetail\/neues-produkt-warm-und-kalt-waschbecken-armatur-wasserfall-edelstahl-modernen-stil-spultisch-armatur\/","og_site_name":"YOROOW","article_publisher":"https:\/\/www.facebook.com\/people\/yoroowfaucetfactory\/61564236752362\/","article_modified_time":"2025-05-16T01:33:32+00:00","og_image":[{"width":800,"height":800,"url":"https:\/\/www.yoroow.com\/wp-content\/uploads\/2025\/02\/1-1-1.jpg","type":"image\/jpeg"}],"twitter_card":"summary_large_image","twitter_misc":{"Gesch\u00e4tzte Lesezeit":"1\u00a0Minute"},"schema":{"@context":"https:\/\/schema.org","@graph":[{"@type":"WebPage","@id":"https:\/\/www.yoroow.com\/de\/produktdetail\/neues-produkt-warm-und-kalt-waschbecken-armatur-wasserfall-edelstahl-modernen-stil-spultisch-armatur\/","url":"https:\/\/www.yoroow.com\/de\/produktdetail\/neues-produkt-warm-und-kalt-waschbecken-armatur-wasserfall-edelstahl-modernen-stil-spultisch-armatur\/","name":"Multifunctional Square Silver Bathroom Faucet Thermostatic Mixer Basin Water Tap Modern Design Tall Square Silvery Basin Faucet - YOROOW","isPartOf":{"@id":"https:\/\/www.yoroow.com\/de\/#website"},"primaryImageOfPage":{"@id":"https:\/\/www.yoroow.com\/de\/produktdetail\/neues-produkt-warm-und-kalt-waschbecken-armatur-wasserfall-edelstahl-modernen-stil-spultisch-armatur\/#primaryimage"},"image":{"@id":"https:\/\/www.yoroow.com\/de\/produktdetail\/neues-produkt-warm-und-kalt-waschbecken-armatur-wasserfall-edelstahl-modernen-stil-spultisch-armatur\/#primaryimage"},"thumbnailUrl":"https:\/\/www.yoroow.com\/wp-content\/uploads\/2025\/02\/1-1-1.jpg","datePublished":"2025-02-21T14:18:34+00:00","dateModified":"2025-05-16T01:33:32+00:00","description":"Multifunctional square silver bathroom faucet thermostatic mixer with modern tall silvery design. Chinese factories provide quality and innovation, serving South American and Southeast Asian export demands.","breadcrumb":{"@id":"https:\/\/www.yoroow.com\/de\/produktdetail\/neues-produkt-warm-und-kalt-waschbecken-armatur-wasserfall-edelstahl-modernen-stil-spultisch-armatur\/#breadcrumb"},"inLanguage":"de","potentialAction":[{"@type":"ReadAction","target":["https:\/\/www.yoroow.com\/de\/produktdetail\/neues-produkt-warm-und-kalt-waschbecken-armatur-wasserfall-edelstahl-modernen-stil-spultisch-armatur\/"]}]},{"@type":"ImageObject","inLanguage":"de","@id":"https:\/\/www.yoroow.com\/de\/produktdetail\/neues-produkt-warm-und-kalt-waschbecken-armatur-wasserfall-edelstahl-modernen-stil-spultisch-armatur\/#primaryimage","url":"https:\/\/www.yoroow.com\/wp-content\/uploads\/2025\/02\/1-1-1.jpg","contentUrl":"https:\/\/www.yoroow.com\/wp-content\/uploads\/2025\/02\/1-1-1.jpg","width":800,"height":800,"caption":"Multifunctional Square Silver Bathroom Faucet Thermostatic Mixer Basin Water Tap Modern Design Tall Square Silvery Basin Faucet"},{"@type":"BreadcrumbList","@id":"https:\/\/www.yoroow.com\/de\/produktdetail\/neues-produkt-warm-und-kalt-waschbecken-armatur-wasserfall-edelstahl-modernen-stil-spultisch-armatur\/#breadcrumb","itemListElement":[{"@type":"ListItem","position":1,"name":"home","item":"https:\/\/www.yoroow.com\/"},{"@type":"ListItem","position":2,"name":"Product","item":"https:\/\/www.yoroow.com\/product\/"},{"@type":"ListItem","position":3,"name":"Multifunctional Square Silver Bathroom Faucet Thermostatic Mixer Basin Water Tap Modern Design Tall Square Silvery Basin Faucet"}]},{"@type":"WebSite","@id":"https:\/\/www.yoroow.com\/de\/#website","url":"https:\/\/www.yoroow.com\/de\/","name":"YOROOW","description":"","publisher":{"@id":"https:\/\/www.yoroow.com\/de\/#organization"},"potentialAction":[{"@type":"SearchAction","target":{"@type":"EntryPoint","urlTemplate":"https:\/\/www.yoroow.com\/de\/?s={search_term_string}"},"query-input":{"@type":"PropertyValueSpecification","valueRequired":true,"valueName":"search_term_string"}}],"inLanguage":"de"},{"@type":"Organization","@id":"https:\/\/www.yoroow.com\/de\/#organization","name":"YOROOW","url":"https:\/\/www.yoroow.com\/de\/","logo":{"@type":"ImageObject","inLanguage":"de","@id":"https:\/\/www.yoroow.com\/de\/#\/schema\/logo\/image\/","url":"https:\/\/www.yoroow.com\/wp-content\/uploads\/2024\/12\/2024123007131061.png","contentUrl":"https:\/\/www.yoroow.com\/wp-content\/uploads\/2024\/12\/2024123007131061.png","width":168,"height":27,"caption":"YOROOW"},"image":{"@id":"https:\/\/www.yoroow.com\/de\/#\/schema\/logo\/image\/"},"sameAs":["https:\/\/www.facebook.com\/people\/yoroowfaucetfactory\/61564236752362\/"]}]}},"_links":{"self":[{"href":"https:\/\/www.yoroow.com\/de\/wp-json\/wp\/v2\/product\/12089","targetHints":{"allow":["GET"]}}],"collection":[{"href":"https:\/\/www.yoroow.com\/de\/wp-json\/wp\/v2\/product"}],"about":[{"href":"https:\/\/www.yoroow.com\/de\/wp-json\/wp\/v2\/types\/product"}],"wp:featuredmedia":[{"embeddable":true,"href":"https:\/\/www.yoroow.com\/de\/wp-json\/wp\/v2\/media\/12090"}],"wp:attachment":[{"href":"https:\/\/www.yoroow.com\/de\/wp-json\/wp\/v2\/media?parent=12089"}],"wp:term":[{"taxonomy":"product_brand","embeddable":true,"href":"https:\/\/www.yoroow.com\/de\/wp-json\/wp\/v2\/product_brand?post=12089"},{"taxonomy":"product_cat","embeddable":true,"href":"https:\/\/www.yoroow.com\/de\/wp-json\/wp\/v2\/product_cat?post=12089"},{"taxonomy":"product_tag","embeddable":true,"href":"https:\/\/www.yoroow.com\/de\/wp-json\/wp\/v2\/product_tag?post=12089"}],"curies":[{"name":"wp","href":"https:\/\/api.w.org\/{rel}","templated":true}]}}