{"id":12036,"date":"2025-02-21T21:40:45","date_gmt":"2025-02-21T13:40:45","guid":{"rendered":"https:\/\/www.yoroow.com\/?post_type=product&#038;p=12036"},"modified":"2025-05-16T09:33:20","modified_gmt":"2025-05-16T01:33:20","slug":"edelstahl-waschtischarmatur-einhebelmischer-gun-grey-badarmatur-waschtischarmatur","status":"publish","type":"product","link":"https:\/\/www.yoroow.com\/de\/produktdetail\/edelstahl-waschtischarmatur-einhebelmischer-gun-grey-badarmatur-waschtischarmatur\/","title":{"rendered":"Zeitgen\u00f6ssische Luxus-Waschtischarmaturen Modernes antikes Design Warm- und Kaltwasser-Mischbatterie Premium-Griff-Armatur"},"content":{"rendered":"<p>Diese luxuri\u00f6se Waschtischarmatur zeichnet sich durch ein zeitgen\u00f6ssisches Design mit antikem Finish aus, das modernen Stil mit klassischer Anmutung verbindet. Sie ist mit einem Warm- und Kaltwassermischer ausgestattet, der eine einfache Steuerung der Wassertemperatur erm\u00f6glicht und somit ideal f\u00fcr Luxusb\u00e4der, Hotels und hochwertige Wohnprojekte ist. Die Armatur wird von YOROOW in China hergestellt und profitiert von den fortschrittlichen Fertigungsm\u00f6glichkeiten und der Liebe zum Detail des Unternehmens. Die hochwertigen Materialien, die f\u00fcr die Konstruktion verwendet werden, gew\u00e4hrleisten eine langfristige Leistung und Korrosionsbest\u00e4ndigkeit. Diese Armatur ist besonders in S\u00fcdamerika und S\u00fcdostasien beliebt, wo luxuri\u00f6se Badarmaturen sehr gefragt sind. Die F\u00e4higkeit von YOROOW, ma\u00dfgeschneiderte L\u00f6sungen anzubieten, stellt sicher, dass diese Armatur auf die spezifischen Design- und Funktionsanforderungen der Kunden in diesen Regionen zugeschnitten werden kann.<\/p>","protected":false},"excerpt":{"rendered":"<p>This luxury basin tap features a contemporary design with an antique finish, combining modern style with classic appeal. It is equipped with a hot and cold water mixer for easy control over water temperature, making it ideal for luxury bathrooms, hotels, and high-end residential projects. Manufactured by YOROOW in China, the faucet benefits from the\u2026<\/p>","protected":false},"featured_media":12009,"template":"","meta":{"_acf_changed":false,"_kad_post_transparent":"default","_kad_post_title":"","_kad_post_layout":"default","_kad_post_sidebar_id":"","_kad_post_content_style":"default","_kad_post_vertical_padding":"default","_kad_post_feature":"","_kad_post_feature_position":"","_kad_post_header":false,"_kad_post_footer":false},"product_brand":[],"product_cat":[238,1553],"product_tag":[6035,3461],"class_list":{"0":"post-12036","1":"product","2":"type-product","3":"status-publish","4":"has-post-thumbnail","6":"product_cat-mixer-basin-faucet","7":"product_cat-square-wide","8":"product_tag-contemporary-basin-taps","9":"product_tag-premium-basin-taps","11":"first","12":"instock","13":"shipping-taxable","14":"purchasable","15":"product-type-variable","16":"wvs-archive-product-wrapper","17":"entry","18":"content-bg","19":"loop-entry"},"acf":[],"yoast_head":"<!-- This site is optimized with the Yoast SEO Premium plugin v25.4 (Yoast SEO v27.0) - https:\/\/yoast.com\/product\/yoast-seo-premium-wordpress\/ -->\n<title>Contemporary Luxury Basin Taps Modern Antique Design Hot &amp; Cold Water Mixer Faucet Premium Handle Faucet - YOROOW<\/title>\n<meta name=\"description\" content=\"Contemporary luxury basin taps with modern antique design featuring hot and cold water mixer. Premium handle, high quality from China, specifically manufactured for export to South America and Southeast Asia.\" \/>\n<meta name=\"robots\" content=\"index, follow, max-snippet:-1, max-image-preview:large, max-video-preview:-1\" \/>\n<link rel=\"canonical\" href=\"https:\/\/www.yoroow.com\/de\/produktdetail\/edelstahl-waschtischarmatur-einhebelmischer-gun-grey-badarmatur-waschtischarmatur\/\" \/>\n<meta property=\"og:locale\" content=\"de_DE\" \/>\n<meta property=\"og:type\" content=\"article\" \/>\n<meta property=\"og:title\" content=\"Contemporary Luxury Basin Taps Modern Antique Design Hot &amp; Cold Water Mixer Faucet Premium Handle Faucet\" \/>\n<meta property=\"og:description\" content=\"Contemporary luxury basin taps with modern antique design featuring hot and cold water mixer. Premium handle, high quality from China, specifically manufactured for export to South America and Southeast Asia.\" \/>\n<meta property=\"og:url\" content=\"https:\/\/www.yoroow.com\/de\/produktdetail\/edelstahl-waschtischarmatur-einhebelmischer-gun-grey-badarmatur-waschtischarmatur\/\" \/>\n<meta property=\"og:site_name\" content=\"YOROOW\" \/>\n<meta property=\"article:publisher\" content=\"https:\/\/www.facebook.com\/people\/yoroowfaucetfactory\/61564236752362\/\" \/>\n<meta property=\"article:modified_time\" content=\"2025-05-16T01:33:20+00:00\" \/>\n<meta property=\"og:image\" content=\"https:\/\/www.yoroow.com\/wp-content\/uploads\/2025\/02\/7166B5.jpg\" \/>\n\t<meta property=\"og:image:width\" content=\"800\" \/>\n\t<meta property=\"og:image:height\" content=\"800\" \/>\n\t<meta property=\"og:image:type\" content=\"image\/jpeg\" \/>\n<meta name=\"twitter:card\" content=\"summary_large_image\" \/>\n<meta name=\"twitter:label1\" content=\"Gesch\u00e4tzte Lesezeit\" \/>\n\t<meta name=\"twitter:data1\" content=\"1\u00a0Minute\" \/>\n<script type=\"application\/ld+json\" class=\"yoast-schema-graph\">{\"@context\":\"https:\/\/schema.org\",\"@graph\":[{\"@type\":\"WebPage\",\"@id\":\"https:\/\/www.yoroow.com\/de\/produktdetail\/edelstahl-waschtischarmatur-einhebelmischer-gun-grey-badarmatur-waschtischarmatur\/\",\"url\":\"https:\/\/www.yoroow.com\/de\/produktdetail\/edelstahl-waschtischarmatur-einhebelmischer-gun-grey-badarmatur-waschtischarmatur\/\",\"name\":\"Contemporary Luxury Basin Taps Modern Antique Design Hot & Cold Water Mixer Faucet Premium Handle Faucet - YOROOW\",\"isPartOf\":{\"@id\":\"https:\/\/www.yoroow.com\/de\/#website\"},\"primaryImageOfPage\":{\"@id\":\"https:\/\/www.yoroow.com\/de\/produktdetail\/edelstahl-waschtischarmatur-einhebelmischer-gun-grey-badarmatur-waschtischarmatur\/#primaryimage\"},\"image\":{\"@id\":\"https:\/\/www.yoroow.com\/de\/produktdetail\/edelstahl-waschtischarmatur-einhebelmischer-gun-grey-badarmatur-waschtischarmatur\/#primaryimage\"},\"thumbnailUrl\":\"https:\/\/www.yoroow.com\/wp-content\/uploads\/2025\/02\/7166B5.jpg\",\"datePublished\":\"2025-02-21T13:40:45+00:00\",\"dateModified\":\"2025-05-16T01:33:20+00:00\",\"description\":\"Contemporary luxury basin taps with modern antique design featuring hot and cold water mixer. Premium handle, high quality from China, specifically manufactured for export to South America and Southeast Asia.\",\"breadcrumb\":{\"@id\":\"https:\/\/www.yoroow.com\/de\/produktdetail\/edelstahl-waschtischarmatur-einhebelmischer-gun-grey-badarmatur-waschtischarmatur\/#breadcrumb\"},\"inLanguage\":\"de\",\"potentialAction\":[{\"@type\":\"ReadAction\",\"target\":[\"https:\/\/www.yoroow.com\/de\/produktdetail\/edelstahl-waschtischarmatur-einhebelmischer-gun-grey-badarmatur-waschtischarmatur\/\"]}]},{\"@type\":\"ImageObject\",\"inLanguage\":\"de\",\"@id\":\"https:\/\/www.yoroow.com\/de\/produktdetail\/edelstahl-waschtischarmatur-einhebelmischer-gun-grey-badarmatur-waschtischarmatur\/#primaryimage\",\"url\":\"https:\/\/www.yoroow.com\/wp-content\/uploads\/2025\/02\/7166B5.jpg\",\"contentUrl\":\"https:\/\/www.yoroow.com\/wp-content\/uploads\/2025\/02\/7166B5.jpg\",\"width\":800,\"height\":800,\"caption\":\"Good Price for Empolo Single-Handle Thermostatic Stainless Steel Waterfall Basin Faucet Hot Cold Bathroom Mixer with for Gym Use\"},{\"@type\":\"BreadcrumbList\",\"@id\":\"https:\/\/www.yoroow.com\/de\/produktdetail\/edelstahl-waschtischarmatur-einhebelmischer-gun-grey-badarmatur-waschtischarmatur\/#breadcrumb\",\"itemListElement\":[{\"@type\":\"ListItem\",\"position\":1,\"name\":\"home\",\"item\":\"https:\/\/www.yoroow.com\/\"},{\"@type\":\"ListItem\",\"position\":2,\"name\":\"Product\",\"item\":\"https:\/\/www.yoroow.com\/product\/\"},{\"@type\":\"ListItem\",\"position\":3,\"name\":\"Contemporary Luxury Basin Taps Modern Antique Design Hot &#038; Cold Water Mixer Faucet Premium Handle Faucet\"}]},{\"@type\":\"WebSite\",\"@id\":\"https:\/\/www.yoroow.com\/de\/#website\",\"url\":\"https:\/\/www.yoroow.com\/de\/\",\"name\":\"YOROOW\",\"description\":\"\",\"publisher\":{\"@id\":\"https:\/\/www.yoroow.com\/de\/#organization\"},\"potentialAction\":[{\"@type\":\"SearchAction\",\"target\":{\"@type\":\"EntryPoint\",\"urlTemplate\":\"https:\/\/www.yoroow.com\/de\/?s={search_term_string}\"},\"query-input\":{\"@type\":\"PropertyValueSpecification\",\"valueRequired\":true,\"valueName\":\"search_term_string\"}}],\"inLanguage\":\"de\"},{\"@type\":\"Organization\",\"@id\":\"https:\/\/www.yoroow.com\/de\/#organization\",\"name\":\"YOROOW\",\"url\":\"https:\/\/www.yoroow.com\/de\/\",\"logo\":{\"@type\":\"ImageObject\",\"inLanguage\":\"de\",\"@id\":\"https:\/\/www.yoroow.com\/de\/#\/schema\/logo\/image\/\",\"url\":\"https:\/\/www.yoroow.com\/wp-content\/uploads\/2024\/12\/2024123007131061.png\",\"contentUrl\":\"https:\/\/www.yoroow.com\/wp-content\/uploads\/2024\/12\/2024123007131061.png\",\"width\":168,\"height\":27,\"caption\":\"YOROOW\"},\"image\":{\"@id\":\"https:\/\/www.yoroow.com\/de\/#\/schema\/logo\/image\/\"},\"sameAs\":[\"https:\/\/www.facebook.com\/people\/yoroowfaucetfactory\/61564236752362\/\"]}]}<\/script>\n<!-- \/ Yoast SEO Premium plugin. -->","yoast_head_json":{"title":"Contemporary Luxury Basin Taps Modern Antique Design Hot & Cold Water Mixer Faucet Premium Handle Faucet - YOROOW","description":"Contemporary luxury basin taps with modern antique design featuring hot and cold water mixer. Premium handle, high quality from China, specifically manufactured for export to South America and Southeast Asia.","robots":{"index":"index","follow":"follow","max-snippet":"max-snippet:-1","max-image-preview":"max-image-preview:large","max-video-preview":"max-video-preview:-1"},"canonical":"https:\/\/www.yoroow.com\/de\/produktdetail\/edelstahl-waschtischarmatur-einhebelmischer-gun-grey-badarmatur-waschtischarmatur\/","og_locale":"de_DE","og_type":"article","og_title":"Contemporary Luxury Basin Taps Modern Antique Design Hot & Cold Water Mixer Faucet Premium Handle Faucet","og_description":"Contemporary luxury basin taps with modern antique design featuring hot and cold water mixer. Premium handle, high quality from China, specifically manufactured for export to South America and Southeast Asia.","og_url":"https:\/\/www.yoroow.com\/de\/produktdetail\/edelstahl-waschtischarmatur-einhebelmischer-gun-grey-badarmatur-waschtischarmatur\/","og_site_name":"YOROOW","article_publisher":"https:\/\/www.facebook.com\/people\/yoroowfaucetfactory\/61564236752362\/","article_modified_time":"2025-05-16T01:33:20+00:00","og_image":[{"width":800,"height":800,"url":"https:\/\/www.yoroow.com\/wp-content\/uploads\/2025\/02\/7166B5.jpg","type":"image\/jpeg"}],"twitter_card":"summary_large_image","twitter_misc":{"Gesch\u00e4tzte Lesezeit":"1\u00a0Minute"},"schema":{"@context":"https:\/\/schema.org","@graph":[{"@type":"WebPage","@id":"https:\/\/www.yoroow.com\/de\/produktdetail\/edelstahl-waschtischarmatur-einhebelmischer-gun-grey-badarmatur-waschtischarmatur\/","url":"https:\/\/www.yoroow.com\/de\/produktdetail\/edelstahl-waschtischarmatur-einhebelmischer-gun-grey-badarmatur-waschtischarmatur\/","name":"Contemporary Luxury Basin Taps Modern Antique Design Hot & Cold Water Mixer Faucet Premium Handle Faucet - YOROOW","isPartOf":{"@id":"https:\/\/www.yoroow.com\/de\/#website"},"primaryImageOfPage":{"@id":"https:\/\/www.yoroow.com\/de\/produktdetail\/edelstahl-waschtischarmatur-einhebelmischer-gun-grey-badarmatur-waschtischarmatur\/#primaryimage"},"image":{"@id":"https:\/\/www.yoroow.com\/de\/produktdetail\/edelstahl-waschtischarmatur-einhebelmischer-gun-grey-badarmatur-waschtischarmatur\/#primaryimage"},"thumbnailUrl":"https:\/\/www.yoroow.com\/wp-content\/uploads\/2025\/02\/7166B5.jpg","datePublished":"2025-02-21T13:40:45+00:00","dateModified":"2025-05-16T01:33:20+00:00","description":"Contemporary luxury basin taps with modern antique design featuring hot and cold water mixer. Premium handle, high quality from China, specifically manufactured for export to South America and Southeast Asia.","breadcrumb":{"@id":"https:\/\/www.yoroow.com\/de\/produktdetail\/edelstahl-waschtischarmatur-einhebelmischer-gun-grey-badarmatur-waschtischarmatur\/#breadcrumb"},"inLanguage":"de","potentialAction":[{"@type":"ReadAction","target":["https:\/\/www.yoroow.com\/de\/produktdetail\/edelstahl-waschtischarmatur-einhebelmischer-gun-grey-badarmatur-waschtischarmatur\/"]}]},{"@type":"ImageObject","inLanguage":"de","@id":"https:\/\/www.yoroow.com\/de\/produktdetail\/edelstahl-waschtischarmatur-einhebelmischer-gun-grey-badarmatur-waschtischarmatur\/#primaryimage","url":"https:\/\/www.yoroow.com\/wp-content\/uploads\/2025\/02\/7166B5.jpg","contentUrl":"https:\/\/www.yoroow.com\/wp-content\/uploads\/2025\/02\/7166B5.jpg","width":800,"height":800,"caption":"Good Price for Empolo Single-Handle Thermostatic Stainless Steel Waterfall Basin Faucet Hot Cold Bathroom Mixer with for Gym Use"},{"@type":"BreadcrumbList","@id":"https:\/\/www.yoroow.com\/de\/produktdetail\/edelstahl-waschtischarmatur-einhebelmischer-gun-grey-badarmatur-waschtischarmatur\/#breadcrumb","itemListElement":[{"@type":"ListItem","position":1,"name":"home","item":"https:\/\/www.yoroow.com\/"},{"@type":"ListItem","position":2,"name":"Product","item":"https:\/\/www.yoroow.com\/product\/"},{"@type":"ListItem","position":3,"name":"Contemporary Luxury Basin Taps Modern Antique Design Hot &#038; Cold Water Mixer Faucet Premium Handle Faucet"}]},{"@type":"WebSite","@id":"https:\/\/www.yoroow.com\/de\/#website","url":"https:\/\/www.yoroow.com\/de\/","name":"YOROOW","description":"","publisher":{"@id":"https:\/\/www.yoroow.com\/de\/#organization"},"potentialAction":[{"@type":"SearchAction","target":{"@type":"EntryPoint","urlTemplate":"https:\/\/www.yoroow.com\/de\/?s={search_term_string}"},"query-input":{"@type":"PropertyValueSpecification","valueRequired":true,"valueName":"search_term_string"}}],"inLanguage":"de"},{"@type":"Organization","@id":"https:\/\/www.yoroow.com\/de\/#organization","name":"YOROOW","url":"https:\/\/www.yoroow.com\/de\/","logo":{"@type":"ImageObject","inLanguage":"de","@id":"https:\/\/www.yoroow.com\/de\/#\/schema\/logo\/image\/","url":"https:\/\/www.yoroow.com\/wp-content\/uploads\/2024\/12\/2024123007131061.png","contentUrl":"https:\/\/www.yoroow.com\/wp-content\/uploads\/2024\/12\/2024123007131061.png","width":168,"height":27,"caption":"YOROOW"},"image":{"@id":"https:\/\/www.yoroow.com\/de\/#\/schema\/logo\/image\/"},"sameAs":["https:\/\/www.facebook.com\/people\/yoroowfaucetfactory\/61564236752362\/"]}]}},"_links":{"self":[{"href":"https:\/\/www.yoroow.com\/de\/wp-json\/wp\/v2\/product\/12036","targetHints":{"allow":["GET"]}}],"collection":[{"href":"https:\/\/www.yoroow.com\/de\/wp-json\/wp\/v2\/product"}],"about":[{"href":"https:\/\/www.yoroow.com\/de\/wp-json\/wp\/v2\/types\/product"}],"wp:featuredmedia":[{"embeddable":true,"href":"https:\/\/www.yoroow.com\/de\/wp-json\/wp\/v2\/media\/12009"}],"wp:attachment":[{"href":"https:\/\/www.yoroow.com\/de\/wp-json\/wp\/v2\/media?parent=12036"}],"wp:term":[{"taxonomy":"product_brand","embeddable":true,"href":"https:\/\/www.yoroow.com\/de\/wp-json\/wp\/v2\/product_brand?post=12036"},{"taxonomy":"product_cat","embeddable":true,"href":"https:\/\/www.yoroow.com\/de\/wp-json\/wp\/v2\/product_cat?post=12036"},{"taxonomy":"product_tag","embeddable":true,"href":"https:\/\/www.yoroow.com\/de\/wp-json\/wp\/v2\/product_tag?post=12036"}],"curies":[{"name":"wp","href":"https:\/\/api.w.org\/{rel}","templated":true}]}}