{"id":11997,"date":"2025-02-21T18:04:48","date_gmt":"2025-02-21T10:04:48","guid":{"rendered":"https:\/\/www.yoroow.com\/?post_type=product&#038;p=11997"},"modified":"2025-05-16T09:32:47","modified_gmt":"2025-05-16T01:32:47","slug":"preiswerte-kalt-und-warmwasser-kuchenarmatur-spultischarmatur-einhebel-kuchenarmatur-mischbatterie","status":"publish","type":"product","link":"https:\/\/www.yoroow.com\/de\/produktdetail\/preiswerte-kalt-und-warmwasser-kuchenarmatur-spultischarmatur-einhebel-kuchenarmatur-mischbatterie\/","title":{"rendered":"Guter Preis Ein-Griff-Edelstahl-K\u00fcchenmischbatterie Kaltes Warmwasser Sp\u00fcle Wasserhahn Armaturen f\u00fcr K\u00fcche"},"content":{"rendered":"<p>Diese Einhebel-K\u00fcchenarmatur aus Edelstahl bietet sowohl Warm- als auch Kaltwasserfunktionen und ist ideal f\u00fcr private und gewerbliche K\u00fcchen. Das moderne Design sorgt f\u00fcr eine einfache Bedienung mit einem einzigen Hebel f\u00fcr eine pr\u00e4zise Steuerung des Wasserflusses, w\u00e4hrend die robuste Edelstahlkonstruktion Langlebigkeit und Korrosionsbest\u00e4ndigkeit gew\u00e4hrleistet. Die von YOROOW in China gefertigte Armatur verbindet h\u00f6chste Qualit\u00e4t mit einem g\u00fcnstigen Preis und bietet ein hervorragendes Preis-Leistungs-Verh\u00e4ltnis f\u00fcr Kunden, die eine langlebige und stilvolle L\u00f6sung f\u00fcr ihre K\u00fcche suchen. Die Produktionskapazit\u00e4ten von YOROOW gew\u00e4hrleisten eine schnelle Lieferung und kosteneffiziente Preise, was diese Armatur zu einer ersten Wahl f\u00fcr Distributoren und Gro\u00dfh\u00e4ndler in S\u00fcdamerika und S\u00fcdostasien macht, wo funktionale und stilvolle K\u00fcchenarmaturen sehr gefragt sind. Das Know-how von YOROOW in der Massenproduktion und der internationalen Logistik stellt sicher, dass die Armatur globalen Standards entspricht und in K\u00fcchen in verschiedenen gewerblichen und privaten Bereichen zuverl\u00e4ssig funktioniert.<\/p>","protected":false},"excerpt":{"rendered":"<p>This single-handle stainless steel kitchen mixer faucet offers both hot and cold water functionality, ideal for residential and commercial kitchens. The modern design ensures ease of use, with a single lever for precise water flow control, while the durable stainless steel construction ensures longevity and resistance to corrosion. Manufactured by YOROOW in China, this faucet\u2026<\/p>","protected":false},"featured_media":11990,"template":"","meta":{"_acf_changed":false,"_kad_post_transparent":"default","_kad_post_title":"","_kad_post_layout":"default","_kad_post_sidebar_id":"","_kad_post_content_style":"default","_kad_post_vertical_padding":"default","_kad_post_feature":"","_kad_post_feature_position":"","_kad_post_header":false,"_kad_post_footer":false},"product_brand":[],"product_cat":[246,1552],"product_tag":[5827,5536],"class_list":{"0":"post-11997","1":"product","2":"type-product","3":"status-publish","4":"has-post-thumbnail","6":"product_cat-mixer-kitchen-faucet","7":"product_cat-bxg01series","8":"product_tag-faucet-taps-kitchen","9":"product_tag-stainless-steel-kitchen-mixer-faucet","11":"first","12":"instock","13":"shipping-taxable","14":"purchasable","15":"product-type-variable","16":"wvs-archive-product-wrapper","17":"entry","18":"content-bg","19":"loop-entry"},"acf":[],"yoast_head":"<!-- This site is optimized with the Yoast SEO Premium plugin v25.4 (Yoast SEO v27.0) - https:\/\/yoast.com\/product\/yoast-seo-premium-wordpress\/ -->\n<title>Good Price Single Handle Stainless Steel Kitchen Mixer Faucet Cold Hot Water Sink Faucet Taps for Kitchen - YOROOW<\/title>\n<meta name=\"description\" content=\"Good price single handle stainless steel kitchen mixer faucet for hot and cold water with durable construction. Perfect for kitchens, made by Chinese factories with strict quality control for South American and Southeast Asian exports.\" \/>\n<meta name=\"robots\" content=\"index, follow, max-snippet:-1, max-image-preview:large, max-video-preview:-1\" \/>\n<link rel=\"canonical\" href=\"https:\/\/www.yoroow.com\/de\/produktdetail\/preiswerte-kalt-und-warmwasser-kuchenarmatur-spultischarmatur-einhebel-kuchenarmatur-mischbatterie\/\" \/>\n<meta property=\"og:locale\" content=\"de_DE\" \/>\n<meta property=\"og:type\" content=\"article\" \/>\n<meta property=\"og:title\" content=\"Good Price Single Handle Stainless Steel Kitchen Mixer Faucet Cold Hot Water Sink Faucet Taps for Kitchen\" \/>\n<meta property=\"og:description\" content=\"Good price single handle stainless steel kitchen mixer faucet for hot and cold water with durable construction. Perfect for kitchens, made by Chinese factories with strict quality control for South American and Southeast Asian exports.\" \/>\n<meta property=\"og:url\" content=\"https:\/\/www.yoroow.com\/de\/produktdetail\/preiswerte-kalt-und-warmwasser-kuchenarmatur-spultischarmatur-einhebel-kuchenarmatur-mischbatterie\/\" \/>\n<meta property=\"og:site_name\" content=\"YOROOW\" \/>\n<meta property=\"article:publisher\" content=\"https:\/\/www.facebook.com\/people\/yoroowfaucetfactory\/61564236752362\/\" \/>\n<meta property=\"article:modified_time\" content=\"2025-05-16T01:32:47+00:00\" \/>\n<meta property=\"og:image\" content=\"https:\/\/www.yoroow.com\/wp-content\/uploads\/2025\/02\/\u5fae\u4fe1\u56fe\u7247_20210103135820.jpg\" \/>\n\t<meta property=\"og:image:width\" content=\"682\" \/>\n\t<meta property=\"og:image:height\" content=\"682\" \/>\n\t<meta property=\"og:image:type\" content=\"image\/jpeg\" \/>\n<meta name=\"twitter:card\" content=\"summary_large_image\" \/>\n<meta name=\"twitter:label1\" content=\"Gesch\u00e4tzte Lesezeit\" \/>\n\t<meta name=\"twitter:data1\" content=\"1\u00a0Minute\" \/>\n<script type=\"application\/ld+json\" class=\"yoast-schema-graph\">{\"@context\":\"https:\/\/schema.org\",\"@graph\":[{\"@type\":\"WebPage\",\"@id\":\"https:\/\/www.yoroow.com\/de\/produktdetail\/preiswerte-kalt-und-warmwasser-kuchenarmatur-spultischarmatur-einhebel-kuchenarmatur-mischbatterie\/\",\"url\":\"https:\/\/www.yoroow.com\/de\/produktdetail\/preiswerte-kalt-und-warmwasser-kuchenarmatur-spultischarmatur-einhebel-kuchenarmatur-mischbatterie\/\",\"name\":\"Good Price Single Handle Stainless Steel Kitchen Mixer Faucet Cold Hot Water Sink Faucet Taps for Kitchen - YOROOW\",\"isPartOf\":{\"@id\":\"https:\/\/www.yoroow.com\/de\/#website\"},\"primaryImageOfPage\":{\"@id\":\"https:\/\/www.yoroow.com\/de\/produktdetail\/preiswerte-kalt-und-warmwasser-kuchenarmatur-spultischarmatur-einhebel-kuchenarmatur-mischbatterie\/#primaryimage\"},\"image\":{\"@id\":\"https:\/\/www.yoroow.com\/de\/produktdetail\/preiswerte-kalt-und-warmwasser-kuchenarmatur-spultischarmatur-einhebel-kuchenarmatur-mischbatterie\/#primaryimage\"},\"thumbnailUrl\":\"https:\/\/www.yoroow.com\/wp-content\/uploads\/2025\/02\/\u5fae\u4fe1\u56fe\u7247_20210103135820.jpg\",\"datePublished\":\"2025-02-21T10:04:48+00:00\",\"dateModified\":\"2025-05-16T01:32:47+00:00\",\"description\":\"Good price single handle stainless steel kitchen mixer faucet for hot and cold water with durable construction. Perfect for kitchens, made by Chinese factories with strict quality control for South American and Southeast Asian exports.\",\"breadcrumb\":{\"@id\":\"https:\/\/www.yoroow.com\/de\/produktdetail\/preiswerte-kalt-und-warmwasser-kuchenarmatur-spultischarmatur-einhebel-kuchenarmatur-mischbatterie\/#breadcrumb\"},\"inLanguage\":\"de\",\"potentialAction\":[{\"@type\":\"ReadAction\",\"target\":[\"https:\/\/www.yoroow.com\/de\/produktdetail\/preiswerte-kalt-und-warmwasser-kuchenarmatur-spultischarmatur-einhebel-kuchenarmatur-mischbatterie\/\"]}]},{\"@type\":\"ImageObject\",\"inLanguage\":\"de\",\"@id\":\"https:\/\/www.yoroow.com\/de\/produktdetail\/preiswerte-kalt-und-warmwasser-kuchenarmatur-spultischarmatur-einhebel-kuchenarmatur-mischbatterie\/#primaryimage\",\"url\":\"https:\/\/www.yoroow.com\/wp-content\/uploads\/2025\/02\/\u5fae\u4fe1\u56fe\u7247_20210103135820.jpg\",\"contentUrl\":\"https:\/\/www.yoroow.com\/wp-content\/uploads\/2025\/02\/\u5fae\u4fe1\u56fe\u7247_20210103135820.jpg\",\"width\":682,\"height\":682,\"caption\":\"Modern Budget Bath & Shower Faucets Stainless Steel Hot Cold Chrome Shower Mixer Faucet SUS201 Wall Mount\"},{\"@type\":\"BreadcrumbList\",\"@id\":\"https:\/\/www.yoroow.com\/de\/produktdetail\/preiswerte-kalt-und-warmwasser-kuchenarmatur-spultischarmatur-einhebel-kuchenarmatur-mischbatterie\/#breadcrumb\",\"itemListElement\":[{\"@type\":\"ListItem\",\"position\":1,\"name\":\"home\",\"item\":\"https:\/\/www.yoroow.com\/\"},{\"@type\":\"ListItem\",\"position\":2,\"name\":\"Product\",\"item\":\"https:\/\/www.yoroow.com\/product\/\"},{\"@type\":\"ListItem\",\"position\":3,\"name\":\"Good Price Single Handle Stainless Steel Kitchen Mixer Faucet Cold Hot Water Sink Faucet Taps for Kitchen\"}]},{\"@type\":\"WebSite\",\"@id\":\"https:\/\/www.yoroow.com\/de\/#website\",\"url\":\"https:\/\/www.yoroow.com\/de\/\",\"name\":\"YOROOW\",\"description\":\"\",\"publisher\":{\"@id\":\"https:\/\/www.yoroow.com\/de\/#organization\"},\"potentialAction\":[{\"@type\":\"SearchAction\",\"target\":{\"@type\":\"EntryPoint\",\"urlTemplate\":\"https:\/\/www.yoroow.com\/de\/?s={search_term_string}\"},\"query-input\":{\"@type\":\"PropertyValueSpecification\",\"valueRequired\":true,\"valueName\":\"search_term_string\"}}],\"inLanguage\":\"de\"},{\"@type\":\"Organization\",\"@id\":\"https:\/\/www.yoroow.com\/de\/#organization\",\"name\":\"YOROOW\",\"url\":\"https:\/\/www.yoroow.com\/de\/\",\"logo\":{\"@type\":\"ImageObject\",\"inLanguage\":\"de\",\"@id\":\"https:\/\/www.yoroow.com\/de\/#\/schema\/logo\/image\/\",\"url\":\"https:\/\/www.yoroow.com\/wp-content\/uploads\/2024\/12\/2024123007131061.png\",\"contentUrl\":\"https:\/\/www.yoroow.com\/wp-content\/uploads\/2024\/12\/2024123007131061.png\",\"width\":168,\"height\":27,\"caption\":\"YOROOW\"},\"image\":{\"@id\":\"https:\/\/www.yoroow.com\/de\/#\/schema\/logo\/image\/\"},\"sameAs\":[\"https:\/\/www.facebook.com\/people\/yoroowfaucetfactory\/61564236752362\/\"]}]}<\/script>\n<!-- \/ Yoast SEO Premium plugin. -->","yoast_head_json":{"title":"Good Price Single Handle Stainless Steel Kitchen Mixer Faucet Cold Hot Water Sink Faucet Taps for Kitchen - YOROOW","description":"Good price single handle stainless steel kitchen mixer faucet for hot and cold water with durable construction. Perfect for kitchens, made by Chinese factories with strict quality control for South American and Southeast Asian exports.","robots":{"index":"index","follow":"follow","max-snippet":"max-snippet:-1","max-image-preview":"max-image-preview:large","max-video-preview":"max-video-preview:-1"},"canonical":"https:\/\/www.yoroow.com\/de\/produktdetail\/preiswerte-kalt-und-warmwasser-kuchenarmatur-spultischarmatur-einhebel-kuchenarmatur-mischbatterie\/","og_locale":"de_DE","og_type":"article","og_title":"Good Price Single Handle Stainless Steel Kitchen Mixer Faucet Cold Hot Water Sink Faucet Taps for Kitchen","og_description":"Good price single handle stainless steel kitchen mixer faucet for hot and cold water with durable construction. Perfect for kitchens, made by Chinese factories with strict quality control for South American and Southeast Asian exports.","og_url":"https:\/\/www.yoroow.com\/de\/produktdetail\/preiswerte-kalt-und-warmwasser-kuchenarmatur-spultischarmatur-einhebel-kuchenarmatur-mischbatterie\/","og_site_name":"YOROOW","article_publisher":"https:\/\/www.facebook.com\/people\/yoroowfaucetfactory\/61564236752362\/","article_modified_time":"2025-05-16T01:32:47+00:00","og_image":[{"width":682,"height":682,"url":"https:\/\/www.yoroow.com\/wp-content\/uploads\/2025\/02\/\u5fae\u4fe1\u56fe\u7247_20210103135820.jpg","type":"image\/jpeg"}],"twitter_card":"summary_large_image","twitter_misc":{"Gesch\u00e4tzte Lesezeit":"1\u00a0Minute"},"schema":{"@context":"https:\/\/schema.org","@graph":[{"@type":"WebPage","@id":"https:\/\/www.yoroow.com\/de\/produktdetail\/preiswerte-kalt-und-warmwasser-kuchenarmatur-spultischarmatur-einhebel-kuchenarmatur-mischbatterie\/","url":"https:\/\/www.yoroow.com\/de\/produktdetail\/preiswerte-kalt-und-warmwasser-kuchenarmatur-spultischarmatur-einhebel-kuchenarmatur-mischbatterie\/","name":"Good Price Single Handle Stainless Steel Kitchen Mixer Faucet Cold Hot Water Sink Faucet Taps for Kitchen - YOROOW","isPartOf":{"@id":"https:\/\/www.yoroow.com\/de\/#website"},"primaryImageOfPage":{"@id":"https:\/\/www.yoroow.com\/de\/produktdetail\/preiswerte-kalt-und-warmwasser-kuchenarmatur-spultischarmatur-einhebel-kuchenarmatur-mischbatterie\/#primaryimage"},"image":{"@id":"https:\/\/www.yoroow.com\/de\/produktdetail\/preiswerte-kalt-und-warmwasser-kuchenarmatur-spultischarmatur-einhebel-kuchenarmatur-mischbatterie\/#primaryimage"},"thumbnailUrl":"https:\/\/www.yoroow.com\/wp-content\/uploads\/2025\/02\/\u5fae\u4fe1\u56fe\u7247_20210103135820.jpg","datePublished":"2025-02-21T10:04:48+00:00","dateModified":"2025-05-16T01:32:47+00:00","description":"Good price single handle stainless steel kitchen mixer faucet for hot and cold water with durable construction. Perfect for kitchens, made by Chinese factories with strict quality control for South American and Southeast Asian exports.","breadcrumb":{"@id":"https:\/\/www.yoroow.com\/de\/produktdetail\/preiswerte-kalt-und-warmwasser-kuchenarmatur-spultischarmatur-einhebel-kuchenarmatur-mischbatterie\/#breadcrumb"},"inLanguage":"de","potentialAction":[{"@type":"ReadAction","target":["https:\/\/www.yoroow.com\/de\/produktdetail\/preiswerte-kalt-und-warmwasser-kuchenarmatur-spultischarmatur-einhebel-kuchenarmatur-mischbatterie\/"]}]},{"@type":"ImageObject","inLanguage":"de","@id":"https:\/\/www.yoroow.com\/de\/produktdetail\/preiswerte-kalt-und-warmwasser-kuchenarmatur-spultischarmatur-einhebel-kuchenarmatur-mischbatterie\/#primaryimage","url":"https:\/\/www.yoroow.com\/wp-content\/uploads\/2025\/02\/\u5fae\u4fe1\u56fe\u7247_20210103135820.jpg","contentUrl":"https:\/\/www.yoroow.com\/wp-content\/uploads\/2025\/02\/\u5fae\u4fe1\u56fe\u7247_20210103135820.jpg","width":682,"height":682,"caption":"Modern Budget Bath & Shower Faucets Stainless Steel Hot Cold Chrome Shower Mixer Faucet SUS201 Wall Mount"},{"@type":"BreadcrumbList","@id":"https:\/\/www.yoroow.com\/de\/produktdetail\/preiswerte-kalt-und-warmwasser-kuchenarmatur-spultischarmatur-einhebel-kuchenarmatur-mischbatterie\/#breadcrumb","itemListElement":[{"@type":"ListItem","position":1,"name":"home","item":"https:\/\/www.yoroow.com\/"},{"@type":"ListItem","position":2,"name":"Product","item":"https:\/\/www.yoroow.com\/product\/"},{"@type":"ListItem","position":3,"name":"Good Price Single Handle Stainless Steel Kitchen Mixer Faucet Cold Hot Water Sink Faucet Taps for Kitchen"}]},{"@type":"WebSite","@id":"https:\/\/www.yoroow.com\/de\/#website","url":"https:\/\/www.yoroow.com\/de\/","name":"YOROOW","description":"","publisher":{"@id":"https:\/\/www.yoroow.com\/de\/#organization"},"potentialAction":[{"@type":"SearchAction","target":{"@type":"EntryPoint","urlTemplate":"https:\/\/www.yoroow.com\/de\/?s={search_term_string}"},"query-input":{"@type":"PropertyValueSpecification","valueRequired":true,"valueName":"search_term_string"}}],"inLanguage":"de"},{"@type":"Organization","@id":"https:\/\/www.yoroow.com\/de\/#organization","name":"YOROOW","url":"https:\/\/www.yoroow.com\/de\/","logo":{"@type":"ImageObject","inLanguage":"de","@id":"https:\/\/www.yoroow.com\/de\/#\/schema\/logo\/image\/","url":"https:\/\/www.yoroow.com\/wp-content\/uploads\/2024\/12\/2024123007131061.png","contentUrl":"https:\/\/www.yoroow.com\/wp-content\/uploads\/2024\/12\/2024123007131061.png","width":168,"height":27,"caption":"YOROOW"},"image":{"@id":"https:\/\/www.yoroow.com\/de\/#\/schema\/logo\/image\/"},"sameAs":["https:\/\/www.facebook.com\/people\/yoroowfaucetfactory\/61564236752362\/"]}]}},"_links":{"self":[{"href":"https:\/\/www.yoroow.com\/de\/wp-json\/wp\/v2\/product\/11997","targetHints":{"allow":["GET"]}}],"collection":[{"href":"https:\/\/www.yoroow.com\/de\/wp-json\/wp\/v2\/product"}],"about":[{"href":"https:\/\/www.yoroow.com\/de\/wp-json\/wp\/v2\/types\/product"}],"wp:featuredmedia":[{"embeddable":true,"href":"https:\/\/www.yoroow.com\/de\/wp-json\/wp\/v2\/media\/11990"}],"wp:attachment":[{"href":"https:\/\/www.yoroow.com\/de\/wp-json\/wp\/v2\/media?parent=11997"}],"wp:term":[{"taxonomy":"product_brand","embeddable":true,"href":"https:\/\/www.yoroow.com\/de\/wp-json\/wp\/v2\/product_brand?post=11997"},{"taxonomy":"product_cat","embeddable":true,"href":"https:\/\/www.yoroow.com\/de\/wp-json\/wp\/v2\/product_cat?post=11997"},{"taxonomy":"product_tag","embeddable":true,"href":"https:\/\/www.yoroow.com\/de\/wp-json\/wp\/v2\/product_tag?post=11997"}],"curies":[{"name":"wp","href":"https:\/\/api.w.org\/{rel}","templated":true}]}}