{"id":11876,"date":"2025-02-21T15:32:15","date_gmt":"2025-02-21T07:32:15","guid":{"rendered":"https:\/\/www.yoroow.com\/?post_type=product&#038;p=11876"},"modified":"2025-05-16T09:30:30","modified_gmt":"2025-05-16T01:30:30","slug":"neue-arricval-chrom-wasserhahn-zinklegierung-wasserhahn-geeignet-fur-doppelausgang-waschmaschine-und-mop-pool-wasserhahn","status":"publish","type":"product","link":"https:\/\/www.yoroow.com\/de\/produktdetail\/neue-arricval-chrom-wasserhahn-zinklegierung-wasserhahn-geeignet-fur-doppelausgang-waschmaschine-und-mop-pool-wasserhahn\/","title":{"rendered":"Modernes Design 2-Wege-K\u00fcchenschlauch L\u00e4tzchen geb\u00fcrstet Zinklegierung Wasserhahn f\u00fcr Double Outlet Waschmaschine Mop Pool Wasserhahn"},"content":{"rendered":"<p>Diese 2-Wege-K\u00fcchenarmatur hat ein Geh\u00e4use aus geb\u00fcrsteter Zinklegierung, das f\u00fcr Langlebigkeit und ein elegantes, modernes Aussehen sorgt. Er ist f\u00fcr die Verwendung mit zwei Ausl\u00e4ssen konzipiert und eignet sich f\u00fcr den gleichzeitigen Anschluss von Waschmaschinen und Moppbecken, wodurch er sich ideal f\u00fcr Haushalte, Wohnungen oder gewerbliche Einrichtungen wie Waschsalons und Reinigungsbetriebe eignet. Die geb\u00fcrstete Oberfl\u00e4che ist unempfindlich gegen Fingerabdr\u00fccke und Wasserflecken und reduziert die Reinigungsh\u00e4ufigkeit. Hergestellt von einer professionellen chinesischen Fabrik mit fortschrittlichen Druckguss- und Oberfl\u00e4chenbehandlungsverfahren, verbindet diese Armatur \u00e4sthetischen Wert mit hoher Funktionalit\u00e4t. Sie ist besonders auf den s\u00fcdostasiatischen und s\u00fcdamerikanischen M\u00e4rkten beliebt, wo praktische L\u00f6sungen mit mehreren Ausl\u00e4ssen gefragt sind. Das Werk bietet Importeuren, die sich auf n\u00fctzliche und komfortable Sanit\u00e4rprodukte konzentrieren, ein individuelles Branding, flexible Bestellmengen und stabile Lieferzeiten.<\/p>","protected":false},"excerpt":{"rendered":"<p>This 2-way kitchen hose bib faucet features a brushed zinc alloy body, providing durability and a sleek modern appearance. Designed for dual outlet use, it\u2019s suitable for connecting both washing machines and mop pools simultaneously, making it ideal for utility areas in homes, apartments, or commercial settings like laundromats and cleaning facilities. The brushed finish\u2026<\/p>","protected":false},"featured_media":11880,"template":"","meta":{"_acf_changed":false,"_kad_post_transparent":"default","_kad_post_title":"","_kad_post_layout":"default","_kad_post_sidebar_id":"","_kad_post_content_style":"default","_kad_post_vertical_padding":"default","_kad_post_feature":"","_kad_post_feature_position":"","_kad_post_header":false,"_kad_post_footer":false},"product_brand":[],"product_cat":[218,1540],"product_tag":[1236,1249],"class_list":{"0":"post-11876","1":"product","2":"type-product","3":"status-publish","4":"has-post-thumbnail","6":"product_cat-2-way-tap","7":"product_cat-593slseries","8":"product_tag-brushed-hose-bib","9":"product_tag-kitchen-hose-bib","11":"first","12":"instock","13":"shipping-taxable","14":"purchasable","15":"product-type-variable","16":"wvs-archive-product-wrapper","17":"entry","18":"content-bg","19":"loop-entry"},"acf":[],"yoast_head":"<!-- This site is optimized with the Yoast SEO Premium plugin v25.4 (Yoast SEO v27.0) - https:\/\/yoast.com\/product\/yoast-seo-premium-wordpress\/ -->\n<title>Modern Design 2-Way Kitchen Hose Bib Brushed Zinc Alloy Faucet for Double Outlet Washing Machine Mop Pool Faucet - YOROOW<\/title>\n<meta name=\"description\" content=\"Modern design 2-way kitchen hose bib made from brushed zinc alloy, suitable for washing machines and mop pools. Features double outlet for versatile water supply. Chinese factory direct sales provide quality assurance, with strong demand in South American and Southeast Asian markets.\" \/>\n<meta name=\"robots\" content=\"index, follow, max-snippet:-1, max-image-preview:large, max-video-preview:-1\" \/>\n<link rel=\"canonical\" href=\"https:\/\/www.yoroow.com\/de\/produktdetail\/neue-arricval-chrom-wasserhahn-zinklegierung-wasserhahn-geeignet-fur-doppelausgang-waschmaschine-und-mop-pool-wasserhahn\/\" \/>\n<meta property=\"og:locale\" content=\"de_DE\" \/>\n<meta property=\"og:type\" content=\"article\" \/>\n<meta property=\"og:title\" content=\"Modern Design 2-Way Kitchen Hose Bib Brushed Zinc Alloy Faucet for Double Outlet Washing Machine Mop Pool Faucet\" \/>\n<meta property=\"og:description\" content=\"Modern design 2-way kitchen hose bib made from brushed zinc alloy, suitable for washing machines and mop pools. Features double outlet for versatile water supply. Chinese factory direct sales provide quality assurance, with strong demand in South American and Southeast Asian markets.\" \/>\n<meta property=\"og:url\" content=\"https:\/\/www.yoroow.com\/de\/produktdetail\/neue-arricval-chrom-wasserhahn-zinklegierung-wasserhahn-geeignet-fur-doppelausgang-waschmaschine-und-mop-pool-wasserhahn\/\" \/>\n<meta property=\"og:site_name\" content=\"YOROOW\" \/>\n<meta property=\"article:publisher\" content=\"https:\/\/www.facebook.com\/people\/yoroowfaucetfactory\/61564236752362\/\" \/>\n<meta property=\"article:modified_time\" content=\"2025-05-16T01:30:30+00:00\" \/>\n<meta property=\"og:image\" content=\"https:\/\/www.yoroow.com\/wp-content\/uploads\/2025\/02\/\u5fae\u4fe1\u56fe\u7247_20220409110857.png\" \/>\n\t<meta property=\"og:image:width\" content=\"750\" \/>\n\t<meta property=\"og:image:height\" content=\"750\" \/>\n\t<meta property=\"og:image:type\" content=\"image\/png\" \/>\n<meta name=\"twitter:card\" content=\"summary_large_image\" \/>\n<meta name=\"twitter:label1\" content=\"Gesch\u00e4tzte Lesezeit\" \/>\n\t<meta name=\"twitter:data1\" content=\"1\u00a0Minute\" \/>\n<script type=\"application\/ld+json\" class=\"yoast-schema-graph\">{\"@context\":\"https:\/\/schema.org\",\"@graph\":[{\"@type\":\"WebPage\",\"@id\":\"https:\/\/www.yoroow.com\/de\/produktdetail\/neue-arricval-chrom-wasserhahn-zinklegierung-wasserhahn-geeignet-fur-doppelausgang-waschmaschine-und-mop-pool-wasserhahn\/\",\"url\":\"https:\/\/www.yoroow.com\/de\/produktdetail\/neue-arricval-chrom-wasserhahn-zinklegierung-wasserhahn-geeignet-fur-doppelausgang-waschmaschine-und-mop-pool-wasserhahn\/\",\"name\":\"Modern Design 2-Way Kitchen Hose Bib Brushed Zinc Alloy Faucet for Double Outlet Washing Machine Mop Pool Faucet - YOROOW\",\"isPartOf\":{\"@id\":\"https:\/\/www.yoroow.com\/de\/#website\"},\"primaryImageOfPage\":{\"@id\":\"https:\/\/www.yoroow.com\/de\/produktdetail\/neue-arricval-chrom-wasserhahn-zinklegierung-wasserhahn-geeignet-fur-doppelausgang-waschmaschine-und-mop-pool-wasserhahn\/#primaryimage\"},\"image\":{\"@id\":\"https:\/\/www.yoroow.com\/de\/produktdetail\/neue-arricval-chrom-wasserhahn-zinklegierung-wasserhahn-geeignet-fur-doppelausgang-waschmaschine-und-mop-pool-wasserhahn\/#primaryimage\"},\"thumbnailUrl\":\"https:\/\/www.yoroow.com\/wp-content\/uploads\/2025\/02\/\u5fae\u4fe1\u56fe\u7247_20220409110857.png\",\"datePublished\":\"2025-02-21T07:32:15+00:00\",\"dateModified\":\"2025-05-16T01:30:30+00:00\",\"description\":\"Modern design 2-way kitchen hose bib made from brushed zinc alloy, suitable for washing machines and mop pools. Features double outlet for versatile water supply. Chinese factory direct sales provide quality assurance, with strong demand in South American and Southeast Asian markets.\",\"breadcrumb\":{\"@id\":\"https:\/\/www.yoroow.com\/de\/produktdetail\/neue-arricval-chrom-wasserhahn-zinklegierung-wasserhahn-geeignet-fur-doppelausgang-waschmaschine-und-mop-pool-wasserhahn\/#breadcrumb\"},\"inLanguage\":\"de\",\"potentialAction\":[{\"@type\":\"ReadAction\",\"target\":[\"https:\/\/www.yoroow.com\/de\/produktdetail\/neue-arricval-chrom-wasserhahn-zinklegierung-wasserhahn-geeignet-fur-doppelausgang-waschmaschine-und-mop-pool-wasserhahn\/\"]}]},{\"@type\":\"ImageObject\",\"inLanguage\":\"de\",\"@id\":\"https:\/\/www.yoroow.com\/de\/produktdetail\/neue-arricval-chrom-wasserhahn-zinklegierung-wasserhahn-geeignet-fur-doppelausgang-waschmaschine-und-mop-pool-wasserhahn\/#primaryimage\",\"url\":\"https:\/\/www.yoroow.com\/wp-content\/uploads\/2025\/02\/\u5fae\u4fe1\u56fe\u7247_20220409110857.png\",\"contentUrl\":\"https:\/\/www.yoroow.com\/wp-content\/uploads\/2025\/02\/\u5fae\u4fe1\u56fe\u7247_20220409110857.png\",\"width\":750,\"height\":750,\"caption\":\"Modern Design 2-Way Kitchen Hose Bib Brushed Zinc Alloy Faucet for Double Outlet Washing Machine Mop Pool Faucet\"},{\"@type\":\"BreadcrumbList\",\"@id\":\"https:\/\/www.yoroow.com\/de\/produktdetail\/neue-arricval-chrom-wasserhahn-zinklegierung-wasserhahn-geeignet-fur-doppelausgang-waschmaschine-und-mop-pool-wasserhahn\/#breadcrumb\",\"itemListElement\":[{\"@type\":\"ListItem\",\"position\":1,\"name\":\"home\",\"item\":\"https:\/\/www.yoroow.com\/\"},{\"@type\":\"ListItem\",\"position\":2,\"name\":\"Product\",\"item\":\"https:\/\/www.yoroow.com\/product\/\"},{\"@type\":\"ListItem\",\"position\":3,\"name\":\"Modern Design 2-Way Kitchen Hose Bib Brushed Zinc Alloy Faucet for Double Outlet Washing Machine Mop Pool Faucet\"}]},{\"@type\":\"WebSite\",\"@id\":\"https:\/\/www.yoroow.com\/de\/#website\",\"url\":\"https:\/\/www.yoroow.com\/de\/\",\"name\":\"YOROOW\",\"description\":\"\",\"publisher\":{\"@id\":\"https:\/\/www.yoroow.com\/de\/#organization\"},\"potentialAction\":[{\"@type\":\"SearchAction\",\"target\":{\"@type\":\"EntryPoint\",\"urlTemplate\":\"https:\/\/www.yoroow.com\/de\/?s={search_term_string}\"},\"query-input\":{\"@type\":\"PropertyValueSpecification\",\"valueRequired\":true,\"valueName\":\"search_term_string\"}}],\"inLanguage\":\"de\"},{\"@type\":\"Organization\",\"@id\":\"https:\/\/www.yoroow.com\/de\/#organization\",\"name\":\"YOROOW\",\"url\":\"https:\/\/www.yoroow.com\/de\/\",\"logo\":{\"@type\":\"ImageObject\",\"inLanguage\":\"de\",\"@id\":\"https:\/\/www.yoroow.com\/de\/#\/schema\/logo\/image\/\",\"url\":\"https:\/\/www.yoroow.com\/wp-content\/uploads\/2024\/12\/2024123007131061.png\",\"contentUrl\":\"https:\/\/www.yoroow.com\/wp-content\/uploads\/2024\/12\/2024123007131061.png\",\"width\":168,\"height\":27,\"caption\":\"YOROOW\"},\"image\":{\"@id\":\"https:\/\/www.yoroow.com\/de\/#\/schema\/logo\/image\/\"},\"sameAs\":[\"https:\/\/www.facebook.com\/people\/yoroowfaucetfactory\/61564236752362\/\"]}]}<\/script>\n<!-- \/ Yoast SEO Premium plugin. -->","yoast_head_json":{"title":"Modern Design 2-Way Kitchen Hose Bib Brushed Zinc Alloy Faucet for Double Outlet Washing Machine Mop Pool Faucet - YOROOW","description":"Modern design 2-way kitchen hose bib made from brushed zinc alloy, suitable for washing machines and mop pools. Features double outlet for versatile water supply. Chinese factory direct sales provide quality assurance, with strong demand in South American and Southeast Asian markets.","robots":{"index":"index","follow":"follow","max-snippet":"max-snippet:-1","max-image-preview":"max-image-preview:large","max-video-preview":"max-video-preview:-1"},"canonical":"https:\/\/www.yoroow.com\/de\/produktdetail\/neue-arricval-chrom-wasserhahn-zinklegierung-wasserhahn-geeignet-fur-doppelausgang-waschmaschine-und-mop-pool-wasserhahn\/","og_locale":"de_DE","og_type":"article","og_title":"Modern Design 2-Way Kitchen Hose Bib Brushed Zinc Alloy Faucet for Double Outlet Washing Machine Mop Pool Faucet","og_description":"Modern design 2-way kitchen hose bib made from brushed zinc alloy, suitable for washing machines and mop pools. Features double outlet for versatile water supply. Chinese factory direct sales provide quality assurance, with strong demand in South American and Southeast Asian markets.","og_url":"https:\/\/www.yoroow.com\/de\/produktdetail\/neue-arricval-chrom-wasserhahn-zinklegierung-wasserhahn-geeignet-fur-doppelausgang-waschmaschine-und-mop-pool-wasserhahn\/","og_site_name":"YOROOW","article_publisher":"https:\/\/www.facebook.com\/people\/yoroowfaucetfactory\/61564236752362\/","article_modified_time":"2025-05-16T01:30:30+00:00","og_image":[{"width":750,"height":750,"url":"https:\/\/www.yoroow.com\/wp-content\/uploads\/2025\/02\/\u5fae\u4fe1\u56fe\u7247_20220409110857.png","type":"image\/png"}],"twitter_card":"summary_large_image","twitter_misc":{"Gesch\u00e4tzte Lesezeit":"1\u00a0Minute"},"schema":{"@context":"https:\/\/schema.org","@graph":[{"@type":"WebPage","@id":"https:\/\/www.yoroow.com\/de\/produktdetail\/neue-arricval-chrom-wasserhahn-zinklegierung-wasserhahn-geeignet-fur-doppelausgang-waschmaschine-und-mop-pool-wasserhahn\/","url":"https:\/\/www.yoroow.com\/de\/produktdetail\/neue-arricval-chrom-wasserhahn-zinklegierung-wasserhahn-geeignet-fur-doppelausgang-waschmaschine-und-mop-pool-wasserhahn\/","name":"Modern Design 2-Way Kitchen Hose Bib Brushed Zinc Alloy Faucet for Double Outlet Washing Machine Mop Pool Faucet - YOROOW","isPartOf":{"@id":"https:\/\/www.yoroow.com\/de\/#website"},"primaryImageOfPage":{"@id":"https:\/\/www.yoroow.com\/de\/produktdetail\/neue-arricval-chrom-wasserhahn-zinklegierung-wasserhahn-geeignet-fur-doppelausgang-waschmaschine-und-mop-pool-wasserhahn\/#primaryimage"},"image":{"@id":"https:\/\/www.yoroow.com\/de\/produktdetail\/neue-arricval-chrom-wasserhahn-zinklegierung-wasserhahn-geeignet-fur-doppelausgang-waschmaschine-und-mop-pool-wasserhahn\/#primaryimage"},"thumbnailUrl":"https:\/\/www.yoroow.com\/wp-content\/uploads\/2025\/02\/\u5fae\u4fe1\u56fe\u7247_20220409110857.png","datePublished":"2025-02-21T07:32:15+00:00","dateModified":"2025-05-16T01:30:30+00:00","description":"Modern design 2-way kitchen hose bib made from brushed zinc alloy, suitable for washing machines and mop pools. Features double outlet for versatile water supply. Chinese factory direct sales provide quality assurance, with strong demand in South American and Southeast Asian markets.","breadcrumb":{"@id":"https:\/\/www.yoroow.com\/de\/produktdetail\/neue-arricval-chrom-wasserhahn-zinklegierung-wasserhahn-geeignet-fur-doppelausgang-waschmaschine-und-mop-pool-wasserhahn\/#breadcrumb"},"inLanguage":"de","potentialAction":[{"@type":"ReadAction","target":["https:\/\/www.yoroow.com\/de\/produktdetail\/neue-arricval-chrom-wasserhahn-zinklegierung-wasserhahn-geeignet-fur-doppelausgang-waschmaschine-und-mop-pool-wasserhahn\/"]}]},{"@type":"ImageObject","inLanguage":"de","@id":"https:\/\/www.yoroow.com\/de\/produktdetail\/neue-arricval-chrom-wasserhahn-zinklegierung-wasserhahn-geeignet-fur-doppelausgang-waschmaschine-und-mop-pool-wasserhahn\/#primaryimage","url":"https:\/\/www.yoroow.com\/wp-content\/uploads\/2025\/02\/\u5fae\u4fe1\u56fe\u7247_20220409110857.png","contentUrl":"https:\/\/www.yoroow.com\/wp-content\/uploads\/2025\/02\/\u5fae\u4fe1\u56fe\u7247_20220409110857.png","width":750,"height":750,"caption":"Modern Design 2-Way Kitchen Hose Bib Brushed Zinc Alloy Faucet for Double Outlet Washing Machine Mop Pool Faucet"},{"@type":"BreadcrumbList","@id":"https:\/\/www.yoroow.com\/de\/produktdetail\/neue-arricval-chrom-wasserhahn-zinklegierung-wasserhahn-geeignet-fur-doppelausgang-waschmaschine-und-mop-pool-wasserhahn\/#breadcrumb","itemListElement":[{"@type":"ListItem","position":1,"name":"home","item":"https:\/\/www.yoroow.com\/"},{"@type":"ListItem","position":2,"name":"Product","item":"https:\/\/www.yoroow.com\/product\/"},{"@type":"ListItem","position":3,"name":"Modern Design 2-Way Kitchen Hose Bib Brushed Zinc Alloy Faucet for Double Outlet Washing Machine Mop Pool Faucet"}]},{"@type":"WebSite","@id":"https:\/\/www.yoroow.com\/de\/#website","url":"https:\/\/www.yoroow.com\/de\/","name":"YOROOW","description":"","publisher":{"@id":"https:\/\/www.yoroow.com\/de\/#organization"},"potentialAction":[{"@type":"SearchAction","target":{"@type":"EntryPoint","urlTemplate":"https:\/\/www.yoroow.com\/de\/?s={search_term_string}"},"query-input":{"@type":"PropertyValueSpecification","valueRequired":true,"valueName":"search_term_string"}}],"inLanguage":"de"},{"@type":"Organization","@id":"https:\/\/www.yoroow.com\/de\/#organization","name":"YOROOW","url":"https:\/\/www.yoroow.com\/de\/","logo":{"@type":"ImageObject","inLanguage":"de","@id":"https:\/\/www.yoroow.com\/de\/#\/schema\/logo\/image\/","url":"https:\/\/www.yoroow.com\/wp-content\/uploads\/2024\/12\/2024123007131061.png","contentUrl":"https:\/\/www.yoroow.com\/wp-content\/uploads\/2024\/12\/2024123007131061.png","width":168,"height":27,"caption":"YOROOW"},"image":{"@id":"https:\/\/www.yoroow.com\/de\/#\/schema\/logo\/image\/"},"sameAs":["https:\/\/www.facebook.com\/people\/yoroowfaucetfactory\/61564236752362\/"]}]}},"_links":{"self":[{"href":"https:\/\/www.yoroow.com\/de\/wp-json\/wp\/v2\/product\/11876","targetHints":{"allow":["GET"]}}],"collection":[{"href":"https:\/\/www.yoroow.com\/de\/wp-json\/wp\/v2\/product"}],"about":[{"href":"https:\/\/www.yoroow.com\/de\/wp-json\/wp\/v2\/types\/product"}],"wp:featuredmedia":[{"embeddable":true,"href":"https:\/\/www.yoroow.com\/de\/wp-json\/wp\/v2\/media\/11880"}],"wp:attachment":[{"href":"https:\/\/www.yoroow.com\/de\/wp-json\/wp\/v2\/media?parent=11876"}],"wp:term":[{"taxonomy":"product_brand","embeddable":true,"href":"https:\/\/www.yoroow.com\/de\/wp-json\/wp\/v2\/product_brand?post=11876"},{"taxonomy":"product_cat","embeddable":true,"href":"https:\/\/www.yoroow.com\/de\/wp-json\/wp\/v2\/product_cat?post=11876"},{"taxonomy":"product_tag","embeddable":true,"href":"https:\/\/www.yoroow.com\/de\/wp-json\/wp\/v2\/product_tag?post=11876"}],"curies":[{"name":"wp","href":"https:\/\/api.w.org\/{rel}","templated":true}]}}