{"id":11817,"date":"2025-02-21T14:14:16","date_gmt":"2025-02-21T06:14:16","guid":{"rendered":"https:\/\/www.yoroow.com\/?post_type=product&#038;p=11817"},"modified":"2025-05-16T09:29:13","modified_gmt":"2025-05-16T01:29:13","slug":"preisgunstiger-zinkkorper-kuchenarmatur-flexibler-wasserhahn-einhebel-wandarmatur-kalt","status":"publish","type":"product","link":"https:\/\/www.yoroow.com\/de\/produktdetail\/preisgunstiger-zinkkorper-kuchenarmatur-flexibler-wasserhahn-einhebel-wandarmatur-kalt\/","title":{"rendered":"Industrielles Design K\u00fcchenarmatur Mischbatterie Einzel kalt Zink K\u00f6rper Wasserhahn Flexibilit\u00e4t Guter Preis Einhebelmischer Wand K\u00fcche"},"content":{"rendered":"<p>Industrielles Design K\u00fcchenarmatur Mischbatterie Einhebelmischer mit Zinkgeh\u00e4use Flexibilit\u00e4t Guter Preis Einhebelmischer f\u00fcr die Wandmontage Diese Einhebelmischer f\u00fcr die K\u00fcche verf\u00fcgt \u00fcber ein modernes industrielles Design mit einem Geh\u00e4use aus einer Zinklegierung, das eine hervorragende Best\u00e4ndigkeit gegen Rost und Korrosion bietet. Der Einhebelmischer f\u00fcr die Wandmontage erm\u00f6glicht eine einfache Regulierung des Wasserflusses, was ihn zu einer praktischen Wahl f\u00fcr enge K\u00fcchenr\u00e4ume macht. Die Armatur bietet eine hohe Flexibilit\u00e4t beim Geschirrsp\u00fclen und Reinigen. Dieses Produkt wird von einer chinesischen Fabrik mit mehr als 10 Jahren OEM-Erfahrung hergestellt und gew\u00e4hrleistet durch den Direktvertrieb wettbewerbsf\u00e4hige Preise. Das Zinkmaterial h\u00e4lt die Kosten niedrig, ohne die Leistung zu beeintr\u00e4chtigen. Diese Armatur, die in Wohnk\u00fcchen und Gastronomiebereichen weit verbreitet ist, ist aufgrund ihrer Langlebigkeit, Erschwinglichkeit und einfachen Installation besonders in Exportm\u00e4rkten wie S\u00fcdamerika und S\u00fcdostasien beliebt.<\/p>","protected":false},"excerpt":{"rendered":"<p>Industrial Design Kitchen Tap Mixer Faucet Single Cold Zinc Body Faucet Flexibility Good Price Single Lever Wall Kitchen This single cold kitchen faucet features a modern industrial design with a zinc alloy body, providing excellent resistance to rust and corrosion. Its wall-mounted single lever design allows for easy water flow control, making it a practical\u2026<\/p>","protected":false},"featured_media":11827,"template":"","meta":{"_acf_changed":false,"_kad_post_transparent":"default","_kad_post_title":"","_kad_post_layout":"default","_kad_post_sidebar_id":"","_kad_post_content_style":"default","_kad_post_vertical_padding":"default","_kad_post_feature":"","_kad_post_feature_position":"","_kad_post_header":false,"_kad_post_footer":false},"product_brand":[],"product_cat":[221,223,1534],"product_tag":[3284,3312],"class_list":{"0":"post-11817","1":"product","2":"type-product","3":"status-publish","4":"has-post-thumbnail","6":"product_cat-single-cold-kitchen-faucet-kitchen-faucet","7":"product_cat-wall-mounted-kitchen-faucet","8":"product_cat-593sseries","9":"product_tag-industrial-design-kitchen-faucet","10":"product_tag-kitchen-tap-mixer-volve","12":"first","13":"instock","14":"shipping-taxable","15":"purchasable","16":"product-type-variable","17":"wvs-archive-product-wrapper","18":"entry","19":"content-bg","20":"loop-entry"},"acf":[],"yoast_head":"<!-- This site is optimized with the Yoast SEO Premium plugin v25.4 (Yoast SEO v27.0) - https:\/\/yoast.com\/product\/yoast-seo-premium-wordpress\/ -->\n<title>Industrial Design Kitchen Tap Mixer Faucet Single Cold Zinc Body Faucet Flexiblility Good Price Single Lever Wall Kitchen - YOROOW<\/title>\n<meta name=\"description\" content=\"Industrial design single cold kitchen tap mixer faucet with zinc body, flexible installation. Factory provides competitive pricing, export experience, and OEM services targeting South American and Southeast Asian customers.\" \/>\n<meta name=\"robots\" content=\"index, follow, max-snippet:-1, max-image-preview:large, max-video-preview:-1\" \/>\n<link rel=\"canonical\" href=\"https:\/\/www.yoroow.com\/de\/produktdetail\/preisgunstiger-zinkkorper-kuchenarmatur-flexibler-wasserhahn-einhebel-wandarmatur-kalt\/\" \/>\n<meta property=\"og:locale\" content=\"de_DE\" \/>\n<meta property=\"og:type\" content=\"article\" \/>\n<meta property=\"og:title\" content=\"Industrial Design Kitchen Tap Mixer Faucet Single Cold Zinc Body Faucet Flexiblility Good Price Single Lever Wall Kitchen\" \/>\n<meta property=\"og:description\" content=\"Industrial design single cold kitchen tap mixer faucet with zinc body, flexible installation. Factory provides competitive pricing, export experience, and OEM services targeting South American and Southeast Asian customers.\" \/>\n<meta property=\"og:url\" content=\"https:\/\/www.yoroow.com\/de\/produktdetail\/preisgunstiger-zinkkorper-kuchenarmatur-flexibler-wasserhahn-einhebel-wandarmatur-kalt\/\" \/>\n<meta property=\"og:site_name\" content=\"YOROOW\" \/>\n<meta property=\"article:publisher\" content=\"https:\/\/www.facebook.com\/people\/yoroowfaucetfactory\/61564236752362\/\" \/>\n<meta property=\"article:modified_time\" content=\"2025-05-16T01:29:13+00:00\" \/>\n<meta property=\"og:image\" content=\"https:\/\/www.yoroow.com\/wp-content\/uploads\/2025\/02\/image-5.png\" \/>\n\t<meta property=\"og:image:width\" content=\"207\" \/>\n\t<meta property=\"og:image:height\" content=\"209\" \/>\n\t<meta property=\"og:image:type\" content=\"image\/png\" \/>\n<meta name=\"twitter:card\" content=\"summary_large_image\" \/>\n<meta name=\"twitter:label1\" content=\"Gesch\u00e4tzte Lesezeit\" \/>\n\t<meta name=\"twitter:data1\" content=\"1\u00a0Minute\" \/>\n<script type=\"application\/ld+json\" class=\"yoast-schema-graph\">{\"@context\":\"https:\/\/schema.org\",\"@graph\":[{\"@type\":\"WebPage\",\"@id\":\"https:\/\/www.yoroow.com\/de\/produktdetail\/preisgunstiger-zinkkorper-kuchenarmatur-flexibler-wasserhahn-einhebel-wandarmatur-kalt\/\",\"url\":\"https:\/\/www.yoroow.com\/de\/produktdetail\/preisgunstiger-zinkkorper-kuchenarmatur-flexibler-wasserhahn-einhebel-wandarmatur-kalt\/\",\"name\":\"Industrial Design Kitchen Tap Mixer Faucet Single Cold Zinc Body Faucet Flexiblility Good Price Single Lever Wall Kitchen - YOROOW\",\"isPartOf\":{\"@id\":\"https:\/\/www.yoroow.com\/de\/#website\"},\"primaryImageOfPage\":{\"@id\":\"https:\/\/www.yoroow.com\/de\/produktdetail\/preisgunstiger-zinkkorper-kuchenarmatur-flexibler-wasserhahn-einhebel-wandarmatur-kalt\/#primaryimage\"},\"image\":{\"@id\":\"https:\/\/www.yoroow.com\/de\/produktdetail\/preisgunstiger-zinkkorper-kuchenarmatur-flexibler-wasserhahn-einhebel-wandarmatur-kalt\/#primaryimage\"},\"thumbnailUrl\":\"https:\/\/www.yoroow.com\/wp-content\/uploads\/2025\/02\/image-5.png\",\"datePublished\":\"2025-02-21T06:14:16+00:00\",\"dateModified\":\"2025-05-16T01:29:13+00:00\",\"description\":\"Industrial design single cold kitchen tap mixer faucet with zinc body, flexible installation. Factory provides competitive pricing, export experience, and OEM services targeting South American and Southeast Asian customers.\",\"breadcrumb\":{\"@id\":\"https:\/\/www.yoroow.com\/de\/produktdetail\/preisgunstiger-zinkkorper-kuchenarmatur-flexibler-wasserhahn-einhebel-wandarmatur-kalt\/#breadcrumb\"},\"inLanguage\":\"de\",\"potentialAction\":[{\"@type\":\"ReadAction\",\"target\":[\"https:\/\/www.yoroow.com\/de\/produktdetail\/preisgunstiger-zinkkorper-kuchenarmatur-flexibler-wasserhahn-einhebel-wandarmatur-kalt\/\"]}]},{\"@type\":\"ImageObject\",\"inLanguage\":\"de\",\"@id\":\"https:\/\/www.yoroow.com\/de\/produktdetail\/preisgunstiger-zinkkorper-kuchenarmatur-flexibler-wasserhahn-einhebel-wandarmatur-kalt\/#primaryimage\",\"url\":\"https:\/\/www.yoroow.com\/wp-content\/uploads\/2025\/02\/image-5.png\",\"contentUrl\":\"https:\/\/www.yoroow.com\/wp-content\/uploads\/2025\/02\/image-5.png\",\"width\":207,\"height\":209,\"caption\":\"Factory Direct Sales Economy 2-Way Tap for Washing Machine New Zinc Alloy Double Outlet Faucet with Extended Faucet for Mop Pool\"},{\"@type\":\"BreadcrumbList\",\"@id\":\"https:\/\/www.yoroow.com\/de\/produktdetail\/preisgunstiger-zinkkorper-kuchenarmatur-flexibler-wasserhahn-einhebel-wandarmatur-kalt\/#breadcrumb\",\"itemListElement\":[{\"@type\":\"ListItem\",\"position\":1,\"name\":\"home\",\"item\":\"https:\/\/www.yoroow.com\/\"},{\"@type\":\"ListItem\",\"position\":2,\"name\":\"Product\",\"item\":\"https:\/\/www.yoroow.com\/product\/\"},{\"@type\":\"ListItem\",\"position\":3,\"name\":\"Industrial Design Kitchen Tap Mixer Faucet Single Cold Zinc Body Faucet Flexiblility Good Price Single Lever Wall Kitchen\"}]},{\"@type\":\"WebSite\",\"@id\":\"https:\/\/www.yoroow.com\/de\/#website\",\"url\":\"https:\/\/www.yoroow.com\/de\/\",\"name\":\"YOROOW\",\"description\":\"\",\"publisher\":{\"@id\":\"https:\/\/www.yoroow.com\/de\/#organization\"},\"potentialAction\":[{\"@type\":\"SearchAction\",\"target\":{\"@type\":\"EntryPoint\",\"urlTemplate\":\"https:\/\/www.yoroow.com\/de\/?s={search_term_string}\"},\"query-input\":{\"@type\":\"PropertyValueSpecification\",\"valueRequired\":true,\"valueName\":\"search_term_string\"}}],\"inLanguage\":\"de\"},{\"@type\":\"Organization\",\"@id\":\"https:\/\/www.yoroow.com\/de\/#organization\",\"name\":\"YOROOW\",\"url\":\"https:\/\/www.yoroow.com\/de\/\",\"logo\":{\"@type\":\"ImageObject\",\"inLanguage\":\"de\",\"@id\":\"https:\/\/www.yoroow.com\/de\/#\/schema\/logo\/image\/\",\"url\":\"https:\/\/www.yoroow.com\/wp-content\/uploads\/2024\/12\/2024123007131061.png\",\"contentUrl\":\"https:\/\/www.yoroow.com\/wp-content\/uploads\/2024\/12\/2024123007131061.png\",\"width\":168,\"height\":27,\"caption\":\"YOROOW\"},\"image\":{\"@id\":\"https:\/\/www.yoroow.com\/de\/#\/schema\/logo\/image\/\"},\"sameAs\":[\"https:\/\/www.facebook.com\/people\/yoroowfaucetfactory\/61564236752362\/\"]}]}<\/script>\n<!-- \/ Yoast SEO Premium plugin. -->","yoast_head_json":{"title":"Industrial Design Kitchen Tap Mixer Faucet Single Cold Zinc Body Faucet Flexiblility Good Price Single Lever Wall Kitchen - YOROOW","description":"Industrial design single cold kitchen tap mixer faucet with zinc body, flexible installation. Factory provides competitive pricing, export experience, and OEM services targeting South American and Southeast Asian customers.","robots":{"index":"index","follow":"follow","max-snippet":"max-snippet:-1","max-image-preview":"max-image-preview:large","max-video-preview":"max-video-preview:-1"},"canonical":"https:\/\/www.yoroow.com\/de\/produktdetail\/preisgunstiger-zinkkorper-kuchenarmatur-flexibler-wasserhahn-einhebel-wandarmatur-kalt\/","og_locale":"de_DE","og_type":"article","og_title":"Industrial Design Kitchen Tap Mixer Faucet Single Cold Zinc Body Faucet Flexiblility Good Price Single Lever Wall Kitchen","og_description":"Industrial design single cold kitchen tap mixer faucet with zinc body, flexible installation. Factory provides competitive pricing, export experience, and OEM services targeting South American and Southeast Asian customers.","og_url":"https:\/\/www.yoroow.com\/de\/produktdetail\/preisgunstiger-zinkkorper-kuchenarmatur-flexibler-wasserhahn-einhebel-wandarmatur-kalt\/","og_site_name":"YOROOW","article_publisher":"https:\/\/www.facebook.com\/people\/yoroowfaucetfactory\/61564236752362\/","article_modified_time":"2025-05-16T01:29:13+00:00","og_image":[{"width":207,"height":209,"url":"https:\/\/www.yoroow.com\/wp-content\/uploads\/2025\/02\/image-5.png","type":"image\/png"}],"twitter_card":"summary_large_image","twitter_misc":{"Gesch\u00e4tzte Lesezeit":"1\u00a0Minute"},"schema":{"@context":"https:\/\/schema.org","@graph":[{"@type":"WebPage","@id":"https:\/\/www.yoroow.com\/de\/produktdetail\/preisgunstiger-zinkkorper-kuchenarmatur-flexibler-wasserhahn-einhebel-wandarmatur-kalt\/","url":"https:\/\/www.yoroow.com\/de\/produktdetail\/preisgunstiger-zinkkorper-kuchenarmatur-flexibler-wasserhahn-einhebel-wandarmatur-kalt\/","name":"Industrial Design Kitchen Tap Mixer Faucet Single Cold Zinc Body Faucet Flexiblility Good Price Single Lever Wall Kitchen - YOROOW","isPartOf":{"@id":"https:\/\/www.yoroow.com\/de\/#website"},"primaryImageOfPage":{"@id":"https:\/\/www.yoroow.com\/de\/produktdetail\/preisgunstiger-zinkkorper-kuchenarmatur-flexibler-wasserhahn-einhebel-wandarmatur-kalt\/#primaryimage"},"image":{"@id":"https:\/\/www.yoroow.com\/de\/produktdetail\/preisgunstiger-zinkkorper-kuchenarmatur-flexibler-wasserhahn-einhebel-wandarmatur-kalt\/#primaryimage"},"thumbnailUrl":"https:\/\/www.yoroow.com\/wp-content\/uploads\/2025\/02\/image-5.png","datePublished":"2025-02-21T06:14:16+00:00","dateModified":"2025-05-16T01:29:13+00:00","description":"Industrial design single cold kitchen tap mixer faucet with zinc body, flexible installation. Factory provides competitive pricing, export experience, and OEM services targeting South American and Southeast Asian customers.","breadcrumb":{"@id":"https:\/\/www.yoroow.com\/de\/produktdetail\/preisgunstiger-zinkkorper-kuchenarmatur-flexibler-wasserhahn-einhebel-wandarmatur-kalt\/#breadcrumb"},"inLanguage":"de","potentialAction":[{"@type":"ReadAction","target":["https:\/\/www.yoroow.com\/de\/produktdetail\/preisgunstiger-zinkkorper-kuchenarmatur-flexibler-wasserhahn-einhebel-wandarmatur-kalt\/"]}]},{"@type":"ImageObject","inLanguage":"de","@id":"https:\/\/www.yoroow.com\/de\/produktdetail\/preisgunstiger-zinkkorper-kuchenarmatur-flexibler-wasserhahn-einhebel-wandarmatur-kalt\/#primaryimage","url":"https:\/\/www.yoroow.com\/wp-content\/uploads\/2025\/02\/image-5.png","contentUrl":"https:\/\/www.yoroow.com\/wp-content\/uploads\/2025\/02\/image-5.png","width":207,"height":209,"caption":"Factory Direct Sales Economy 2-Way Tap for Washing Machine New Zinc Alloy Double Outlet Faucet with Extended Faucet for Mop Pool"},{"@type":"BreadcrumbList","@id":"https:\/\/www.yoroow.com\/de\/produktdetail\/preisgunstiger-zinkkorper-kuchenarmatur-flexibler-wasserhahn-einhebel-wandarmatur-kalt\/#breadcrumb","itemListElement":[{"@type":"ListItem","position":1,"name":"home","item":"https:\/\/www.yoroow.com\/"},{"@type":"ListItem","position":2,"name":"Product","item":"https:\/\/www.yoroow.com\/product\/"},{"@type":"ListItem","position":3,"name":"Industrial Design Kitchen Tap Mixer Faucet Single Cold Zinc Body Faucet Flexiblility Good Price Single Lever Wall Kitchen"}]},{"@type":"WebSite","@id":"https:\/\/www.yoroow.com\/de\/#website","url":"https:\/\/www.yoroow.com\/de\/","name":"YOROOW","description":"","publisher":{"@id":"https:\/\/www.yoroow.com\/de\/#organization"},"potentialAction":[{"@type":"SearchAction","target":{"@type":"EntryPoint","urlTemplate":"https:\/\/www.yoroow.com\/de\/?s={search_term_string}"},"query-input":{"@type":"PropertyValueSpecification","valueRequired":true,"valueName":"search_term_string"}}],"inLanguage":"de"},{"@type":"Organization","@id":"https:\/\/www.yoroow.com\/de\/#organization","name":"YOROOW","url":"https:\/\/www.yoroow.com\/de\/","logo":{"@type":"ImageObject","inLanguage":"de","@id":"https:\/\/www.yoroow.com\/de\/#\/schema\/logo\/image\/","url":"https:\/\/www.yoroow.com\/wp-content\/uploads\/2024\/12\/2024123007131061.png","contentUrl":"https:\/\/www.yoroow.com\/wp-content\/uploads\/2024\/12\/2024123007131061.png","width":168,"height":27,"caption":"YOROOW"},"image":{"@id":"https:\/\/www.yoroow.com\/de\/#\/schema\/logo\/image\/"},"sameAs":["https:\/\/www.facebook.com\/people\/yoroowfaucetfactory\/61564236752362\/"]}]}},"_links":{"self":[{"href":"https:\/\/www.yoroow.com\/de\/wp-json\/wp\/v2\/product\/11817","targetHints":{"allow":["GET"]}}],"collection":[{"href":"https:\/\/www.yoroow.com\/de\/wp-json\/wp\/v2\/product"}],"about":[{"href":"https:\/\/www.yoroow.com\/de\/wp-json\/wp\/v2\/types\/product"}],"wp:featuredmedia":[{"embeddable":true,"href":"https:\/\/www.yoroow.com\/de\/wp-json\/wp\/v2\/media\/11827"}],"wp:attachment":[{"href":"https:\/\/www.yoroow.com\/de\/wp-json\/wp\/v2\/media?parent=11817"}],"wp:term":[{"taxonomy":"product_brand","embeddable":true,"href":"https:\/\/www.yoroow.com\/de\/wp-json\/wp\/v2\/product_brand?post=11817"},{"taxonomy":"product_cat","embeddable":true,"href":"https:\/\/www.yoroow.com\/de\/wp-json\/wp\/v2\/product_cat?post=11817"},{"taxonomy":"product_tag","embeddable":true,"href":"https:\/\/www.yoroow.com\/de\/wp-json\/wp\/v2\/product_tag?post=11817"}],"curies":[{"name":"wp","href":"https:\/\/api.w.org\/{rel}","templated":true}]}}