{"id":11801,"date":"2025-02-21T13:49:10","date_gmt":"2025-02-21T05:49:10","guid":{"rendered":"https:\/\/www.yoroow.com\/?post_type=product&#038;p=11801"},"modified":"2025-05-16T09:29:04","modified_gmt":"2025-05-16T01:29:04","slug":"groshandel-guter-preis-waschbecken-kuchenarmatur-lieferant-zink-einzigen-kaltwasser-einzigen-griff-wasserhahne","status":"publish","type":"product","link":"https:\/\/www.yoroow.com\/de\/produktdetail\/groshandel-guter-preis-waschbecken-kuchenarmatur-lieferant-zink-einzigen-kaltwasser-einzigen-griff-wasserhahne\/","title":{"rendered":"Gro\u00dfhandel einzigen kalten K\u00fcchenarmatur mit guten Preis Zink einzigen Griff Armaturen f\u00fcr K\u00fcchensp\u00fcle K\u00fcche Bar &amp; Gourmet Tap"},"content":{"rendered":"<p>Dieses Gro\u00dfhandelsmodell ist eine K\u00fcchenarmatur aus Zinklegierung mit einem Griff, die sich f\u00fcr K\u00fcchensp\u00fclen und Gourmet-Bars eignet. Es ist auf der Terrasse montiert und bekannt f\u00fcr seinen g\u00fcnstigen Preis. Sie wird in einer chinesischen Armaturenfabrik in gro\u00dfen Mengen hergestellt und gew\u00e4hrleistet eine schnelle Durchlaufzeit, eine hohe Produktionseffizienz und individuelle Verpackungsoptionen. Sie richtet sich an Importeure und Gro\u00dfh\u00e4ndler in S\u00fcdostasien und Lateinamerika, die nach wirtschaftlichen und dennoch qualit\u00e4tsgepr\u00fcften K\u00fcchenarmaturenl\u00f6sungen f\u00fcr Superm\u00e4rkte oder Projektauftr\u00e4ge suchen.<\/p>","protected":false},"excerpt":{"rendered":"<p>This wholesale model is a single cold kitchen faucet made from zinc alloy with a single handle, suited for kitchen sinks and gourmet bar applications. It\u2019s deck-mounted and known for its value pricing. Produced in bulk in a Chinese faucet factory, it ensures fast turnaround, high production efficiency, and customized packaging options. It caters to\u2026<\/p>","protected":false},"featured_media":11803,"template":"","meta":{"_acf_changed":false,"_kad_post_transparent":"default","_kad_post_title":"","_kad_post_layout":"default","_kad_post_sidebar_id":"","_kad_post_content_style":"default","_kad_post_vertical_padding":"default","_kad_post_feature":"","_kad_post_feature_position":"","_kad_post_header":false,"_kad_post_footer":false},"product_brand":[],"product_cat":[221,1533],"product_tag":[3340,3349],"class_list":{"0":"post-11801","1":"product","2":"type-product","3":"status-publish","4":"has-post-thumbnail","6":"product_cat-single-cold-kitchen-faucet-kitchen-faucet","7":"product_cat-030sseries","8":"product_tag-kitchen-bar-tap","9":"product_tag-kitchen-gourmet-tap","11":"first","12":"instock","13":"shipping-taxable","14":"purchasable","15":"product-type-variable","16":"wvs-archive-product-wrapper","17":"entry","18":"content-bg","19":"loop-entry"},"acf":[],"yoast_head":"<!-- This site is optimized with the Yoast SEO Premium plugin v25.4 (Yoast SEO v27.0) - https:\/\/yoast.com\/product\/yoast-seo-premium-wordpress\/ -->\n<title>Wholesale Single Cold Kitchen Faucet with Good Price Zinc Single Handle taps for Kitchen Sink Kitchen Bar &amp; Gourmet Tap - YOROOW<\/title>\n<meta name=\"description\" content=\"Wholesale zinc single handle kitchen faucet for sinks and bars. Affordable price and robust design. Factory direct sales with flexible customization, targeting export markets in South America and Southeast Asia with timely logistics support.\" \/>\n<meta name=\"robots\" content=\"index, follow, max-snippet:-1, max-image-preview:large, max-video-preview:-1\" \/>\n<link rel=\"canonical\" href=\"https:\/\/www.yoroow.com\/de\/produktdetail\/groshandel-guter-preis-waschbecken-kuchenarmatur-lieferant-zink-einzigen-kaltwasser-einzigen-griff-wasserhahne\/\" \/>\n<meta property=\"og:locale\" content=\"de_DE\" \/>\n<meta property=\"og:type\" content=\"article\" \/>\n<meta property=\"og:title\" content=\"Wholesale Single Cold Kitchen Faucet with Good Price Zinc Single Handle taps for Kitchen Sink Kitchen Bar &amp; Gourmet Tap\" \/>\n<meta property=\"og:description\" content=\"Wholesale zinc single handle kitchen faucet for sinks and bars. Affordable price and robust design. Factory direct sales with flexible customization, targeting export markets in South America and Southeast Asia with timely logistics support.\" \/>\n<meta property=\"og:url\" content=\"https:\/\/www.yoroow.com\/de\/produktdetail\/groshandel-guter-preis-waschbecken-kuchenarmatur-lieferant-zink-einzigen-kaltwasser-einzigen-griff-wasserhahne\/\" \/>\n<meta property=\"og:site_name\" content=\"YOROOW\" \/>\n<meta property=\"article:publisher\" content=\"https:\/\/www.facebook.com\/people\/yoroowfaucetfactory\/61564236752362\/\" \/>\n<meta property=\"article:modified_time\" content=\"2025-05-16T01:29:04+00:00\" \/>\n<meta property=\"og:image\" content=\"https:\/\/www.yoroow.com\/wp-content\/uploads\/2025\/02\/F4.jpg\" \/>\n\t<meta property=\"og:image:width\" content=\"592\" \/>\n\t<meta property=\"og:image:height\" content=\"620\" \/>\n\t<meta property=\"og:image:type\" content=\"image\/jpeg\" \/>\n<meta name=\"twitter:card\" content=\"summary_large_image\" \/>\n<meta name=\"twitter:label1\" content=\"Gesch\u00e4tzte Lesezeit\" \/>\n\t<meta name=\"twitter:data1\" content=\"1\u00a0Minute\" \/>\n<script type=\"application\/ld+json\" class=\"yoast-schema-graph\">{\"@context\":\"https:\/\/schema.org\",\"@graph\":[{\"@type\":\"WebPage\",\"@id\":\"https:\/\/www.yoroow.com\/de\/produktdetail\/groshandel-guter-preis-waschbecken-kuchenarmatur-lieferant-zink-einzigen-kaltwasser-einzigen-griff-wasserhahne\/\",\"url\":\"https:\/\/www.yoroow.com\/de\/produktdetail\/groshandel-guter-preis-waschbecken-kuchenarmatur-lieferant-zink-einzigen-kaltwasser-einzigen-griff-wasserhahne\/\",\"name\":\"Wholesale Single Cold Kitchen Faucet with Good Price Zinc Single Handle taps for Kitchen Sink Kitchen Bar & Gourmet Tap - YOROOW\",\"isPartOf\":{\"@id\":\"https:\/\/www.yoroow.com\/de\/#website\"},\"primaryImageOfPage\":{\"@id\":\"https:\/\/www.yoroow.com\/de\/produktdetail\/groshandel-guter-preis-waschbecken-kuchenarmatur-lieferant-zink-einzigen-kaltwasser-einzigen-griff-wasserhahne\/#primaryimage\"},\"image\":{\"@id\":\"https:\/\/www.yoroow.com\/de\/produktdetail\/groshandel-guter-preis-waschbecken-kuchenarmatur-lieferant-zink-einzigen-kaltwasser-einzigen-griff-wasserhahne\/#primaryimage\"},\"thumbnailUrl\":\"https:\/\/www.yoroow.com\/wp-content\/uploads\/2025\/02\/F4.jpg\",\"datePublished\":\"2025-02-21T05:49:10+00:00\",\"dateModified\":\"2025-05-16T01:29:04+00:00\",\"description\":\"Wholesale zinc single handle kitchen faucet for sinks and bars. Affordable price and robust design. Factory direct sales with flexible customization, targeting export markets in South America and Southeast Asia with timely logistics support.\",\"breadcrumb\":{\"@id\":\"https:\/\/www.yoroow.com\/de\/produktdetail\/groshandel-guter-preis-waschbecken-kuchenarmatur-lieferant-zink-einzigen-kaltwasser-einzigen-griff-wasserhahne\/#breadcrumb\"},\"inLanguage\":\"de\",\"potentialAction\":[{\"@type\":\"ReadAction\",\"target\":[\"https:\/\/www.yoroow.com\/de\/produktdetail\/groshandel-guter-preis-waschbecken-kuchenarmatur-lieferant-zink-einzigen-kaltwasser-einzigen-griff-wasserhahne\/\"]}]},{\"@type\":\"ImageObject\",\"inLanguage\":\"de\",\"@id\":\"https:\/\/www.yoroow.com\/de\/produktdetail\/groshandel-guter-preis-waschbecken-kuchenarmatur-lieferant-zink-einzigen-kaltwasser-einzigen-griff-wasserhahne\/#primaryimage\",\"url\":\"https:\/\/www.yoroow.com\/wp-content\/uploads\/2025\/02\/F4.jpg\",\"contentUrl\":\"https:\/\/www.yoroow.com\/wp-content\/uploads\/2025\/02\/F4.jpg\",\"width\":592,\"height\":620,\"caption\":\"Modern Design Swan Peak Single Lever Deck Mounted Kitchen Faucet High Quality Cold Water Tap for Kitchen Sink\"},{\"@type\":\"BreadcrumbList\",\"@id\":\"https:\/\/www.yoroow.com\/de\/produktdetail\/groshandel-guter-preis-waschbecken-kuchenarmatur-lieferant-zink-einzigen-kaltwasser-einzigen-griff-wasserhahne\/#breadcrumb\",\"itemListElement\":[{\"@type\":\"ListItem\",\"position\":1,\"name\":\"home\",\"item\":\"https:\/\/www.yoroow.com\/\"},{\"@type\":\"ListItem\",\"position\":2,\"name\":\"Product\",\"item\":\"https:\/\/www.yoroow.com\/product\/\"},{\"@type\":\"ListItem\",\"position\":3,\"name\":\"Wholesale Single Cold Kitchen Faucet with Good Price Zinc Single Handle taps for Kitchen Sink Kitchen Bar &#038; Gourmet Tap\"}]},{\"@type\":\"WebSite\",\"@id\":\"https:\/\/www.yoroow.com\/de\/#website\",\"url\":\"https:\/\/www.yoroow.com\/de\/\",\"name\":\"YOROOW\",\"description\":\"\",\"publisher\":{\"@id\":\"https:\/\/www.yoroow.com\/de\/#organization\"},\"potentialAction\":[{\"@type\":\"SearchAction\",\"target\":{\"@type\":\"EntryPoint\",\"urlTemplate\":\"https:\/\/www.yoroow.com\/de\/?s={search_term_string}\"},\"query-input\":{\"@type\":\"PropertyValueSpecification\",\"valueRequired\":true,\"valueName\":\"search_term_string\"}}],\"inLanguage\":\"de\"},{\"@type\":\"Organization\",\"@id\":\"https:\/\/www.yoroow.com\/de\/#organization\",\"name\":\"YOROOW\",\"url\":\"https:\/\/www.yoroow.com\/de\/\",\"logo\":{\"@type\":\"ImageObject\",\"inLanguage\":\"de\",\"@id\":\"https:\/\/www.yoroow.com\/de\/#\/schema\/logo\/image\/\",\"url\":\"https:\/\/www.yoroow.com\/wp-content\/uploads\/2024\/12\/2024123007131061.png\",\"contentUrl\":\"https:\/\/www.yoroow.com\/wp-content\/uploads\/2024\/12\/2024123007131061.png\",\"width\":168,\"height\":27,\"caption\":\"YOROOW\"},\"image\":{\"@id\":\"https:\/\/www.yoroow.com\/de\/#\/schema\/logo\/image\/\"},\"sameAs\":[\"https:\/\/www.facebook.com\/people\/yoroowfaucetfactory\/61564236752362\/\"]}]}<\/script>\n<!-- \/ Yoast SEO Premium plugin. -->","yoast_head_json":{"title":"Wholesale Single Cold Kitchen Faucet with Good Price Zinc Single Handle taps for Kitchen Sink Kitchen Bar & Gourmet Tap - YOROOW","description":"Wholesale zinc single handle kitchen faucet for sinks and bars. Affordable price and robust design. Factory direct sales with flexible customization, targeting export markets in South America and Southeast Asia with timely logistics support.","robots":{"index":"index","follow":"follow","max-snippet":"max-snippet:-1","max-image-preview":"max-image-preview:large","max-video-preview":"max-video-preview:-1"},"canonical":"https:\/\/www.yoroow.com\/de\/produktdetail\/groshandel-guter-preis-waschbecken-kuchenarmatur-lieferant-zink-einzigen-kaltwasser-einzigen-griff-wasserhahne\/","og_locale":"de_DE","og_type":"article","og_title":"Wholesale Single Cold Kitchen Faucet with Good Price Zinc Single Handle taps for Kitchen Sink Kitchen Bar & Gourmet Tap","og_description":"Wholesale zinc single handle kitchen faucet for sinks and bars. Affordable price and robust design. Factory direct sales with flexible customization, targeting export markets in South America and Southeast Asia with timely logistics support.","og_url":"https:\/\/www.yoroow.com\/de\/produktdetail\/groshandel-guter-preis-waschbecken-kuchenarmatur-lieferant-zink-einzigen-kaltwasser-einzigen-griff-wasserhahne\/","og_site_name":"YOROOW","article_publisher":"https:\/\/www.facebook.com\/people\/yoroowfaucetfactory\/61564236752362\/","article_modified_time":"2025-05-16T01:29:04+00:00","og_image":[{"width":592,"height":620,"url":"https:\/\/www.yoroow.com\/wp-content\/uploads\/2025\/02\/F4.jpg","type":"image\/jpeg"}],"twitter_card":"summary_large_image","twitter_misc":{"Gesch\u00e4tzte Lesezeit":"1\u00a0Minute"},"schema":{"@context":"https:\/\/schema.org","@graph":[{"@type":"WebPage","@id":"https:\/\/www.yoroow.com\/de\/produktdetail\/groshandel-guter-preis-waschbecken-kuchenarmatur-lieferant-zink-einzigen-kaltwasser-einzigen-griff-wasserhahne\/","url":"https:\/\/www.yoroow.com\/de\/produktdetail\/groshandel-guter-preis-waschbecken-kuchenarmatur-lieferant-zink-einzigen-kaltwasser-einzigen-griff-wasserhahne\/","name":"Wholesale Single Cold Kitchen Faucet with Good Price Zinc Single Handle taps for Kitchen Sink Kitchen Bar & Gourmet Tap - YOROOW","isPartOf":{"@id":"https:\/\/www.yoroow.com\/de\/#website"},"primaryImageOfPage":{"@id":"https:\/\/www.yoroow.com\/de\/produktdetail\/groshandel-guter-preis-waschbecken-kuchenarmatur-lieferant-zink-einzigen-kaltwasser-einzigen-griff-wasserhahne\/#primaryimage"},"image":{"@id":"https:\/\/www.yoroow.com\/de\/produktdetail\/groshandel-guter-preis-waschbecken-kuchenarmatur-lieferant-zink-einzigen-kaltwasser-einzigen-griff-wasserhahne\/#primaryimage"},"thumbnailUrl":"https:\/\/www.yoroow.com\/wp-content\/uploads\/2025\/02\/F4.jpg","datePublished":"2025-02-21T05:49:10+00:00","dateModified":"2025-05-16T01:29:04+00:00","description":"Wholesale zinc single handle kitchen faucet for sinks and bars. Affordable price and robust design. Factory direct sales with flexible customization, targeting export markets in South America and Southeast Asia with timely logistics support.","breadcrumb":{"@id":"https:\/\/www.yoroow.com\/de\/produktdetail\/groshandel-guter-preis-waschbecken-kuchenarmatur-lieferant-zink-einzigen-kaltwasser-einzigen-griff-wasserhahne\/#breadcrumb"},"inLanguage":"de","potentialAction":[{"@type":"ReadAction","target":["https:\/\/www.yoroow.com\/de\/produktdetail\/groshandel-guter-preis-waschbecken-kuchenarmatur-lieferant-zink-einzigen-kaltwasser-einzigen-griff-wasserhahne\/"]}]},{"@type":"ImageObject","inLanguage":"de","@id":"https:\/\/www.yoroow.com\/de\/produktdetail\/groshandel-guter-preis-waschbecken-kuchenarmatur-lieferant-zink-einzigen-kaltwasser-einzigen-griff-wasserhahne\/#primaryimage","url":"https:\/\/www.yoroow.com\/wp-content\/uploads\/2025\/02\/F4.jpg","contentUrl":"https:\/\/www.yoroow.com\/wp-content\/uploads\/2025\/02\/F4.jpg","width":592,"height":620,"caption":"Modern Design Swan Peak Single Lever Deck Mounted Kitchen Faucet High Quality Cold Water Tap for Kitchen Sink"},{"@type":"BreadcrumbList","@id":"https:\/\/www.yoroow.com\/de\/produktdetail\/groshandel-guter-preis-waschbecken-kuchenarmatur-lieferant-zink-einzigen-kaltwasser-einzigen-griff-wasserhahne\/#breadcrumb","itemListElement":[{"@type":"ListItem","position":1,"name":"home","item":"https:\/\/www.yoroow.com\/"},{"@type":"ListItem","position":2,"name":"Product","item":"https:\/\/www.yoroow.com\/product\/"},{"@type":"ListItem","position":3,"name":"Wholesale Single Cold Kitchen Faucet with Good Price Zinc Single Handle taps for Kitchen Sink Kitchen Bar &#038; Gourmet Tap"}]},{"@type":"WebSite","@id":"https:\/\/www.yoroow.com\/de\/#website","url":"https:\/\/www.yoroow.com\/de\/","name":"YOROOW","description":"","publisher":{"@id":"https:\/\/www.yoroow.com\/de\/#organization"},"potentialAction":[{"@type":"SearchAction","target":{"@type":"EntryPoint","urlTemplate":"https:\/\/www.yoroow.com\/de\/?s={search_term_string}"},"query-input":{"@type":"PropertyValueSpecification","valueRequired":true,"valueName":"search_term_string"}}],"inLanguage":"de"},{"@type":"Organization","@id":"https:\/\/www.yoroow.com\/de\/#organization","name":"YOROOW","url":"https:\/\/www.yoroow.com\/de\/","logo":{"@type":"ImageObject","inLanguage":"de","@id":"https:\/\/www.yoroow.com\/de\/#\/schema\/logo\/image\/","url":"https:\/\/www.yoroow.com\/wp-content\/uploads\/2024\/12\/2024123007131061.png","contentUrl":"https:\/\/www.yoroow.com\/wp-content\/uploads\/2024\/12\/2024123007131061.png","width":168,"height":27,"caption":"YOROOW"},"image":{"@id":"https:\/\/www.yoroow.com\/de\/#\/schema\/logo\/image\/"},"sameAs":["https:\/\/www.facebook.com\/people\/yoroowfaucetfactory\/61564236752362\/"]}]}},"_links":{"self":[{"href":"https:\/\/www.yoroow.com\/de\/wp-json\/wp\/v2\/product\/11801","targetHints":{"allow":["GET"]}}],"collection":[{"href":"https:\/\/www.yoroow.com\/de\/wp-json\/wp\/v2\/product"}],"about":[{"href":"https:\/\/www.yoroow.com\/de\/wp-json\/wp\/v2\/types\/product"}],"wp:featuredmedia":[{"embeddable":true,"href":"https:\/\/www.yoroow.com\/de\/wp-json\/wp\/v2\/media\/11803"}],"wp:attachment":[{"href":"https:\/\/www.yoroow.com\/de\/wp-json\/wp\/v2\/media?parent=11801"}],"wp:term":[{"taxonomy":"product_brand","embeddable":true,"href":"https:\/\/www.yoroow.com\/de\/wp-json\/wp\/v2\/product_brand?post=11801"},{"taxonomy":"product_cat","embeddable":true,"href":"https:\/\/www.yoroow.com\/de\/wp-json\/wp\/v2\/product_cat?post=11801"},{"taxonomy":"product_tag","embeddable":true,"href":"https:\/\/www.yoroow.com\/de\/wp-json\/wp\/v2\/product_tag?post=11801"}],"curies":[{"name":"wp","href":"https:\/\/api.w.org\/{rel}","templated":true}]}}