{"id":11719,"date":"2025-02-21T10:11:44","date_gmt":"2025-02-21T02:11:44","guid":{"rendered":"https:\/\/www.yoroow.com\/?post_type=product&#038;p=11719"},"modified":"2025-05-16T09:26:25","modified_gmt":"2025-05-16T01:26:25","slug":"hochwertiger-moderner-spultischhahn-mit-einem-griff-aus-messing-keramikkartusche-kuchenarmatur-mischbatterie","status":"publish","type":"product","link":"https:\/\/www.yoroow.com\/de\/produktdetail\/hochwertiger-moderner-spultischhahn-mit-einem-griff-aus-messing-keramikkartusche-kuchenarmatur-mischbatterie\/","title":{"rendered":"Moderner hochwertiger Einhebelmischer aus Messing K\u00fcchenarmatur aus Zink K\u00fcchenarmatur Designer K\u00fcchenarmatur f\u00fcr Sp\u00fcle"},"content":{"rendered":"<p>The Modern High-Quality Single Handle Brass Kitchen Faucet is a stylish, durable addition to any kitchen. With its zinc deck-mounted mixer tap, it offers ease of use and efficient water control. This faucet is designed to withstand daily kitchen use, making it perfect for both home kitchens and commercial food service environments. YOROOW\u2019s factory in China ensures top-quality materials, advanced production techniques, and competitive pricing, providing an excellent option for businesses looking to stock high-quality kitchen faucets at affordable prices for the South American and Southeast Asian markets.<\/p>","protected":false},"excerpt":{"rendered":"<p>The Modern High-Quality Single Handle Brass Kitchen Faucet is a stylish, durable addition to any kitchen. With its zinc deck-mounted mixer tap, it offers ease of use and efficient water control. This faucet is designed to withstand daily kitchen use, making it perfect for both home kitchens and commercial food service environments. YOROOW\u2019s factory in\u2026<\/p>","protected":false},"featured_media":11724,"template":"","meta":{"_acf_changed":false,"_kad_post_transparent":"default","_kad_post_title":"","_kad_post_layout":"default","_kad_post_sidebar_id":"","_kad_post_content_style":"default","_kad_post_vertical_padding":"default","_kad_post_feature":"","_kad_post_feature_position":"","_kad_post_header":false,"_kad_post_footer":false},"product_brand":[],"product_cat":[246,1527],"product_tag":[5545,3081],"class_list":{"0":"post-11719","1":"product","2":"type-product","3":"status-publish","4":"has-post-thumbnail","6":"product_cat-mixer-kitchen-faucet","7":"product_cat-084pseries","8":"product_tag-brass-kitchen-faucet-designer","9":"product_tag-zinc-kitchen-faucet","11":"first","12":"instock","13":"shipping-taxable","14":"purchasable","15":"product-type-variable","16":"wvs-archive-product-wrapper","17":"entry","18":"content-bg","19":"loop-entry"},"acf":[],"yoast_head":"<!-- This site is optimized with the Yoast SEO Premium plugin v25.4 (Yoast SEO v27.0) - https:\/\/yoast.com\/product\/yoast-seo-premium-wordpress\/ -->\n<title>Modern High Quality Single Handle Brass Kitchen Faucet Zinc Deck Mounted Mixer Tap Designer Kitchen Sink Tap - YOROOW<\/title>\n<meta name=\"description\" content=\"High-quality single handle brass kitchen faucet with zinc deck mounted mixer tap offers designer style and durability. Chinese factory provides competitive pricing and reliable export to Latin America and Southeast Asia.\" \/>\n<meta name=\"robots\" content=\"index, follow, max-snippet:-1, max-image-preview:large, max-video-preview:-1\" \/>\n<link rel=\"canonical\" href=\"https:\/\/www.yoroow.com\/de\/produktdetail\/hochwertiger-moderner-spultischhahn-mit-einem-griff-aus-messing-keramikkartusche-kuchenarmatur-mischbatterie\/\" \/>\n<meta property=\"og:locale\" content=\"de_DE\" \/>\n<meta property=\"og:type\" content=\"article\" \/>\n<meta property=\"og:title\" content=\"Modern High Quality Single Handle Brass Kitchen Faucet Zinc Deck Mounted Mixer Tap Designer Kitchen Sink Tap\" \/>\n<meta property=\"og:description\" content=\"High-quality single handle brass kitchen faucet with zinc deck mounted mixer tap offers designer style and durability. Chinese factory provides competitive pricing and reliable export to Latin America and Southeast Asia.\" \/>\n<meta property=\"og:url\" content=\"https:\/\/www.yoroow.com\/de\/produktdetail\/hochwertiger-moderner-spultischhahn-mit-einem-griff-aus-messing-keramikkartusche-kuchenarmatur-mischbatterie\/\" \/>\n<meta property=\"og:site_name\" content=\"YOROOW\" \/>\n<meta property=\"article:publisher\" content=\"https:\/\/www.facebook.com\/people\/yoroowfaucetfactory\/61564236752362\/\" \/>\n<meta property=\"article:modified_time\" content=\"2025-05-16T01:26:25+00:00\" \/>\n<meta property=\"og:image\" content=\"https:\/\/www.yoroow.com\/wp-content\/uploads\/2025\/02\/7620C-084P.jpg\" \/>\n\t<meta property=\"og:image:width\" content=\"736\" \/>\n\t<meta property=\"og:image:height\" content=\"736\" \/>\n\t<meta property=\"og:image:type\" content=\"image\/jpeg\" \/>\n<meta name=\"twitter:card\" content=\"summary_large_image\" \/>\n<meta name=\"twitter:label1\" content=\"Gesch\u00e4tzte Lesezeit\" \/>\n\t<meta name=\"twitter:data1\" content=\"1\u00a0Minute\" \/>\n<script type=\"application\/ld+json\" class=\"yoast-schema-graph\">{\"@context\":\"https:\/\/schema.org\",\"@graph\":[{\"@type\":\"WebPage\",\"@id\":\"https:\/\/www.yoroow.com\/de\/produktdetail\/hochwertiger-moderner-spultischhahn-mit-einem-griff-aus-messing-keramikkartusche-kuchenarmatur-mischbatterie\/\",\"url\":\"https:\/\/www.yoroow.com\/de\/produktdetail\/hochwertiger-moderner-spultischhahn-mit-einem-griff-aus-messing-keramikkartusche-kuchenarmatur-mischbatterie\/\",\"name\":\"Modern High Quality Single Handle Brass Kitchen Faucet Zinc Deck Mounted Mixer Tap Designer Kitchen Sink Tap - YOROOW\",\"isPartOf\":{\"@id\":\"https:\/\/www.yoroow.com\/de\/#website\"},\"primaryImageOfPage\":{\"@id\":\"https:\/\/www.yoroow.com\/de\/produktdetail\/hochwertiger-moderner-spultischhahn-mit-einem-griff-aus-messing-keramikkartusche-kuchenarmatur-mischbatterie\/#primaryimage\"},\"image\":{\"@id\":\"https:\/\/www.yoroow.com\/de\/produktdetail\/hochwertiger-moderner-spultischhahn-mit-einem-griff-aus-messing-keramikkartusche-kuchenarmatur-mischbatterie\/#primaryimage\"},\"thumbnailUrl\":\"https:\/\/www.yoroow.com\/wp-content\/uploads\/2025\/02\/7620C-084P.jpg\",\"datePublished\":\"2025-02-21T02:11:44+00:00\",\"dateModified\":\"2025-05-16T01:26:25+00:00\",\"description\":\"High-quality single handle brass kitchen faucet with zinc deck mounted mixer tap offers designer style and durability. Chinese factory provides competitive pricing and reliable export to Latin America and Southeast Asia.\",\"breadcrumb\":{\"@id\":\"https:\/\/www.yoroow.com\/de\/produktdetail\/hochwertiger-moderner-spultischhahn-mit-einem-griff-aus-messing-keramikkartusche-kuchenarmatur-mischbatterie\/#breadcrumb\"},\"inLanguage\":\"de\",\"potentialAction\":[{\"@type\":\"ReadAction\",\"target\":[\"https:\/\/www.yoroow.com\/de\/produktdetail\/hochwertiger-moderner-spultischhahn-mit-einem-griff-aus-messing-keramikkartusche-kuchenarmatur-mischbatterie\/\"]}]},{\"@type\":\"ImageObject\",\"inLanguage\":\"de\",\"@id\":\"https:\/\/www.yoroow.com\/de\/produktdetail\/hochwertiger-moderner-spultischhahn-mit-einem-griff-aus-messing-keramikkartusche-kuchenarmatur-mischbatterie\/#primaryimage\",\"url\":\"https:\/\/www.yoroow.com\/wp-content\/uploads\/2025\/02\/7620C-084P.jpg\",\"contentUrl\":\"https:\/\/www.yoroow.com\/wp-content\/uploads\/2025\/02\/7620C-084P.jpg\",\"width\":736,\"height\":736,\"caption\":\"Modern High Quality Single Handle Brass Kitchen Faucet Zinc Deck Mounted Mixer Tap Designer Kitchen Sink Tap\"},{\"@type\":\"BreadcrumbList\",\"@id\":\"https:\/\/www.yoroow.com\/de\/produktdetail\/hochwertiger-moderner-spultischhahn-mit-einem-griff-aus-messing-keramikkartusche-kuchenarmatur-mischbatterie\/#breadcrumb\",\"itemListElement\":[{\"@type\":\"ListItem\",\"position\":1,\"name\":\"home\",\"item\":\"https:\/\/www.yoroow.com\/\"},{\"@type\":\"ListItem\",\"position\":2,\"name\":\"Product\",\"item\":\"https:\/\/www.yoroow.com\/product\/\"},{\"@type\":\"ListItem\",\"position\":3,\"name\":\"Modern High Quality Single Handle Brass Kitchen Faucet Zinc Deck Mounted Mixer Tap Designer Kitchen Sink Tap\"}]},{\"@type\":\"WebSite\",\"@id\":\"https:\/\/www.yoroow.com\/de\/#website\",\"url\":\"https:\/\/www.yoroow.com\/de\/\",\"name\":\"YOROOW\",\"description\":\"\",\"publisher\":{\"@id\":\"https:\/\/www.yoroow.com\/de\/#organization\"},\"potentialAction\":[{\"@type\":\"SearchAction\",\"target\":{\"@type\":\"EntryPoint\",\"urlTemplate\":\"https:\/\/www.yoroow.com\/de\/?s={search_term_string}\"},\"query-input\":{\"@type\":\"PropertyValueSpecification\",\"valueRequired\":true,\"valueName\":\"search_term_string\"}}],\"inLanguage\":\"de\"},{\"@type\":\"Organization\",\"@id\":\"https:\/\/www.yoroow.com\/de\/#organization\",\"name\":\"YOROOW\",\"url\":\"https:\/\/www.yoroow.com\/de\/\",\"logo\":{\"@type\":\"ImageObject\",\"inLanguage\":\"de\",\"@id\":\"https:\/\/www.yoroow.com\/de\/#\/schema\/logo\/image\/\",\"url\":\"https:\/\/www.yoroow.com\/wp-content\/uploads\/2024\/12\/2024123007131061.png\",\"contentUrl\":\"https:\/\/www.yoroow.com\/wp-content\/uploads\/2024\/12\/2024123007131061.png\",\"width\":168,\"height\":27,\"caption\":\"YOROOW\"},\"image\":{\"@id\":\"https:\/\/www.yoroow.com\/de\/#\/schema\/logo\/image\/\"},\"sameAs\":[\"https:\/\/www.facebook.com\/people\/yoroowfaucetfactory\/61564236752362\/\"]}]}<\/script>\n<!-- \/ Yoast SEO Premium plugin. -->","yoast_head_json":{"title":"Modern High Quality Single Handle Brass Kitchen Faucet Zinc Deck Mounted Mixer Tap Designer Kitchen Sink Tap - YOROOW","description":"High-quality single handle brass kitchen faucet with zinc deck mounted mixer tap offers designer style and durability. Chinese factory provides competitive pricing and reliable export to Latin America and Southeast Asia.","robots":{"index":"index","follow":"follow","max-snippet":"max-snippet:-1","max-image-preview":"max-image-preview:large","max-video-preview":"max-video-preview:-1"},"canonical":"https:\/\/www.yoroow.com\/de\/produktdetail\/hochwertiger-moderner-spultischhahn-mit-einem-griff-aus-messing-keramikkartusche-kuchenarmatur-mischbatterie\/","og_locale":"de_DE","og_type":"article","og_title":"Modern High Quality Single Handle Brass Kitchen Faucet Zinc Deck Mounted Mixer Tap Designer Kitchen Sink Tap","og_description":"High-quality single handle brass kitchen faucet with zinc deck mounted mixer tap offers designer style and durability. Chinese factory provides competitive pricing and reliable export to Latin America and Southeast Asia.","og_url":"https:\/\/www.yoroow.com\/de\/produktdetail\/hochwertiger-moderner-spultischhahn-mit-einem-griff-aus-messing-keramikkartusche-kuchenarmatur-mischbatterie\/","og_site_name":"YOROOW","article_publisher":"https:\/\/www.facebook.com\/people\/yoroowfaucetfactory\/61564236752362\/","article_modified_time":"2025-05-16T01:26:25+00:00","og_image":[{"width":736,"height":736,"url":"https:\/\/www.yoroow.com\/wp-content\/uploads\/2025\/02\/7620C-084P.jpg","type":"image\/jpeg"}],"twitter_card":"summary_large_image","twitter_misc":{"Gesch\u00e4tzte Lesezeit":"1\u00a0Minute"},"schema":{"@context":"https:\/\/schema.org","@graph":[{"@type":"WebPage","@id":"https:\/\/www.yoroow.com\/de\/produktdetail\/hochwertiger-moderner-spultischhahn-mit-einem-griff-aus-messing-keramikkartusche-kuchenarmatur-mischbatterie\/","url":"https:\/\/www.yoroow.com\/de\/produktdetail\/hochwertiger-moderner-spultischhahn-mit-einem-griff-aus-messing-keramikkartusche-kuchenarmatur-mischbatterie\/","name":"Modern High Quality Single Handle Brass Kitchen Faucet Zinc Deck Mounted Mixer Tap Designer Kitchen Sink Tap - YOROOW","isPartOf":{"@id":"https:\/\/www.yoroow.com\/de\/#website"},"primaryImageOfPage":{"@id":"https:\/\/www.yoroow.com\/de\/produktdetail\/hochwertiger-moderner-spultischhahn-mit-einem-griff-aus-messing-keramikkartusche-kuchenarmatur-mischbatterie\/#primaryimage"},"image":{"@id":"https:\/\/www.yoroow.com\/de\/produktdetail\/hochwertiger-moderner-spultischhahn-mit-einem-griff-aus-messing-keramikkartusche-kuchenarmatur-mischbatterie\/#primaryimage"},"thumbnailUrl":"https:\/\/www.yoroow.com\/wp-content\/uploads\/2025\/02\/7620C-084P.jpg","datePublished":"2025-02-21T02:11:44+00:00","dateModified":"2025-05-16T01:26:25+00:00","description":"High-quality single handle brass kitchen faucet with zinc deck mounted mixer tap offers designer style and durability. Chinese factory provides competitive pricing and reliable export to Latin America and Southeast Asia.","breadcrumb":{"@id":"https:\/\/www.yoroow.com\/de\/produktdetail\/hochwertiger-moderner-spultischhahn-mit-einem-griff-aus-messing-keramikkartusche-kuchenarmatur-mischbatterie\/#breadcrumb"},"inLanguage":"de","potentialAction":[{"@type":"ReadAction","target":["https:\/\/www.yoroow.com\/de\/produktdetail\/hochwertiger-moderner-spultischhahn-mit-einem-griff-aus-messing-keramikkartusche-kuchenarmatur-mischbatterie\/"]}]},{"@type":"ImageObject","inLanguage":"de","@id":"https:\/\/www.yoroow.com\/de\/produktdetail\/hochwertiger-moderner-spultischhahn-mit-einem-griff-aus-messing-keramikkartusche-kuchenarmatur-mischbatterie\/#primaryimage","url":"https:\/\/www.yoroow.com\/wp-content\/uploads\/2025\/02\/7620C-084P.jpg","contentUrl":"https:\/\/www.yoroow.com\/wp-content\/uploads\/2025\/02\/7620C-084P.jpg","width":736,"height":736,"caption":"Modern High Quality Single Handle Brass Kitchen Faucet Zinc Deck Mounted Mixer Tap Designer Kitchen Sink Tap"},{"@type":"BreadcrumbList","@id":"https:\/\/www.yoroow.com\/de\/produktdetail\/hochwertiger-moderner-spultischhahn-mit-einem-griff-aus-messing-keramikkartusche-kuchenarmatur-mischbatterie\/#breadcrumb","itemListElement":[{"@type":"ListItem","position":1,"name":"home","item":"https:\/\/www.yoroow.com\/"},{"@type":"ListItem","position":2,"name":"Product","item":"https:\/\/www.yoroow.com\/product\/"},{"@type":"ListItem","position":3,"name":"Modern High Quality Single Handle Brass Kitchen Faucet Zinc Deck Mounted Mixer Tap Designer Kitchen Sink Tap"}]},{"@type":"WebSite","@id":"https:\/\/www.yoroow.com\/de\/#website","url":"https:\/\/www.yoroow.com\/de\/","name":"YOROOW","description":"","publisher":{"@id":"https:\/\/www.yoroow.com\/de\/#organization"},"potentialAction":[{"@type":"SearchAction","target":{"@type":"EntryPoint","urlTemplate":"https:\/\/www.yoroow.com\/de\/?s={search_term_string}"},"query-input":{"@type":"PropertyValueSpecification","valueRequired":true,"valueName":"search_term_string"}}],"inLanguage":"de"},{"@type":"Organization","@id":"https:\/\/www.yoroow.com\/de\/#organization","name":"YOROOW","url":"https:\/\/www.yoroow.com\/de\/","logo":{"@type":"ImageObject","inLanguage":"de","@id":"https:\/\/www.yoroow.com\/de\/#\/schema\/logo\/image\/","url":"https:\/\/www.yoroow.com\/wp-content\/uploads\/2024\/12\/2024123007131061.png","contentUrl":"https:\/\/www.yoroow.com\/wp-content\/uploads\/2024\/12\/2024123007131061.png","width":168,"height":27,"caption":"YOROOW"},"image":{"@id":"https:\/\/www.yoroow.com\/de\/#\/schema\/logo\/image\/"},"sameAs":["https:\/\/www.facebook.com\/people\/yoroowfaucetfactory\/61564236752362\/"]}]}},"_links":{"self":[{"href":"https:\/\/www.yoroow.com\/de\/wp-json\/wp\/v2\/product\/11719","targetHints":{"allow":["GET"]}}],"collection":[{"href":"https:\/\/www.yoroow.com\/de\/wp-json\/wp\/v2\/product"}],"about":[{"href":"https:\/\/www.yoroow.com\/de\/wp-json\/wp\/v2\/types\/product"}],"wp:featuredmedia":[{"embeddable":true,"href":"https:\/\/www.yoroow.com\/de\/wp-json\/wp\/v2\/media\/11724"}],"wp:attachment":[{"href":"https:\/\/www.yoroow.com\/de\/wp-json\/wp\/v2\/media?parent=11719"}],"wp:term":[{"taxonomy":"product_brand","embeddable":true,"href":"https:\/\/www.yoroow.com\/de\/wp-json\/wp\/v2\/product_brand?post=11719"},{"taxonomy":"product_cat","embeddable":true,"href":"https:\/\/www.yoroow.com\/de\/wp-json\/wp\/v2\/product_cat?post=11719"},{"taxonomy":"product_tag","embeddable":true,"href":"https:\/\/www.yoroow.com\/de\/wp-json\/wp\/v2\/product_tag?post=11719"}],"curies":[{"name":"wp","href":"https:\/\/api.w.org\/{rel}","templated":true}]}}