{"id":11622,"date":"2025-02-20T16:56:03","date_gmt":"2025-02-20T08:56:03","guid":{"rendered":"https:\/\/www.yoroow.com\/?post_type=product&#038;p=11622"},"modified":"2025-05-16T09:25:39","modified_gmt":"2025-05-16T01:25:39","slug":"billiger-preis-kuchenarmatur-deck-montiert-kuchenarmatur-fur-hotel-wohnung-kuche","status":"publish","type":"product","link":"https:\/\/www.yoroow.com\/de\/produktdetail\/billiger-preis-kuchenarmatur-deck-montiert-kuchenarmatur-fur-hotel-wohnung-kuche\/","title":{"rendered":"G\u00fcnstiger Preis Industrielle K\u00fcchenarmatur Einzelne kalte K\u00fcchenmischbatterie Aufgesetzte K\u00fcchenarmatur f\u00fcr Hotel Apartment K\u00fcche"},"content":{"rendered":"<p>Die Industriek\u00fcchenarmatur Single Cold ist eine robuste und zuverl\u00e4ssige K\u00fcchenarmatur, die sich f\u00fcr Hotels, Restaurants und Wohnk\u00fcchen eignet. Ihr industrielles Design und die Montage auf dem Boden machen sie ideal f\u00fcr moderne und minimalistische K\u00fcchen. Die Armatur besteht aus einer hochfesten Zinklegierung und ist f\u00fcr den harten t\u00e4glichen Gebrauch ausgelegt. Diese Armatur ist kosteng\u00fcnstig und direkt von der YOROOW-Fabrik in China erh\u00e4ltlich und bietet au\u00dfergew\u00f6hnliche Qualit\u00e4t zu wettbewerbsf\u00e4higen Preisen. Aufgrund der starken Nachfrage in S\u00fcdamerika und S\u00fcdostasien ist diese Armatur die perfekte L\u00f6sung f\u00fcr Unternehmen, die eine funktionelle und dennoch erschwingliche L\u00f6sung f\u00fcr gro\u00dfe K\u00fcchen suchen.<\/p>","protected":false},"excerpt":{"rendered":"<p>The Industrial Kitchen Faucet Single Cold is a robust and reliable kitchen fixture suitable for hotels, restaurants, and apartment kitchens. Its industrial design with a deck-mounted installation makes it ideal for modern and minimalist kitchen designs. Constructed from high-strength zinc alloy, it is built to withstand heavy daily use. This faucet is cost-effective and available\u2026<\/p>","protected":false},"featured_media":11542,"template":"","meta":{"_acf_changed":false,"_kad_post_transparent":"default","_kad_post_title":"","_kad_post_layout":"default","_kad_post_sidebar_id":"","_kad_post_content_style":"default","_kad_post_vertical_padding":"default","_kad_post_feature":"","_kad_post_feature_position":"","_kad_post_header":false,"_kad_post_footer":false},"product_brand":[],"product_cat":[221,1535],"product_tag":[3283,3341],"class_list":{"0":"post-11622","1":"product","2":"type-product","3":"status-publish","4":"has-post-thumbnail","6":"product_cat-single-cold-kitchen-faucet-kitchen-faucet","7":"product_cat-052aseries","8":"product_tag-industrial-kitchen-faucet","9":"product_tag-industrial-kitchen-mixer-taps","11":"first","12":"instock","13":"shipping-taxable","14":"purchasable","15":"product-type-variable","16":"wvs-archive-product-wrapper","17":"entry","18":"content-bg","19":"loop-entry"},"acf":[],"yoast_head":"<!-- This site is optimized with the Yoast SEO Premium plugin v25.4 (Yoast SEO v27.0) - https:\/\/yoast.com\/product\/yoast-seo-premium-wordpress\/ -->\n<title>Cheap price Industrial Kitchen Faucet Single Cold Kitchen Mixer Taps Deck Mounted Kitchen Tap for Hotel Apartment Kitchen - YOROOW<\/title>\n<meta name=\"description\" content=\"Industrial single cold kitchen mixer tap with deck mounting for hotels and apartments offers robust and affordable design. Made in China with strong quality checks, ideal for South American and Southeast Asian wholesale buyers.\" \/>\n<meta name=\"robots\" content=\"index, follow, max-snippet:-1, max-image-preview:large, max-video-preview:-1\" \/>\n<link rel=\"canonical\" href=\"https:\/\/www.yoroow.com\/de\/produktdetail\/billiger-preis-kuchenarmatur-deck-montiert-kuchenarmatur-fur-hotel-wohnung-kuche\/\" \/>\n<meta property=\"og:locale\" content=\"de_DE\" \/>\n<meta property=\"og:type\" content=\"article\" \/>\n<meta property=\"og:title\" content=\"Cheap price Industrial Kitchen Faucet Single Cold Kitchen Mixer Taps Deck Mounted Kitchen Tap for Hotel Apartment Kitchen\" \/>\n<meta property=\"og:description\" content=\"Industrial single cold kitchen mixer tap with deck mounting for hotels and apartments offers robust and affordable design. Made in China with strong quality checks, ideal for South American and Southeast Asian wholesale buyers.\" \/>\n<meta property=\"og:url\" content=\"https:\/\/www.yoroow.com\/de\/produktdetail\/billiger-preis-kuchenarmatur-deck-montiert-kuchenarmatur-fur-hotel-wohnung-kuche\/\" \/>\n<meta property=\"og:site_name\" content=\"YOROOW\" \/>\n<meta property=\"article:publisher\" content=\"https:\/\/www.facebook.com\/people\/yoroowfaucetfactory\/61564236752362\/\" \/>\n<meta property=\"article:modified_time\" content=\"2025-05-16T01:25:39+00:00\" \/>\n<meta property=\"og:image\" content=\"https:\/\/www.yoroow.com\/wp-content\/uploads\/2025\/02\/7-2.jpg\" \/>\n\t<meta property=\"og:image:width\" content=\"662\" \/>\n\t<meta property=\"og:image:height\" content=\"662\" \/>\n\t<meta property=\"og:image:type\" content=\"image\/jpeg\" \/>\n<meta name=\"twitter:card\" content=\"summary_large_image\" \/>\n<meta name=\"twitter:label1\" content=\"Gesch\u00e4tzte Lesezeit\" \/>\n\t<meta name=\"twitter:data1\" content=\"1\u00a0Minute\" \/>\n<script type=\"application\/ld+json\" class=\"yoast-schema-graph\">{\"@context\":\"https:\/\/schema.org\",\"@graph\":[{\"@type\":\"WebPage\",\"@id\":\"https:\/\/www.yoroow.com\/de\/produktdetail\/billiger-preis-kuchenarmatur-deck-montiert-kuchenarmatur-fur-hotel-wohnung-kuche\/\",\"url\":\"https:\/\/www.yoroow.com\/de\/produktdetail\/billiger-preis-kuchenarmatur-deck-montiert-kuchenarmatur-fur-hotel-wohnung-kuche\/\",\"name\":\"Cheap price Industrial Kitchen Faucet Single Cold Kitchen Mixer Taps Deck Mounted Kitchen Tap for Hotel Apartment Kitchen - YOROOW\",\"isPartOf\":{\"@id\":\"https:\/\/www.yoroow.com\/de\/#website\"},\"primaryImageOfPage\":{\"@id\":\"https:\/\/www.yoroow.com\/de\/produktdetail\/billiger-preis-kuchenarmatur-deck-montiert-kuchenarmatur-fur-hotel-wohnung-kuche\/#primaryimage\"},\"image\":{\"@id\":\"https:\/\/www.yoroow.com\/de\/produktdetail\/billiger-preis-kuchenarmatur-deck-montiert-kuchenarmatur-fur-hotel-wohnung-kuche\/#primaryimage\"},\"thumbnailUrl\":\"https:\/\/www.yoroow.com\/wp-content\/uploads\/2025\/02\/7-2.jpg\",\"datePublished\":\"2025-02-20T08:56:03+00:00\",\"dateModified\":\"2025-05-16T01:25:39+00:00\",\"description\":\"Industrial single cold kitchen mixer tap with deck mounting for hotels and apartments offers robust and affordable design. Made in China with strong quality checks, ideal for South American and Southeast Asian wholesale buyers.\",\"breadcrumb\":{\"@id\":\"https:\/\/www.yoroow.com\/de\/produktdetail\/billiger-preis-kuchenarmatur-deck-montiert-kuchenarmatur-fur-hotel-wohnung-kuche\/#breadcrumb\"},\"inLanguage\":\"de\",\"potentialAction\":[{\"@type\":\"ReadAction\",\"target\":[\"https:\/\/www.yoroow.com\/de\/produktdetail\/billiger-preis-kuchenarmatur-deck-montiert-kuchenarmatur-fur-hotel-wohnung-kuche\/\"]}]},{\"@type\":\"ImageObject\",\"inLanguage\":\"de\",\"@id\":\"https:\/\/www.yoroow.com\/de\/produktdetail\/billiger-preis-kuchenarmatur-deck-montiert-kuchenarmatur-fur-hotel-wohnung-kuche\/#primaryimage\",\"url\":\"https:\/\/www.yoroow.com\/wp-content\/uploads\/2025\/02\/7-2.jpg\",\"contentUrl\":\"https:\/\/www.yoroow.com\/wp-content\/uploads\/2025\/02\/7-2.jpg\",\"width\":662,\"height\":662,\"caption\":\"Best Selling Wall Mounted Single Lever Kitchen Tap Commercial Kitchen Faucet with Zinc Sink Single Cold Gourmet Faucet\"},{\"@type\":\"BreadcrumbList\",\"@id\":\"https:\/\/www.yoroow.com\/de\/produktdetail\/billiger-preis-kuchenarmatur-deck-montiert-kuchenarmatur-fur-hotel-wohnung-kuche\/#breadcrumb\",\"itemListElement\":[{\"@type\":\"ListItem\",\"position\":1,\"name\":\"home\",\"item\":\"https:\/\/www.yoroow.com\/\"},{\"@type\":\"ListItem\",\"position\":2,\"name\":\"Product\",\"item\":\"https:\/\/www.yoroow.com\/product\/\"},{\"@type\":\"ListItem\",\"position\":3,\"name\":\"Cheap price Industrial Kitchen Faucet Single Cold Kitchen Mixer Taps Deck Mounted Kitchen Tap for Hotel Apartment Kitchen\"}]},{\"@type\":\"WebSite\",\"@id\":\"https:\/\/www.yoroow.com\/de\/#website\",\"url\":\"https:\/\/www.yoroow.com\/de\/\",\"name\":\"YOROOW\",\"description\":\"\",\"publisher\":{\"@id\":\"https:\/\/www.yoroow.com\/de\/#organization\"},\"potentialAction\":[{\"@type\":\"SearchAction\",\"target\":{\"@type\":\"EntryPoint\",\"urlTemplate\":\"https:\/\/www.yoroow.com\/de\/?s={search_term_string}\"},\"query-input\":{\"@type\":\"PropertyValueSpecification\",\"valueRequired\":true,\"valueName\":\"search_term_string\"}}],\"inLanguage\":\"de\"},{\"@type\":\"Organization\",\"@id\":\"https:\/\/www.yoroow.com\/de\/#organization\",\"name\":\"YOROOW\",\"url\":\"https:\/\/www.yoroow.com\/de\/\",\"logo\":{\"@type\":\"ImageObject\",\"inLanguage\":\"de\",\"@id\":\"https:\/\/www.yoroow.com\/de\/#\/schema\/logo\/image\/\",\"url\":\"https:\/\/www.yoroow.com\/wp-content\/uploads\/2024\/12\/2024123007131061.png\",\"contentUrl\":\"https:\/\/www.yoroow.com\/wp-content\/uploads\/2024\/12\/2024123007131061.png\",\"width\":168,\"height\":27,\"caption\":\"YOROOW\"},\"image\":{\"@id\":\"https:\/\/www.yoroow.com\/de\/#\/schema\/logo\/image\/\"},\"sameAs\":[\"https:\/\/www.facebook.com\/people\/yoroowfaucetfactory\/61564236752362\/\"]}]}<\/script>\n<!-- \/ Yoast SEO Premium plugin. -->","yoast_head_json":{"title":"Cheap price Industrial Kitchen Faucet Single Cold Kitchen Mixer Taps Deck Mounted Kitchen Tap for Hotel Apartment Kitchen - YOROOW","description":"Industrial single cold kitchen mixer tap with deck mounting for hotels and apartments offers robust and affordable design. Made in China with strong quality checks, ideal for South American and Southeast Asian wholesale buyers.","robots":{"index":"index","follow":"follow","max-snippet":"max-snippet:-1","max-image-preview":"max-image-preview:large","max-video-preview":"max-video-preview:-1"},"canonical":"https:\/\/www.yoroow.com\/de\/produktdetail\/billiger-preis-kuchenarmatur-deck-montiert-kuchenarmatur-fur-hotel-wohnung-kuche\/","og_locale":"de_DE","og_type":"article","og_title":"Cheap price Industrial Kitchen Faucet Single Cold Kitchen Mixer Taps Deck Mounted Kitchen Tap for Hotel Apartment Kitchen","og_description":"Industrial single cold kitchen mixer tap with deck mounting for hotels and apartments offers robust and affordable design. Made in China with strong quality checks, ideal for South American and Southeast Asian wholesale buyers.","og_url":"https:\/\/www.yoroow.com\/de\/produktdetail\/billiger-preis-kuchenarmatur-deck-montiert-kuchenarmatur-fur-hotel-wohnung-kuche\/","og_site_name":"YOROOW","article_publisher":"https:\/\/www.facebook.com\/people\/yoroowfaucetfactory\/61564236752362\/","article_modified_time":"2025-05-16T01:25:39+00:00","og_image":[{"width":662,"height":662,"url":"https:\/\/www.yoroow.com\/wp-content\/uploads\/2025\/02\/7-2.jpg","type":"image\/jpeg"}],"twitter_card":"summary_large_image","twitter_misc":{"Gesch\u00e4tzte Lesezeit":"1\u00a0Minute"},"schema":{"@context":"https:\/\/schema.org","@graph":[{"@type":"WebPage","@id":"https:\/\/www.yoroow.com\/de\/produktdetail\/billiger-preis-kuchenarmatur-deck-montiert-kuchenarmatur-fur-hotel-wohnung-kuche\/","url":"https:\/\/www.yoroow.com\/de\/produktdetail\/billiger-preis-kuchenarmatur-deck-montiert-kuchenarmatur-fur-hotel-wohnung-kuche\/","name":"Cheap price Industrial Kitchen Faucet Single Cold Kitchen Mixer Taps Deck Mounted Kitchen Tap for Hotel Apartment Kitchen - YOROOW","isPartOf":{"@id":"https:\/\/www.yoroow.com\/de\/#website"},"primaryImageOfPage":{"@id":"https:\/\/www.yoroow.com\/de\/produktdetail\/billiger-preis-kuchenarmatur-deck-montiert-kuchenarmatur-fur-hotel-wohnung-kuche\/#primaryimage"},"image":{"@id":"https:\/\/www.yoroow.com\/de\/produktdetail\/billiger-preis-kuchenarmatur-deck-montiert-kuchenarmatur-fur-hotel-wohnung-kuche\/#primaryimage"},"thumbnailUrl":"https:\/\/www.yoroow.com\/wp-content\/uploads\/2025\/02\/7-2.jpg","datePublished":"2025-02-20T08:56:03+00:00","dateModified":"2025-05-16T01:25:39+00:00","description":"Industrial single cold kitchen mixer tap with deck mounting for hotels and apartments offers robust and affordable design. Made in China with strong quality checks, ideal for South American and Southeast Asian wholesale buyers.","breadcrumb":{"@id":"https:\/\/www.yoroow.com\/de\/produktdetail\/billiger-preis-kuchenarmatur-deck-montiert-kuchenarmatur-fur-hotel-wohnung-kuche\/#breadcrumb"},"inLanguage":"de","potentialAction":[{"@type":"ReadAction","target":["https:\/\/www.yoroow.com\/de\/produktdetail\/billiger-preis-kuchenarmatur-deck-montiert-kuchenarmatur-fur-hotel-wohnung-kuche\/"]}]},{"@type":"ImageObject","inLanguage":"de","@id":"https:\/\/www.yoroow.com\/de\/produktdetail\/billiger-preis-kuchenarmatur-deck-montiert-kuchenarmatur-fur-hotel-wohnung-kuche\/#primaryimage","url":"https:\/\/www.yoroow.com\/wp-content\/uploads\/2025\/02\/7-2.jpg","contentUrl":"https:\/\/www.yoroow.com\/wp-content\/uploads\/2025\/02\/7-2.jpg","width":662,"height":662,"caption":"Best Selling Wall Mounted Single Lever Kitchen Tap Commercial Kitchen Faucet with Zinc Sink Single Cold Gourmet Faucet"},{"@type":"BreadcrumbList","@id":"https:\/\/www.yoroow.com\/de\/produktdetail\/billiger-preis-kuchenarmatur-deck-montiert-kuchenarmatur-fur-hotel-wohnung-kuche\/#breadcrumb","itemListElement":[{"@type":"ListItem","position":1,"name":"home","item":"https:\/\/www.yoroow.com\/"},{"@type":"ListItem","position":2,"name":"Product","item":"https:\/\/www.yoroow.com\/product\/"},{"@type":"ListItem","position":3,"name":"Cheap price Industrial Kitchen Faucet Single Cold Kitchen Mixer Taps Deck Mounted Kitchen Tap for Hotel Apartment Kitchen"}]},{"@type":"WebSite","@id":"https:\/\/www.yoroow.com\/de\/#website","url":"https:\/\/www.yoroow.com\/de\/","name":"YOROOW","description":"","publisher":{"@id":"https:\/\/www.yoroow.com\/de\/#organization"},"potentialAction":[{"@type":"SearchAction","target":{"@type":"EntryPoint","urlTemplate":"https:\/\/www.yoroow.com\/de\/?s={search_term_string}"},"query-input":{"@type":"PropertyValueSpecification","valueRequired":true,"valueName":"search_term_string"}}],"inLanguage":"de"},{"@type":"Organization","@id":"https:\/\/www.yoroow.com\/de\/#organization","name":"YOROOW","url":"https:\/\/www.yoroow.com\/de\/","logo":{"@type":"ImageObject","inLanguage":"de","@id":"https:\/\/www.yoroow.com\/de\/#\/schema\/logo\/image\/","url":"https:\/\/www.yoroow.com\/wp-content\/uploads\/2024\/12\/2024123007131061.png","contentUrl":"https:\/\/www.yoroow.com\/wp-content\/uploads\/2024\/12\/2024123007131061.png","width":168,"height":27,"caption":"YOROOW"},"image":{"@id":"https:\/\/www.yoroow.com\/de\/#\/schema\/logo\/image\/"},"sameAs":["https:\/\/www.facebook.com\/people\/yoroowfaucetfactory\/61564236752362\/"]}]}},"_links":{"self":[{"href":"https:\/\/www.yoroow.com\/de\/wp-json\/wp\/v2\/product\/11622","targetHints":{"allow":["GET"]}}],"collection":[{"href":"https:\/\/www.yoroow.com\/de\/wp-json\/wp\/v2\/product"}],"about":[{"href":"https:\/\/www.yoroow.com\/de\/wp-json\/wp\/v2\/types\/product"}],"wp:featuredmedia":[{"embeddable":true,"href":"https:\/\/www.yoroow.com\/de\/wp-json\/wp\/v2\/media\/11542"}],"wp:attachment":[{"href":"https:\/\/www.yoroow.com\/de\/wp-json\/wp\/v2\/media?parent=11622"}],"wp:term":[{"taxonomy":"product_brand","embeddable":true,"href":"https:\/\/www.yoroow.com\/de\/wp-json\/wp\/v2\/product_brand?post=11622"},{"taxonomy":"product_cat","embeddable":true,"href":"https:\/\/www.yoroow.com\/de\/wp-json\/wp\/v2\/product_cat?post=11622"},{"taxonomy":"product_tag","embeddable":true,"href":"https:\/\/www.yoroow.com\/de\/wp-json\/wp\/v2\/product_tag?post=11622"}],"curies":[{"name":"wp","href":"https:\/\/api.w.org\/{rel}","templated":true}]}}