{"id":11615,"date":"2025-02-20T16:56:01","date_gmt":"2025-02-20T08:56:01","guid":{"rendered":"https:\/\/www.yoroow.com\/?post_type=product&#038;p=11615"},"modified":"2025-05-16T09:25:37","modified_gmt":"2025-05-16T01:25:37","slug":"neue-ankunft-kuchenarmatur-fur-hotel-wohnung-kuche-kuche-wasserhahn-wirtschaftlich-wasserhahn-wasserhahne","status":"publish","type":"product","link":"https:\/\/www.yoroow.com\/de\/produktdetail\/neue-ankunft-kuchenarmatur-fur-hotel-wohnung-kuche-kuche-wasserhahn-wirtschaftlich-wasserhahn-wasserhahne\/","title":{"rendered":"Antiker einzelner kalter K\u00fcchenhahn mit langem Arm K\u00fcchenhahn f\u00fcr Hotels &amp; Wohnungen Elegante Wasserh\u00e4hne"},"content":{"rendered":"<p>Die antike K\u00fcchenarmatur mit langem Arm ist eine Armatur im Vintage-Stil, die f\u00fcr Hotel- und Apartmentk\u00fcchen entwickelt wurde. Aus hochwertigem Messing gefertigt und mit einer Antikbeschichtung versehen, verleiht sie traditionellen oder rustikalen K\u00fcchendesigns einen zeitlosen Charme. Der lange Arm sorgt f\u00fcr Flexibilit\u00e4t und Benutzerfreundlichkeit, ideal f\u00fcr gro\u00dfe Sp\u00fclbecken oder Bereiche, die eine gr\u00f6\u00dfere Reichweite erfordern. Diese Armatur wird in China hergestellt und profitiert von den fortschrittlichen Produktionstechniken von YOROOW, die sowohl Sch\u00f6nheit als auch Langlebigkeit garantieren. Diese Armatur erfreut sich zunehmender Beliebtheit auf den s\u00fcdamerikanischen und s\u00fcdostasiatischen M\u00e4rkten, wo Vintage- und klassische Designs aufgrund ihrer einzigartigen \u00c4sthetik zunehmend gefragt sind.<\/p>","protected":false},"excerpt":{"rendered":"<p>Die antike K\u00fcchenarmatur mit langem Arm ist eine Armatur im Vintage-Stil, die f\u00fcr Hotel- und Apartmentk\u00fcchen entwickelt wurde. Aus hochwertigem Messing gefertigt und mit einer Antikbeschichtung versehen, verleiht sie traditionellen oder rustikalen K\u00fcchendesigns einen zeitlosen Charme. Der lange Arm sorgt f\u00fcr Flexibilit\u00e4t und Benutzerfreundlichkeit, ideal f\u00fcr gro\u00dfe Sp\u00fclen oder...<\/p>","protected":false},"featured_media":11541,"template":"","meta":{"_acf_changed":false,"_kad_post_transparent":"default","_kad_post_title":"","_kad_post_layout":"default","_kad_post_sidebar_id":"","_kad_post_content_style":"default","_kad_post_vertical_padding":"default","_kad_post_feature":"","_kad_post_feature_position":"","_kad_post_header":false,"_kad_post_footer":false},"product_brand":[],"product_cat":[221,1535],"product_tag":[3196,3270],"class_list":{"0":"post-11615","1":"product","2":"type-product","3":"status-publish","4":"has-post-thumbnail","6":"product_cat-single-cold-kitchen-faucet-kitchen-faucet","7":"product_cat-052aseries","8":"product_tag-antique-kitchen-faucet","9":"product_tag-long-arm-kitchen-faucet","11":"first","12":"instock","13":"shipping-taxable","14":"purchasable","15":"product-type-variable","16":"wvs-archive-product-wrapper","17":"entry","18":"content-bg","19":"loop-entry"},"acf":[],"yoast_head":"<!-- This site is optimized with the Yoast SEO Premium plugin v25.4 (Yoast SEO v27.0) - https:\/\/yoast.com\/product\/yoast-seo-premium-wordpress\/ -->\n<title>Antique Single Cold Kitchen Faucet with Long Arm Kitchen Tap for Hotels &amp; Apartments Elegant Faucet Taps - YOROOW<\/title>\n<meta name=\"description\" content=\"Antique single cold kitchen faucet with extended arm design suited for hotel and apartment use. Chinese manufacturer ensures durability and compliance for export markets in Latin America and Southeast Asia.\" \/>\n<meta name=\"robots\" content=\"index, follow, max-snippet:-1, max-image-preview:large, max-video-preview:-1\" \/>\n<link rel=\"canonical\" href=\"https:\/\/www.yoroow.com\/de\/produktdetail\/neue-ankunft-kuchenarmatur-fur-hotel-wohnung-kuche-kuche-wasserhahn-wirtschaftlich-wasserhahn-wasserhahne\/\" \/>\n<meta property=\"og:locale\" content=\"de_DE\" \/>\n<meta property=\"og:type\" content=\"article\" \/>\n<meta property=\"og:title\" content=\"Antique Single Cold Kitchen Faucet with Long Arm Kitchen Tap for Hotels &amp; Apartments Elegant Faucet Taps\" \/>\n<meta property=\"og:description\" content=\"Antique single cold kitchen faucet with extended arm design suited for hotel and apartment use. Chinese manufacturer ensures durability and compliance for export markets in Latin America and Southeast Asia.\" \/>\n<meta property=\"og:url\" content=\"https:\/\/www.yoroow.com\/de\/produktdetail\/neue-ankunft-kuchenarmatur-fur-hotel-wohnung-kuche-kuche-wasserhahn-wirtschaftlich-wasserhahn-wasserhahne\/\" \/>\n<meta property=\"og:site_name\" content=\"YOROOW\" \/>\n<meta property=\"article:publisher\" content=\"https:\/\/www.facebook.com\/people\/yoroowfaucetfactory\/61564236752362\/\" \/>\n<meta property=\"article:modified_time\" content=\"2025-05-16T01:25:37+00:00\" \/>\n<meta property=\"og:image\" content=\"https:\/\/www.yoroow.com\/wp-content\/uploads\/2025\/02\/6-2.jpg\" \/>\n\t<meta property=\"og:image:width\" content=\"654\" \/>\n\t<meta property=\"og:image:height\" content=\"654\" \/>\n\t<meta property=\"og:image:type\" content=\"image\/jpeg\" \/>\n<meta name=\"twitter:card\" content=\"summary_large_image\" \/>\n<meta name=\"twitter:label1\" content=\"Gesch\u00e4tzte Lesezeit\" \/>\n\t<meta name=\"twitter:data1\" content=\"1\u00a0Minute\" \/>\n<script type=\"application\/ld+json\" class=\"yoast-schema-graph\">{\"@context\":\"https:\/\/schema.org\",\"@graph\":[{\"@type\":\"WebPage\",\"@id\":\"https:\/\/www.yoroow.com\/de\/produktdetail\/neue-ankunft-kuchenarmatur-fur-hotel-wohnung-kuche-kuche-wasserhahn-wirtschaftlich-wasserhahn-wasserhahne\/\",\"url\":\"https:\/\/www.yoroow.com\/de\/produktdetail\/neue-ankunft-kuchenarmatur-fur-hotel-wohnung-kuche-kuche-wasserhahn-wirtschaftlich-wasserhahn-wasserhahne\/\",\"name\":\"Antique Single Cold Kitchen Faucet with Long Arm Kitchen Tap for Hotels & Apartments Elegant Faucet Taps - YOROOW\",\"isPartOf\":{\"@id\":\"https:\/\/www.yoroow.com\/de\/#website\"},\"primaryImageOfPage\":{\"@id\":\"https:\/\/www.yoroow.com\/de\/produktdetail\/neue-ankunft-kuchenarmatur-fur-hotel-wohnung-kuche-kuche-wasserhahn-wirtschaftlich-wasserhahn-wasserhahne\/#primaryimage\"},\"image\":{\"@id\":\"https:\/\/www.yoroow.com\/de\/produktdetail\/neue-ankunft-kuchenarmatur-fur-hotel-wohnung-kuche-kuche-wasserhahn-wirtschaftlich-wasserhahn-wasserhahne\/#primaryimage\"},\"thumbnailUrl\":\"https:\/\/www.yoroow.com\/wp-content\/uploads\/2025\/02\/6-2.jpg\",\"datePublished\":\"2025-02-20T08:56:01+00:00\",\"dateModified\":\"2025-05-16T01:25:37+00:00\",\"description\":\"Antique single cold kitchen faucet with extended arm design suited for hotel and apartment use. Chinese manufacturer ensures durability and compliance for export markets in Latin America and Southeast Asia.\",\"breadcrumb\":{\"@id\":\"https:\/\/www.yoroow.com\/de\/produktdetail\/neue-ankunft-kuchenarmatur-fur-hotel-wohnung-kuche-kuche-wasserhahn-wirtschaftlich-wasserhahn-wasserhahne\/#breadcrumb\"},\"inLanguage\":\"de\",\"potentialAction\":[{\"@type\":\"ReadAction\",\"target\":[\"https:\/\/www.yoroow.com\/de\/produktdetail\/neue-ankunft-kuchenarmatur-fur-hotel-wohnung-kuche-kuche-wasserhahn-wirtschaftlich-wasserhahn-wasserhahne\/\"]}]},{\"@type\":\"ImageObject\",\"inLanguage\":\"de\",\"@id\":\"https:\/\/www.yoroow.com\/de\/produktdetail\/neue-ankunft-kuchenarmatur-fur-hotel-wohnung-kuche-kuche-wasserhahn-wirtschaftlich-wasserhahn-wasserhahne\/#primaryimage\",\"url\":\"https:\/\/www.yoroow.com\/wp-content\/uploads\/2025\/02\/6-2.jpg\",\"contentUrl\":\"https:\/\/www.yoroow.com\/wp-content\/uploads\/2025\/02\/6-2.jpg\",\"width\":654,\"height\":654,\"caption\":\"Best Selling Wall Mounted Single Lever Kitchen Tap Commercial Kitchen Faucet with Zinc Sink Single Cold Gourmet Faucet\"},{\"@type\":\"BreadcrumbList\",\"@id\":\"https:\/\/www.yoroow.com\/de\/produktdetail\/neue-ankunft-kuchenarmatur-fur-hotel-wohnung-kuche-kuche-wasserhahn-wirtschaftlich-wasserhahn-wasserhahne\/#breadcrumb\",\"itemListElement\":[{\"@type\":\"ListItem\",\"position\":1,\"name\":\"home\",\"item\":\"https:\/\/www.yoroow.com\/\"},{\"@type\":\"ListItem\",\"position\":2,\"name\":\"Product\",\"item\":\"https:\/\/www.yoroow.com\/product\/\"},{\"@type\":\"ListItem\",\"position\":3,\"name\":\"Antique Single Cold Kitchen Faucet with Long Arm Kitchen Tap for Hotels &#038; Apartments Elegant Faucet Taps\"}]},{\"@type\":\"WebSite\",\"@id\":\"https:\/\/www.yoroow.com\/de\/#website\",\"url\":\"https:\/\/www.yoroow.com\/de\/\",\"name\":\"YOROOW\",\"description\":\"\",\"publisher\":{\"@id\":\"https:\/\/www.yoroow.com\/de\/#organization\"},\"potentialAction\":[{\"@type\":\"SearchAction\",\"target\":{\"@type\":\"EntryPoint\",\"urlTemplate\":\"https:\/\/www.yoroow.com\/de\/?s={search_term_string}\"},\"query-input\":{\"@type\":\"PropertyValueSpecification\",\"valueRequired\":true,\"valueName\":\"search_term_string\"}}],\"inLanguage\":\"de\"},{\"@type\":\"Organization\",\"@id\":\"https:\/\/www.yoroow.com\/de\/#organization\",\"name\":\"YOROOW\",\"url\":\"https:\/\/www.yoroow.com\/de\/\",\"logo\":{\"@type\":\"ImageObject\",\"inLanguage\":\"de\",\"@id\":\"https:\/\/www.yoroow.com\/de\/#\/schema\/logo\/image\/\",\"url\":\"https:\/\/www.yoroow.com\/wp-content\/uploads\/2024\/12\/2024123007131061.png\",\"contentUrl\":\"https:\/\/www.yoroow.com\/wp-content\/uploads\/2024\/12\/2024123007131061.png\",\"width\":168,\"height\":27,\"caption\":\"YOROOW\"},\"image\":{\"@id\":\"https:\/\/www.yoroow.com\/de\/#\/schema\/logo\/image\/\"},\"sameAs\":[\"https:\/\/www.facebook.com\/people\/yoroowfaucetfactory\/61564236752362\/\"]}]}<\/script>\n<!-- \/ Yoast SEO Premium plugin. -->","yoast_head_json":{"title":"Antique Single Cold Kitchen Faucet with Long Arm Kitchen Tap for Hotels & Apartments Elegant Faucet Taps - YOROOW","description":"Antique single cold kitchen faucet with extended arm design suited for hotel and apartment use. Chinese manufacturer ensures durability and compliance for export markets in Latin America and Southeast Asia.","robots":{"index":"index","follow":"follow","max-snippet":"max-snippet:-1","max-image-preview":"max-image-preview:large","max-video-preview":"max-video-preview:-1"},"canonical":"https:\/\/www.yoroow.com\/de\/produktdetail\/neue-ankunft-kuchenarmatur-fur-hotel-wohnung-kuche-kuche-wasserhahn-wirtschaftlich-wasserhahn-wasserhahne\/","og_locale":"de_DE","og_type":"article","og_title":"Antique Single Cold Kitchen Faucet with Long Arm Kitchen Tap for Hotels & Apartments Elegant Faucet Taps","og_description":"Antique single cold kitchen faucet with extended arm design suited for hotel and apartment use. Chinese manufacturer ensures durability and compliance for export markets in Latin America and Southeast Asia.","og_url":"https:\/\/www.yoroow.com\/de\/produktdetail\/neue-ankunft-kuchenarmatur-fur-hotel-wohnung-kuche-kuche-wasserhahn-wirtschaftlich-wasserhahn-wasserhahne\/","og_site_name":"YOROOW","article_publisher":"https:\/\/www.facebook.com\/people\/yoroowfaucetfactory\/61564236752362\/","article_modified_time":"2025-05-16T01:25:37+00:00","og_image":[{"width":654,"height":654,"url":"https:\/\/www.yoroow.com\/wp-content\/uploads\/2025\/02\/6-2.jpg","type":"image\/jpeg"}],"twitter_card":"summary_large_image","twitter_misc":{"Gesch\u00e4tzte Lesezeit":"1\u00a0Minute"},"schema":{"@context":"https:\/\/schema.org","@graph":[{"@type":"WebPage","@id":"https:\/\/www.yoroow.com\/de\/produktdetail\/neue-ankunft-kuchenarmatur-fur-hotel-wohnung-kuche-kuche-wasserhahn-wirtschaftlich-wasserhahn-wasserhahne\/","url":"https:\/\/www.yoroow.com\/de\/produktdetail\/neue-ankunft-kuchenarmatur-fur-hotel-wohnung-kuche-kuche-wasserhahn-wirtschaftlich-wasserhahn-wasserhahne\/","name":"Antique Single Cold Kitchen Faucet with Long Arm Kitchen Tap for Hotels & Apartments Elegant Faucet Taps - YOROOW","isPartOf":{"@id":"https:\/\/www.yoroow.com\/de\/#website"},"primaryImageOfPage":{"@id":"https:\/\/www.yoroow.com\/de\/produktdetail\/neue-ankunft-kuchenarmatur-fur-hotel-wohnung-kuche-kuche-wasserhahn-wirtschaftlich-wasserhahn-wasserhahne\/#primaryimage"},"image":{"@id":"https:\/\/www.yoroow.com\/de\/produktdetail\/neue-ankunft-kuchenarmatur-fur-hotel-wohnung-kuche-kuche-wasserhahn-wirtschaftlich-wasserhahn-wasserhahne\/#primaryimage"},"thumbnailUrl":"https:\/\/www.yoroow.com\/wp-content\/uploads\/2025\/02\/6-2.jpg","datePublished":"2025-02-20T08:56:01+00:00","dateModified":"2025-05-16T01:25:37+00:00","description":"Antique single cold kitchen faucet with extended arm design suited for hotel and apartment use. Chinese manufacturer ensures durability and compliance for export markets in Latin America and Southeast Asia.","breadcrumb":{"@id":"https:\/\/www.yoroow.com\/de\/produktdetail\/neue-ankunft-kuchenarmatur-fur-hotel-wohnung-kuche-kuche-wasserhahn-wirtschaftlich-wasserhahn-wasserhahne\/#breadcrumb"},"inLanguage":"de","potentialAction":[{"@type":"ReadAction","target":["https:\/\/www.yoroow.com\/de\/produktdetail\/neue-ankunft-kuchenarmatur-fur-hotel-wohnung-kuche-kuche-wasserhahn-wirtschaftlich-wasserhahn-wasserhahne\/"]}]},{"@type":"ImageObject","inLanguage":"de","@id":"https:\/\/www.yoroow.com\/de\/produktdetail\/neue-ankunft-kuchenarmatur-fur-hotel-wohnung-kuche-kuche-wasserhahn-wirtschaftlich-wasserhahn-wasserhahne\/#primaryimage","url":"https:\/\/www.yoroow.com\/wp-content\/uploads\/2025\/02\/6-2.jpg","contentUrl":"https:\/\/www.yoroow.com\/wp-content\/uploads\/2025\/02\/6-2.jpg","width":654,"height":654,"caption":"Best Selling Wall Mounted Single Lever Kitchen Tap Commercial Kitchen Faucet with Zinc Sink Single Cold Gourmet Faucet"},{"@type":"BreadcrumbList","@id":"https:\/\/www.yoroow.com\/de\/produktdetail\/neue-ankunft-kuchenarmatur-fur-hotel-wohnung-kuche-kuche-wasserhahn-wirtschaftlich-wasserhahn-wasserhahne\/#breadcrumb","itemListElement":[{"@type":"ListItem","position":1,"name":"home","item":"https:\/\/www.yoroow.com\/"},{"@type":"ListItem","position":2,"name":"Product","item":"https:\/\/www.yoroow.com\/product\/"},{"@type":"ListItem","position":3,"name":"Antique Single Cold Kitchen Faucet with Long Arm Kitchen Tap for Hotels &#038; Apartments Elegant Faucet Taps"}]},{"@type":"WebSite","@id":"https:\/\/www.yoroow.com\/de\/#website","url":"https:\/\/www.yoroow.com\/de\/","name":"YOROOW","description":"","publisher":{"@id":"https:\/\/www.yoroow.com\/de\/#organization"},"potentialAction":[{"@type":"SearchAction","target":{"@type":"EntryPoint","urlTemplate":"https:\/\/www.yoroow.com\/de\/?s={search_term_string}"},"query-input":{"@type":"PropertyValueSpecification","valueRequired":true,"valueName":"search_term_string"}}],"inLanguage":"de"},{"@type":"Organization","@id":"https:\/\/www.yoroow.com\/de\/#organization","name":"YOROOW","url":"https:\/\/www.yoroow.com\/de\/","logo":{"@type":"ImageObject","inLanguage":"de","@id":"https:\/\/www.yoroow.com\/de\/#\/schema\/logo\/image\/","url":"https:\/\/www.yoroow.com\/wp-content\/uploads\/2024\/12\/2024123007131061.png","contentUrl":"https:\/\/www.yoroow.com\/wp-content\/uploads\/2024\/12\/2024123007131061.png","width":168,"height":27,"caption":"YOROOW"},"image":{"@id":"https:\/\/www.yoroow.com\/de\/#\/schema\/logo\/image\/"},"sameAs":["https:\/\/www.facebook.com\/people\/yoroowfaucetfactory\/61564236752362\/"]}]}},"_links":{"self":[{"href":"https:\/\/www.yoroow.com\/de\/wp-json\/wp\/v2\/product\/11615","targetHints":{"allow":["GET"]}}],"collection":[{"href":"https:\/\/www.yoroow.com\/de\/wp-json\/wp\/v2\/product"}],"about":[{"href":"https:\/\/www.yoroow.com\/de\/wp-json\/wp\/v2\/types\/product"}],"wp:featuredmedia":[{"embeddable":true,"href":"https:\/\/www.yoroow.com\/de\/wp-json\/wp\/v2\/media\/11541"}],"wp:attachment":[{"href":"https:\/\/www.yoroow.com\/de\/wp-json\/wp\/v2\/media?parent=11615"}],"wp:term":[{"taxonomy":"product_brand","embeddable":true,"href":"https:\/\/www.yoroow.com\/de\/wp-json\/wp\/v2\/product_brand?post=11615"},{"taxonomy":"product_cat","embeddable":true,"href":"https:\/\/www.yoroow.com\/de\/wp-json\/wp\/v2\/product_cat?post=11615"},{"taxonomy":"product_tag","embeddable":true,"href":"https:\/\/www.yoroow.com\/de\/wp-json\/wp\/v2\/product_tag?post=11615"}],"curies":[{"name":"wp","href":"https:\/\/api.w.org\/{rel}","templated":true}]}}