{"id":11548,"date":"2025-02-20T16:33:50","date_gmt":"2025-02-20T08:33:50","guid":{"rendered":"https:\/\/www.yoroow.com\/?post_type=product&#038;p=11548"},"modified":"2025-05-16T09:25:29","modified_gmt":"2025-05-16T01:25:29","slug":"meistverkaufte-wandmontierte-gourmet-kuchenarmatur-spultischarmatur-zink-kuchenarmatur-2","status":"publish","type":"product","link":"https:\/\/www.yoroow.com\/de\/produktdetail\/meistverkaufte-wandmontierte-gourmet-kuchenarmatur-spultischarmatur-zink-kuchenarmatur-2\/","title":{"rendered":"Hot Selling Vintage einzelne kalte K\u00fcche Wasserhahn Wand montiert Schwan Peak Zink Wasserhahn Gourmet K\u00fcche Sp\u00fcle Wasserhahn"},"content":{"rendered":"<p>The hot-selling vintage single cold kitchen faucet features a wall-mounted swan peak zinc faucet design, ideal for gourmet kitchen sinks. Its vintage design adds a touch of elegance, while the zinc body ensures long-lasting durability. This faucet is perfect for kitchens in hotels, apartments, and other commercial properties. Manufactured in China by YOROOW, this faucet benefits from the company\u2019s high-quality production standards and competitive pricing, making it an attractive option for export to the South American and Southeast Asian markets. The company offers flexible customization options to suit specific market needs.<\/p>","protected":false},"excerpt":{"rendered":"<p>The hot-selling vintage single cold kitchen faucet features a wall-mounted swan peak zinc faucet design, ideal for gourmet kitchen sinks. Its vintage design adds a touch of elegance, while the zinc body ensures long-lasting durability. This faucet is perfect for kitchens in hotels, apartments, and other commercial properties. Manufactured in China by YOROOW, this faucet&#8230;<\/p>","protected":false},"featured_media":11537,"template":"","meta":{"_acf_changed":false,"_kad_post_transparent":"default","_kad_post_title":"","_kad_post_layout":"default","_kad_post_sidebar_id":"","_kad_post_content_style":"default","_kad_post_vertical_padding":"default","_kad_post_feature":"","_kad_post_feature_position":"","_kad_post_header":false,"_kad_post_footer":false},"product_brand":[],"product_cat":[221,223],"product_tag":[3135,3339],"class_list":{"0":"post-11548","1":"product","2":"type-product","3":"status-publish","4":"has-post-thumbnail","6":"product_cat-single-cold-kitchen-faucet-kitchen-faucet","7":"product_cat-wall-mounted-kitchen-faucet","8":"product_tag-swan-peak-kitchen-single-lever-faucet-tap","9":"product_tag-vintage-kitchen-tap","11":"first","12":"instock","13":"shipping-taxable","14":"purchasable","15":"product-type-variable","16":"wvs-archive-product-wrapper","17":"entry","18":"content-bg","19":"loop-entry"},"acf":[],"yoast_head":"<!-- This site is optimized with the Yoast SEO Premium plugin v25.4 (Yoast SEO v27.0) - https:\/\/yoast.com\/product\/yoast-seo-premium-wordpress\/ -->\n<title>Hot Selling Vintage Single Cold Kitchen Faucet Wall Mounted Swan Peak Zinc Faucet Gourmet Kitchen Sink Tap - YOROOW<\/title>\n<meta name=\"description\" content=\"Vintage wall-mounted swan peak zinc kitchen faucet delivers single cold water with elegant design for hotels and apartments. China-based factory provides quality OEM and export services for Latin America and Southeast Asia.\" \/>\n<meta name=\"robots\" content=\"index, follow, max-snippet:-1, max-image-preview:large, max-video-preview:-1\" \/>\n<link rel=\"canonical\" href=\"https:\/\/www.yoroow.com\/de\/produktdetail\/meistverkaufte-wandmontierte-gourmet-kuchenarmatur-spultischarmatur-zink-kuchenarmatur-2\/\" \/>\n<meta property=\"og:locale\" content=\"de_DE\" \/>\n<meta property=\"og:type\" content=\"article\" \/>\n<meta property=\"og:title\" content=\"Hot Selling Vintage Single Cold Kitchen Faucet Wall Mounted Swan Peak Zinc Faucet Gourmet Kitchen Sink Tap\" \/>\n<meta property=\"og:description\" content=\"Vintage wall-mounted swan peak zinc kitchen faucet delivers single cold water with elegant design for hotels and apartments. China-based factory provides quality OEM and export services for Latin America and Southeast Asia.\" \/>\n<meta property=\"og:url\" content=\"https:\/\/www.yoroow.com\/de\/produktdetail\/meistverkaufte-wandmontierte-gourmet-kuchenarmatur-spultischarmatur-zink-kuchenarmatur-2\/\" \/>\n<meta property=\"og:site_name\" content=\"YOROOW\" \/>\n<meta property=\"article:publisher\" content=\"https:\/\/www.facebook.com\/people\/yoroowfaucetfactory\/61564236752362\/\" \/>\n<meta property=\"article:modified_time\" content=\"2025-05-16T01:25:29+00:00\" \/>\n<meta property=\"og:image\" content=\"https:\/\/www.yoroow.com\/wp-content\/uploads\/2025\/02\/2-1.jpg\" \/>\n\t<meta property=\"og:image:width\" content=\"653\" \/>\n\t<meta property=\"og:image:height\" content=\"653\" \/>\n\t<meta property=\"og:image:type\" content=\"image\/jpeg\" \/>\n<meta name=\"twitter:card\" content=\"summary_large_image\" \/>\n<meta name=\"twitter:label1\" content=\"Gesch\u00e4tzte Lesezeit\" \/>\n\t<meta name=\"twitter:data1\" content=\"1\u00a0Minute\" \/>\n<script type=\"application\/ld+json\" class=\"yoast-schema-graph\">{\"@context\":\"https:\/\/schema.org\",\"@graph\":[{\"@type\":\"WebPage\",\"@id\":\"https:\/\/www.yoroow.com\/de\/produktdetail\/meistverkaufte-wandmontierte-gourmet-kuchenarmatur-spultischarmatur-zink-kuchenarmatur-2\/\",\"url\":\"https:\/\/www.yoroow.com\/de\/produktdetail\/meistverkaufte-wandmontierte-gourmet-kuchenarmatur-spultischarmatur-zink-kuchenarmatur-2\/\",\"name\":\"Hot Selling Vintage Single Cold Kitchen Faucet Wall Mounted Swan Peak Zinc Faucet Gourmet Kitchen Sink Tap - YOROOW\",\"isPartOf\":{\"@id\":\"https:\/\/www.yoroow.com\/de\/#website\"},\"primaryImageOfPage\":{\"@id\":\"https:\/\/www.yoroow.com\/de\/produktdetail\/meistverkaufte-wandmontierte-gourmet-kuchenarmatur-spultischarmatur-zink-kuchenarmatur-2\/#primaryimage\"},\"image\":{\"@id\":\"https:\/\/www.yoroow.com\/de\/produktdetail\/meistverkaufte-wandmontierte-gourmet-kuchenarmatur-spultischarmatur-zink-kuchenarmatur-2\/#primaryimage\"},\"thumbnailUrl\":\"https:\/\/www.yoroow.com\/wp-content\/uploads\/2025\/02\/2-1.jpg\",\"datePublished\":\"2025-02-20T08:33:50+00:00\",\"dateModified\":\"2025-05-16T01:25:29+00:00\",\"description\":\"Vintage wall-mounted swan peak zinc kitchen faucet delivers single cold water with elegant design for hotels and apartments. China-based factory provides quality OEM and export services for Latin America and Southeast Asia.\",\"breadcrumb\":{\"@id\":\"https:\/\/www.yoroow.com\/de\/produktdetail\/meistverkaufte-wandmontierte-gourmet-kuchenarmatur-spultischarmatur-zink-kuchenarmatur-2\/#breadcrumb\"},\"inLanguage\":\"de\",\"potentialAction\":[{\"@type\":\"ReadAction\",\"target\":[\"https:\/\/www.yoroow.com\/de\/produktdetail\/meistverkaufte-wandmontierte-gourmet-kuchenarmatur-spultischarmatur-zink-kuchenarmatur-2\/\"]}]},{\"@type\":\"ImageObject\",\"inLanguage\":\"de\",\"@id\":\"https:\/\/www.yoroow.com\/de\/produktdetail\/meistverkaufte-wandmontierte-gourmet-kuchenarmatur-spultischarmatur-zink-kuchenarmatur-2\/#primaryimage\",\"url\":\"https:\/\/www.yoroow.com\/wp-content\/uploads\/2025\/02\/2-1.jpg\",\"contentUrl\":\"https:\/\/www.yoroow.com\/wp-content\/uploads\/2025\/02\/2-1.jpg\",\"width\":653,\"height\":653,\"caption\":\"Best Selling Wall Mounted Single Lever Kitchen Tap Commercial Kitchen Faucet with Zinc Sink Single Cold Gourmet Faucet\"},{\"@type\":\"BreadcrumbList\",\"@id\":\"https:\/\/www.yoroow.com\/de\/produktdetail\/meistverkaufte-wandmontierte-gourmet-kuchenarmatur-spultischarmatur-zink-kuchenarmatur-2\/#breadcrumb\",\"itemListElement\":[{\"@type\":\"ListItem\",\"position\":1,\"name\":\"home\",\"item\":\"https:\/\/www.yoroow.com\/\"},{\"@type\":\"ListItem\",\"position\":2,\"name\":\"Product\",\"item\":\"https:\/\/www.yoroow.com\/product\/\"},{\"@type\":\"ListItem\",\"position\":3,\"name\":\"Hot Selling Vintage Single Cold Kitchen Faucet Wall Mounted Swan Peak Zinc Faucet Gourmet Kitchen Sink Tap\"}]},{\"@type\":\"WebSite\",\"@id\":\"https:\/\/www.yoroow.com\/de\/#website\",\"url\":\"https:\/\/www.yoroow.com\/de\/\",\"name\":\"YOROOW\",\"description\":\"\",\"publisher\":{\"@id\":\"https:\/\/www.yoroow.com\/de\/#organization\"},\"potentialAction\":[{\"@type\":\"SearchAction\",\"target\":{\"@type\":\"EntryPoint\",\"urlTemplate\":\"https:\/\/www.yoroow.com\/de\/?s={search_term_string}\"},\"query-input\":{\"@type\":\"PropertyValueSpecification\",\"valueRequired\":true,\"valueName\":\"search_term_string\"}}],\"inLanguage\":\"de\"},{\"@type\":\"Organization\",\"@id\":\"https:\/\/www.yoroow.com\/de\/#organization\",\"name\":\"YOROOW\",\"url\":\"https:\/\/www.yoroow.com\/de\/\",\"logo\":{\"@type\":\"ImageObject\",\"inLanguage\":\"de\",\"@id\":\"https:\/\/www.yoroow.com\/de\/#\/schema\/logo\/image\/\",\"url\":\"https:\/\/www.yoroow.com\/wp-content\/uploads\/2024\/12\/2024123007131061.png\",\"contentUrl\":\"https:\/\/www.yoroow.com\/wp-content\/uploads\/2024\/12\/2024123007131061.png\",\"width\":168,\"height\":27,\"caption\":\"YOROOW\"},\"image\":{\"@id\":\"https:\/\/www.yoroow.com\/de\/#\/schema\/logo\/image\/\"},\"sameAs\":[\"https:\/\/www.facebook.com\/people\/yoroowfaucetfactory\/61564236752362\/\"]}]}<\/script>\n<!-- \/ Yoast SEO Premium plugin. -->","yoast_head_json":{"title":"Hot Selling Vintage Single Cold Kitchen Faucet Wall Mounted Swan Peak Zinc Faucet Gourmet Kitchen Sink Tap - YOROOW","description":"Vintage wall-mounted swan peak zinc kitchen faucet delivers single cold water with elegant design for hotels and apartments. China-based factory provides quality OEM and export services for Latin America and Southeast Asia.","robots":{"index":"index","follow":"follow","max-snippet":"max-snippet:-1","max-image-preview":"max-image-preview:large","max-video-preview":"max-video-preview:-1"},"canonical":"https:\/\/www.yoroow.com\/de\/produktdetail\/meistverkaufte-wandmontierte-gourmet-kuchenarmatur-spultischarmatur-zink-kuchenarmatur-2\/","og_locale":"de_DE","og_type":"article","og_title":"Hot Selling Vintage Single Cold Kitchen Faucet Wall Mounted Swan Peak Zinc Faucet Gourmet Kitchen Sink Tap","og_description":"Vintage wall-mounted swan peak zinc kitchen faucet delivers single cold water with elegant design for hotels and apartments. China-based factory provides quality OEM and export services for Latin America and Southeast Asia.","og_url":"https:\/\/www.yoroow.com\/de\/produktdetail\/meistverkaufte-wandmontierte-gourmet-kuchenarmatur-spultischarmatur-zink-kuchenarmatur-2\/","og_site_name":"YOROOW","article_publisher":"https:\/\/www.facebook.com\/people\/yoroowfaucetfactory\/61564236752362\/","article_modified_time":"2025-05-16T01:25:29+00:00","og_image":[{"width":653,"height":653,"url":"https:\/\/www.yoroow.com\/wp-content\/uploads\/2025\/02\/2-1.jpg","type":"image\/jpeg"}],"twitter_card":"summary_large_image","twitter_misc":{"Gesch\u00e4tzte Lesezeit":"1\u00a0Minute"},"schema":{"@context":"https:\/\/schema.org","@graph":[{"@type":"WebPage","@id":"https:\/\/www.yoroow.com\/de\/produktdetail\/meistverkaufte-wandmontierte-gourmet-kuchenarmatur-spultischarmatur-zink-kuchenarmatur-2\/","url":"https:\/\/www.yoroow.com\/de\/produktdetail\/meistverkaufte-wandmontierte-gourmet-kuchenarmatur-spultischarmatur-zink-kuchenarmatur-2\/","name":"Hot Selling Vintage Single Cold Kitchen Faucet Wall Mounted Swan Peak Zinc Faucet Gourmet Kitchen Sink Tap - YOROOW","isPartOf":{"@id":"https:\/\/www.yoroow.com\/de\/#website"},"primaryImageOfPage":{"@id":"https:\/\/www.yoroow.com\/de\/produktdetail\/meistverkaufte-wandmontierte-gourmet-kuchenarmatur-spultischarmatur-zink-kuchenarmatur-2\/#primaryimage"},"image":{"@id":"https:\/\/www.yoroow.com\/de\/produktdetail\/meistverkaufte-wandmontierte-gourmet-kuchenarmatur-spultischarmatur-zink-kuchenarmatur-2\/#primaryimage"},"thumbnailUrl":"https:\/\/www.yoroow.com\/wp-content\/uploads\/2025\/02\/2-1.jpg","datePublished":"2025-02-20T08:33:50+00:00","dateModified":"2025-05-16T01:25:29+00:00","description":"Vintage wall-mounted swan peak zinc kitchen faucet delivers single cold water with elegant design for hotels and apartments. China-based factory provides quality OEM and export services for Latin America and Southeast Asia.","breadcrumb":{"@id":"https:\/\/www.yoroow.com\/de\/produktdetail\/meistverkaufte-wandmontierte-gourmet-kuchenarmatur-spultischarmatur-zink-kuchenarmatur-2\/#breadcrumb"},"inLanguage":"de","potentialAction":[{"@type":"ReadAction","target":["https:\/\/www.yoroow.com\/de\/produktdetail\/meistverkaufte-wandmontierte-gourmet-kuchenarmatur-spultischarmatur-zink-kuchenarmatur-2\/"]}]},{"@type":"ImageObject","inLanguage":"de","@id":"https:\/\/www.yoroow.com\/de\/produktdetail\/meistverkaufte-wandmontierte-gourmet-kuchenarmatur-spultischarmatur-zink-kuchenarmatur-2\/#primaryimage","url":"https:\/\/www.yoroow.com\/wp-content\/uploads\/2025\/02\/2-1.jpg","contentUrl":"https:\/\/www.yoroow.com\/wp-content\/uploads\/2025\/02\/2-1.jpg","width":653,"height":653,"caption":"Best Selling Wall Mounted Single Lever Kitchen Tap Commercial Kitchen Faucet with Zinc Sink Single Cold Gourmet Faucet"},{"@type":"BreadcrumbList","@id":"https:\/\/www.yoroow.com\/de\/produktdetail\/meistverkaufte-wandmontierte-gourmet-kuchenarmatur-spultischarmatur-zink-kuchenarmatur-2\/#breadcrumb","itemListElement":[{"@type":"ListItem","position":1,"name":"home","item":"https:\/\/www.yoroow.com\/"},{"@type":"ListItem","position":2,"name":"Product","item":"https:\/\/www.yoroow.com\/product\/"},{"@type":"ListItem","position":3,"name":"Hot Selling Vintage Single Cold Kitchen Faucet Wall Mounted Swan Peak Zinc Faucet Gourmet Kitchen Sink Tap"}]},{"@type":"WebSite","@id":"https:\/\/www.yoroow.com\/de\/#website","url":"https:\/\/www.yoroow.com\/de\/","name":"YOROOW","description":"","publisher":{"@id":"https:\/\/www.yoroow.com\/de\/#organization"},"potentialAction":[{"@type":"SearchAction","target":{"@type":"EntryPoint","urlTemplate":"https:\/\/www.yoroow.com\/de\/?s={search_term_string}"},"query-input":{"@type":"PropertyValueSpecification","valueRequired":true,"valueName":"search_term_string"}}],"inLanguage":"de"},{"@type":"Organization","@id":"https:\/\/www.yoroow.com\/de\/#organization","name":"YOROOW","url":"https:\/\/www.yoroow.com\/de\/","logo":{"@type":"ImageObject","inLanguage":"de","@id":"https:\/\/www.yoroow.com\/de\/#\/schema\/logo\/image\/","url":"https:\/\/www.yoroow.com\/wp-content\/uploads\/2024\/12\/2024123007131061.png","contentUrl":"https:\/\/www.yoroow.com\/wp-content\/uploads\/2024\/12\/2024123007131061.png","width":168,"height":27,"caption":"YOROOW"},"image":{"@id":"https:\/\/www.yoroow.com\/de\/#\/schema\/logo\/image\/"},"sameAs":["https:\/\/www.facebook.com\/people\/yoroowfaucetfactory\/61564236752362\/"]}]}},"_links":{"self":[{"href":"https:\/\/www.yoroow.com\/de\/wp-json\/wp\/v2\/product\/11548","targetHints":{"allow":["GET"]}}],"collection":[{"href":"https:\/\/www.yoroow.com\/de\/wp-json\/wp\/v2\/product"}],"about":[{"href":"https:\/\/www.yoroow.com\/de\/wp-json\/wp\/v2\/types\/product"}],"wp:featuredmedia":[{"embeddable":true,"href":"https:\/\/www.yoroow.com\/de\/wp-json\/wp\/v2\/media\/11537"}],"wp:attachment":[{"href":"https:\/\/www.yoroow.com\/de\/wp-json\/wp\/v2\/media?parent=11548"}],"wp:term":[{"taxonomy":"product_brand","embeddable":true,"href":"https:\/\/www.yoroow.com\/de\/wp-json\/wp\/v2\/product_brand?post=11548"},{"taxonomy":"product_cat","embeddable":true,"href":"https:\/\/www.yoroow.com\/de\/wp-json\/wp\/v2\/product_cat?post=11548"},{"taxonomy":"product_tag","embeddable":true,"href":"https:\/\/www.yoroow.com\/de\/wp-json\/wp\/v2\/product_tag?post=11548"}],"curies":[{"name":"wp","href":"https:\/\/api.w.org\/{rel}","templated":true}]}}