{"id":10613,"date":"2025-02-17T16:59:54","date_gmt":"2025-02-17T08:59:54","guid":{"rendered":"https:\/\/www.yoroow.com\/?post_type=product&#038;p=10613"},"modified":"2025-05-16T09:22:41","modified_gmt":"2025-05-16T01:22:41","slug":"preisgunstiger-kalt-und-warmwasserhahn-mit-doppelgriff-aus-zink-chrom-fur-die-kuche","status":"publish","type":"product","link":"https:\/\/www.yoroow.com\/de\/produktdetail\/preisgunstiger-kalt-und-warmwasserhahn-mit-doppelgriff-aus-zink-chrom-fur-die-kuche\/","title":{"rendered":"High-End-Doppelgriff-Zink-Chrom-K\u00fcchenarmatur Deck Mounted Hot &amp; Cold Water Sp\u00fcle Wasserhahn Guten Preis f\u00fcr Qualit\u00e4t K\u00fcchenarmatur"},"content":{"rendered":"<p>High-End-Doppelgriff-Zink-Chrom-K\u00fcchenarmatur Deck Mounted Hot &amp; Cold Water Sink Tap Good Price for Quality Kitchen Faucet ist eine hochwertige Armatur f\u00fcr moderne Versorgungsr\u00e4ume, die dauerhafte und \u00e4sthetische Wasserl\u00f6sungen erfordern. Das Produkt verf\u00fcgt \u00fcber ein korrosionsbest\u00e4ndiges Geh\u00e4use mit effizienter Wasserdurchflusskontrolle. Er ist ideal f\u00fcr den Einbau in Wohnungen, Hotels, Schulen oder Gro\u00dfk\u00fcchen, wo Leistung und Langlebigkeit gefragt sind. Mit seinem eleganten Finish und seiner modernen Form passt er sowohl zu minimalistischen als auch zu klassischen Inneneinrichtungen. Unsere chinesische Fabrik gew\u00e4hrleistet eine strenge Qualit\u00e4tskontrolle bei jeder produzierten Einheit und setzt fortschrittliche Bearbeitungs- und Polierger\u00e4te ein, um eine gleichbleibende Leistung zu gew\u00e4hrleisten. Wir bieten flexible OEM\/ODM-Dienstleistungen, einschlie\u00dflich Branding, Verpackungsdesign und Materialanpassung, um die unterschiedlichsten Kundenanforderungen zu erf\u00fcllen. Dieses Modell ist vor allem auf den s\u00fcdamerikanischen und s\u00fcdostasiatischen M\u00e4rkten aufgrund seines wettbewerbsf\u00e4higen Preises, seines eleganten Aussehens und seiner zuverl\u00e4ssigen Funktionalit\u00e4t beliebt und wird von lokalen H\u00e4ndlern, Bauherren und Renovierern gerne eingesetzt. Die Produktionsst\u00e4rke von YOROOW garantiert eine schnelle Durchlaufzeit der Produktion und eine stabile Lieferung, selbst bei gro\u00dfen Bestellmengen. Jede Armatur wird vor dem Versand einer strengen Dichtheits- und Haltbarkeitspr\u00fcfung unterzogen. Mit mehr als zehn Jahren Exporterfahrung bieten wir mehrsprachige Unterst\u00fctzung und zuverl\u00e4ssige Logistikdienste, um eine reibungslose und p\u00fcnktliche Lieferung auf internationalen M\u00e4rkten zu gew\u00e4hrleisten.<\/p>","protected":false},"excerpt":{"rendered":"<p>High-End Double Handle Zinc Chrome Kitchen Faucet Deck Mounted Hot &#038; Cold Water Sink Tap Good Price for Quality Kitchen Faucet is a high-quality faucet designed for modern utility spaces requiring durable and aesthetic water solutions. The product features a corrosion-resistant body with efficient water flow control. It is ideal for installation in homes, hotels,&#8230;<\/p>","protected":false},"featured_media":10611,"template":"","meta":{"_acf_changed":false,"_kad_post_transparent":"default","_kad_post_title":"","_kad_post_layout":"default","_kad_post_sidebar_id":"","_kad_post_content_style":"default","_kad_post_vertical_padding":"default","_kad_post_feature":"","_kad_post_feature_position":"","_kad_post_header":false,"_kad_post_footer":false},"product_brand":[],"product_cat":[102],"product_tag":[3226,3129],"class_list":{"0":"post-10613","1":"product","2":"type-product","3":"status-publish","4":"has-post-thumbnail","6":"product_cat-kitchen-faucet","7":"product_tag-high-end-kitchen-faucet","8":"product_tag-plastic-kitchen-sink-faucet","10":"first","11":"instock","12":"shipping-taxable","13":"purchasable","14":"product-type-variable","15":"wvs-archive-product-wrapper","16":"entry","17":"content-bg","18":"loop-entry"},"acf":[],"yoast_head":"<!-- This site is optimized with the Yoast SEO Premium plugin v25.4 (Yoast SEO v27.0) - https:\/\/yoast.com\/product\/yoast-seo-premium-wordpress\/ -->\n<title>High-End Double Handle Zinc Chrome Kitchen Faucet Deck Mounted Hot &amp; Cold Water Sink Tap Good Price for Quality Kitchen Faucet - YOROOW<\/title>\n<meta name=\"description\" content=\"High-End Double Handle Zinc Chrome Kitchen Faucet with deck mounting and hot &amp; cold water functions, designed for luxury kitchens. Chinese manufacturer provides quality assurance and customization, exporting extensively to upscale markets in South America and Southeast Asia.\" \/>\n<meta name=\"robots\" content=\"index, follow, max-snippet:-1, max-image-preview:large, max-video-preview:-1\" \/>\n<link rel=\"canonical\" href=\"https:\/\/www.yoroow.com\/de\/produktdetail\/preisgunstiger-kalt-und-warmwasserhahn-mit-doppelgriff-aus-zink-chrom-fur-die-kuche\/\" \/>\n<meta property=\"og:locale\" content=\"de_DE\" \/>\n<meta property=\"og:type\" content=\"article\" \/>\n<meta property=\"og:title\" content=\"High-End Double Handle Zinc Chrome Kitchen Faucet Deck Mounted Hot &amp; Cold Water Sink Tap Good Price for Quality Kitchen Faucet\" \/>\n<meta property=\"og:description\" content=\"High-End Double Handle Zinc Chrome Kitchen Faucet with deck mounting and hot &amp; cold water functions, designed for luxury kitchens. Chinese manufacturer provides quality assurance and customization, exporting extensively to upscale markets in South America and Southeast Asia.\" \/>\n<meta property=\"og:url\" content=\"https:\/\/www.yoroow.com\/de\/produktdetail\/preisgunstiger-kalt-und-warmwasserhahn-mit-doppelgriff-aus-zink-chrom-fur-die-kuche\/\" \/>\n<meta property=\"og:site_name\" content=\"YOROOW\" \/>\n<meta property=\"article:publisher\" content=\"https:\/\/www.facebook.com\/people\/yoroowfaucetfactory\/61564236752362\/\" \/>\n<meta property=\"article:modified_time\" content=\"2025-05-16T01:22:41+00:00\" \/>\n<meta property=\"og:image\" content=\"https:\/\/www.yoroow.com\/wp-content\/uploads\/2025\/02\/sku\u56fe_lmLzJyhM_2.jpg\" \/>\n\t<meta property=\"og:image:width\" content=\"800\" \/>\n\t<meta property=\"og:image:height\" content=\"800\" \/>\n\t<meta property=\"og:image:type\" content=\"image\/jpeg\" \/>\n<meta name=\"twitter:card\" content=\"summary_large_image\" \/>\n<meta name=\"twitter:label1\" content=\"Gesch\u00e4tzte Lesezeit\" \/>\n\t<meta name=\"twitter:data1\" content=\"1\u00a0Minute\" \/>\n<script type=\"application\/ld+json\" class=\"yoast-schema-graph\">{\"@context\":\"https:\/\/schema.org\",\"@graph\":[{\"@type\":\"WebPage\",\"@id\":\"https:\/\/www.yoroow.com\/de\/produktdetail\/preisgunstiger-kalt-und-warmwasserhahn-mit-doppelgriff-aus-zink-chrom-fur-die-kuche\/\",\"url\":\"https:\/\/www.yoroow.com\/de\/produktdetail\/preisgunstiger-kalt-und-warmwasserhahn-mit-doppelgriff-aus-zink-chrom-fur-die-kuche\/\",\"name\":\"High-End Double Handle Zinc Chrome Kitchen Faucet Deck Mounted Hot & Cold Water Sink Tap Good Price for Quality Kitchen Faucet - YOROOW\",\"isPartOf\":{\"@id\":\"https:\/\/www.yoroow.com\/de\/#website\"},\"primaryImageOfPage\":{\"@id\":\"https:\/\/www.yoroow.com\/de\/produktdetail\/preisgunstiger-kalt-und-warmwasserhahn-mit-doppelgriff-aus-zink-chrom-fur-die-kuche\/#primaryimage\"},\"image\":{\"@id\":\"https:\/\/www.yoroow.com\/de\/produktdetail\/preisgunstiger-kalt-und-warmwasserhahn-mit-doppelgriff-aus-zink-chrom-fur-die-kuche\/#primaryimage\"},\"thumbnailUrl\":\"https:\/\/www.yoroow.com\/wp-content\/uploads\/2025\/02\/sku\u56fe_lmLzJyhM_2.jpg\",\"datePublished\":\"2025-02-17T08:59:54+00:00\",\"dateModified\":\"2025-05-16T01:22:41+00:00\",\"description\":\"High-End Double Handle Zinc Chrome Kitchen Faucet with deck mounting and hot &amp; cold water functions, designed for luxury kitchens. Chinese manufacturer provides quality assurance and customization, exporting extensively to upscale markets in South America and Southeast Asia.\",\"breadcrumb\":{\"@id\":\"https:\/\/www.yoroow.com\/de\/produktdetail\/preisgunstiger-kalt-und-warmwasserhahn-mit-doppelgriff-aus-zink-chrom-fur-die-kuche\/#breadcrumb\"},\"inLanguage\":\"de\",\"potentialAction\":[{\"@type\":\"ReadAction\",\"target\":[\"https:\/\/www.yoroow.com\/de\/produktdetail\/preisgunstiger-kalt-und-warmwasserhahn-mit-doppelgriff-aus-zink-chrom-fur-die-kuche\/\"]}]},{\"@type\":\"ImageObject\",\"inLanguage\":\"de\",\"@id\":\"https:\/\/www.yoroow.com\/de\/produktdetail\/preisgunstiger-kalt-und-warmwasserhahn-mit-doppelgriff-aus-zink-chrom-fur-die-kuche\/#primaryimage\",\"url\":\"https:\/\/www.yoroow.com\/wp-content\/uploads\/2025\/02\/sku\u56fe_lmLzJyhM_2.jpg\",\"contentUrl\":\"https:\/\/www.yoroow.com\/wp-content\/uploads\/2025\/02\/sku\u56fe_lmLzJyhM_2.jpg\",\"width\":800,\"height\":800,\"caption\":\"Modern Design Hotel Kitchen Tap Hot Cold Water Deck Mounted Double Handle Zinc Chrome Faucet Good Price Kitchen Sink Tap - 7902A-832S-B18\"},{\"@type\":\"BreadcrumbList\",\"@id\":\"https:\/\/www.yoroow.com\/de\/produktdetail\/preisgunstiger-kalt-und-warmwasserhahn-mit-doppelgriff-aus-zink-chrom-fur-die-kuche\/#breadcrumb\",\"itemListElement\":[{\"@type\":\"ListItem\",\"position\":1,\"name\":\"home\",\"item\":\"https:\/\/www.yoroow.com\/\"},{\"@type\":\"ListItem\",\"position\":2,\"name\":\"Product\",\"item\":\"https:\/\/www.yoroow.com\/product\/\"},{\"@type\":\"ListItem\",\"position\":3,\"name\":\"High-End Double Handle Zinc Chrome Kitchen Faucet Deck Mounted Hot &#038; Cold Water Sink Tap Good Price for Quality Kitchen Faucet\"}]},{\"@type\":\"WebSite\",\"@id\":\"https:\/\/www.yoroow.com\/de\/#website\",\"url\":\"https:\/\/www.yoroow.com\/de\/\",\"name\":\"YOROOW\",\"description\":\"\",\"publisher\":{\"@id\":\"https:\/\/www.yoroow.com\/de\/#organization\"},\"potentialAction\":[{\"@type\":\"SearchAction\",\"target\":{\"@type\":\"EntryPoint\",\"urlTemplate\":\"https:\/\/www.yoroow.com\/de\/?s={search_term_string}\"},\"query-input\":{\"@type\":\"PropertyValueSpecification\",\"valueRequired\":true,\"valueName\":\"search_term_string\"}}],\"inLanguage\":\"de\"},{\"@type\":\"Organization\",\"@id\":\"https:\/\/www.yoroow.com\/de\/#organization\",\"name\":\"YOROOW\",\"url\":\"https:\/\/www.yoroow.com\/de\/\",\"logo\":{\"@type\":\"ImageObject\",\"inLanguage\":\"de\",\"@id\":\"https:\/\/www.yoroow.com\/de\/#\/schema\/logo\/image\/\",\"url\":\"https:\/\/www.yoroow.com\/wp-content\/uploads\/2024\/12\/2024123007131061.png\",\"contentUrl\":\"https:\/\/www.yoroow.com\/wp-content\/uploads\/2024\/12\/2024123007131061.png\",\"width\":168,\"height\":27,\"caption\":\"YOROOW\"},\"image\":{\"@id\":\"https:\/\/www.yoroow.com\/de\/#\/schema\/logo\/image\/\"},\"sameAs\":[\"https:\/\/www.facebook.com\/people\/yoroowfaucetfactory\/61564236752362\/\"]}]}<\/script>\n<!-- \/ Yoast SEO Premium plugin. -->","yoast_head_json":{"title":"High-End Double Handle Zinc Chrome Kitchen Faucet Deck Mounted Hot & Cold Water Sink Tap Good Price for Quality Kitchen Faucet - YOROOW","description":"High-End Double Handle Zinc Chrome Kitchen Faucet with deck mounting and hot &amp; cold water functions, designed for luxury kitchens. Chinese manufacturer provides quality assurance and customization, exporting extensively to upscale markets in South America and Southeast Asia.","robots":{"index":"index","follow":"follow","max-snippet":"max-snippet:-1","max-image-preview":"max-image-preview:large","max-video-preview":"max-video-preview:-1"},"canonical":"https:\/\/www.yoroow.com\/de\/produktdetail\/preisgunstiger-kalt-und-warmwasserhahn-mit-doppelgriff-aus-zink-chrom-fur-die-kuche\/","og_locale":"de_DE","og_type":"article","og_title":"High-End Double Handle Zinc Chrome Kitchen Faucet Deck Mounted Hot & Cold Water Sink Tap Good Price for Quality Kitchen Faucet","og_description":"High-End Double Handle Zinc Chrome Kitchen Faucet with deck mounting and hot &amp; cold water functions, designed for luxury kitchens. Chinese manufacturer provides quality assurance and customization, exporting extensively to upscale markets in South America and Southeast Asia.","og_url":"https:\/\/www.yoroow.com\/de\/produktdetail\/preisgunstiger-kalt-und-warmwasserhahn-mit-doppelgriff-aus-zink-chrom-fur-die-kuche\/","og_site_name":"YOROOW","article_publisher":"https:\/\/www.facebook.com\/people\/yoroowfaucetfactory\/61564236752362\/","article_modified_time":"2025-05-16T01:22:41+00:00","og_image":[{"width":800,"height":800,"url":"https:\/\/www.yoroow.com\/wp-content\/uploads\/2025\/02\/sku\u56fe_lmLzJyhM_2.jpg","type":"image\/jpeg"}],"twitter_card":"summary_large_image","twitter_misc":{"Gesch\u00e4tzte Lesezeit":"1\u00a0Minute"},"schema":{"@context":"https:\/\/schema.org","@graph":[{"@type":"WebPage","@id":"https:\/\/www.yoroow.com\/de\/produktdetail\/preisgunstiger-kalt-und-warmwasserhahn-mit-doppelgriff-aus-zink-chrom-fur-die-kuche\/","url":"https:\/\/www.yoroow.com\/de\/produktdetail\/preisgunstiger-kalt-und-warmwasserhahn-mit-doppelgriff-aus-zink-chrom-fur-die-kuche\/","name":"High-End Double Handle Zinc Chrome Kitchen Faucet Deck Mounted Hot & Cold Water Sink Tap Good Price for Quality Kitchen Faucet - YOROOW","isPartOf":{"@id":"https:\/\/www.yoroow.com\/de\/#website"},"primaryImageOfPage":{"@id":"https:\/\/www.yoroow.com\/de\/produktdetail\/preisgunstiger-kalt-und-warmwasserhahn-mit-doppelgriff-aus-zink-chrom-fur-die-kuche\/#primaryimage"},"image":{"@id":"https:\/\/www.yoroow.com\/de\/produktdetail\/preisgunstiger-kalt-und-warmwasserhahn-mit-doppelgriff-aus-zink-chrom-fur-die-kuche\/#primaryimage"},"thumbnailUrl":"https:\/\/www.yoroow.com\/wp-content\/uploads\/2025\/02\/sku\u56fe_lmLzJyhM_2.jpg","datePublished":"2025-02-17T08:59:54+00:00","dateModified":"2025-05-16T01:22:41+00:00","description":"High-End Double Handle Zinc Chrome Kitchen Faucet with deck mounting and hot &amp; cold water functions, designed for luxury kitchens. Chinese manufacturer provides quality assurance and customization, exporting extensively to upscale markets in South America and Southeast Asia.","breadcrumb":{"@id":"https:\/\/www.yoroow.com\/de\/produktdetail\/preisgunstiger-kalt-und-warmwasserhahn-mit-doppelgriff-aus-zink-chrom-fur-die-kuche\/#breadcrumb"},"inLanguage":"de","potentialAction":[{"@type":"ReadAction","target":["https:\/\/www.yoroow.com\/de\/produktdetail\/preisgunstiger-kalt-und-warmwasserhahn-mit-doppelgriff-aus-zink-chrom-fur-die-kuche\/"]}]},{"@type":"ImageObject","inLanguage":"de","@id":"https:\/\/www.yoroow.com\/de\/produktdetail\/preisgunstiger-kalt-und-warmwasserhahn-mit-doppelgriff-aus-zink-chrom-fur-die-kuche\/#primaryimage","url":"https:\/\/www.yoroow.com\/wp-content\/uploads\/2025\/02\/sku\u56fe_lmLzJyhM_2.jpg","contentUrl":"https:\/\/www.yoroow.com\/wp-content\/uploads\/2025\/02\/sku\u56fe_lmLzJyhM_2.jpg","width":800,"height":800,"caption":"Modern Design Hotel Kitchen Tap Hot Cold Water Deck Mounted Double Handle Zinc Chrome Faucet Good Price Kitchen Sink Tap - 7902A-832S-B18"},{"@type":"BreadcrumbList","@id":"https:\/\/www.yoroow.com\/de\/produktdetail\/preisgunstiger-kalt-und-warmwasserhahn-mit-doppelgriff-aus-zink-chrom-fur-die-kuche\/#breadcrumb","itemListElement":[{"@type":"ListItem","position":1,"name":"home","item":"https:\/\/www.yoroow.com\/"},{"@type":"ListItem","position":2,"name":"Product","item":"https:\/\/www.yoroow.com\/product\/"},{"@type":"ListItem","position":3,"name":"High-End Double Handle Zinc Chrome Kitchen Faucet Deck Mounted Hot &#038; Cold Water Sink Tap Good Price for Quality Kitchen Faucet"}]},{"@type":"WebSite","@id":"https:\/\/www.yoroow.com\/de\/#website","url":"https:\/\/www.yoroow.com\/de\/","name":"YOROOW","description":"","publisher":{"@id":"https:\/\/www.yoroow.com\/de\/#organization"},"potentialAction":[{"@type":"SearchAction","target":{"@type":"EntryPoint","urlTemplate":"https:\/\/www.yoroow.com\/de\/?s={search_term_string}"},"query-input":{"@type":"PropertyValueSpecification","valueRequired":true,"valueName":"search_term_string"}}],"inLanguage":"de"},{"@type":"Organization","@id":"https:\/\/www.yoroow.com\/de\/#organization","name":"YOROOW","url":"https:\/\/www.yoroow.com\/de\/","logo":{"@type":"ImageObject","inLanguage":"de","@id":"https:\/\/www.yoroow.com\/de\/#\/schema\/logo\/image\/","url":"https:\/\/www.yoroow.com\/wp-content\/uploads\/2024\/12\/2024123007131061.png","contentUrl":"https:\/\/www.yoroow.com\/wp-content\/uploads\/2024\/12\/2024123007131061.png","width":168,"height":27,"caption":"YOROOW"},"image":{"@id":"https:\/\/www.yoroow.com\/de\/#\/schema\/logo\/image\/"},"sameAs":["https:\/\/www.facebook.com\/people\/yoroowfaucetfactory\/61564236752362\/"]}]}},"_links":{"self":[{"href":"https:\/\/www.yoroow.com\/de\/wp-json\/wp\/v2\/product\/10613","targetHints":{"allow":["GET"]}}],"collection":[{"href":"https:\/\/www.yoroow.com\/de\/wp-json\/wp\/v2\/product"}],"about":[{"href":"https:\/\/www.yoroow.com\/de\/wp-json\/wp\/v2\/types\/product"}],"wp:featuredmedia":[{"embeddable":true,"href":"https:\/\/www.yoroow.com\/de\/wp-json\/wp\/v2\/media\/10611"}],"wp:attachment":[{"href":"https:\/\/www.yoroow.com\/de\/wp-json\/wp\/v2\/media?parent=10613"}],"wp:term":[{"taxonomy":"product_brand","embeddable":true,"href":"https:\/\/www.yoroow.com\/de\/wp-json\/wp\/v2\/product_brand?post=10613"},{"taxonomy":"product_cat","embeddable":true,"href":"https:\/\/www.yoroow.com\/de\/wp-json\/wp\/v2\/product_cat?post=10613"},{"taxonomy":"product_tag","embeddable":true,"href":"https:\/\/www.yoroow.com\/de\/wp-json\/wp\/v2\/product_tag?post=10613"}],"curies":[{"name":"wp","href":"https:\/\/api.w.org\/{rel}","templated":true}]}}