{"id":10603,"date":"2025-02-17T16:59:23","date_gmt":"2025-02-17T08:59:23","guid":{"rendered":"https:\/\/www.yoroow.com\/?post_type=product&#038;p=10603"},"modified":"2025-05-16T09:22:38","modified_gmt":"2025-05-16T01:22:38","slug":"preiswerter-heiser-und-kalter-wandmontierter-doppelter-griff-zink-verchromt-kuchenarmatur-spultisch-wasserhahn","status":"publish","type":"product","link":"https:\/\/www.yoroow.com\/de\/produktdetail\/preiswerter-heiser-und-kalter-wandmontierter-doppelter-griff-zink-verchromt-kuchenarmatur-spultisch-wasserhahn\/","title":{"rendered":"Modernes Design Hotel K\u00fcche Wasserhahn Hei\u00dfes Kaltes Wasser Deck Mounted Double Handle Zink Chrom Wasserhahn Gut Preis K\u00fcche Sp\u00fcle Wasserhahn"},"content":{"rendered":"<p>Moderner Design-Hotel-K\u00fcchenhahn Hei\u00df-Kaltwasser-Doppelgriff-Zink-Chrom-Hahn Guter Preis K\u00fcchenarmatur ist ein hochwertiger Wasserhahn, der f\u00fcr moderne Nutzr\u00e4ume entwickelt wurde, die dauerhafte und \u00e4sthetische Wasserl\u00f6sungen erfordern. Das Produkt verf\u00fcgt \u00fcber ein korrosionsbest\u00e4ndiges Geh\u00e4use mit effizienter Wasserflusskontrolle. Er ist ideal f\u00fcr die Installation in Wohnungen, Hotels, Schulen oder gewerblichen K\u00fcchen, wo Leistung und Langlebigkeit von entscheidender Bedeutung sind. Mit seinem eleganten Finish und seiner modernen Form passt er sowohl zu minimalistischen als auch zu klassischen Inneneinrichtungen. Unsere chinesische Fabrik gew\u00e4hrleistet eine strenge Qualit\u00e4tskontrolle bei jeder produzierten Einheit und setzt fortschrittliche Bearbeitungs- und Polierger\u00e4te ein, um eine gleichbleibende Leistung zu gew\u00e4hrleisten. Wir bieten flexible OEM\/ODM-Dienstleistungen, einschlie\u00dflich Branding, Verpackungsdesign und Materialanpassung, um die unterschiedlichsten Kundenanforderungen zu erf\u00fcllen. Dieses Modell ist vor allem auf den s\u00fcdamerikanischen und s\u00fcdostasiatischen M\u00e4rkten aufgrund seines wettbewerbsf\u00e4higen Preises, seines eleganten Aussehens und seiner zuverl\u00e4ssigen Funktionalit\u00e4t beliebt und wird von lokalen H\u00e4ndlern, Bauherren und Renovierern gerne eingesetzt. Die Produktionsst\u00e4rke von YOROOW garantiert eine schnelle Durchlaufzeit der Produktion und eine stabile Lieferung, selbst bei gro\u00dfen Bestellmengen. Jede Armatur wird vor dem Versand einer strengen Dichtheits- und Haltbarkeitspr\u00fcfung unterzogen. Mit mehr als zehn Jahren Exporterfahrung bieten wir mehrsprachige Unterst\u00fctzung und zuverl\u00e4ssige Logistikdienste, um eine reibungslose und p\u00fcnktliche Lieferung auf internationalen M\u00e4rkten zu gew\u00e4hrleisten.<\/p>","protected":false},"excerpt":{"rendered":"<p>Moderner Design-Hotel-K\u00fcchenhahn Hei\u00df-Kaltwasser-Doppelgriff-Zink-Chrom-Hahn Guter Preis K\u00fcchenarmatur ist ein hochwertiger Wasserhahn, der f\u00fcr moderne Nutzr\u00e4ume entwickelt wurde, die dauerhafte und \u00e4sthetische Wasserl\u00f6sungen erfordern. Das Produkt verf\u00fcgt \u00fcber ein korrosionsbest\u00e4ndiges Geh\u00e4use mit effizienter Wasserflusskontrolle. Es ist ideal f\u00fcr die Installation in Wohnungen, Hotels, Schulen,...<\/p>","protected":false},"featured_media":10605,"template":"","meta":{"_acf_changed":false,"_kad_post_transparent":"default","_kad_post_title":"","_kad_post_layout":"default","_kad_post_sidebar_id":"","_kad_post_content_style":"default","_kad_post_vertical_padding":"default","_kad_post_feature":"","_kad_post_feature_position":"","_kad_post_header":false,"_kad_post_footer":false},"product_brand":[],"product_cat":[102],"product_tag":[5825,3147],"class_list":{"0":"post-10603","1":"product","2":"type-product","3":"status-publish","4":"has-post-thumbnail","6":"product_cat-kitchen-faucet","7":"product_tag-hotel-kitchen-tap","8":"product_tag-kitchen-faucet-with-hot-and-cold-water","10":"first","11":"instock","12":"shipping-taxable","13":"purchasable","14":"product-type-variable","15":"wvs-archive-product-wrapper","16":"entry","17":"content-bg","18":"loop-entry"},"acf":[],"yoast_head":"<!-- This site is optimized with the Yoast SEO Premium plugin v25.4 (Yoast SEO v27.0) - https:\/\/yoast.com\/product\/yoast-seo-premium-wordpress\/ -->\n<title>Modern Design Hotel Kitchen Tap Hot Cold Water Deck Mounted Double Handle Zinc Chrome Faucet Good Price Kitchen Sink Tap - YOROOW<\/title>\n<meta name=\"description\" content=\"Modern Design Hotel Kitchen Tap with hot and cold deck mounted double handles, zinc chrome finish, suitable for commercial kitchens. Factory direct from China ensures high standards and competitive prices, focusing on Latin American and Southeast Asian hotel industry exports.\" \/>\n<meta name=\"robots\" content=\"index, follow, max-snippet:-1, max-image-preview:large, max-video-preview:-1\" \/>\n<link rel=\"canonical\" href=\"https:\/\/www.yoroow.com\/de\/produktdetail\/preiswerter-heiser-und-kalter-wandmontierter-doppelter-griff-zink-verchromt-kuchenarmatur-spultisch-wasserhahn\/\" \/>\n<meta property=\"og:locale\" content=\"de_DE\" \/>\n<meta property=\"og:type\" content=\"article\" \/>\n<meta property=\"og:title\" content=\"Modern Design Hotel Kitchen Tap Hot Cold Water Deck Mounted Double Handle Zinc Chrome Faucet Good Price Kitchen Sink Tap\" \/>\n<meta property=\"og:description\" content=\"Modern Design Hotel Kitchen Tap with hot and cold deck mounted double handles, zinc chrome finish, suitable for commercial kitchens. Factory direct from China ensures high standards and competitive prices, focusing on Latin American and Southeast Asian hotel industry exports.\" \/>\n<meta property=\"og:url\" content=\"https:\/\/www.yoroow.com\/de\/produktdetail\/preiswerter-heiser-und-kalter-wandmontierter-doppelter-griff-zink-verchromt-kuchenarmatur-spultisch-wasserhahn\/\" \/>\n<meta property=\"og:site_name\" content=\"YOROOW\" \/>\n<meta property=\"article:publisher\" content=\"https:\/\/www.facebook.com\/people\/yoroowfaucetfactory\/61564236752362\/\" \/>\n<meta property=\"article:modified_time\" content=\"2025-05-16T01:22:38+00:00\" \/>\n<meta property=\"og:image\" content=\"https:\/\/www.yoroow.com\/wp-content\/uploads\/2025\/02\/b3cdfee8bc6f860e54ba6a5e69d2171.jpg\" \/>\n\t<meta property=\"og:image:width\" content=\"800\" \/>\n\t<meta property=\"og:image:height\" content=\"800\" \/>\n\t<meta property=\"og:image:type\" content=\"image\/jpeg\" \/>\n<meta name=\"twitter:card\" content=\"summary_large_image\" \/>\n<meta name=\"twitter:label1\" content=\"Gesch\u00e4tzte Lesezeit\" \/>\n\t<meta name=\"twitter:data1\" content=\"1\u00a0Minute\" \/>\n<script type=\"application\/ld+json\" class=\"yoast-schema-graph\">{\"@context\":\"https:\/\/schema.org\",\"@graph\":[{\"@type\":\"WebPage\",\"@id\":\"https:\/\/www.yoroow.com\/de\/produktdetail\/preiswerter-heiser-und-kalter-wandmontierter-doppelter-griff-zink-verchromt-kuchenarmatur-spultisch-wasserhahn\/\",\"url\":\"https:\/\/www.yoroow.com\/de\/produktdetail\/preiswerter-heiser-und-kalter-wandmontierter-doppelter-griff-zink-verchromt-kuchenarmatur-spultisch-wasserhahn\/\",\"name\":\"Modern Design Hotel Kitchen Tap Hot Cold Water Deck Mounted Double Handle Zinc Chrome Faucet Good Price Kitchen Sink Tap - YOROOW\",\"isPartOf\":{\"@id\":\"https:\/\/www.yoroow.com\/de\/#website\"},\"primaryImageOfPage\":{\"@id\":\"https:\/\/www.yoroow.com\/de\/produktdetail\/preiswerter-heiser-und-kalter-wandmontierter-doppelter-griff-zink-verchromt-kuchenarmatur-spultisch-wasserhahn\/#primaryimage\"},\"image\":{\"@id\":\"https:\/\/www.yoroow.com\/de\/produktdetail\/preiswerter-heiser-und-kalter-wandmontierter-doppelter-griff-zink-verchromt-kuchenarmatur-spultisch-wasserhahn\/#primaryimage\"},\"thumbnailUrl\":\"https:\/\/www.yoroow.com\/wp-content\/uploads\/2025\/02\/b3cdfee8bc6f860e54ba6a5e69d2171.jpg\",\"datePublished\":\"2025-02-17T08:59:23+00:00\",\"dateModified\":\"2025-05-16T01:22:38+00:00\",\"description\":\"Modern Design Hotel Kitchen Tap with hot and cold deck mounted double handles, zinc chrome finish, suitable for commercial kitchens. Factory direct from China ensures high standards and competitive prices, focusing on Latin American and Southeast Asian hotel industry exports.\",\"breadcrumb\":{\"@id\":\"https:\/\/www.yoroow.com\/de\/produktdetail\/preiswerter-heiser-und-kalter-wandmontierter-doppelter-griff-zink-verchromt-kuchenarmatur-spultisch-wasserhahn\/#breadcrumb\"},\"inLanguage\":\"de\",\"potentialAction\":[{\"@type\":\"ReadAction\",\"target\":[\"https:\/\/www.yoroow.com\/de\/produktdetail\/preiswerter-heiser-und-kalter-wandmontierter-doppelter-griff-zink-verchromt-kuchenarmatur-spultisch-wasserhahn\/\"]}]},{\"@type\":\"ImageObject\",\"inLanguage\":\"de\",\"@id\":\"https:\/\/www.yoroow.com\/de\/produktdetail\/preiswerter-heiser-und-kalter-wandmontierter-doppelter-griff-zink-verchromt-kuchenarmatur-spultisch-wasserhahn\/#primaryimage\",\"url\":\"https:\/\/www.yoroow.com\/wp-content\/uploads\/2025\/02\/b3cdfee8bc6f860e54ba6a5e69d2171.jpg\",\"contentUrl\":\"https:\/\/www.yoroow.com\/wp-content\/uploads\/2025\/02\/b3cdfee8bc6f860e54ba6a5e69d2171.jpg\",\"width\":800,\"height\":800,\"caption\":\"Modern Design Hotel Kitchen Tap Hot Cold Water Deck Mounted Double Handle Zinc Chrome Faucet Good Price Kitchen Sink Tap\"},{\"@type\":\"BreadcrumbList\",\"@id\":\"https:\/\/www.yoroow.com\/de\/produktdetail\/preiswerter-heiser-und-kalter-wandmontierter-doppelter-griff-zink-verchromt-kuchenarmatur-spultisch-wasserhahn\/#breadcrumb\",\"itemListElement\":[{\"@type\":\"ListItem\",\"position\":1,\"name\":\"home\",\"item\":\"https:\/\/www.yoroow.com\/\"},{\"@type\":\"ListItem\",\"position\":2,\"name\":\"Product\",\"item\":\"https:\/\/www.yoroow.com\/product\/\"},{\"@type\":\"ListItem\",\"position\":3,\"name\":\"Modern Design Hotel Kitchen Tap Hot Cold Water Deck Mounted Double Handle Zinc Chrome Faucet Good Price Kitchen Sink Tap\"}]},{\"@type\":\"WebSite\",\"@id\":\"https:\/\/www.yoroow.com\/de\/#website\",\"url\":\"https:\/\/www.yoroow.com\/de\/\",\"name\":\"YOROOW\",\"description\":\"\",\"publisher\":{\"@id\":\"https:\/\/www.yoroow.com\/de\/#organization\"},\"potentialAction\":[{\"@type\":\"SearchAction\",\"target\":{\"@type\":\"EntryPoint\",\"urlTemplate\":\"https:\/\/www.yoroow.com\/de\/?s={search_term_string}\"},\"query-input\":{\"@type\":\"PropertyValueSpecification\",\"valueRequired\":true,\"valueName\":\"search_term_string\"}}],\"inLanguage\":\"de\"},{\"@type\":\"Organization\",\"@id\":\"https:\/\/www.yoroow.com\/de\/#organization\",\"name\":\"YOROOW\",\"url\":\"https:\/\/www.yoroow.com\/de\/\",\"logo\":{\"@type\":\"ImageObject\",\"inLanguage\":\"de\",\"@id\":\"https:\/\/www.yoroow.com\/de\/#\/schema\/logo\/image\/\",\"url\":\"https:\/\/www.yoroow.com\/wp-content\/uploads\/2024\/12\/2024123007131061.png\",\"contentUrl\":\"https:\/\/www.yoroow.com\/wp-content\/uploads\/2024\/12\/2024123007131061.png\",\"width\":168,\"height\":27,\"caption\":\"YOROOW\"},\"image\":{\"@id\":\"https:\/\/www.yoroow.com\/de\/#\/schema\/logo\/image\/\"},\"sameAs\":[\"https:\/\/www.facebook.com\/people\/yoroowfaucetfactory\/61564236752362\/\"]}]}<\/script>\n<!-- \/ Yoast SEO Premium plugin. -->","yoast_head_json":{"title":"Modern Design Hotel Kitchen Tap Hot Cold Water Deck Mounted Double Handle Zinc Chrome Faucet Good Price Kitchen Sink Tap - YOROOW","description":"Modern Design Hotel Kitchen Tap with hot and cold deck mounted double handles, zinc chrome finish, suitable for commercial kitchens. Factory direct from China ensures high standards and competitive prices, focusing on Latin American and Southeast Asian hotel industry exports.","robots":{"index":"index","follow":"follow","max-snippet":"max-snippet:-1","max-image-preview":"max-image-preview:large","max-video-preview":"max-video-preview:-1"},"canonical":"https:\/\/www.yoroow.com\/de\/produktdetail\/preiswerter-heiser-und-kalter-wandmontierter-doppelter-griff-zink-verchromt-kuchenarmatur-spultisch-wasserhahn\/","og_locale":"de_DE","og_type":"article","og_title":"Modern Design Hotel Kitchen Tap Hot Cold Water Deck Mounted Double Handle Zinc Chrome Faucet Good Price Kitchen Sink Tap","og_description":"Modern Design Hotel Kitchen Tap with hot and cold deck mounted double handles, zinc chrome finish, suitable for commercial kitchens. Factory direct from China ensures high standards and competitive prices, focusing on Latin American and Southeast Asian hotel industry exports.","og_url":"https:\/\/www.yoroow.com\/de\/produktdetail\/preiswerter-heiser-und-kalter-wandmontierter-doppelter-griff-zink-verchromt-kuchenarmatur-spultisch-wasserhahn\/","og_site_name":"YOROOW","article_publisher":"https:\/\/www.facebook.com\/people\/yoroowfaucetfactory\/61564236752362\/","article_modified_time":"2025-05-16T01:22:38+00:00","og_image":[{"width":800,"height":800,"url":"https:\/\/www.yoroow.com\/wp-content\/uploads\/2025\/02\/b3cdfee8bc6f860e54ba6a5e69d2171.jpg","type":"image\/jpeg"}],"twitter_card":"summary_large_image","twitter_misc":{"Gesch\u00e4tzte Lesezeit":"1\u00a0Minute"},"schema":{"@context":"https:\/\/schema.org","@graph":[{"@type":"WebPage","@id":"https:\/\/www.yoroow.com\/de\/produktdetail\/preiswerter-heiser-und-kalter-wandmontierter-doppelter-griff-zink-verchromt-kuchenarmatur-spultisch-wasserhahn\/","url":"https:\/\/www.yoroow.com\/de\/produktdetail\/preiswerter-heiser-und-kalter-wandmontierter-doppelter-griff-zink-verchromt-kuchenarmatur-spultisch-wasserhahn\/","name":"Modern Design Hotel Kitchen Tap Hot Cold Water Deck Mounted Double Handle Zinc Chrome Faucet Good Price Kitchen Sink Tap - YOROOW","isPartOf":{"@id":"https:\/\/www.yoroow.com\/de\/#website"},"primaryImageOfPage":{"@id":"https:\/\/www.yoroow.com\/de\/produktdetail\/preiswerter-heiser-und-kalter-wandmontierter-doppelter-griff-zink-verchromt-kuchenarmatur-spultisch-wasserhahn\/#primaryimage"},"image":{"@id":"https:\/\/www.yoroow.com\/de\/produktdetail\/preiswerter-heiser-und-kalter-wandmontierter-doppelter-griff-zink-verchromt-kuchenarmatur-spultisch-wasserhahn\/#primaryimage"},"thumbnailUrl":"https:\/\/www.yoroow.com\/wp-content\/uploads\/2025\/02\/b3cdfee8bc6f860e54ba6a5e69d2171.jpg","datePublished":"2025-02-17T08:59:23+00:00","dateModified":"2025-05-16T01:22:38+00:00","description":"Modern Design Hotel Kitchen Tap with hot and cold deck mounted double handles, zinc chrome finish, suitable for commercial kitchens. Factory direct from China ensures high standards and competitive prices, focusing on Latin American and Southeast Asian hotel industry exports.","breadcrumb":{"@id":"https:\/\/www.yoroow.com\/de\/produktdetail\/preiswerter-heiser-und-kalter-wandmontierter-doppelter-griff-zink-verchromt-kuchenarmatur-spultisch-wasserhahn\/#breadcrumb"},"inLanguage":"de","potentialAction":[{"@type":"ReadAction","target":["https:\/\/www.yoroow.com\/de\/produktdetail\/preiswerter-heiser-und-kalter-wandmontierter-doppelter-griff-zink-verchromt-kuchenarmatur-spultisch-wasserhahn\/"]}]},{"@type":"ImageObject","inLanguage":"de","@id":"https:\/\/www.yoroow.com\/de\/produktdetail\/preiswerter-heiser-und-kalter-wandmontierter-doppelter-griff-zink-verchromt-kuchenarmatur-spultisch-wasserhahn\/#primaryimage","url":"https:\/\/www.yoroow.com\/wp-content\/uploads\/2025\/02\/b3cdfee8bc6f860e54ba6a5e69d2171.jpg","contentUrl":"https:\/\/www.yoroow.com\/wp-content\/uploads\/2025\/02\/b3cdfee8bc6f860e54ba6a5e69d2171.jpg","width":800,"height":800,"caption":"Modern Design Hotel Kitchen Tap Hot Cold Water Deck Mounted Double Handle Zinc Chrome Faucet Good Price Kitchen Sink Tap"},{"@type":"BreadcrumbList","@id":"https:\/\/www.yoroow.com\/de\/produktdetail\/preiswerter-heiser-und-kalter-wandmontierter-doppelter-griff-zink-verchromt-kuchenarmatur-spultisch-wasserhahn\/#breadcrumb","itemListElement":[{"@type":"ListItem","position":1,"name":"home","item":"https:\/\/www.yoroow.com\/"},{"@type":"ListItem","position":2,"name":"Product","item":"https:\/\/www.yoroow.com\/product\/"},{"@type":"ListItem","position":3,"name":"Modern Design Hotel Kitchen Tap Hot Cold Water Deck Mounted Double Handle Zinc Chrome Faucet Good Price Kitchen Sink Tap"}]},{"@type":"WebSite","@id":"https:\/\/www.yoroow.com\/de\/#website","url":"https:\/\/www.yoroow.com\/de\/","name":"YOROOW","description":"","publisher":{"@id":"https:\/\/www.yoroow.com\/de\/#organization"},"potentialAction":[{"@type":"SearchAction","target":{"@type":"EntryPoint","urlTemplate":"https:\/\/www.yoroow.com\/de\/?s={search_term_string}"},"query-input":{"@type":"PropertyValueSpecification","valueRequired":true,"valueName":"search_term_string"}}],"inLanguage":"de"},{"@type":"Organization","@id":"https:\/\/www.yoroow.com\/de\/#organization","name":"YOROOW","url":"https:\/\/www.yoroow.com\/de\/","logo":{"@type":"ImageObject","inLanguage":"de","@id":"https:\/\/www.yoroow.com\/de\/#\/schema\/logo\/image\/","url":"https:\/\/www.yoroow.com\/wp-content\/uploads\/2024\/12\/2024123007131061.png","contentUrl":"https:\/\/www.yoroow.com\/wp-content\/uploads\/2024\/12\/2024123007131061.png","width":168,"height":27,"caption":"YOROOW"},"image":{"@id":"https:\/\/www.yoroow.com\/de\/#\/schema\/logo\/image\/"},"sameAs":["https:\/\/www.facebook.com\/people\/yoroowfaucetfactory\/61564236752362\/"]}]}},"_links":{"self":[{"href":"https:\/\/www.yoroow.com\/de\/wp-json\/wp\/v2\/product\/10603","targetHints":{"allow":["GET"]}}],"collection":[{"href":"https:\/\/www.yoroow.com\/de\/wp-json\/wp\/v2\/product"}],"about":[{"href":"https:\/\/www.yoroow.com\/de\/wp-json\/wp\/v2\/types\/product"}],"wp:featuredmedia":[{"embeddable":true,"href":"https:\/\/www.yoroow.com\/de\/wp-json\/wp\/v2\/media\/10605"}],"wp:attachment":[{"href":"https:\/\/www.yoroow.com\/de\/wp-json\/wp\/v2\/media?parent=10603"}],"wp:term":[{"taxonomy":"product_brand","embeddable":true,"href":"https:\/\/www.yoroow.com\/de\/wp-json\/wp\/v2\/product_brand?post=10603"},{"taxonomy":"product_cat","embeddable":true,"href":"https:\/\/www.yoroow.com\/de\/wp-json\/wp\/v2\/product_cat?post=10603"},{"taxonomy":"product_tag","embeddable":true,"href":"https:\/\/www.yoroow.com\/de\/wp-json\/wp\/v2\/product_tag?post=10603"}],"curies":[{"name":"wp","href":"https:\/\/api.w.org\/{rel}","templated":true}]}}