{"id":10500,"date":"2025-02-17T13:58:27","date_gmt":"2025-02-17T05:58:27","guid":{"rendered":"https:\/\/www.yoroow.com\/?post_type=product&#038;p=10500"},"modified":"2025-05-16T09:21:58","modified_gmt":"2025-05-16T01:21:58","slug":"neue-ankunft-schwarz-kuchenarmatur-chrom-pragnant-304sus-kaltwasser-einzelne-loch-einzigen-griff-kuchenarmatur","status":"publish","type":"product","link":"https:\/\/www.yoroow.com\/de\/produktdetail\/neue-ankunft-schwarz-kuchenarmatur-chrom-pragnant-304sus-kaltwasser-einzelne-loch-einzigen-griff-kuchenarmatur\/","title":{"rendered":"Good Price Single Handle Cold Water Kitchen Faucet Concise Black Chrome Single Hole Design Flexible Spout Single Kitchen Faucet"},"content":{"rendered":"<p>Good Price Single Handle Cold Water Kitchen Faucet Concise Black Chrome Single Hole Design Flexible Spout Single Kitchen Faucet ist eine hochwertige Armatur f\u00fcr moderne Nutzr\u00e4ume, die dauerhafte und \u00e4sthetische Wasserl\u00f6sungen erfordern. Das Produkt verf\u00fcgt \u00fcber ein korrosionsbest\u00e4ndiges Geh\u00e4use mit effizienter Wasserflusskontrolle. Sie eignet sich ideal f\u00fcr die Installation in Wohnungen, Hotels, Schulen oder gewerblichen K\u00fcchen, in denen Leistung und Langlebigkeit wichtig sind. Mit seinem eleganten Finish und seiner modernen Form passt er sowohl zu minimalistischen als auch zu klassischen Inneneinrichtungen. Unsere chinesische Fabrik gew\u00e4hrleistet eine strenge Qualit\u00e4tskontrolle bei jeder produzierten Einheit und setzt fortschrittliche Bearbeitungs- und Polierger\u00e4te ein, um eine gleichbleibende Leistung zu gew\u00e4hrleisten. Wir bieten flexible OEM\/ODM-Dienstleistungen, einschlie\u00dflich Branding, Verpackungsdesign und Materialanpassung, um die unterschiedlichsten Kundenanforderungen zu erf\u00fcllen. Dieses Modell ist vor allem auf den s\u00fcdamerikanischen und s\u00fcdostasiatischen M\u00e4rkten aufgrund seines wettbewerbsf\u00e4higen Preises, seines eleganten Aussehens und seiner zuverl\u00e4ssigen Funktionalit\u00e4t beliebt und wird von lokalen H\u00e4ndlern, Bauherren und Renovierern gerne eingesetzt. Die Produktionsst\u00e4rke von YOROOW garantiert eine schnelle Durchlaufzeit der Produktion und eine stabile Lieferung, selbst bei gro\u00dfen Bestellmengen. Jede Armatur wird vor dem Versand einer strengen Dichtheits- und Haltbarkeitspr\u00fcfung unterzogen. Mit mehr als zehn Jahren Exporterfahrung bieten wir mehrsprachige Unterst\u00fctzung und zuverl\u00e4ssige Logistikdienste, um eine reibungslose und p\u00fcnktliche Lieferung auf internationalen M\u00e4rkten zu gew\u00e4hrleisten.<\/p>","protected":false},"excerpt":{"rendered":"<p>Good Price Single Handle Cold Water Kitchen Faucet Concise Black Chrome Single Hole Design Flexible Spout Single Kitchen Faucet is a high-quality faucet designed for modern utility spaces requiring durable and aesthetic water solutions. The product features a corrosion-resistant body with efficient water flow control. It is ideal for installation in homes, hotels, schools, or&#8230;<\/p>","protected":false},"featured_media":10507,"template":"","meta":{"_acf_changed":false,"_kad_post_transparent":"default","_kad_post_title":"","_kad_post_layout":"default","_kad_post_sidebar_id":"","_kad_post_content_style":"default","_kad_post_vertical_padding":"default","_kad_post_feature":"","_kad_post_feature_position":"","_kad_post_header":false,"_kad_post_footer":false},"product_brand":[],"product_cat":[221,223],"product_tag":[3127,3256],"class_list":{"0":"post-10500","1":"product","2":"type-product","3":"status-publish","4":"has-post-thumbnail","6":"product_cat-single-cold-kitchen-faucet-kitchen-faucet","7":"product_cat-wall-mounted-kitchen-faucet","8":"product_tag-kitchen-faucet-with-flexible-spout","9":"product_tag-single-handle-kitchen-faucets","11":"first","12":"instock","13":"shipping-taxable","14":"purchasable","15":"product-type-variable","16":"wvs-archive-product-wrapper","17":"entry","18":"content-bg","19":"loop-entry"},"acf":[],"yoast_head":"<!-- This site is optimized with the Yoast SEO Premium plugin v25.4 (Yoast SEO v27.0) - https:\/\/yoast.com\/product\/yoast-seo-premium-wordpress\/ -->\n<title>Good Price Single Handle Cold Water Kitchen Faucet Concise Black Chrome Single Hole Design Flexible Spout Single Kitchen Faucet - YOROOW<\/title>\n<meta name=\"description\" content=\"Good Price Single Handle Cold Water Kitchen Faucet with black chrome finish and flexible spout, perfect for small kitchens and restaurants. Chinese factory provides OEM services with cost efficiency for South America and Southeast Asia, supporting large orders and timely delivery.\" \/>\n<meta name=\"robots\" content=\"index, follow, max-snippet:-1, max-image-preview:large, max-video-preview:-1\" \/>\n<link rel=\"canonical\" href=\"https:\/\/www.yoroow.com\/de\/produktdetail\/neue-ankunft-schwarz-kuchenarmatur-chrom-pragnant-304sus-kaltwasser-einzelne-loch-einzigen-griff-kuchenarmatur\/\" \/>\n<meta property=\"og:locale\" content=\"de_DE\" \/>\n<meta property=\"og:type\" content=\"article\" \/>\n<meta property=\"og:title\" content=\"Good Price Single Handle Cold Water Kitchen Faucet Concise Black Chrome Single Hole Design Flexible Spout Single Kitchen Faucet\" \/>\n<meta property=\"og:description\" content=\"Good Price Single Handle Cold Water Kitchen Faucet with black chrome finish and flexible spout, perfect for small kitchens and restaurants. Chinese factory provides OEM services with cost efficiency for South America and Southeast Asia, supporting large orders and timely delivery.\" \/>\n<meta property=\"og:url\" content=\"https:\/\/www.yoroow.com\/de\/produktdetail\/neue-ankunft-schwarz-kuchenarmatur-chrom-pragnant-304sus-kaltwasser-einzelne-loch-einzigen-griff-kuchenarmatur\/\" \/>\n<meta property=\"og:site_name\" content=\"YOROOW\" \/>\n<meta property=\"article:publisher\" content=\"https:\/\/www.facebook.com\/people\/yoroowfaucetfactory\/61564236752362\/\" \/>\n<meta property=\"article:modified_time\" content=\"2025-05-16T01:21:58+00:00\" \/>\n<meta property=\"og:image\" content=\"https:\/\/www.yoroow.com\/wp-content\/uploads\/2025\/02\/9532A-052A-C12BK.jpg\" \/>\n\t<meta property=\"og:image:width\" content=\"676\" \/>\n\t<meta property=\"og:image:height\" content=\"676\" \/>\n\t<meta property=\"og:image:type\" content=\"image\/jpeg\" \/>\n<meta name=\"twitter:card\" content=\"summary_large_image\" \/>\n<meta name=\"twitter:label1\" content=\"Gesch\u00e4tzte Lesezeit\" \/>\n\t<meta name=\"twitter:data1\" content=\"2\u00a0Minuten\" \/>\n<script type=\"application\/ld+json\" class=\"yoast-schema-graph\">{\"@context\":\"https:\/\/schema.org\",\"@graph\":[{\"@type\":\"WebPage\",\"@id\":\"https:\/\/www.yoroow.com\/de\/produktdetail\/neue-ankunft-schwarz-kuchenarmatur-chrom-pragnant-304sus-kaltwasser-einzelne-loch-einzigen-griff-kuchenarmatur\/\",\"url\":\"https:\/\/www.yoroow.com\/de\/produktdetail\/neue-ankunft-schwarz-kuchenarmatur-chrom-pragnant-304sus-kaltwasser-einzelne-loch-einzigen-griff-kuchenarmatur\/\",\"name\":\"Good Price Single Handle Cold Water Kitchen Faucet Concise Black Chrome Single Hole Design Flexible Spout Single Kitchen Faucet - YOROOW\",\"isPartOf\":{\"@id\":\"https:\/\/www.yoroow.com\/de\/#website\"},\"primaryImageOfPage\":{\"@id\":\"https:\/\/www.yoroow.com\/de\/produktdetail\/neue-ankunft-schwarz-kuchenarmatur-chrom-pragnant-304sus-kaltwasser-einzelne-loch-einzigen-griff-kuchenarmatur\/#primaryimage\"},\"image\":{\"@id\":\"https:\/\/www.yoroow.com\/de\/produktdetail\/neue-ankunft-schwarz-kuchenarmatur-chrom-pragnant-304sus-kaltwasser-einzelne-loch-einzigen-griff-kuchenarmatur\/#primaryimage\"},\"thumbnailUrl\":\"https:\/\/www.yoroow.com\/wp-content\/uploads\/2025\/02\/9532A-052A-C12BK.jpg\",\"datePublished\":\"2025-02-17T05:58:27+00:00\",\"dateModified\":\"2025-05-16T01:21:58+00:00\",\"description\":\"Good Price Single Handle Cold Water Kitchen Faucet with black chrome finish and flexible spout, perfect for small kitchens and restaurants. Chinese factory provides OEM services with cost efficiency for South America and Southeast Asia, supporting large orders and timely delivery.\",\"breadcrumb\":{\"@id\":\"https:\/\/www.yoroow.com\/de\/produktdetail\/neue-ankunft-schwarz-kuchenarmatur-chrom-pragnant-304sus-kaltwasser-einzelne-loch-einzigen-griff-kuchenarmatur\/#breadcrumb\"},\"inLanguage\":\"de\",\"potentialAction\":[{\"@type\":\"ReadAction\",\"target\":[\"https:\/\/www.yoroow.com\/de\/produktdetail\/neue-ankunft-schwarz-kuchenarmatur-chrom-pragnant-304sus-kaltwasser-einzelne-loch-einzigen-griff-kuchenarmatur\/\"]}]},{\"@type\":\"ImageObject\",\"inLanguage\":\"de\",\"@id\":\"https:\/\/www.yoroow.com\/de\/produktdetail\/neue-ankunft-schwarz-kuchenarmatur-chrom-pragnant-304sus-kaltwasser-einzelne-loch-einzigen-griff-kuchenarmatur\/#primaryimage\",\"url\":\"https:\/\/www.yoroow.com\/wp-content\/uploads\/2025\/02\/9532A-052A-C12BK.jpg\",\"contentUrl\":\"https:\/\/www.yoroow.com\/wp-content\/uploads\/2025\/02\/9532A-052A-C12BK.jpg\",\"width\":676,\"height\":676,\"caption\":\"Good Price Single Handle Cold Water Kitchen Faucet Concise Black Chrome Single Hole Design Flexible Spout Single Kitchen Faucet\"},{\"@type\":\"BreadcrumbList\",\"@id\":\"https:\/\/www.yoroow.com\/de\/produktdetail\/neue-ankunft-schwarz-kuchenarmatur-chrom-pragnant-304sus-kaltwasser-einzelne-loch-einzigen-griff-kuchenarmatur\/#breadcrumb\",\"itemListElement\":[{\"@type\":\"ListItem\",\"position\":1,\"name\":\"home\",\"item\":\"https:\/\/www.yoroow.com\/\"},{\"@type\":\"ListItem\",\"position\":2,\"name\":\"Product\",\"item\":\"https:\/\/www.yoroow.com\/product\/\"},{\"@type\":\"ListItem\",\"position\":3,\"name\":\"Good Price Single Handle Cold Water Kitchen Faucet Concise Black Chrome Single Hole Design Flexible Spout Single Kitchen Faucet\"}]},{\"@type\":\"WebSite\",\"@id\":\"https:\/\/www.yoroow.com\/de\/#website\",\"url\":\"https:\/\/www.yoroow.com\/de\/\",\"name\":\"YOROOW\",\"description\":\"\",\"publisher\":{\"@id\":\"https:\/\/www.yoroow.com\/de\/#organization\"},\"potentialAction\":[{\"@type\":\"SearchAction\",\"target\":{\"@type\":\"EntryPoint\",\"urlTemplate\":\"https:\/\/www.yoroow.com\/de\/?s={search_term_string}\"},\"query-input\":{\"@type\":\"PropertyValueSpecification\",\"valueRequired\":true,\"valueName\":\"search_term_string\"}}],\"inLanguage\":\"de\"},{\"@type\":\"Organization\",\"@id\":\"https:\/\/www.yoroow.com\/de\/#organization\",\"name\":\"YOROOW\",\"url\":\"https:\/\/www.yoroow.com\/de\/\",\"logo\":{\"@type\":\"ImageObject\",\"inLanguage\":\"de\",\"@id\":\"https:\/\/www.yoroow.com\/de\/#\/schema\/logo\/image\/\",\"url\":\"https:\/\/www.yoroow.com\/wp-content\/uploads\/2024\/12\/2024123007131061.png\",\"contentUrl\":\"https:\/\/www.yoroow.com\/wp-content\/uploads\/2024\/12\/2024123007131061.png\",\"width\":168,\"height\":27,\"caption\":\"YOROOW\"},\"image\":{\"@id\":\"https:\/\/www.yoroow.com\/de\/#\/schema\/logo\/image\/\"},\"sameAs\":[\"https:\/\/www.facebook.com\/people\/yoroowfaucetfactory\/61564236752362\/\"]}]}<\/script>\n<!-- \/ Yoast SEO Premium plugin. -->","yoast_head_json":{"title":"Good Price Single Handle Cold Water Kitchen Faucet Concise Black Chrome Single Hole Design Flexible Spout Single Kitchen Faucet - YOROOW","description":"Good Price Single Handle Cold Water Kitchen Faucet with black chrome finish and flexible spout, perfect for small kitchens and restaurants. Chinese factory provides OEM services with cost efficiency for South America and Southeast Asia, supporting large orders and timely delivery.","robots":{"index":"index","follow":"follow","max-snippet":"max-snippet:-1","max-image-preview":"max-image-preview:large","max-video-preview":"max-video-preview:-1"},"canonical":"https:\/\/www.yoroow.com\/de\/produktdetail\/neue-ankunft-schwarz-kuchenarmatur-chrom-pragnant-304sus-kaltwasser-einzelne-loch-einzigen-griff-kuchenarmatur\/","og_locale":"de_DE","og_type":"article","og_title":"Good Price Single Handle Cold Water Kitchen Faucet Concise Black Chrome Single Hole Design Flexible Spout Single Kitchen Faucet","og_description":"Good Price Single Handle Cold Water Kitchen Faucet with black chrome finish and flexible spout, perfect for small kitchens and restaurants. Chinese factory provides OEM services with cost efficiency for South America and Southeast Asia, supporting large orders and timely delivery.","og_url":"https:\/\/www.yoroow.com\/de\/produktdetail\/neue-ankunft-schwarz-kuchenarmatur-chrom-pragnant-304sus-kaltwasser-einzelne-loch-einzigen-griff-kuchenarmatur\/","og_site_name":"YOROOW","article_publisher":"https:\/\/www.facebook.com\/people\/yoroowfaucetfactory\/61564236752362\/","article_modified_time":"2025-05-16T01:21:58+00:00","og_image":[{"width":676,"height":676,"url":"https:\/\/www.yoroow.com\/wp-content\/uploads\/2025\/02\/9532A-052A-C12BK.jpg","type":"image\/jpeg"}],"twitter_card":"summary_large_image","twitter_misc":{"Gesch\u00e4tzte Lesezeit":"2\u00a0Minuten"},"schema":{"@context":"https:\/\/schema.org","@graph":[{"@type":"WebPage","@id":"https:\/\/www.yoroow.com\/de\/produktdetail\/neue-ankunft-schwarz-kuchenarmatur-chrom-pragnant-304sus-kaltwasser-einzelne-loch-einzigen-griff-kuchenarmatur\/","url":"https:\/\/www.yoroow.com\/de\/produktdetail\/neue-ankunft-schwarz-kuchenarmatur-chrom-pragnant-304sus-kaltwasser-einzelne-loch-einzigen-griff-kuchenarmatur\/","name":"Good Price Single Handle Cold Water Kitchen Faucet Concise Black Chrome Single Hole Design Flexible Spout Single Kitchen Faucet - YOROOW","isPartOf":{"@id":"https:\/\/www.yoroow.com\/de\/#website"},"primaryImageOfPage":{"@id":"https:\/\/www.yoroow.com\/de\/produktdetail\/neue-ankunft-schwarz-kuchenarmatur-chrom-pragnant-304sus-kaltwasser-einzelne-loch-einzigen-griff-kuchenarmatur\/#primaryimage"},"image":{"@id":"https:\/\/www.yoroow.com\/de\/produktdetail\/neue-ankunft-schwarz-kuchenarmatur-chrom-pragnant-304sus-kaltwasser-einzelne-loch-einzigen-griff-kuchenarmatur\/#primaryimage"},"thumbnailUrl":"https:\/\/www.yoroow.com\/wp-content\/uploads\/2025\/02\/9532A-052A-C12BK.jpg","datePublished":"2025-02-17T05:58:27+00:00","dateModified":"2025-05-16T01:21:58+00:00","description":"Good Price Single Handle Cold Water Kitchen Faucet with black chrome finish and flexible spout, perfect for small kitchens and restaurants. Chinese factory provides OEM services with cost efficiency for South America and Southeast Asia, supporting large orders and timely delivery.","breadcrumb":{"@id":"https:\/\/www.yoroow.com\/de\/produktdetail\/neue-ankunft-schwarz-kuchenarmatur-chrom-pragnant-304sus-kaltwasser-einzelne-loch-einzigen-griff-kuchenarmatur\/#breadcrumb"},"inLanguage":"de","potentialAction":[{"@type":"ReadAction","target":["https:\/\/www.yoroow.com\/de\/produktdetail\/neue-ankunft-schwarz-kuchenarmatur-chrom-pragnant-304sus-kaltwasser-einzelne-loch-einzigen-griff-kuchenarmatur\/"]}]},{"@type":"ImageObject","inLanguage":"de","@id":"https:\/\/www.yoroow.com\/de\/produktdetail\/neue-ankunft-schwarz-kuchenarmatur-chrom-pragnant-304sus-kaltwasser-einzelne-loch-einzigen-griff-kuchenarmatur\/#primaryimage","url":"https:\/\/www.yoroow.com\/wp-content\/uploads\/2025\/02\/9532A-052A-C12BK.jpg","contentUrl":"https:\/\/www.yoroow.com\/wp-content\/uploads\/2025\/02\/9532A-052A-C12BK.jpg","width":676,"height":676,"caption":"Good Price Single Handle Cold Water Kitchen Faucet Concise Black Chrome Single Hole Design Flexible Spout Single Kitchen Faucet"},{"@type":"BreadcrumbList","@id":"https:\/\/www.yoroow.com\/de\/produktdetail\/neue-ankunft-schwarz-kuchenarmatur-chrom-pragnant-304sus-kaltwasser-einzelne-loch-einzigen-griff-kuchenarmatur\/#breadcrumb","itemListElement":[{"@type":"ListItem","position":1,"name":"home","item":"https:\/\/www.yoroow.com\/"},{"@type":"ListItem","position":2,"name":"Product","item":"https:\/\/www.yoroow.com\/product\/"},{"@type":"ListItem","position":3,"name":"Good Price Single Handle Cold Water Kitchen Faucet Concise Black Chrome Single Hole Design Flexible Spout Single Kitchen Faucet"}]},{"@type":"WebSite","@id":"https:\/\/www.yoroow.com\/de\/#website","url":"https:\/\/www.yoroow.com\/de\/","name":"YOROOW","description":"","publisher":{"@id":"https:\/\/www.yoroow.com\/de\/#organization"},"potentialAction":[{"@type":"SearchAction","target":{"@type":"EntryPoint","urlTemplate":"https:\/\/www.yoroow.com\/de\/?s={search_term_string}"},"query-input":{"@type":"PropertyValueSpecification","valueRequired":true,"valueName":"search_term_string"}}],"inLanguage":"de"},{"@type":"Organization","@id":"https:\/\/www.yoroow.com\/de\/#organization","name":"YOROOW","url":"https:\/\/www.yoroow.com\/de\/","logo":{"@type":"ImageObject","inLanguage":"de","@id":"https:\/\/www.yoroow.com\/de\/#\/schema\/logo\/image\/","url":"https:\/\/www.yoroow.com\/wp-content\/uploads\/2024\/12\/2024123007131061.png","contentUrl":"https:\/\/www.yoroow.com\/wp-content\/uploads\/2024\/12\/2024123007131061.png","width":168,"height":27,"caption":"YOROOW"},"image":{"@id":"https:\/\/www.yoroow.com\/de\/#\/schema\/logo\/image\/"},"sameAs":["https:\/\/www.facebook.com\/people\/yoroowfaucetfactory\/61564236752362\/"]}]}},"_links":{"self":[{"href":"https:\/\/www.yoroow.com\/de\/wp-json\/wp\/v2\/product\/10500","targetHints":{"allow":["GET"]}}],"collection":[{"href":"https:\/\/www.yoroow.com\/de\/wp-json\/wp\/v2\/product"}],"about":[{"href":"https:\/\/www.yoroow.com\/de\/wp-json\/wp\/v2\/types\/product"}],"wp:featuredmedia":[{"embeddable":true,"href":"https:\/\/www.yoroow.com\/de\/wp-json\/wp\/v2\/media\/10507"}],"wp:attachment":[{"href":"https:\/\/www.yoroow.com\/de\/wp-json\/wp\/v2\/media?parent=10500"}],"wp:term":[{"taxonomy":"product_brand","embeddable":true,"href":"https:\/\/www.yoroow.com\/de\/wp-json\/wp\/v2\/product_brand?post=10500"},{"taxonomy":"product_cat","embeddable":true,"href":"https:\/\/www.yoroow.com\/de\/wp-json\/wp\/v2\/product_cat?post=10500"},{"taxonomy":"product_tag","embeddable":true,"href":"https:\/\/www.yoroow.com\/de\/wp-json\/wp\/v2\/product_tag?post=10500"}],"curies":[{"name":"wp","href":"https:\/\/api.w.org\/{rel}","templated":true}]}}