{"id":10269,"date":"2025-02-14T17:22:09","date_gmt":"2025-02-14T09:22:09","guid":{"rendered":"https:\/\/www.yoroow.com\/?post_type=product&#038;p=10269"},"modified":"2025-05-16T09:21:19","modified_gmt":"2025-05-16T01:21:19","slug":"hochwertiger-einhebelmischer-mit-gebogenem-schwarzem-badarmatur-fur-kaltes-wasser-modern-luxus-sanitarkeramik-waschtischarmaturen","status":"publish","type":"product","link":"https:\/\/www.yoroow.com\/de\/produktdetail\/hochwertiger-einhebelmischer-mit-gebogenem-schwarzem-badarmatur-fur-kaltes-wasser-modern-luxus-sanitarkeramik-waschtischarmaturen\/","title":{"rendered":"Premier Modern Einloch-Waschtischbatterie Schwarz Kunstvolle Kaltwasserarmatur mit Messingventil Geb\u00fcrstetes Finish f\u00fcr Anwendungen im Flur"},"content":{"rendered":"<p>Premier Modern Single-Hole Basin Tap Black Artistic Cold Faucet with Brass Valve Brushed Finish for Hall Applications ist eine hochwertige Armatur f\u00fcr moderne Nutzr\u00e4ume, die langlebige und \u00e4sthetische Wasserl\u00f6sungen erfordern. Das Produkt verf\u00fcgt \u00fcber ein korrosionsbest\u00e4ndiges Geh\u00e4use mit effizienter Wasserdurchflusskontrolle. Es ist ideal f\u00fcr den Einbau in Wohnungen, Hotels, Schulen oder Gro\u00dfk\u00fcchen, wo Leistung und Langlebigkeit gefragt sind. Mit seinem eleganten Finish und seiner modernen Form passt er sowohl zu minimalistischen als auch zu klassischen Inneneinrichtungen. Unsere chinesische Fabrik gew\u00e4hrleistet eine strenge Qualit\u00e4tskontrolle bei jeder produzierten Einheit und setzt fortschrittliche Bearbeitungs- und Polierger\u00e4te ein, um eine gleichbleibende Leistung zu gew\u00e4hrleisten. Wir bieten flexible OEM\/ODM-Dienstleistungen, einschlie\u00dflich Branding, Verpackungsdesign und Materialanpassung, um die unterschiedlichsten Kundenanforderungen zu erf\u00fcllen. Dieses Modell ist vor allem auf den s\u00fcdamerikanischen und s\u00fcdostasiatischen M\u00e4rkten aufgrund seines wettbewerbsf\u00e4higen Preises, seines eleganten Aussehens und seiner zuverl\u00e4ssigen Funktionalit\u00e4t beliebt und wird von lokalen H\u00e4ndlern, Bauherren und Renovierern gerne eingesetzt. Die Produktionsst\u00e4rke von YOROOW garantiert eine schnelle Durchlaufzeit der Produktion und eine stabile Lieferung, selbst bei gro\u00dfen Bestellmengen. Jede Armatur wird vor dem Versand einer strengen Dichtheits- und Haltbarkeitspr\u00fcfung unterzogen. Mit mehr als zehn Jahren Exporterfahrung bieten wir mehrsprachige Unterst\u00fctzung und zuverl\u00e4ssige Logistikdienste, um eine reibungslose und p\u00fcnktliche Lieferung auf internationalen M\u00e4rkten zu gew\u00e4hrleisten.<\/p>","protected":false},"excerpt":{"rendered":"<p>Premier Modern Single-Hole Basin Tap Black Artistic Cold Faucet with Brass Valve Brushed Finish for Hall Applications ist eine hochwertige Armatur f\u00fcr moderne Nutzr\u00e4ume, die langlebige und \u00e4sthetische Wasserl\u00f6sungen erfordern. Das Produkt verf\u00fcgt \u00fcber ein korrosionsbest\u00e4ndiges Geh\u00e4use mit effizienter Wasserdurchflusskontrolle. Es ist ideal f\u00fcr die Installation in Wohnungen, Hotels, Schulen oder Gro\u00dfk\u00fcchen...<\/p>","protected":false},"featured_media":10281,"template":"","meta":{"_acf_changed":false,"_kad_post_transparent":"default","_kad_post_title":"","_kad_post_layout":"default","_kad_post_sidebar_id":"","_kad_post_content_style":"default","_kad_post_vertical_padding":"default","_kad_post_feature":"","_kad_post_feature_position":"","_kad_post_header":false,"_kad_post_footer":false},"product_brand":[],"product_cat":[219],"product_tag":[3459,3461],"class_list":{"0":"post-10269","1":"product","2":"type-product","3":"status-publish","4":"has-post-thumbnail","6":"product_cat-single-cold-basin-faucet","7":"product_tag-artistic-basin-gun-black-tap","8":"product_tag-premium-basin-taps","10":"first","11":"instock","12":"shipping-taxable","13":"purchasable","14":"product-type-variable","15":"wvs-archive-product-wrapper","16":"entry","17":"content-bg","18":"loop-entry"},"acf":[],"yoast_head":"<!-- This site is optimized with the Yoast SEO Premium plugin v25.4 (Yoast SEO v27.0) - https:\/\/yoast.com\/product\/yoast-seo-premium-wordpress\/ -->\n<title>Premier Modern Single-Hole Basin Tap Black Artistic Cold Faucet with Brass Valve Brushed Finish for Hall Applications - YOROOW<\/title>\n<meta name=\"description\" content=\"Modern stainless steel single cold basin faucet with ceramic valve core. Faucet accessories suitable for hotels and schools. Factory direct export to South America and Southeast Asia.\" \/>\n<meta name=\"robots\" content=\"index, follow, max-snippet:-1, max-image-preview:large, max-video-preview:-1\" \/>\n<link rel=\"canonical\" href=\"https:\/\/www.yoroow.com\/de\/produktdetail\/hochwertiger-einhebelmischer-mit-gebogenem-schwarzem-badarmatur-fur-kaltes-wasser-modern-luxus-sanitarkeramik-waschtischarmaturen\/\" \/>\n<meta property=\"og:locale\" content=\"de_DE\" \/>\n<meta property=\"og:type\" content=\"article\" \/>\n<meta property=\"og:title\" content=\"Premier Modern Single-Hole Basin Tap Black Artistic Cold Faucet with Brass Valve Brushed Finish for Hall Applications\" \/>\n<meta property=\"og:description\" content=\"Modern stainless steel single cold basin faucet with ceramic valve core. Faucet accessories suitable for hotels and schools. Factory direct export to South America and Southeast Asia.\" \/>\n<meta property=\"og:url\" content=\"https:\/\/www.yoroow.com\/de\/produktdetail\/hochwertiger-einhebelmischer-mit-gebogenem-schwarzem-badarmatur-fur-kaltes-wasser-modern-luxus-sanitarkeramik-waschtischarmaturen\/\" \/>\n<meta property=\"og:site_name\" content=\"YOROOW\" \/>\n<meta property=\"article:publisher\" content=\"https:\/\/www.facebook.com\/people\/yoroowfaucetfactory\/61564236752362\/\" \/>\n<meta property=\"article:modified_time\" content=\"2025-05-16T01:21:19+00:00\" \/>\n<meta property=\"og:image\" content=\"https:\/\/www.yoroow.com\/wp-content\/uploads\/2025\/02\/9008B3-030B3.jpg\" \/>\n\t<meta property=\"og:image:width\" content=\"606\" \/>\n\t<meta property=\"og:image:height\" content=\"606\" \/>\n\t<meta property=\"og:image:type\" content=\"image\/jpeg\" \/>\n<meta name=\"twitter:card\" content=\"summary_large_image\" \/>\n<meta name=\"twitter:label1\" content=\"Gesch\u00e4tzte Lesezeit\" \/>\n\t<meta name=\"twitter:data1\" content=\"2\u00a0Minuten\" \/>\n<script type=\"application\/ld+json\" class=\"yoast-schema-graph\">{\"@context\":\"https:\/\/schema.org\",\"@graph\":[{\"@type\":\"WebPage\",\"@id\":\"https:\/\/www.yoroow.com\/de\/produktdetail\/hochwertiger-einhebelmischer-mit-gebogenem-schwarzem-badarmatur-fur-kaltes-wasser-modern-luxus-sanitarkeramik-waschtischarmaturen\/\",\"url\":\"https:\/\/www.yoroow.com\/de\/produktdetail\/hochwertiger-einhebelmischer-mit-gebogenem-schwarzem-badarmatur-fur-kaltes-wasser-modern-luxus-sanitarkeramik-waschtischarmaturen\/\",\"name\":\"Premier Modern Single-Hole Basin Tap Black Artistic Cold Faucet with Brass Valve Brushed Finish for Hall Applications - YOROOW\",\"isPartOf\":{\"@id\":\"https:\/\/www.yoroow.com\/de\/#website\"},\"primaryImageOfPage\":{\"@id\":\"https:\/\/www.yoroow.com\/de\/produktdetail\/hochwertiger-einhebelmischer-mit-gebogenem-schwarzem-badarmatur-fur-kaltes-wasser-modern-luxus-sanitarkeramik-waschtischarmaturen\/#primaryimage\"},\"image\":{\"@id\":\"https:\/\/www.yoroow.com\/de\/produktdetail\/hochwertiger-einhebelmischer-mit-gebogenem-schwarzem-badarmatur-fur-kaltes-wasser-modern-luxus-sanitarkeramik-waschtischarmaturen\/#primaryimage\"},\"thumbnailUrl\":\"https:\/\/www.yoroow.com\/wp-content\/uploads\/2025\/02\/9008B3-030B3.jpg\",\"datePublished\":\"2025-02-14T09:22:09+00:00\",\"dateModified\":\"2025-05-16T01:21:19+00:00\",\"description\":\"Modern stainless steel single cold basin faucet with ceramic valve core. Faucet accessories suitable for hotels and schools. Factory direct export to South America and Southeast Asia.\",\"breadcrumb\":{\"@id\":\"https:\/\/www.yoroow.com\/de\/produktdetail\/hochwertiger-einhebelmischer-mit-gebogenem-schwarzem-badarmatur-fur-kaltes-wasser-modern-luxus-sanitarkeramik-waschtischarmaturen\/#breadcrumb\"},\"inLanguage\":\"de\",\"potentialAction\":[{\"@type\":\"ReadAction\",\"target\":[\"https:\/\/www.yoroow.com\/de\/produktdetail\/hochwertiger-einhebelmischer-mit-gebogenem-schwarzem-badarmatur-fur-kaltes-wasser-modern-luxus-sanitarkeramik-waschtischarmaturen\/\"]}]},{\"@type\":\"ImageObject\",\"inLanguage\":\"de\",\"@id\":\"https:\/\/www.yoroow.com\/de\/produktdetail\/hochwertiger-einhebelmischer-mit-gebogenem-schwarzem-badarmatur-fur-kaltes-wasser-modern-luxus-sanitarkeramik-waschtischarmaturen\/#primaryimage\",\"url\":\"https:\/\/www.yoroow.com\/wp-content\/uploads\/2025\/02\/9008B3-030B3.jpg\",\"contentUrl\":\"https:\/\/www.yoroow.com\/wp-content\/uploads\/2025\/02\/9008B3-030B3.jpg\",\"width\":606,\"height\":606,\"caption\":\"Premier Modern Single-Hole Basin Tap Black Artistic Cold Faucet with Brass Valve Brushed Finish for Hall Applications\"},{\"@type\":\"BreadcrumbList\",\"@id\":\"https:\/\/www.yoroow.com\/de\/produktdetail\/hochwertiger-einhebelmischer-mit-gebogenem-schwarzem-badarmatur-fur-kaltes-wasser-modern-luxus-sanitarkeramik-waschtischarmaturen\/#breadcrumb\",\"itemListElement\":[{\"@type\":\"ListItem\",\"position\":1,\"name\":\"home\",\"item\":\"https:\/\/www.yoroow.com\/\"},{\"@type\":\"ListItem\",\"position\":2,\"name\":\"Product\",\"item\":\"https:\/\/www.yoroow.com\/product\/\"},{\"@type\":\"ListItem\",\"position\":3,\"name\":\"Premier Modern Single-Hole Basin Tap Black Artistic Cold Faucet with Brass Valve Brushed Finish for Hall Applications\"}]},{\"@type\":\"WebSite\",\"@id\":\"https:\/\/www.yoroow.com\/de\/#website\",\"url\":\"https:\/\/www.yoroow.com\/de\/\",\"name\":\"YOROOW\",\"description\":\"\",\"publisher\":{\"@id\":\"https:\/\/www.yoroow.com\/de\/#organization\"},\"potentialAction\":[{\"@type\":\"SearchAction\",\"target\":{\"@type\":\"EntryPoint\",\"urlTemplate\":\"https:\/\/www.yoroow.com\/de\/?s={search_term_string}\"},\"query-input\":{\"@type\":\"PropertyValueSpecification\",\"valueRequired\":true,\"valueName\":\"search_term_string\"}}],\"inLanguage\":\"de\"},{\"@type\":\"Organization\",\"@id\":\"https:\/\/www.yoroow.com\/de\/#organization\",\"name\":\"YOROOW\",\"url\":\"https:\/\/www.yoroow.com\/de\/\",\"logo\":{\"@type\":\"ImageObject\",\"inLanguage\":\"de\",\"@id\":\"https:\/\/www.yoroow.com\/de\/#\/schema\/logo\/image\/\",\"url\":\"https:\/\/www.yoroow.com\/wp-content\/uploads\/2024\/12\/2024123007131061.png\",\"contentUrl\":\"https:\/\/www.yoroow.com\/wp-content\/uploads\/2024\/12\/2024123007131061.png\",\"width\":168,\"height\":27,\"caption\":\"YOROOW\"},\"image\":{\"@id\":\"https:\/\/www.yoroow.com\/de\/#\/schema\/logo\/image\/\"},\"sameAs\":[\"https:\/\/www.facebook.com\/people\/yoroowfaucetfactory\/61564236752362\/\"]}]}<\/script>\n<!-- \/ Yoast SEO Premium plugin. -->","yoast_head_json":{"title":"Premier Modern Single-Hole Basin Tap Black Artistic Cold Faucet with Brass Valve Brushed Finish for Hall Applications - YOROOW","description":"Modern stainless steel single cold basin faucet with ceramic valve core. Faucet accessories suitable for hotels and schools. Factory direct export to South America and Southeast Asia.","robots":{"index":"index","follow":"follow","max-snippet":"max-snippet:-1","max-image-preview":"max-image-preview:large","max-video-preview":"max-video-preview:-1"},"canonical":"https:\/\/www.yoroow.com\/de\/produktdetail\/hochwertiger-einhebelmischer-mit-gebogenem-schwarzem-badarmatur-fur-kaltes-wasser-modern-luxus-sanitarkeramik-waschtischarmaturen\/","og_locale":"de_DE","og_type":"article","og_title":"Premier Modern Single-Hole Basin Tap Black Artistic Cold Faucet with Brass Valve Brushed Finish for Hall Applications","og_description":"Modern stainless steel single cold basin faucet with ceramic valve core. Faucet accessories suitable for hotels and schools. Factory direct export to South America and Southeast Asia.","og_url":"https:\/\/www.yoroow.com\/de\/produktdetail\/hochwertiger-einhebelmischer-mit-gebogenem-schwarzem-badarmatur-fur-kaltes-wasser-modern-luxus-sanitarkeramik-waschtischarmaturen\/","og_site_name":"YOROOW","article_publisher":"https:\/\/www.facebook.com\/people\/yoroowfaucetfactory\/61564236752362\/","article_modified_time":"2025-05-16T01:21:19+00:00","og_image":[{"width":606,"height":606,"url":"https:\/\/www.yoroow.com\/wp-content\/uploads\/2025\/02\/9008B3-030B3.jpg","type":"image\/jpeg"}],"twitter_card":"summary_large_image","twitter_misc":{"Gesch\u00e4tzte Lesezeit":"2\u00a0Minuten"},"schema":{"@context":"https:\/\/schema.org","@graph":[{"@type":"WebPage","@id":"https:\/\/www.yoroow.com\/de\/produktdetail\/hochwertiger-einhebelmischer-mit-gebogenem-schwarzem-badarmatur-fur-kaltes-wasser-modern-luxus-sanitarkeramik-waschtischarmaturen\/","url":"https:\/\/www.yoroow.com\/de\/produktdetail\/hochwertiger-einhebelmischer-mit-gebogenem-schwarzem-badarmatur-fur-kaltes-wasser-modern-luxus-sanitarkeramik-waschtischarmaturen\/","name":"Premier Modern Single-Hole Basin Tap Black Artistic Cold Faucet with Brass Valve Brushed Finish for Hall Applications - YOROOW","isPartOf":{"@id":"https:\/\/www.yoroow.com\/de\/#website"},"primaryImageOfPage":{"@id":"https:\/\/www.yoroow.com\/de\/produktdetail\/hochwertiger-einhebelmischer-mit-gebogenem-schwarzem-badarmatur-fur-kaltes-wasser-modern-luxus-sanitarkeramik-waschtischarmaturen\/#primaryimage"},"image":{"@id":"https:\/\/www.yoroow.com\/de\/produktdetail\/hochwertiger-einhebelmischer-mit-gebogenem-schwarzem-badarmatur-fur-kaltes-wasser-modern-luxus-sanitarkeramik-waschtischarmaturen\/#primaryimage"},"thumbnailUrl":"https:\/\/www.yoroow.com\/wp-content\/uploads\/2025\/02\/9008B3-030B3.jpg","datePublished":"2025-02-14T09:22:09+00:00","dateModified":"2025-05-16T01:21:19+00:00","description":"Modern stainless steel single cold basin faucet with ceramic valve core. Faucet accessories suitable for hotels and schools. Factory direct export to South America and Southeast Asia.","breadcrumb":{"@id":"https:\/\/www.yoroow.com\/de\/produktdetail\/hochwertiger-einhebelmischer-mit-gebogenem-schwarzem-badarmatur-fur-kaltes-wasser-modern-luxus-sanitarkeramik-waschtischarmaturen\/#breadcrumb"},"inLanguage":"de","potentialAction":[{"@type":"ReadAction","target":["https:\/\/www.yoroow.com\/de\/produktdetail\/hochwertiger-einhebelmischer-mit-gebogenem-schwarzem-badarmatur-fur-kaltes-wasser-modern-luxus-sanitarkeramik-waschtischarmaturen\/"]}]},{"@type":"ImageObject","inLanguage":"de","@id":"https:\/\/www.yoroow.com\/de\/produktdetail\/hochwertiger-einhebelmischer-mit-gebogenem-schwarzem-badarmatur-fur-kaltes-wasser-modern-luxus-sanitarkeramik-waschtischarmaturen\/#primaryimage","url":"https:\/\/www.yoroow.com\/wp-content\/uploads\/2025\/02\/9008B3-030B3.jpg","contentUrl":"https:\/\/www.yoroow.com\/wp-content\/uploads\/2025\/02\/9008B3-030B3.jpg","width":606,"height":606,"caption":"Premier Modern Single-Hole Basin Tap Black Artistic Cold Faucet with Brass Valve Brushed Finish for Hall Applications"},{"@type":"BreadcrumbList","@id":"https:\/\/www.yoroow.com\/de\/produktdetail\/hochwertiger-einhebelmischer-mit-gebogenem-schwarzem-badarmatur-fur-kaltes-wasser-modern-luxus-sanitarkeramik-waschtischarmaturen\/#breadcrumb","itemListElement":[{"@type":"ListItem","position":1,"name":"home","item":"https:\/\/www.yoroow.com\/"},{"@type":"ListItem","position":2,"name":"Product","item":"https:\/\/www.yoroow.com\/product\/"},{"@type":"ListItem","position":3,"name":"Premier Modern Single-Hole Basin Tap Black Artistic Cold Faucet with Brass Valve Brushed Finish for Hall Applications"}]},{"@type":"WebSite","@id":"https:\/\/www.yoroow.com\/de\/#website","url":"https:\/\/www.yoroow.com\/de\/","name":"YOROOW","description":"","publisher":{"@id":"https:\/\/www.yoroow.com\/de\/#organization"},"potentialAction":[{"@type":"SearchAction","target":{"@type":"EntryPoint","urlTemplate":"https:\/\/www.yoroow.com\/de\/?s={search_term_string}"},"query-input":{"@type":"PropertyValueSpecification","valueRequired":true,"valueName":"search_term_string"}}],"inLanguage":"de"},{"@type":"Organization","@id":"https:\/\/www.yoroow.com\/de\/#organization","name":"YOROOW","url":"https:\/\/www.yoroow.com\/de\/","logo":{"@type":"ImageObject","inLanguage":"de","@id":"https:\/\/www.yoroow.com\/de\/#\/schema\/logo\/image\/","url":"https:\/\/www.yoroow.com\/wp-content\/uploads\/2024\/12\/2024123007131061.png","contentUrl":"https:\/\/www.yoroow.com\/wp-content\/uploads\/2024\/12\/2024123007131061.png","width":168,"height":27,"caption":"YOROOW"},"image":{"@id":"https:\/\/www.yoroow.com\/de\/#\/schema\/logo\/image\/"},"sameAs":["https:\/\/www.facebook.com\/people\/yoroowfaucetfactory\/61564236752362\/"]}]}},"_links":{"self":[{"href":"https:\/\/www.yoroow.com\/de\/wp-json\/wp\/v2\/product\/10269","targetHints":{"allow":["GET"]}}],"collection":[{"href":"https:\/\/www.yoroow.com\/de\/wp-json\/wp\/v2\/product"}],"about":[{"href":"https:\/\/www.yoroow.com\/de\/wp-json\/wp\/v2\/types\/product"}],"wp:featuredmedia":[{"embeddable":true,"href":"https:\/\/www.yoroow.com\/de\/wp-json\/wp\/v2\/media\/10281"}],"wp:attachment":[{"href":"https:\/\/www.yoroow.com\/de\/wp-json\/wp\/v2\/media?parent=10269"}],"wp:term":[{"taxonomy":"product_brand","embeddable":true,"href":"https:\/\/www.yoroow.com\/de\/wp-json\/wp\/v2\/product_brand?post=10269"},{"taxonomy":"product_cat","embeddable":true,"href":"https:\/\/www.yoroow.com\/de\/wp-json\/wp\/v2\/product_cat?post=10269"},{"taxonomy":"product_tag","embeddable":true,"href":"https:\/\/www.yoroow.com\/de\/wp-json\/wp\/v2\/product_tag?post=10269"}],"curies":[{"name":"wp","href":"https:\/\/api.w.org\/{rel}","templated":true}]}}