{"id":10226,"date":"2025-02-14T16:29:34","date_gmt":"2025-02-14T08:29:34","guid":{"rendered":"https:\/\/www.yoroow.com\/?post_type=product&#038;p=10226"},"modified":"2025-05-16T09:21:10","modified_gmt":"2025-05-16T01:21:10","slug":"yoroow-chrom-badezimmer-waschbecken-messing-kartusche-hoch-zink-korper-kaltwasserhahn-deck-montiert-waschbeckenarmatur-%e5%a4%8d%e5%88%b6-%e5%a4%8d%e5%88%b6","status":"publish","type":"product","link":"https:\/\/www.yoroow.com\/de\/produktdetail\/yoroow-chrom-badezimmer-waschbecken-messing-kartusche-hoch-zink-korper-kaltwasserhahn-deck-montiert-waschbeckenarmatur-%e5%a4%8d%e5%88%b6-%e5%a4%8d%e5%88%b6\/","title":{"rendered":"Zeitgen\u00f6ssische klassische Zink hohe Becken Wasserhahn langen Hals einzigen kalten Wasserhahn mit keramischen Kern hei\u00df kalt Funktionen f\u00fcr Badezimmer Home Use"},"content":{"rendered":"<p>Diese moderne, klassische Zink-Waschtischarmatur hat einen hohen, langen Hals und ein einzelnes Kaltwasserventil f\u00fcr das heimische Badezimmer. Der Keramikkern sorgt f\u00fcr einen reibungslosen Betrieb, w\u00e4hrend die Hei\u00df\/Kalt-Funktion eine einfache Temperaturregelung erm\u00f6glicht. Das klassische Design passt sowohl in moderne als auch in traditionelle Badezimmer. Diese in China hergestellte Armatur bietet wettbewerbsf\u00e4hige Preise und eine effiziente Produktion, was sie zu einer guten Option f\u00fcr den Export nach S\u00fcdamerika und S\u00fcdostasien macht, wo die Nachfrage nach stilvollen und zugleich funktionalen Badezimmerarmaturen steigt.<\/p>","protected":false},"excerpt":{"rendered":"<div class=\"woocommerce-product-details__short-description\">\n<table class=\"has-fixed-layout\">\n<tbody>\n<tr>\n<td class=\"wp-block-table__cell-content\">\n<div class=\"block-editor-rich-text__editable rich-text\" role=\"textbox\" contenteditable=\"true\" aria-multiline=\"true\" aria-label=\"K\u00f6rper \u5355\u5143\u683c\u6587\u5b57\"><strong data-rich-text-format-boundary=\"true\">Modellnummer<\/strong><\/div>\n<\/td>\n<td class=\"wp-block-table__cell-content\">9139A<\/td>\n<\/tr>\n<tr>\n<td class=\"wp-block-table__cell-content\">\n<div class=\"block-editor-rich-text__editable rich-text\" role=\"textbox\" contenteditable=\"true\" aria-multiline=\"true\" aria-label=\"K\u00f6rper \u5355\u5143\u683c\u6587\u5b57\"><strong>Stil<\/strong><\/div>\n<\/td>\n<td class=\"wp-block-table__cell-content\">\n<div class=\"block-editor-rich-text__editable rich-text\" role=\"textbox\" contenteditable=\"true\" aria-multiline=\"true\" aria-label=\"K\u00f6rper \u5355\u5143\u683c\u6587\u5b57\">Modern<\/div>\n<\/td>\n<\/tr>\n<tr>\n<td class=\"wp-block-table__cell-content\">\n<div class=\"block-editor-rich-text__editable rich-text\" role=\"textbox\" contenteditable=\"true\" aria-multiline=\"true\" aria-label=\"K\u00f6rper \u5355\u5143\u683c\u6587\u5b57\"><strong>Material<\/strong><\/div>\n<\/td>\n<td class=\"wp-block-table__cell-content\">\n<div class=\"block-editor-rich-text__editable rich-text\" role=\"textbox\" contenteditable=\"true\" aria-multiline=\"true\" aria-label=\"K\u00f6rper \u5355\u5143\u683c\u6587\u5b57\">Zink<\/div>\n<\/td>\n<\/tr>\n<tr>\n<td class=\"wp-block-table__cell-content\">\n<div class=\"block-editor-rich-text__editable rich-text\" role=\"textbox\" contenteditable=\"true\" aria-multiline=\"true\" aria-label=\"K\u00f6rper \u5355\u5143\u683c\u6587\u5b57\"><strong>Kartusche<\/strong><\/div>\n<\/td>\n<td class=\"wp-block-table__cell-content\">\n<div class=\"block-editor-rich-text__editable rich-text\" role=\"textbox\" contenteditable=\"true\" aria-multiline=\"true\" aria-label=\"K\u00f6rper \u5355\u5143\u683c\u6587\u5b57\">Messing-Patrone<\/div>\n<\/td>\n<\/tr>\n<tr>\n<td class=\"wp-block-table__cell-content\">\n<div class=\"block-editor-rich-text__editable rich-text\" role=\"textbox\" contenteditable=\"true\" aria-multiline=\"true\" aria-label=\"K\u00f6rper \u5355\u5143\u683c\u6587\u5b57\"><strong>Oberfl\u00e4chenbehandlung<\/strong><\/div>\n<\/td>\n<td class=\"wp-block-table__cell-content\">\n<div class=\"block-editor-rich-text__editable rich-text\" role=\"textbox\" contenteditable=\"true\" aria-multiline=\"true\" aria-label=\"K\u00f6rper \u5355\u5143\u683c\u6587\u5b57\">Chrom<\/div>\n<\/td>\n<\/tr>\n<tr>\n<td class=\"wp-block-table__cell-content\">\n<div class=\"block-editor-rich-text__editable rich-text\" role=\"textbox\" contenteditable=\"true\" aria-multiline=\"true\" aria-label=\"K\u00f6rper \u5355\u5143\u683c\u6587\u5b57\"><strong>Ausgie\u00dfer-Typen<\/strong><\/div>\n<\/td>\n<td class=\"wp-block-table__cell-content\">\n<div class=\"block-editor-rich-text__editable rich-text\" role=\"textbox\" contenteditable=\"true\" aria-multiline=\"true\" aria-label=\"K\u00f6rper \u5355\u5143\u683c\u6587\u5b57\">Standard<\/div>\n<\/td>\n<\/tr>\n<tr>\n<td class=\"wp-block-table__cell-content\">\n<div class=\"block-editor-rich-text__editable rich-text\" role=\"textbox\" contenteditable=\"true\" aria-multiline=\"true\" aria-label=\"K\u00f6rper \u5355\u5143\u683c\u6587\u5b57\"><strong>Gewicht<\/strong><\/div>\n<\/td>\n<td class=\"wp-block-table__cell-content\">\n<div class=\"block-editor-rich-text__editable rich-text\" role=\"textbox\" contenteditable=\"true\" aria-multiline=\"true\" aria-label=\"K\u00f6rper \u5355\u5143\u683c\u6587\u5b57\">\u00a0<\/div>\n<\/td>\n<\/tr>\n<tr>\n<td class=\"wp-block-table__cell-content\">\n<div class=\"block-editor-rich-text__editable rich-text\" role=\"textbox\" contenteditable=\"true\" aria-multiline=\"true\" aria-label=\"K\u00f6rper \u5355\u5143\u683c\u6587\u5b57\"><strong>Anzahl der L\u00f6cher f\u00fcr die Installation<\/strong><\/div>\n<\/td>\n<td class=\"wp-block-table__cell-content\">\n<div class=\"block-editor-rich-text__editable rich-text\" role=\"textbox\" contenteditable=\"true\" aria-multiline=\"true\" aria-label=\"K\u00f6rper \u5355\u5143\u683c\u6587\u5b57\">Einzelne Bohrung<\/div>\n<\/td>\n<\/tr>\n<tr>\n<td class=\"wp-block-table__cell-content\">\n<div class=\"block-editor-rich-text__editable rich-text\" role=\"textbox\" contenteditable=\"true\" aria-multiline=\"true\" aria-label=\"K\u00f6rper \u5355\u5143\u683c\u6587\u5b57\"><strong>Anzahl der Griffe<\/strong><\/div>\n<\/td>\n<td class=\"wp-block-table__cell-content\">\n<div class=\"block-editor-rich-text__editable rich-text\" role=\"textbox\" contenteditable=\"true\" aria-multiline=\"true\" aria-label=\"K\u00f6rper \u5355\u5143\u683c\u6587\u5b57\">Einzelgriff<\/div>\n<\/td>\n<\/tr>\n<tr>\n<td class=\"wp-block-table__cell-content\">\n<div class=\"block-editor-rich-text__editable rich-text\" role=\"textbox\" contenteditable=\"true\" aria-multiline=\"true\" aria-label=\"K\u00f6rper \u5355\u5143\u683c\u6587\u5b57\"><strong>Einbauart<\/strong><\/div>\n<\/td>\n<td class=\"wp-block-table__cell-content\">\n<div class=\"block-editor-rich-text__editable rich-text\" role=\"textbox\" contenteditable=\"true\" aria-multiline=\"true\" aria-label=\"K\u00f6rper \u5355\u5143\u683c\u6587\u5b57\">Auf Deck montiert<\/div>\n<\/td>\n<\/tr>\n<tr>\n<td class=\"wp-block-table__cell-content\">\n<div class=\"block-editor-rich-text__editable rich-text\" role=\"textbox\" contenteditable=\"true\" aria-multiline=\"true\" aria-label=\"K\u00f6rper \u5355\u5143\u683c\u6587\u5b57\"><strong>InsCartridge-Lebensdauer<\/strong><\/div>\n<\/td>\n<td class=\"wp-block-table__cell-content\">\n<div class=\"block-editor-rich-text__editable rich-text\" role=\"textbox\" contenteditable=\"true\" aria-multiline=\"true\" aria-label=\"K\u00f6rper \u5355\u5143\u683c\u6587\u5b57\">500000 Mal \u00d6ffnungsklauselarten<\/div>\n<\/td>\n<\/tr>\n<tr>\n<td class=\"wp-block-table__cell-content\">\n<div class=\"block-editor-rich-text__editable rich-text\" role=\"textbox\" contenteditable=\"true\" aria-multiline=\"true\" aria-label=\"K\u00f6rper \u5355\u5143\u683c\u6587\u5b57\"><strong>Garantie<\/strong><\/div>\n<\/td>\n<td class=\"wp-block-table__cell-content\">\n<div class=\"block-editor-rich-text__editable rich-text\" role=\"textbox\" contenteditable=\"true\" aria-multiline=\"true\" aria-label=\"K\u00f6rper \u5355\u5143\u683c\u6587\u5b57\">5 Jahre Qualit\u00e4tsgarantie<\/div>\n<\/td>\n<\/tr>\n<tr>\n<td class=\"wp-block-table__cell-content\">\n<div class=\"block-editor-rich-text__editable rich-text\" role=\"textbox\" contenteditable=\"true\" aria-multiline=\"true\" aria-label=\"K\u00f6rper \u5355\u5143\u683c\u6587\u5b57\"><strong>Wasserdruck<\/strong><\/div>\n<\/td>\n<td class=\"wp-block-table__cell-content\">\n<div class=\"block-editor-rich-text__editable rich-text\" role=\"textbox\" contenteditable=\"true\" aria-multiline=\"true\" aria-label=\"K\u00f6rper \u5355\u5143\u683c\u6587\u5b57\">0,05-0,8mpa<\/div>\n<\/td>\n<\/tr>\n<tr>\n<td class=\"wp-block-table__cell-content\">\n<div class=\"block-editor-rich-text__editable rich-text\" role=\"textbox\" contenteditable=\"true\" aria-multiline=\"true\" aria-label=\"K\u00f6rper \u5355\u5143\u683c\u6587\u5b57\"><strong>Arbeitstemperatur<\/strong><\/div>\n<\/td>\n<td class=\"wp-block-table__cell-content\">\n<div class=\"block-editor-rich-text__editable rich-text\" role=\"textbox\" contenteditable=\"true\" aria-multiline=\"true\" aria-label=\"K\u00f6rper \u5355\u5143\u683c\u6587\u5b57\">5-99\u2103<\/div>\n<\/td>\n<\/tr>\n<\/tbody>\n<\/table>\n<p>\u00a0<\/p><\/div>\n<div class=\"product_meta\">\u00a0<\/div>\n<div class=\"wp-block-kadence-advancedbtn kb-buttons-wrap kb-btns1303_b530bc-a6\">\u00a0<\/div>","protected":false},"featured_media":10231,"template":"","meta":{"_acf_changed":false,"_kad_post_transparent":"default","_kad_post_title":"","_kad_post_layout":"default","_kad_post_sidebar_id":"","_kad_post_content_style":"default","_kad_post_vertical_padding":"default","_kad_post_feature":"","_kad_post_feature_position":"","_kad_post_header":false,"_kad_post_footer":false},"product_brand":[],"product_cat":[219],"product_tag":[3502,3476],"class_list":{"0":"post-10226","1":"product","2":"type-product","3":"status-publish","4":"has-post-thumbnail","6":"product_cat-single-cold-basin-faucet","7":"product_tag-long-neck-tap-basin","8":"product_tag-tall-basin-tap","10":"first","11":"instock","12":"shipping-taxable","13":"purchasable","14":"product-type-variable","15":"wvs-archive-product-wrapper","16":"entry","17":"content-bg","18":"loop-entry"},"acf":[],"yoast_head":"<!-- This site is optimized with the Yoast SEO Premium plugin v25.4 (Yoast SEO v27.0) - https:\/\/yoast.com\/product\/yoast-seo-premium-wordpress\/ -->\n<title>Contemporary Classic Zinc Tall Basin Tap Long Neck Single Cold Faucet with Ceramic Core Hot Cold Features for Bathroom Home Use - YOROOW<\/title>\n<meta name=\"description\" content=\"Contemporary classic zinc tall basin tap with long neck. Single cold faucet with ceramic core for hot and cold features. Suitable for bathroom home use. Made in China for export to South America and Southeast Asia.\" \/>\n<meta name=\"robots\" content=\"index, follow, max-snippet:-1, max-image-preview:large, max-video-preview:-1\" \/>\n<link rel=\"canonical\" href=\"https:\/\/www.yoroow.com\/de\/produktdetail\/yoroow-chrom-badezimmer-waschbecken-messing-kartusche-hoch-zink-korper-kaltwasserhahn-deck-montiert-waschbeckenarmatur-\u590d\u5236-\u590d\u5236\/\" \/>\n<meta property=\"og:locale\" content=\"de_DE\" \/>\n<meta property=\"og:type\" content=\"article\" \/>\n<meta property=\"og:title\" content=\"Contemporary Classic Zinc Tall Basin Tap Long Neck Single Cold Faucet with Ceramic Core Hot Cold Features for Bathroom Home Use\" \/>\n<meta property=\"og:description\" content=\"Contemporary classic zinc tall basin tap with long neck. Single cold faucet with ceramic core for hot and cold features. Suitable for bathroom home use. Made in China for export to South America and Southeast Asia.\" \/>\n<meta property=\"og:url\" content=\"https:\/\/www.yoroow.com\/de\/produktdetail\/yoroow-chrom-badezimmer-waschbecken-messing-kartusche-hoch-zink-korper-kaltwasserhahn-deck-montiert-waschbeckenarmatur-\u590d\u5236-\u590d\u5236\/\" \/>\n<meta property=\"og:site_name\" content=\"YOROOW\" \/>\n<meta property=\"article:publisher\" content=\"https:\/\/www.facebook.com\/people\/yoroowfaucetfactory\/61564236752362\/\" \/>\n<meta property=\"article:modified_time\" content=\"2025-05-16T01:21:10+00:00\" \/>\n<meta property=\"og:image\" content=\"https:\/\/www.yoroow.com\/wp-content\/uploads\/2025\/02\/9140A.jpg\" \/>\n\t<meta property=\"og:image:width\" content=\"639\" \/>\n\t<meta property=\"og:image:height\" content=\"639\" \/>\n\t<meta property=\"og:image:type\" content=\"image\/jpeg\" \/>\n<meta name=\"twitter:card\" content=\"summary_large_image\" \/>\n<meta name=\"twitter:label1\" content=\"Gesch\u00e4tzte Lesezeit\" \/>\n\t<meta name=\"twitter:data1\" content=\"2\u00a0Minuten\" \/>\n<script type=\"application\/ld+json\" class=\"yoast-schema-graph\">{\"@context\":\"https:\/\/schema.org\",\"@graph\":[{\"@type\":\"WebPage\",\"@id\":\"https:\/\/www.yoroow.com\/de\/produktdetail\/yoroow-chrom-badezimmer-waschbecken-messing-kartusche-hoch-zink-korper-kaltwasserhahn-deck-montiert-waschbeckenarmatur-%e5%a4%8d%e5%88%b6-%e5%a4%8d%e5%88%b6\/\",\"url\":\"https:\/\/www.yoroow.com\/de\/produktdetail\/yoroow-chrom-badezimmer-waschbecken-messing-kartusche-hoch-zink-korper-kaltwasserhahn-deck-montiert-waschbeckenarmatur-%e5%a4%8d%e5%88%b6-%e5%a4%8d%e5%88%b6\/\",\"name\":\"Contemporary Classic Zinc Tall Basin Tap Long Neck Single Cold Faucet with Ceramic Core Hot Cold Features for Bathroom Home Use - YOROOW\",\"isPartOf\":{\"@id\":\"https:\/\/www.yoroow.com\/de\/#website\"},\"primaryImageOfPage\":{\"@id\":\"https:\/\/www.yoroow.com\/de\/produktdetail\/yoroow-chrom-badezimmer-waschbecken-messing-kartusche-hoch-zink-korper-kaltwasserhahn-deck-montiert-waschbeckenarmatur-%e5%a4%8d%e5%88%b6-%e5%a4%8d%e5%88%b6\/#primaryimage\"},\"image\":{\"@id\":\"https:\/\/www.yoroow.com\/de\/produktdetail\/yoroow-chrom-badezimmer-waschbecken-messing-kartusche-hoch-zink-korper-kaltwasserhahn-deck-montiert-waschbeckenarmatur-%e5%a4%8d%e5%88%b6-%e5%a4%8d%e5%88%b6\/#primaryimage\"},\"thumbnailUrl\":\"https:\/\/www.yoroow.com\/wp-content\/uploads\/2025\/02\/9140A.jpg\",\"datePublished\":\"2025-02-14T08:29:34+00:00\",\"dateModified\":\"2025-05-16T01:21:10+00:00\",\"description\":\"Contemporary classic zinc tall basin tap with long neck. Single cold faucet with ceramic core for hot and cold features. Suitable for bathroom home use. Made in China for export to South America and Southeast Asia.\",\"breadcrumb\":{\"@id\":\"https:\/\/www.yoroow.com\/de\/produktdetail\/yoroow-chrom-badezimmer-waschbecken-messing-kartusche-hoch-zink-korper-kaltwasserhahn-deck-montiert-waschbeckenarmatur-%e5%a4%8d%e5%88%b6-%e5%a4%8d%e5%88%b6\/#breadcrumb\"},\"inLanguage\":\"de\",\"potentialAction\":[{\"@type\":\"ReadAction\",\"target\":[\"https:\/\/www.yoroow.com\/de\/produktdetail\/yoroow-chrom-badezimmer-waschbecken-messing-kartusche-hoch-zink-korper-kaltwasserhahn-deck-montiert-waschbeckenarmatur-%e5%a4%8d%e5%88%b6-%e5%a4%8d%e5%88%b6\/\"]}]},{\"@type\":\"ImageObject\",\"inLanguage\":\"de\",\"@id\":\"https:\/\/www.yoroow.com\/de\/produktdetail\/yoroow-chrom-badezimmer-waschbecken-messing-kartusche-hoch-zink-korper-kaltwasserhahn-deck-montiert-waschbeckenarmatur-%e5%a4%8d%e5%88%b6-%e5%a4%8d%e5%88%b6\/#primaryimage\",\"url\":\"https:\/\/www.yoroow.com\/wp-content\/uploads\/2025\/02\/9140A.jpg\",\"contentUrl\":\"https:\/\/www.yoroow.com\/wp-content\/uploads\/2025\/02\/9140A.jpg\",\"width\":639,\"height\":639,\"caption\":\"Contemporary Classic Zinc Tall Basin Tap Long Neck Single Cold Faucet with Ceramic Core Hot Cold Features for Bathroom Home Use\"},{\"@type\":\"BreadcrumbList\",\"@id\":\"https:\/\/www.yoroow.com\/de\/produktdetail\/yoroow-chrom-badezimmer-waschbecken-messing-kartusche-hoch-zink-korper-kaltwasserhahn-deck-montiert-waschbeckenarmatur-%e5%a4%8d%e5%88%b6-%e5%a4%8d%e5%88%b6\/#breadcrumb\",\"itemListElement\":[{\"@type\":\"ListItem\",\"position\":1,\"name\":\"home\",\"item\":\"https:\/\/www.yoroow.com\/\"},{\"@type\":\"ListItem\",\"position\":2,\"name\":\"Product\",\"item\":\"https:\/\/www.yoroow.com\/product\/\"},{\"@type\":\"ListItem\",\"position\":3,\"name\":\"Contemporary Classic Zinc Tall Basin Tap Long Neck Single Cold Faucet with Ceramic Core Hot Cold Features for Bathroom Home Use\"}]},{\"@type\":\"WebSite\",\"@id\":\"https:\/\/www.yoroow.com\/de\/#website\",\"url\":\"https:\/\/www.yoroow.com\/de\/\",\"name\":\"YOROOW\",\"description\":\"\",\"publisher\":{\"@id\":\"https:\/\/www.yoroow.com\/de\/#organization\"},\"potentialAction\":[{\"@type\":\"SearchAction\",\"target\":{\"@type\":\"EntryPoint\",\"urlTemplate\":\"https:\/\/www.yoroow.com\/de\/?s={search_term_string}\"},\"query-input\":{\"@type\":\"PropertyValueSpecification\",\"valueRequired\":true,\"valueName\":\"search_term_string\"}}],\"inLanguage\":\"de\"},{\"@type\":\"Organization\",\"@id\":\"https:\/\/www.yoroow.com\/de\/#organization\",\"name\":\"YOROOW\",\"url\":\"https:\/\/www.yoroow.com\/de\/\",\"logo\":{\"@type\":\"ImageObject\",\"inLanguage\":\"de\",\"@id\":\"https:\/\/www.yoroow.com\/de\/#\/schema\/logo\/image\/\",\"url\":\"https:\/\/www.yoroow.com\/wp-content\/uploads\/2024\/12\/2024123007131061.png\",\"contentUrl\":\"https:\/\/www.yoroow.com\/wp-content\/uploads\/2024\/12\/2024123007131061.png\",\"width\":168,\"height\":27,\"caption\":\"YOROOW\"},\"image\":{\"@id\":\"https:\/\/www.yoroow.com\/de\/#\/schema\/logo\/image\/\"},\"sameAs\":[\"https:\/\/www.facebook.com\/people\/yoroowfaucetfactory\/61564236752362\/\"]}]}<\/script>\n<!-- \/ Yoast SEO Premium plugin. -->","yoast_head_json":{"title":"Contemporary Classic Zinc Tall Basin Tap Long Neck Single Cold Faucet with Ceramic Core Hot Cold Features for Bathroom Home Use - YOROOW","description":"Contemporary classic zinc tall basin tap with long neck. Single cold faucet with ceramic core for hot and cold features. Suitable for bathroom home use. Made in China for export to South America and Southeast Asia.","robots":{"index":"index","follow":"follow","max-snippet":"max-snippet:-1","max-image-preview":"max-image-preview:large","max-video-preview":"max-video-preview:-1"},"canonical":"https:\/\/www.yoroow.com\/de\/produktdetail\/yoroow-chrom-badezimmer-waschbecken-messing-kartusche-hoch-zink-korper-kaltwasserhahn-deck-montiert-waschbeckenarmatur-\u590d\u5236-\u590d\u5236\/","og_locale":"de_DE","og_type":"article","og_title":"Contemporary Classic Zinc Tall Basin Tap Long Neck Single Cold Faucet with Ceramic Core Hot Cold Features for Bathroom Home Use","og_description":"Contemporary classic zinc tall basin tap with long neck. Single cold faucet with ceramic core for hot and cold features. Suitable for bathroom home use. Made in China for export to South America and Southeast Asia.","og_url":"https:\/\/www.yoroow.com\/de\/produktdetail\/yoroow-chrom-badezimmer-waschbecken-messing-kartusche-hoch-zink-korper-kaltwasserhahn-deck-montiert-waschbeckenarmatur-\u590d\u5236-\u590d\u5236\/","og_site_name":"YOROOW","article_publisher":"https:\/\/www.facebook.com\/people\/yoroowfaucetfactory\/61564236752362\/","article_modified_time":"2025-05-16T01:21:10+00:00","og_image":[{"width":639,"height":639,"url":"https:\/\/www.yoroow.com\/wp-content\/uploads\/2025\/02\/9140A.jpg","type":"image\/jpeg"}],"twitter_card":"summary_large_image","twitter_misc":{"Gesch\u00e4tzte Lesezeit":"2\u00a0Minuten"},"schema":{"@context":"https:\/\/schema.org","@graph":[{"@type":"WebPage","@id":"https:\/\/www.yoroow.com\/de\/produktdetail\/yoroow-chrom-badezimmer-waschbecken-messing-kartusche-hoch-zink-korper-kaltwasserhahn-deck-montiert-waschbeckenarmatur-%e5%a4%8d%e5%88%b6-%e5%a4%8d%e5%88%b6\/","url":"https:\/\/www.yoroow.com\/de\/produktdetail\/yoroow-chrom-badezimmer-waschbecken-messing-kartusche-hoch-zink-korper-kaltwasserhahn-deck-montiert-waschbeckenarmatur-%e5%a4%8d%e5%88%b6-%e5%a4%8d%e5%88%b6\/","name":"Contemporary Classic Zinc Tall Basin Tap Long Neck Single Cold Faucet with Ceramic Core Hot Cold Features for Bathroom Home Use - YOROOW","isPartOf":{"@id":"https:\/\/www.yoroow.com\/de\/#website"},"primaryImageOfPage":{"@id":"https:\/\/www.yoroow.com\/de\/produktdetail\/yoroow-chrom-badezimmer-waschbecken-messing-kartusche-hoch-zink-korper-kaltwasserhahn-deck-montiert-waschbeckenarmatur-%e5%a4%8d%e5%88%b6-%e5%a4%8d%e5%88%b6\/#primaryimage"},"image":{"@id":"https:\/\/www.yoroow.com\/de\/produktdetail\/yoroow-chrom-badezimmer-waschbecken-messing-kartusche-hoch-zink-korper-kaltwasserhahn-deck-montiert-waschbeckenarmatur-%e5%a4%8d%e5%88%b6-%e5%a4%8d%e5%88%b6\/#primaryimage"},"thumbnailUrl":"https:\/\/www.yoroow.com\/wp-content\/uploads\/2025\/02\/9140A.jpg","datePublished":"2025-02-14T08:29:34+00:00","dateModified":"2025-05-16T01:21:10+00:00","description":"Contemporary classic zinc tall basin tap with long neck. Single cold faucet with ceramic core for hot and cold features. Suitable for bathroom home use. Made in China for export to South America and Southeast Asia.","breadcrumb":{"@id":"https:\/\/www.yoroow.com\/de\/produktdetail\/yoroow-chrom-badezimmer-waschbecken-messing-kartusche-hoch-zink-korper-kaltwasserhahn-deck-montiert-waschbeckenarmatur-%e5%a4%8d%e5%88%b6-%e5%a4%8d%e5%88%b6\/#breadcrumb"},"inLanguage":"de","potentialAction":[{"@type":"ReadAction","target":["https:\/\/www.yoroow.com\/de\/produktdetail\/yoroow-chrom-badezimmer-waschbecken-messing-kartusche-hoch-zink-korper-kaltwasserhahn-deck-montiert-waschbeckenarmatur-%e5%a4%8d%e5%88%b6-%e5%a4%8d%e5%88%b6\/"]}]},{"@type":"ImageObject","inLanguage":"de","@id":"https:\/\/www.yoroow.com\/de\/produktdetail\/yoroow-chrom-badezimmer-waschbecken-messing-kartusche-hoch-zink-korper-kaltwasserhahn-deck-montiert-waschbeckenarmatur-%e5%a4%8d%e5%88%b6-%e5%a4%8d%e5%88%b6\/#primaryimage","url":"https:\/\/www.yoroow.com\/wp-content\/uploads\/2025\/02\/9140A.jpg","contentUrl":"https:\/\/www.yoroow.com\/wp-content\/uploads\/2025\/02\/9140A.jpg","width":639,"height":639,"caption":"Contemporary Classic Zinc Tall Basin Tap Long Neck Single Cold Faucet with Ceramic Core Hot Cold Features for Bathroom Home Use"},{"@type":"BreadcrumbList","@id":"https:\/\/www.yoroow.com\/de\/produktdetail\/yoroow-chrom-badezimmer-waschbecken-messing-kartusche-hoch-zink-korper-kaltwasserhahn-deck-montiert-waschbeckenarmatur-%e5%a4%8d%e5%88%b6-%e5%a4%8d%e5%88%b6\/#breadcrumb","itemListElement":[{"@type":"ListItem","position":1,"name":"home","item":"https:\/\/www.yoroow.com\/"},{"@type":"ListItem","position":2,"name":"Product","item":"https:\/\/www.yoroow.com\/product\/"},{"@type":"ListItem","position":3,"name":"Contemporary Classic Zinc Tall Basin Tap Long Neck Single Cold Faucet with Ceramic Core Hot Cold Features for Bathroom Home Use"}]},{"@type":"WebSite","@id":"https:\/\/www.yoroow.com\/de\/#website","url":"https:\/\/www.yoroow.com\/de\/","name":"YOROOW","description":"","publisher":{"@id":"https:\/\/www.yoroow.com\/de\/#organization"},"potentialAction":[{"@type":"SearchAction","target":{"@type":"EntryPoint","urlTemplate":"https:\/\/www.yoroow.com\/de\/?s={search_term_string}"},"query-input":{"@type":"PropertyValueSpecification","valueRequired":true,"valueName":"search_term_string"}}],"inLanguage":"de"},{"@type":"Organization","@id":"https:\/\/www.yoroow.com\/de\/#organization","name":"YOROOW","url":"https:\/\/www.yoroow.com\/de\/","logo":{"@type":"ImageObject","inLanguage":"de","@id":"https:\/\/www.yoroow.com\/de\/#\/schema\/logo\/image\/","url":"https:\/\/www.yoroow.com\/wp-content\/uploads\/2024\/12\/2024123007131061.png","contentUrl":"https:\/\/www.yoroow.com\/wp-content\/uploads\/2024\/12\/2024123007131061.png","width":168,"height":27,"caption":"YOROOW"},"image":{"@id":"https:\/\/www.yoroow.com\/de\/#\/schema\/logo\/image\/"},"sameAs":["https:\/\/www.facebook.com\/people\/yoroowfaucetfactory\/61564236752362\/"]}]}},"_links":{"self":[{"href":"https:\/\/www.yoroow.com\/de\/wp-json\/wp\/v2\/product\/10226","targetHints":{"allow":["GET"]}}],"collection":[{"href":"https:\/\/www.yoroow.com\/de\/wp-json\/wp\/v2\/product"}],"about":[{"href":"https:\/\/www.yoroow.com\/de\/wp-json\/wp\/v2\/types\/product"}],"wp:featuredmedia":[{"embeddable":true,"href":"https:\/\/www.yoroow.com\/de\/wp-json\/wp\/v2\/media\/10231"}],"wp:attachment":[{"href":"https:\/\/www.yoroow.com\/de\/wp-json\/wp\/v2\/media?parent=10226"}],"wp:term":[{"taxonomy":"product_brand","embeddable":true,"href":"https:\/\/www.yoroow.com\/de\/wp-json\/wp\/v2\/product_brand?post=10226"},{"taxonomy":"product_cat","embeddable":true,"href":"https:\/\/www.yoroow.com\/de\/wp-json\/wp\/v2\/product_cat?post=10226"},{"taxonomy":"product_tag","embeddable":true,"href":"https:\/\/www.yoroow.com\/de\/wp-json\/wp\/v2\/product_tag?post=10226"}],"curies":[{"name":"wp","href":"https:\/\/api.w.org\/{rel}","templated":true}]}}