{"id":10218,"date":"2025-02-14T16:25:24","date_gmt":"2025-02-14T08:25:24","guid":{"rendered":"https:\/\/www.yoroow.com\/?post_type=product&#038;p=10218"},"modified":"2025-05-16T09:21:09","modified_gmt":"2025-05-16T01:21:09","slug":"luxus-gold-waschbecken-messing-patrone-hoch-zink-korper-kaltwasserhahn-deck-montiert-waschbecken-wasserhahn-%e5%a4%8d%e5%88%b6","status":"publish","type":"product","link":"https:\/\/www.yoroow.com\/de\/produktdetail\/luxus-gold-waschbecken-messing-patrone-hoch-zink-korper-kaltwasserhahn-deck-montiert-waschbecken-wasserhahn-%e5%a4%8d%e5%88%b6\/","title":{"rendered":"Moderner goldener Einloch-Badewasserhahn aus Edelstahl 304 mit einem Griff f\u00fcr ein gro\u00dfes Becken mit Wasserfall-Funktion f\u00fcr den Einsatz im Einkaufszentrum"},"content":{"rendered":"<p>Diese moderne, goldfarbene Einloch-Badarmatur besteht aus Edelstahl 304 und verf\u00fcgt \u00fcber einen einzigen Griff zur einfachen Temperaturregelung. Die Wasserfallfunktion verleiht jedem Badezimmer einen Hauch von Eleganz, und das hohe Design des Beckens macht sie f\u00fcr kommerzielle Anwendungen wie Einkaufszentren geeignet. Diese in China hergestellte Armatur profitiert von der fortschrittlichen Edelstahltechnologie und den effizienten Produktionsprozessen, was sie zu einer attraktiven Option f\u00fcr den Export nach S\u00fcdamerika und S\u00fcdostasien macht, wo moderne, hochwertige Badezimmerarmaturen gefragt sind.<\/p>","protected":false},"excerpt":{"rendered":"<div class=\"woocommerce-product-details__short-description\">\n<table class=\"has-fixed-layout\">\n<tbody>\n<tr>\n<td class=\"wp-block-table__cell-content\">\n<div class=\"block-editor-rich-text__editable rich-text\" role=\"textbox\" contenteditable=\"true\" aria-multiline=\"true\" aria-label=\"K\u00f6rper \u5355\u5143\u683c\u6587\u5b57\"><strong data-rich-text-format-boundary=\"true\">Modellnummer<\/strong><\/div>\n<\/td>\n<td class=\"wp-block-table__cell-content\">9139A<\/td>\n<\/tr>\n<tr>\n<td class=\"wp-block-table__cell-content\">\n<div class=\"block-editor-rich-text__editable rich-text\" role=\"textbox\" contenteditable=\"true\" aria-multiline=\"true\" aria-label=\"K\u00f6rper \u5355\u5143\u683c\u6587\u5b57\"><strong>Stil<\/strong><\/div>\n<\/td>\n<td class=\"wp-block-table__cell-content\">\n<div class=\"block-editor-rich-text__editable rich-text\" role=\"textbox\" contenteditable=\"true\" aria-multiline=\"true\" aria-label=\"K\u00f6rper \u5355\u5143\u683c\u6587\u5b57\">Modern<\/div>\n<\/td>\n<\/tr>\n<tr>\n<td class=\"wp-block-table__cell-content\">\n<div class=\"block-editor-rich-text__editable rich-text\" role=\"textbox\" contenteditable=\"true\" aria-multiline=\"true\" aria-label=\"K\u00f6rper \u5355\u5143\u683c\u6587\u5b57\"><strong>Material<\/strong><\/div>\n<\/td>\n<td class=\"wp-block-table__cell-content\">\n<div class=\"block-editor-rich-text__editable rich-text\" role=\"textbox\" contenteditable=\"true\" aria-multiline=\"true\" aria-label=\"K\u00f6rper \u5355\u5143\u683c\u6587\u5b57\">Zink<\/div>\n<\/td>\n<\/tr>\n<tr>\n<td class=\"wp-block-table__cell-content\">\n<div class=\"block-editor-rich-text__editable rich-text\" role=\"textbox\" contenteditable=\"true\" aria-multiline=\"true\" aria-label=\"K\u00f6rper \u5355\u5143\u683c\u6587\u5b57\"><strong>Kartusche<\/strong><\/div>\n<\/td>\n<td class=\"wp-block-table__cell-content\">\n<div class=\"block-editor-rich-text__editable rich-text\" role=\"textbox\" contenteditable=\"true\" aria-multiline=\"true\" aria-label=\"K\u00f6rper \u5355\u5143\u683c\u6587\u5b57\">Messing-Patrone<\/div>\n<\/td>\n<\/tr>\n<tr>\n<td class=\"wp-block-table__cell-content\">\n<div class=\"block-editor-rich-text__editable rich-text\" role=\"textbox\" contenteditable=\"true\" aria-multiline=\"true\" aria-label=\"K\u00f6rper \u5355\u5143\u683c\u6587\u5b57\"><strong>Oberfl\u00e4chenbehandlung<\/strong><\/div>\n<\/td>\n<td class=\"wp-block-table__cell-content\">\n<div class=\"block-editor-rich-text__editable rich-text\" role=\"textbox\" contenteditable=\"true\" aria-multiline=\"true\" aria-label=\"K\u00f6rper \u5355\u5143\u683c\u6587\u5b57\">Chrom<\/div>\n<\/td>\n<\/tr>\n<tr>\n<td class=\"wp-block-table__cell-content\">\n<div class=\"block-editor-rich-text__editable rich-text\" role=\"textbox\" contenteditable=\"true\" aria-multiline=\"true\" aria-label=\"K\u00f6rper \u5355\u5143\u683c\u6587\u5b57\"><strong>Ausgie\u00dfer-Typen<\/strong><\/div>\n<\/td>\n<td class=\"wp-block-table__cell-content\">\n<div class=\"block-editor-rich-text__editable rich-text\" role=\"textbox\" contenteditable=\"true\" aria-multiline=\"true\" aria-label=\"K\u00f6rper \u5355\u5143\u683c\u6587\u5b57\">Standard<\/div>\n<\/td>\n<\/tr>\n<tr>\n<td class=\"wp-block-table__cell-content\">\n<div class=\"block-editor-rich-text__editable rich-text\" role=\"textbox\" contenteditable=\"true\" aria-multiline=\"true\" aria-label=\"K\u00f6rper \u5355\u5143\u683c\u6587\u5b57\"><strong>Gewicht<\/strong><\/div>\n<\/td>\n<td class=\"wp-block-table__cell-content\">\n<div class=\"block-editor-rich-text__editable rich-text\" role=\"textbox\" contenteditable=\"true\" aria-multiline=\"true\" aria-label=\"K\u00f6rper \u5355\u5143\u683c\u6587\u5b57\">\u00a0<\/div>\n<\/td>\n<\/tr>\n<tr>\n<td class=\"wp-block-table__cell-content\">\n<div class=\"block-editor-rich-text__editable rich-text\" role=\"textbox\" contenteditable=\"true\" aria-multiline=\"true\" aria-label=\"K\u00f6rper \u5355\u5143\u683c\u6587\u5b57\"><strong>Anzahl der L\u00f6cher f\u00fcr die Installation<\/strong><\/div>\n<\/td>\n<td class=\"wp-block-table__cell-content\">\n<div class=\"block-editor-rich-text__editable rich-text\" role=\"textbox\" contenteditable=\"true\" aria-multiline=\"true\" aria-label=\"K\u00f6rper \u5355\u5143\u683c\u6587\u5b57\">Einzelne Bohrung<\/div>\n<\/td>\n<\/tr>\n<tr>\n<td class=\"wp-block-table__cell-content\">\n<div class=\"block-editor-rich-text__editable rich-text\" role=\"textbox\" contenteditable=\"true\" aria-multiline=\"true\" aria-label=\"K\u00f6rper \u5355\u5143\u683c\u6587\u5b57\"><strong>Anzahl der Griffe<\/strong><\/div>\n<\/td>\n<td class=\"wp-block-table__cell-content\">\n<div class=\"block-editor-rich-text__editable rich-text\" role=\"textbox\" contenteditable=\"true\" aria-multiline=\"true\" aria-label=\"K\u00f6rper \u5355\u5143\u683c\u6587\u5b57\">Einzelgriff<\/div>\n<\/td>\n<\/tr>\n<tr>\n<td class=\"wp-block-table__cell-content\">\n<div class=\"block-editor-rich-text__editable rich-text\" role=\"textbox\" contenteditable=\"true\" aria-multiline=\"true\" aria-label=\"K\u00f6rper \u5355\u5143\u683c\u6587\u5b57\"><strong>Einbauart<\/strong><\/div>\n<\/td>\n<td class=\"wp-block-table__cell-content\">\n<div class=\"block-editor-rich-text__editable rich-text\" role=\"textbox\" contenteditable=\"true\" aria-multiline=\"true\" aria-label=\"K\u00f6rper \u5355\u5143\u683c\u6587\u5b57\">Auf Deck montiert<\/div>\n<\/td>\n<\/tr>\n<tr>\n<td class=\"wp-block-table__cell-content\">\n<div class=\"block-editor-rich-text__editable rich-text\" role=\"textbox\" contenteditable=\"true\" aria-multiline=\"true\" aria-label=\"K\u00f6rper \u5355\u5143\u683c\u6587\u5b57\"><strong>InsCartridge-Lebensdauer<\/strong><\/div>\n<\/td>\n<td class=\"wp-block-table__cell-content\">\n<div class=\"block-editor-rich-text__editable rich-text\" role=\"textbox\" contenteditable=\"true\" aria-multiline=\"true\" aria-label=\"K\u00f6rper \u5355\u5143\u683c\u6587\u5b57\">500000 Mal \u00d6ffnungsklauselarten<\/div>\n<\/td>\n<\/tr>\n<tr>\n<td class=\"wp-block-table__cell-content\">\n<div class=\"block-editor-rich-text__editable rich-text\" role=\"textbox\" contenteditable=\"true\" aria-multiline=\"true\" aria-label=\"K\u00f6rper \u5355\u5143\u683c\u6587\u5b57\"><strong>Garantie<\/strong><\/div>\n<\/td>\n<td class=\"wp-block-table__cell-content\">\n<div class=\"block-editor-rich-text__editable rich-text\" role=\"textbox\" contenteditable=\"true\" aria-multiline=\"true\" aria-label=\"K\u00f6rper \u5355\u5143\u683c\u6587\u5b57\">5 Jahre Qualit\u00e4tsgarantie<\/div>\n<\/td>\n<\/tr>\n<tr>\n<td class=\"wp-block-table__cell-content\">\n<div class=\"block-editor-rich-text__editable rich-text\" role=\"textbox\" contenteditable=\"true\" aria-multiline=\"true\" aria-label=\"K\u00f6rper \u5355\u5143\u683c\u6587\u5b57\"><strong>Wasserdruck<\/strong><\/div>\n<\/td>\n<td class=\"wp-block-table__cell-content\">\n<div class=\"block-editor-rich-text__editable rich-text\" role=\"textbox\" contenteditable=\"true\" aria-multiline=\"true\" aria-label=\"K\u00f6rper \u5355\u5143\u683c\u6587\u5b57\">0,05-0,8mpa<\/div>\n<\/td>\n<\/tr>\n<tr>\n<td class=\"wp-block-table__cell-content\">\n<div class=\"block-editor-rich-text__editable rich-text\" role=\"textbox\" contenteditable=\"true\" aria-multiline=\"true\" aria-label=\"K\u00f6rper \u5355\u5143\u683c\u6587\u5b57\"><strong>Arbeitstemperatur<\/strong><\/div>\n<\/td>\n<td class=\"wp-block-table__cell-content\">\n<div class=\"block-editor-rich-text__editable rich-text\" role=\"textbox\" contenteditable=\"true\" aria-multiline=\"true\" aria-label=\"K\u00f6rper \u5355\u5143\u683c\u6587\u5b57\">5-99\u2103<\/div>\n<\/td>\n<\/tr>\n<\/tbody>\n<\/table>\n<p>\u00a0<\/p><\/div>\n<div class=\"product_meta\">\u00a0<\/div>\n<div class=\"wp-block-kadence-advancedbtn kb-buttons-wrap kb-btns1303_b530bc-a6\">\u00a0<\/div>","protected":false},"featured_media":10223,"template":"","meta":{"_acf_changed":false,"_kad_post_transparent":"default","_kad_post_title":"","_kad_post_layout":"default","_kad_post_sidebar_id":"","_kad_post_content_style":"default","_kad_post_vertical_padding":"default","_kad_post_feature":"","_kad_post_feature_position":"","_kad_post_header":false,"_kad_post_footer":false},"product_brand":[],"product_cat":[219],"product_tag":[3395,3383],"class_list":{"0":"post-10218","1":"product","2":"type-product","3":"status-publish","4":"has-post-thumbnail","6":"product_cat-single-cold-basin-faucet","7":"product_tag-bathroom-faucets-waterfall-face-basin-faucet","8":"product_tag-tall-basin-faucet-gold","10":"first","11":"instock","12":"shipping-taxable","13":"purchasable","14":"product-type-variable","15":"wvs-archive-product-wrapper","16":"entry","17":"content-bg","18":"loop-entry"},"acf":[],"yoast_head":"<!-- This site is optimized with the Yoast SEO Premium plugin v25.4 (Yoast SEO v27.0) - https:\/\/yoast.com\/product\/yoast-seo-premium-wordpress\/ -->\n<title>Modern Gold Single-Hole Bathroom Faucet 304 Stainless Steel Single Handle Tall Basin Design with Waterfall Feature for Mall Use - YOROOW<\/title>\n<meta name=\"description\" content=\"Modern gold single-hole bathroom faucet made of 304 stainless steel. Single handle tall basin design with waterfall feature. Suitable for malls. Chinese factory exports target South American and Southeast Asian premium markets.\" \/>\n<meta name=\"robots\" content=\"index, follow, max-snippet:-1, max-image-preview:large, max-video-preview:-1\" \/>\n<link rel=\"canonical\" href=\"https:\/\/www.yoroow.com\/de\/produktdetail\/luxus-gold-waschbecken-messing-patrone-hoch-zink-korper-kaltwasserhahn-deck-montiert-waschbecken-wasserhahn-\u590d\u5236\/\" \/>\n<meta property=\"og:locale\" content=\"de_DE\" \/>\n<meta property=\"og:type\" content=\"article\" \/>\n<meta property=\"og:title\" content=\"Modern Gold Single-Hole Bathroom Faucet 304 Stainless Steel Single Handle Tall Basin Design with Waterfall Feature for Mall Use\" \/>\n<meta property=\"og:description\" content=\"Modern gold single-hole bathroom faucet made of 304 stainless steel. Single handle tall basin design with waterfall feature. Suitable for malls. Chinese factory exports target South American and Southeast Asian premium markets.\" \/>\n<meta property=\"og:url\" content=\"https:\/\/www.yoroow.com\/de\/produktdetail\/luxus-gold-waschbecken-messing-patrone-hoch-zink-korper-kaltwasserhahn-deck-montiert-waschbecken-wasserhahn-\u590d\u5236\/\" \/>\n<meta property=\"og:site_name\" content=\"YOROOW\" \/>\n<meta property=\"article:publisher\" content=\"https:\/\/www.facebook.com\/people\/yoroowfaucetfactory\/61564236752362\/\" \/>\n<meta property=\"article:modified_time\" content=\"2025-05-16T01:21:09+00:00\" \/>\n<meta property=\"og:image\" content=\"https:\/\/www.yoroow.com\/wp-content\/uploads\/2025\/02\/\u5fae\u4fe1\u56fe\u7247_20240709134802.jpg\" \/>\n\t<meta property=\"og:image:width\" content=\"639\" \/>\n\t<meta property=\"og:image:height\" content=\"639\" \/>\n\t<meta property=\"og:image:type\" content=\"image\/jpeg\" \/>\n<meta name=\"twitter:card\" content=\"summary_large_image\" \/>\n<meta name=\"twitter:label1\" content=\"Gesch\u00e4tzte Lesezeit\" \/>\n\t<meta name=\"twitter:data1\" content=\"2\u00a0Minuten\" \/>\n<script type=\"application\/ld+json\" class=\"yoast-schema-graph\">{\"@context\":\"https:\/\/schema.org\",\"@graph\":[{\"@type\":\"WebPage\",\"@id\":\"https:\/\/www.yoroow.com\/de\/produktdetail\/luxus-gold-waschbecken-messing-patrone-hoch-zink-korper-kaltwasserhahn-deck-montiert-waschbecken-wasserhahn-%e5%a4%8d%e5%88%b6\/\",\"url\":\"https:\/\/www.yoroow.com\/de\/produktdetail\/luxus-gold-waschbecken-messing-patrone-hoch-zink-korper-kaltwasserhahn-deck-montiert-waschbecken-wasserhahn-%e5%a4%8d%e5%88%b6\/\",\"name\":\"Modern Gold Single-Hole Bathroom Faucet 304 Stainless Steel Single Handle Tall Basin Design with Waterfall Feature for Mall Use - YOROOW\",\"isPartOf\":{\"@id\":\"https:\/\/www.yoroow.com\/de\/#website\"},\"primaryImageOfPage\":{\"@id\":\"https:\/\/www.yoroow.com\/de\/produktdetail\/luxus-gold-waschbecken-messing-patrone-hoch-zink-korper-kaltwasserhahn-deck-montiert-waschbecken-wasserhahn-%e5%a4%8d%e5%88%b6\/#primaryimage\"},\"image\":{\"@id\":\"https:\/\/www.yoroow.com\/de\/produktdetail\/luxus-gold-waschbecken-messing-patrone-hoch-zink-korper-kaltwasserhahn-deck-montiert-waschbecken-wasserhahn-%e5%a4%8d%e5%88%b6\/#primaryimage\"},\"thumbnailUrl\":\"https:\/\/www.yoroow.com\/wp-content\/uploads\/2025\/02\/\u5fae\u4fe1\u56fe\u7247_20240709134802.jpg\",\"datePublished\":\"2025-02-14T08:25:24+00:00\",\"dateModified\":\"2025-05-16T01:21:09+00:00\",\"description\":\"Modern gold single-hole bathroom faucet made of 304 stainless steel. Single handle tall basin design with waterfall feature. Suitable for malls. Chinese factory exports target South American and Southeast Asian premium markets.\",\"breadcrumb\":{\"@id\":\"https:\/\/www.yoroow.com\/de\/produktdetail\/luxus-gold-waschbecken-messing-patrone-hoch-zink-korper-kaltwasserhahn-deck-montiert-waschbecken-wasserhahn-%e5%a4%8d%e5%88%b6\/#breadcrumb\"},\"inLanguage\":\"de\",\"potentialAction\":[{\"@type\":\"ReadAction\",\"target\":[\"https:\/\/www.yoroow.com\/de\/produktdetail\/luxus-gold-waschbecken-messing-patrone-hoch-zink-korper-kaltwasserhahn-deck-montiert-waschbecken-wasserhahn-%e5%a4%8d%e5%88%b6\/\"]}]},{\"@type\":\"ImageObject\",\"inLanguage\":\"de\",\"@id\":\"https:\/\/www.yoroow.com\/de\/produktdetail\/luxus-gold-waschbecken-messing-patrone-hoch-zink-korper-kaltwasserhahn-deck-montiert-waschbecken-wasserhahn-%e5%a4%8d%e5%88%b6\/#primaryimage\",\"url\":\"https:\/\/www.yoroow.com\/wp-content\/uploads\/2025\/02\/\u5fae\u4fe1\u56fe\u7247_20240709134802.jpg\",\"contentUrl\":\"https:\/\/www.yoroow.com\/wp-content\/uploads\/2025\/02\/\u5fae\u4fe1\u56fe\u7247_20240709134802.jpg\",\"width\":639,\"height\":639,\"caption\":\"Modern Gold Single-Hole Bathroom Faucet 304 Stainless Steel Single Handle Tall Basin Design with Waterfall Feature for Mall Use\"},{\"@type\":\"BreadcrumbList\",\"@id\":\"https:\/\/www.yoroow.com\/de\/produktdetail\/luxus-gold-waschbecken-messing-patrone-hoch-zink-korper-kaltwasserhahn-deck-montiert-waschbecken-wasserhahn-%e5%a4%8d%e5%88%b6\/#breadcrumb\",\"itemListElement\":[{\"@type\":\"ListItem\",\"position\":1,\"name\":\"home\",\"item\":\"https:\/\/www.yoroow.com\/\"},{\"@type\":\"ListItem\",\"position\":2,\"name\":\"Product\",\"item\":\"https:\/\/www.yoroow.com\/product\/\"},{\"@type\":\"ListItem\",\"position\":3,\"name\":\"Modern Gold Single-Hole Bathroom Faucet 304 Stainless Steel Single Handle Tall Basin Design with Waterfall Feature for Mall Use\"}]},{\"@type\":\"WebSite\",\"@id\":\"https:\/\/www.yoroow.com\/de\/#website\",\"url\":\"https:\/\/www.yoroow.com\/de\/\",\"name\":\"YOROOW\",\"description\":\"\",\"publisher\":{\"@id\":\"https:\/\/www.yoroow.com\/de\/#organization\"},\"potentialAction\":[{\"@type\":\"SearchAction\",\"target\":{\"@type\":\"EntryPoint\",\"urlTemplate\":\"https:\/\/www.yoroow.com\/de\/?s={search_term_string}\"},\"query-input\":{\"@type\":\"PropertyValueSpecification\",\"valueRequired\":true,\"valueName\":\"search_term_string\"}}],\"inLanguage\":\"de\"},{\"@type\":\"Organization\",\"@id\":\"https:\/\/www.yoroow.com\/de\/#organization\",\"name\":\"YOROOW\",\"url\":\"https:\/\/www.yoroow.com\/de\/\",\"logo\":{\"@type\":\"ImageObject\",\"inLanguage\":\"de\",\"@id\":\"https:\/\/www.yoroow.com\/de\/#\/schema\/logo\/image\/\",\"url\":\"https:\/\/www.yoroow.com\/wp-content\/uploads\/2024\/12\/2024123007131061.png\",\"contentUrl\":\"https:\/\/www.yoroow.com\/wp-content\/uploads\/2024\/12\/2024123007131061.png\",\"width\":168,\"height\":27,\"caption\":\"YOROOW\"},\"image\":{\"@id\":\"https:\/\/www.yoroow.com\/de\/#\/schema\/logo\/image\/\"},\"sameAs\":[\"https:\/\/www.facebook.com\/people\/yoroowfaucetfactory\/61564236752362\/\"]}]}<\/script>\n<!-- \/ Yoast SEO Premium plugin. -->","yoast_head_json":{"title":"Modern Gold Single-Hole Bathroom Faucet 304 Stainless Steel Single Handle Tall Basin Design with Waterfall Feature for Mall Use - YOROOW","description":"Modern gold single-hole bathroom faucet made of 304 stainless steel. Single handle tall basin design with waterfall feature. Suitable for malls. Chinese factory exports target South American and Southeast Asian premium markets.","robots":{"index":"index","follow":"follow","max-snippet":"max-snippet:-1","max-image-preview":"max-image-preview:large","max-video-preview":"max-video-preview:-1"},"canonical":"https:\/\/www.yoroow.com\/de\/produktdetail\/luxus-gold-waschbecken-messing-patrone-hoch-zink-korper-kaltwasserhahn-deck-montiert-waschbecken-wasserhahn-\u590d\u5236\/","og_locale":"de_DE","og_type":"article","og_title":"Modern Gold Single-Hole Bathroom Faucet 304 Stainless Steel Single Handle Tall Basin Design with Waterfall Feature for Mall Use","og_description":"Modern gold single-hole bathroom faucet made of 304 stainless steel. Single handle tall basin design with waterfall feature. Suitable for malls. Chinese factory exports target South American and Southeast Asian premium markets.","og_url":"https:\/\/www.yoroow.com\/de\/produktdetail\/luxus-gold-waschbecken-messing-patrone-hoch-zink-korper-kaltwasserhahn-deck-montiert-waschbecken-wasserhahn-\u590d\u5236\/","og_site_name":"YOROOW","article_publisher":"https:\/\/www.facebook.com\/people\/yoroowfaucetfactory\/61564236752362\/","article_modified_time":"2025-05-16T01:21:09+00:00","og_image":[{"width":639,"height":639,"url":"https:\/\/www.yoroow.com\/wp-content\/uploads\/2025\/02\/\u5fae\u4fe1\u56fe\u7247_20240709134802.jpg","type":"image\/jpeg"}],"twitter_card":"summary_large_image","twitter_misc":{"Gesch\u00e4tzte Lesezeit":"2\u00a0Minuten"},"schema":{"@context":"https:\/\/schema.org","@graph":[{"@type":"WebPage","@id":"https:\/\/www.yoroow.com\/de\/produktdetail\/luxus-gold-waschbecken-messing-patrone-hoch-zink-korper-kaltwasserhahn-deck-montiert-waschbecken-wasserhahn-%e5%a4%8d%e5%88%b6\/","url":"https:\/\/www.yoroow.com\/de\/produktdetail\/luxus-gold-waschbecken-messing-patrone-hoch-zink-korper-kaltwasserhahn-deck-montiert-waschbecken-wasserhahn-%e5%a4%8d%e5%88%b6\/","name":"Modern Gold Single-Hole Bathroom Faucet 304 Stainless Steel Single Handle Tall Basin Design with Waterfall Feature for Mall Use - YOROOW","isPartOf":{"@id":"https:\/\/www.yoroow.com\/de\/#website"},"primaryImageOfPage":{"@id":"https:\/\/www.yoroow.com\/de\/produktdetail\/luxus-gold-waschbecken-messing-patrone-hoch-zink-korper-kaltwasserhahn-deck-montiert-waschbecken-wasserhahn-%e5%a4%8d%e5%88%b6\/#primaryimage"},"image":{"@id":"https:\/\/www.yoroow.com\/de\/produktdetail\/luxus-gold-waschbecken-messing-patrone-hoch-zink-korper-kaltwasserhahn-deck-montiert-waschbecken-wasserhahn-%e5%a4%8d%e5%88%b6\/#primaryimage"},"thumbnailUrl":"https:\/\/www.yoroow.com\/wp-content\/uploads\/2025\/02\/\u5fae\u4fe1\u56fe\u7247_20240709134802.jpg","datePublished":"2025-02-14T08:25:24+00:00","dateModified":"2025-05-16T01:21:09+00:00","description":"Modern gold single-hole bathroom faucet made of 304 stainless steel. Single handle tall basin design with waterfall feature. Suitable for malls. Chinese factory exports target South American and Southeast Asian premium markets.","breadcrumb":{"@id":"https:\/\/www.yoroow.com\/de\/produktdetail\/luxus-gold-waschbecken-messing-patrone-hoch-zink-korper-kaltwasserhahn-deck-montiert-waschbecken-wasserhahn-%e5%a4%8d%e5%88%b6\/#breadcrumb"},"inLanguage":"de","potentialAction":[{"@type":"ReadAction","target":["https:\/\/www.yoroow.com\/de\/produktdetail\/luxus-gold-waschbecken-messing-patrone-hoch-zink-korper-kaltwasserhahn-deck-montiert-waschbecken-wasserhahn-%e5%a4%8d%e5%88%b6\/"]}]},{"@type":"ImageObject","inLanguage":"de","@id":"https:\/\/www.yoroow.com\/de\/produktdetail\/luxus-gold-waschbecken-messing-patrone-hoch-zink-korper-kaltwasserhahn-deck-montiert-waschbecken-wasserhahn-%e5%a4%8d%e5%88%b6\/#primaryimage","url":"https:\/\/www.yoroow.com\/wp-content\/uploads\/2025\/02\/\u5fae\u4fe1\u56fe\u7247_20240709134802.jpg","contentUrl":"https:\/\/www.yoroow.com\/wp-content\/uploads\/2025\/02\/\u5fae\u4fe1\u56fe\u7247_20240709134802.jpg","width":639,"height":639,"caption":"Modern Gold Single-Hole Bathroom Faucet 304 Stainless Steel Single Handle Tall Basin Design with Waterfall Feature for Mall Use"},{"@type":"BreadcrumbList","@id":"https:\/\/www.yoroow.com\/de\/produktdetail\/luxus-gold-waschbecken-messing-patrone-hoch-zink-korper-kaltwasserhahn-deck-montiert-waschbecken-wasserhahn-%e5%a4%8d%e5%88%b6\/#breadcrumb","itemListElement":[{"@type":"ListItem","position":1,"name":"home","item":"https:\/\/www.yoroow.com\/"},{"@type":"ListItem","position":2,"name":"Product","item":"https:\/\/www.yoroow.com\/product\/"},{"@type":"ListItem","position":3,"name":"Modern Gold Single-Hole Bathroom Faucet 304 Stainless Steel Single Handle Tall Basin Design with Waterfall Feature for Mall Use"}]},{"@type":"WebSite","@id":"https:\/\/www.yoroow.com\/de\/#website","url":"https:\/\/www.yoroow.com\/de\/","name":"YOROOW","description":"","publisher":{"@id":"https:\/\/www.yoroow.com\/de\/#organization"},"potentialAction":[{"@type":"SearchAction","target":{"@type":"EntryPoint","urlTemplate":"https:\/\/www.yoroow.com\/de\/?s={search_term_string}"},"query-input":{"@type":"PropertyValueSpecification","valueRequired":true,"valueName":"search_term_string"}}],"inLanguage":"de"},{"@type":"Organization","@id":"https:\/\/www.yoroow.com\/de\/#organization","name":"YOROOW","url":"https:\/\/www.yoroow.com\/de\/","logo":{"@type":"ImageObject","inLanguage":"de","@id":"https:\/\/www.yoroow.com\/de\/#\/schema\/logo\/image\/","url":"https:\/\/www.yoroow.com\/wp-content\/uploads\/2024\/12\/2024123007131061.png","contentUrl":"https:\/\/www.yoroow.com\/wp-content\/uploads\/2024\/12\/2024123007131061.png","width":168,"height":27,"caption":"YOROOW"},"image":{"@id":"https:\/\/www.yoroow.com\/de\/#\/schema\/logo\/image\/"},"sameAs":["https:\/\/www.facebook.com\/people\/yoroowfaucetfactory\/61564236752362\/"]}]}},"_links":{"self":[{"href":"https:\/\/www.yoroow.com\/de\/wp-json\/wp\/v2\/product\/10218","targetHints":{"allow":["GET"]}}],"collection":[{"href":"https:\/\/www.yoroow.com\/de\/wp-json\/wp\/v2\/product"}],"about":[{"href":"https:\/\/www.yoroow.com\/de\/wp-json\/wp\/v2\/types\/product"}],"wp:featuredmedia":[{"embeddable":true,"href":"https:\/\/www.yoroow.com\/de\/wp-json\/wp\/v2\/media\/10223"}],"wp:attachment":[{"href":"https:\/\/www.yoroow.com\/de\/wp-json\/wp\/v2\/media?parent=10218"}],"wp:term":[{"taxonomy":"product_brand","embeddable":true,"href":"https:\/\/www.yoroow.com\/de\/wp-json\/wp\/v2\/product_brand?post=10218"},{"taxonomy":"product_cat","embeddable":true,"href":"https:\/\/www.yoroow.com\/de\/wp-json\/wp\/v2\/product_cat?post=10218"},{"taxonomy":"product_tag","embeddable":true,"href":"https:\/\/www.yoroow.com\/de\/wp-json\/wp\/v2\/product_tag?post=10218"}],"curies":[{"name":"wp","href":"https:\/\/api.w.org\/{rel}","templated":true}]}}