{"id":10211,"date":"2025-02-14T16:21:10","date_gmt":"2025-02-14T08:21:10","guid":{"rendered":"https:\/\/www.yoroow.com\/?post_type=product&#038;p=10211"},"modified":"2025-05-16T09:21:06","modified_gmt":"2025-05-16T01:21:06","slug":"modernes-gold-hotel-badezimmer-waschbecken-messing-kartusche-zink-korper-kaltwasserhahn-deck-montiert-basin-faucet","status":"publish","type":"product","link":"https:\/\/www.yoroow.com\/de\/produktdetail\/modernes-gold-hotel-badezimmer-waschbecken-messing-kartusche-zink-korper-kaltwasserhahn-deck-montiert-basin-faucet\/","title":{"rendered":"Hochwertige Gold Hotel Badezimmer Zink K\u00f6rper Kaltwasserhahn Deck Mounted Basin Wasserhahn Tall Design Gold Bibcocks f\u00fcr Badezimmer Waschbecken Wasserh\u00e4hne"},"content":{"rendered":"<p>Diese hochwertige goldfarbene Badarmatur mit Zinkgeh\u00e4use und Kaltwasserhahn ist ideal f\u00fcr Hotelb\u00e4der. Die Aufputzinstallation und das hohe Design verleihen ihr ein luxuri\u00f6ses Aussehen, w\u00e4hrend die goldene Oberfl\u00e4che jedem Badezimmer Eleganz verleiht. Die Armatur ist auf Langlebigkeit und Leistung ausgelegt und gew\u00e4hrleistet einen dauerhaften Einsatz in anspruchsvollen Umgebungen. Die in China hergestellte Armatur profitiert von kosteneffizienten Produktionsmethoden und hochwertigen Materialien, was sie zu einem idealen Produkt f\u00fcr den Export nach S\u00fcdamerika und S\u00fcdostasien macht, wo luxuri\u00f6se Hotelarmaturen sehr gefragt sind.<\/p>","protected":false},"excerpt":{"rendered":"<div class=\"woocommerce-product-details__short-description\">\n<table class=\"has-fixed-layout\">\n<tbody>\n<tr>\n<td class=\"wp-block-table__cell-content\">\n<div class=\"block-editor-rich-text__editable rich-text\" role=\"textbox\" contenteditable=\"true\" aria-multiline=\"true\" aria-label=\"K\u00f6rper \u5355\u5143\u683c\u6587\u5b57\"><strong data-rich-text-format-boundary=\"true\">Modellnummer<\/strong><\/div>\n<\/td>\n<td class=\"wp-block-table__cell-content\">9139A<\/td>\n<\/tr>\n<tr>\n<td class=\"wp-block-table__cell-content\">\n<div class=\"block-editor-rich-text__editable rich-text\" role=\"textbox\" contenteditable=\"true\" aria-multiline=\"true\" aria-label=\"K\u00f6rper \u5355\u5143\u683c\u6587\u5b57\"><strong>Stil<\/strong><\/div>\n<\/td>\n<td class=\"wp-block-table__cell-content\">\n<div class=\"block-editor-rich-text__editable rich-text\" role=\"textbox\" contenteditable=\"true\" aria-multiline=\"true\" aria-label=\"K\u00f6rper \u5355\u5143\u683c\u6587\u5b57\">Modern<\/div>\n<\/td>\n<\/tr>\n<tr>\n<td class=\"wp-block-table__cell-content\">\n<div class=\"block-editor-rich-text__editable rich-text\" role=\"textbox\" contenteditable=\"true\" aria-multiline=\"true\" aria-label=\"K\u00f6rper \u5355\u5143\u683c\u6587\u5b57\"><strong>Material<\/strong><\/div>\n<\/td>\n<td class=\"wp-block-table__cell-content\">\n<div class=\"block-editor-rich-text__editable rich-text\" role=\"textbox\" contenteditable=\"true\" aria-multiline=\"true\" aria-label=\"K\u00f6rper \u5355\u5143\u683c\u6587\u5b57\">Zink<\/div>\n<\/td>\n<\/tr>\n<tr>\n<td class=\"wp-block-table__cell-content\">\n<div class=\"block-editor-rich-text__editable rich-text\" role=\"textbox\" contenteditable=\"true\" aria-multiline=\"true\" aria-label=\"K\u00f6rper \u5355\u5143\u683c\u6587\u5b57\"><strong>Kartusche<\/strong><\/div>\n<\/td>\n<td class=\"wp-block-table__cell-content\">\n<div class=\"block-editor-rich-text__editable rich-text\" role=\"textbox\" contenteditable=\"true\" aria-multiline=\"true\" aria-label=\"K\u00f6rper \u5355\u5143\u683c\u6587\u5b57\">Messing-Patrone<\/div>\n<\/td>\n<\/tr>\n<tr>\n<td class=\"wp-block-table__cell-content\">\n<div class=\"block-editor-rich-text__editable rich-text\" role=\"textbox\" contenteditable=\"true\" aria-multiline=\"true\" aria-label=\"K\u00f6rper \u5355\u5143\u683c\u6587\u5b57\"><strong>Oberfl\u00e4chenbehandlung<\/strong><\/div>\n<\/td>\n<td class=\"wp-block-table__cell-content\">\n<div class=\"block-editor-rich-text__editable rich-text\" role=\"textbox\" contenteditable=\"true\" aria-multiline=\"true\" aria-label=\"K\u00f6rper \u5355\u5143\u683c\u6587\u5b57\">Chrom<\/div>\n<\/td>\n<\/tr>\n<tr>\n<td class=\"wp-block-table__cell-content\">\n<div class=\"block-editor-rich-text__editable rich-text\" role=\"textbox\" contenteditable=\"true\" aria-multiline=\"true\" aria-label=\"K\u00f6rper \u5355\u5143\u683c\u6587\u5b57\"><strong>Ausgie\u00dfer-Typen<\/strong><\/div>\n<\/td>\n<td class=\"wp-block-table__cell-content\">\n<div class=\"block-editor-rich-text__editable rich-text\" role=\"textbox\" contenteditable=\"true\" aria-multiline=\"true\" aria-label=\"K\u00f6rper \u5355\u5143\u683c\u6587\u5b57\">Standard<\/div>\n<\/td>\n<\/tr>\n<tr>\n<td class=\"wp-block-table__cell-content\">\n<div class=\"block-editor-rich-text__editable rich-text\" role=\"textbox\" contenteditable=\"true\" aria-multiline=\"true\" aria-label=\"K\u00f6rper \u5355\u5143\u683c\u6587\u5b57\"><strong>Gewicht<\/strong><\/div>\n<\/td>\n<td class=\"wp-block-table__cell-content\">\n<div class=\"block-editor-rich-text__editable rich-text\" role=\"textbox\" contenteditable=\"true\" aria-multiline=\"true\" aria-label=\"K\u00f6rper \u5355\u5143\u683c\u6587\u5b57\">\u00a0<\/div>\n<\/td>\n<\/tr>\n<tr>\n<td class=\"wp-block-table__cell-content\">\n<div class=\"block-editor-rich-text__editable rich-text\" role=\"textbox\" contenteditable=\"true\" aria-multiline=\"true\" aria-label=\"K\u00f6rper \u5355\u5143\u683c\u6587\u5b57\"><strong>Anzahl der L\u00f6cher f\u00fcr die Installation<\/strong><\/div>\n<\/td>\n<td class=\"wp-block-table__cell-content\">\n<div class=\"block-editor-rich-text__editable rich-text\" role=\"textbox\" contenteditable=\"true\" aria-multiline=\"true\" aria-label=\"K\u00f6rper \u5355\u5143\u683c\u6587\u5b57\">Einzelne Bohrung<\/div>\n<\/td>\n<\/tr>\n<tr>\n<td class=\"wp-block-table__cell-content\">\n<div class=\"block-editor-rich-text__editable rich-text\" role=\"textbox\" contenteditable=\"true\" aria-multiline=\"true\" aria-label=\"K\u00f6rper \u5355\u5143\u683c\u6587\u5b57\"><strong>Anzahl der Griffe<\/strong><\/div>\n<\/td>\n<td class=\"wp-block-table__cell-content\">\n<div class=\"block-editor-rich-text__editable rich-text\" role=\"textbox\" contenteditable=\"true\" aria-multiline=\"true\" aria-label=\"K\u00f6rper \u5355\u5143\u683c\u6587\u5b57\">Einzelgriff<\/div>\n<\/td>\n<\/tr>\n<tr>\n<td class=\"wp-block-table__cell-content\">\n<div class=\"block-editor-rich-text__editable rich-text\" role=\"textbox\" contenteditable=\"true\" aria-multiline=\"true\" aria-label=\"K\u00f6rper \u5355\u5143\u683c\u6587\u5b57\"><strong>Einbauart<\/strong><\/div>\n<\/td>\n<td class=\"wp-block-table__cell-content\">\n<div class=\"block-editor-rich-text__editable rich-text\" role=\"textbox\" contenteditable=\"true\" aria-multiline=\"true\" aria-label=\"K\u00f6rper \u5355\u5143\u683c\u6587\u5b57\">Auf Deck montiert<\/div>\n<\/td>\n<\/tr>\n<tr>\n<td class=\"wp-block-table__cell-content\">\n<div class=\"block-editor-rich-text__editable rich-text\" role=\"textbox\" contenteditable=\"true\" aria-multiline=\"true\" aria-label=\"K\u00f6rper \u5355\u5143\u683c\u6587\u5b57\"><strong>InsCartridge-Lebensdauer<\/strong><\/div>\n<\/td>\n<td class=\"wp-block-table__cell-content\">\n<div class=\"block-editor-rich-text__editable rich-text\" role=\"textbox\" contenteditable=\"true\" aria-multiline=\"true\" aria-label=\"K\u00f6rper \u5355\u5143\u683c\u6587\u5b57\">500000 Mal \u00d6ffnungsklauselarten<\/div>\n<\/td>\n<\/tr>\n<tr>\n<td class=\"wp-block-table__cell-content\">\n<div class=\"block-editor-rich-text__editable rich-text\" role=\"textbox\" contenteditable=\"true\" aria-multiline=\"true\" aria-label=\"K\u00f6rper \u5355\u5143\u683c\u6587\u5b57\"><strong>Garantie<\/strong><\/div>\n<\/td>\n<td class=\"wp-block-table__cell-content\">\n<div class=\"block-editor-rich-text__editable rich-text\" role=\"textbox\" contenteditable=\"true\" aria-multiline=\"true\" aria-label=\"K\u00f6rper \u5355\u5143\u683c\u6587\u5b57\">5 Jahre Qualit\u00e4tsgarantie<\/div>\n<\/td>\n<\/tr>\n<tr>\n<td class=\"wp-block-table__cell-content\">\n<div class=\"block-editor-rich-text__editable rich-text\" role=\"textbox\" contenteditable=\"true\" aria-multiline=\"true\" aria-label=\"K\u00f6rper \u5355\u5143\u683c\u6587\u5b57\"><strong>Wasserdruck<\/strong><\/div>\n<\/td>\n<td class=\"wp-block-table__cell-content\">\n<div class=\"block-editor-rich-text__editable rich-text\" role=\"textbox\" contenteditable=\"true\" aria-multiline=\"true\" aria-label=\"K\u00f6rper \u5355\u5143\u683c\u6587\u5b57\">0,05-0,8mpa<\/div>\n<\/td>\n<\/tr>\n<tr>\n<td class=\"wp-block-table__cell-content\">\n<div class=\"block-editor-rich-text__editable rich-text\" role=\"textbox\" contenteditable=\"true\" aria-multiline=\"true\" aria-label=\"K\u00f6rper \u5355\u5143\u683c\u6587\u5b57\"><strong>Arbeitstemperatur<\/strong><\/div>\n<\/td>\n<td class=\"wp-block-table__cell-content\">\n<div class=\"block-editor-rich-text__editable rich-text\" role=\"textbox\" contenteditable=\"true\" aria-multiline=\"true\" aria-label=\"K\u00f6rper \u5355\u5143\u683c\u6587\u5b57\">5-99\u2103<\/div>\n<\/td>\n<\/tr>\n<\/tbody>\n<\/table>\n<p>\u00a0<\/p><\/div>\n<div class=\"product_meta\">\u00a0<\/div>\n<div class=\"wp-block-kadence-advancedbtn kb-buttons-wrap kb-btns1303_b530bc-a6\">\u00a0<\/div>","protected":false},"featured_media":10216,"template":"","meta":{"_acf_changed":false,"_kad_post_transparent":"default","_kad_post_title":"","_kad_post_layout":"default","_kad_post_sidebar_id":"","_kad_post_content_style":"default","_kad_post_vertical_padding":"default","_kad_post_feature":"","_kad_post_feature_position":"","_kad_post_header":false,"_kad_post_footer":false},"product_brand":[],"product_cat":[219],"product_tag":[3458,3383],"class_list":{"0":"post-10211","1":"product","2":"type-product","3":"status-publish","4":"has-post-thumbnail","6":"product_cat-single-cold-basin-faucet","7":"product_tag-gold-bathroom-basin-taps","8":"product_tag-tall-basin-faucet-gold","10":"first","11":"instock","12":"shipping-taxable","13":"purchasable","14":"product-type-variable","15":"wvs-archive-product-wrapper","16":"entry","17":"content-bg","18":"loop-entry"},"acf":[],"yoast_head":"<!-- This site is optimized with the Yoast SEO Premium plugin v25.4 (Yoast SEO v27.0) - https:\/\/yoast.com\/product\/yoast-seo-premium-wordpress\/ -->\n<title>High-Quality Gold Hotel Bathroom Zinc Body Cold Water Tap Deck Mounted Basin Faucet Tall Design Gold Bibcocks for Bathroom Basin Taps - YOROOW<\/title>\n<meta name=\"description\" content=\"High-quality gold hotel bathroom zinc body cold water tap deck mounted basin faucet. Tall design gold bibcocks for bathroom basin taps. Factory direct exports serve South American and Southeast Asian luxury markets.\" \/>\n<meta name=\"robots\" content=\"index, follow, max-snippet:-1, max-image-preview:large, max-video-preview:-1\" \/>\n<link rel=\"canonical\" href=\"https:\/\/www.yoroow.com\/de\/produktdetail\/modernes-gold-hotel-badezimmer-waschbecken-messing-kartusche-zink-korper-kaltwasserhahn-deck-montiert-basin-faucet\/\" \/>\n<meta property=\"og:locale\" content=\"de_DE\" \/>\n<meta property=\"og:type\" content=\"article\" \/>\n<meta property=\"og:title\" content=\"High-Quality Gold Hotel Bathroom Zinc Body Cold Water Tap Deck Mounted Basin Faucet Tall Design Gold Bibcocks for Bathroom Basin Taps\" \/>\n<meta property=\"og:description\" content=\"High-quality gold hotel bathroom zinc body cold water tap deck mounted basin faucet. Tall design gold bibcocks for bathroom basin taps. Factory direct exports serve South American and Southeast Asian luxury markets.\" \/>\n<meta property=\"og:url\" content=\"https:\/\/www.yoroow.com\/de\/produktdetail\/modernes-gold-hotel-badezimmer-waschbecken-messing-kartusche-zink-korper-kaltwasserhahn-deck-montiert-basin-faucet\/\" \/>\n<meta property=\"og:site_name\" content=\"YOROOW\" \/>\n<meta property=\"article:publisher\" content=\"https:\/\/www.facebook.com\/people\/yoroowfaucetfactory\/61564236752362\/\" \/>\n<meta property=\"article:modified_time\" content=\"2025-05-16T01:21:06+00:00\" \/>\n<meta property=\"og:image\" content=\"https:\/\/www.yoroow.com\/wp-content\/uploads\/2025\/02\/\u5fae\u4fe1\u56fe\u7247_20240709134726.jpg\" \/>\n\t<meta property=\"og:image:width\" content=\"631\" \/>\n\t<meta property=\"og:image:height\" content=\"631\" \/>\n\t<meta property=\"og:image:type\" content=\"image\/jpeg\" \/>\n<meta name=\"twitter:card\" content=\"summary_large_image\" \/>\n<meta name=\"twitter:label1\" content=\"Gesch\u00e4tzte Lesezeit\" \/>\n\t<meta name=\"twitter:data1\" content=\"2\u00a0Minuten\" \/>\n<script type=\"application\/ld+json\" class=\"yoast-schema-graph\">{\"@context\":\"https:\/\/schema.org\",\"@graph\":[{\"@type\":\"WebPage\",\"@id\":\"https:\/\/www.yoroow.com\/de\/produktdetail\/modernes-gold-hotel-badezimmer-waschbecken-messing-kartusche-zink-korper-kaltwasserhahn-deck-montiert-basin-faucet\/\",\"url\":\"https:\/\/www.yoroow.com\/de\/produktdetail\/modernes-gold-hotel-badezimmer-waschbecken-messing-kartusche-zink-korper-kaltwasserhahn-deck-montiert-basin-faucet\/\",\"name\":\"High-Quality Gold Hotel Bathroom Zinc Body Cold Water Tap Deck Mounted Basin Faucet Tall Design Gold Bibcocks for Bathroom Basin Taps - YOROOW\",\"isPartOf\":{\"@id\":\"https:\/\/www.yoroow.com\/de\/#website\"},\"primaryImageOfPage\":{\"@id\":\"https:\/\/www.yoroow.com\/de\/produktdetail\/modernes-gold-hotel-badezimmer-waschbecken-messing-kartusche-zink-korper-kaltwasserhahn-deck-montiert-basin-faucet\/#primaryimage\"},\"image\":{\"@id\":\"https:\/\/www.yoroow.com\/de\/produktdetail\/modernes-gold-hotel-badezimmer-waschbecken-messing-kartusche-zink-korper-kaltwasserhahn-deck-montiert-basin-faucet\/#primaryimage\"},\"thumbnailUrl\":\"https:\/\/www.yoroow.com\/wp-content\/uploads\/2025\/02\/\u5fae\u4fe1\u56fe\u7247_20240709134726.jpg\",\"datePublished\":\"2025-02-14T08:21:10+00:00\",\"dateModified\":\"2025-05-16T01:21:06+00:00\",\"description\":\"High-quality gold hotel bathroom zinc body cold water tap deck mounted basin faucet. Tall design gold bibcocks for bathroom basin taps. Factory direct exports serve South American and Southeast Asian luxury markets.\",\"breadcrumb\":{\"@id\":\"https:\/\/www.yoroow.com\/de\/produktdetail\/modernes-gold-hotel-badezimmer-waschbecken-messing-kartusche-zink-korper-kaltwasserhahn-deck-montiert-basin-faucet\/#breadcrumb\"},\"inLanguage\":\"de\",\"potentialAction\":[{\"@type\":\"ReadAction\",\"target\":[\"https:\/\/www.yoroow.com\/de\/produktdetail\/modernes-gold-hotel-badezimmer-waschbecken-messing-kartusche-zink-korper-kaltwasserhahn-deck-montiert-basin-faucet\/\"]}]},{\"@type\":\"ImageObject\",\"inLanguage\":\"de\",\"@id\":\"https:\/\/www.yoroow.com\/de\/produktdetail\/modernes-gold-hotel-badezimmer-waschbecken-messing-kartusche-zink-korper-kaltwasserhahn-deck-montiert-basin-faucet\/#primaryimage\",\"url\":\"https:\/\/www.yoroow.com\/wp-content\/uploads\/2025\/02\/\u5fae\u4fe1\u56fe\u7247_20240709134726.jpg\",\"contentUrl\":\"https:\/\/www.yoroow.com\/wp-content\/uploads\/2025\/02\/\u5fae\u4fe1\u56fe\u7247_20240709134726.jpg\",\"width\":631,\"height\":631,\"caption\":\"304 Stainless Steel Modern Single Handle Single Hole Mount Gold Tall Basin Faucet for Bathroom Single Cold Basin Faucet Tap\"},{\"@type\":\"BreadcrumbList\",\"@id\":\"https:\/\/www.yoroow.com\/de\/produktdetail\/modernes-gold-hotel-badezimmer-waschbecken-messing-kartusche-zink-korper-kaltwasserhahn-deck-montiert-basin-faucet\/#breadcrumb\",\"itemListElement\":[{\"@type\":\"ListItem\",\"position\":1,\"name\":\"home\",\"item\":\"https:\/\/www.yoroow.com\/\"},{\"@type\":\"ListItem\",\"position\":2,\"name\":\"Product\",\"item\":\"https:\/\/www.yoroow.com\/product\/\"},{\"@type\":\"ListItem\",\"position\":3,\"name\":\"High-Quality Gold Hotel Bathroom Zinc Body Cold Water Tap Deck Mounted Basin Faucet Tall Design Gold Bibcocks for Bathroom Basin Taps\"}]},{\"@type\":\"WebSite\",\"@id\":\"https:\/\/www.yoroow.com\/de\/#website\",\"url\":\"https:\/\/www.yoroow.com\/de\/\",\"name\":\"YOROOW\",\"description\":\"\",\"publisher\":{\"@id\":\"https:\/\/www.yoroow.com\/de\/#organization\"},\"potentialAction\":[{\"@type\":\"SearchAction\",\"target\":{\"@type\":\"EntryPoint\",\"urlTemplate\":\"https:\/\/www.yoroow.com\/de\/?s={search_term_string}\"},\"query-input\":{\"@type\":\"PropertyValueSpecification\",\"valueRequired\":true,\"valueName\":\"search_term_string\"}}],\"inLanguage\":\"de\"},{\"@type\":\"Organization\",\"@id\":\"https:\/\/www.yoroow.com\/de\/#organization\",\"name\":\"YOROOW\",\"url\":\"https:\/\/www.yoroow.com\/de\/\",\"logo\":{\"@type\":\"ImageObject\",\"inLanguage\":\"de\",\"@id\":\"https:\/\/www.yoroow.com\/de\/#\/schema\/logo\/image\/\",\"url\":\"https:\/\/www.yoroow.com\/wp-content\/uploads\/2024\/12\/2024123007131061.png\",\"contentUrl\":\"https:\/\/www.yoroow.com\/wp-content\/uploads\/2024\/12\/2024123007131061.png\",\"width\":168,\"height\":27,\"caption\":\"YOROOW\"},\"image\":{\"@id\":\"https:\/\/www.yoroow.com\/de\/#\/schema\/logo\/image\/\"},\"sameAs\":[\"https:\/\/www.facebook.com\/people\/yoroowfaucetfactory\/61564236752362\/\"]}]}<\/script>\n<!-- \/ Yoast SEO Premium plugin. -->","yoast_head_json":{"title":"High-Quality Gold Hotel Bathroom Zinc Body Cold Water Tap Deck Mounted Basin Faucet Tall Design Gold Bibcocks for Bathroom Basin Taps - YOROOW","description":"High-quality gold hotel bathroom zinc body cold water tap deck mounted basin faucet. Tall design gold bibcocks for bathroom basin taps. Factory direct exports serve South American and Southeast Asian luxury markets.","robots":{"index":"index","follow":"follow","max-snippet":"max-snippet:-1","max-image-preview":"max-image-preview:large","max-video-preview":"max-video-preview:-1"},"canonical":"https:\/\/www.yoroow.com\/de\/produktdetail\/modernes-gold-hotel-badezimmer-waschbecken-messing-kartusche-zink-korper-kaltwasserhahn-deck-montiert-basin-faucet\/","og_locale":"de_DE","og_type":"article","og_title":"High-Quality Gold Hotel Bathroom Zinc Body Cold Water Tap Deck Mounted Basin Faucet Tall Design Gold Bibcocks for Bathroom Basin Taps","og_description":"High-quality gold hotel bathroom zinc body cold water tap deck mounted basin faucet. Tall design gold bibcocks for bathroom basin taps. Factory direct exports serve South American and Southeast Asian luxury markets.","og_url":"https:\/\/www.yoroow.com\/de\/produktdetail\/modernes-gold-hotel-badezimmer-waschbecken-messing-kartusche-zink-korper-kaltwasserhahn-deck-montiert-basin-faucet\/","og_site_name":"YOROOW","article_publisher":"https:\/\/www.facebook.com\/people\/yoroowfaucetfactory\/61564236752362\/","article_modified_time":"2025-05-16T01:21:06+00:00","og_image":[{"width":631,"height":631,"url":"https:\/\/www.yoroow.com\/wp-content\/uploads\/2025\/02\/\u5fae\u4fe1\u56fe\u7247_20240709134726.jpg","type":"image\/jpeg"}],"twitter_card":"summary_large_image","twitter_misc":{"Gesch\u00e4tzte Lesezeit":"2\u00a0Minuten"},"schema":{"@context":"https:\/\/schema.org","@graph":[{"@type":"WebPage","@id":"https:\/\/www.yoroow.com\/de\/produktdetail\/modernes-gold-hotel-badezimmer-waschbecken-messing-kartusche-zink-korper-kaltwasserhahn-deck-montiert-basin-faucet\/","url":"https:\/\/www.yoroow.com\/de\/produktdetail\/modernes-gold-hotel-badezimmer-waschbecken-messing-kartusche-zink-korper-kaltwasserhahn-deck-montiert-basin-faucet\/","name":"High-Quality Gold Hotel Bathroom Zinc Body Cold Water Tap Deck Mounted Basin Faucet Tall Design Gold Bibcocks for Bathroom Basin Taps - YOROOW","isPartOf":{"@id":"https:\/\/www.yoroow.com\/de\/#website"},"primaryImageOfPage":{"@id":"https:\/\/www.yoroow.com\/de\/produktdetail\/modernes-gold-hotel-badezimmer-waschbecken-messing-kartusche-zink-korper-kaltwasserhahn-deck-montiert-basin-faucet\/#primaryimage"},"image":{"@id":"https:\/\/www.yoroow.com\/de\/produktdetail\/modernes-gold-hotel-badezimmer-waschbecken-messing-kartusche-zink-korper-kaltwasserhahn-deck-montiert-basin-faucet\/#primaryimage"},"thumbnailUrl":"https:\/\/www.yoroow.com\/wp-content\/uploads\/2025\/02\/\u5fae\u4fe1\u56fe\u7247_20240709134726.jpg","datePublished":"2025-02-14T08:21:10+00:00","dateModified":"2025-05-16T01:21:06+00:00","description":"High-quality gold hotel bathroom zinc body cold water tap deck mounted basin faucet. Tall design gold bibcocks for bathroom basin taps. Factory direct exports serve South American and Southeast Asian luxury markets.","breadcrumb":{"@id":"https:\/\/www.yoroow.com\/de\/produktdetail\/modernes-gold-hotel-badezimmer-waschbecken-messing-kartusche-zink-korper-kaltwasserhahn-deck-montiert-basin-faucet\/#breadcrumb"},"inLanguage":"de","potentialAction":[{"@type":"ReadAction","target":["https:\/\/www.yoroow.com\/de\/produktdetail\/modernes-gold-hotel-badezimmer-waschbecken-messing-kartusche-zink-korper-kaltwasserhahn-deck-montiert-basin-faucet\/"]}]},{"@type":"ImageObject","inLanguage":"de","@id":"https:\/\/www.yoroow.com\/de\/produktdetail\/modernes-gold-hotel-badezimmer-waschbecken-messing-kartusche-zink-korper-kaltwasserhahn-deck-montiert-basin-faucet\/#primaryimage","url":"https:\/\/www.yoroow.com\/wp-content\/uploads\/2025\/02\/\u5fae\u4fe1\u56fe\u7247_20240709134726.jpg","contentUrl":"https:\/\/www.yoroow.com\/wp-content\/uploads\/2025\/02\/\u5fae\u4fe1\u56fe\u7247_20240709134726.jpg","width":631,"height":631,"caption":"304 Stainless Steel Modern Single Handle Single Hole Mount Gold Tall Basin Faucet for Bathroom Single Cold Basin Faucet Tap"},{"@type":"BreadcrumbList","@id":"https:\/\/www.yoroow.com\/de\/produktdetail\/modernes-gold-hotel-badezimmer-waschbecken-messing-kartusche-zink-korper-kaltwasserhahn-deck-montiert-basin-faucet\/#breadcrumb","itemListElement":[{"@type":"ListItem","position":1,"name":"home","item":"https:\/\/www.yoroow.com\/"},{"@type":"ListItem","position":2,"name":"Product","item":"https:\/\/www.yoroow.com\/product\/"},{"@type":"ListItem","position":3,"name":"High-Quality Gold Hotel Bathroom Zinc Body Cold Water Tap Deck Mounted Basin Faucet Tall Design Gold Bibcocks for Bathroom Basin Taps"}]},{"@type":"WebSite","@id":"https:\/\/www.yoroow.com\/de\/#website","url":"https:\/\/www.yoroow.com\/de\/","name":"YOROOW","description":"","publisher":{"@id":"https:\/\/www.yoroow.com\/de\/#organization"},"potentialAction":[{"@type":"SearchAction","target":{"@type":"EntryPoint","urlTemplate":"https:\/\/www.yoroow.com\/de\/?s={search_term_string}"},"query-input":{"@type":"PropertyValueSpecification","valueRequired":true,"valueName":"search_term_string"}}],"inLanguage":"de"},{"@type":"Organization","@id":"https:\/\/www.yoroow.com\/de\/#organization","name":"YOROOW","url":"https:\/\/www.yoroow.com\/de\/","logo":{"@type":"ImageObject","inLanguage":"de","@id":"https:\/\/www.yoroow.com\/de\/#\/schema\/logo\/image\/","url":"https:\/\/www.yoroow.com\/wp-content\/uploads\/2024\/12\/2024123007131061.png","contentUrl":"https:\/\/www.yoroow.com\/wp-content\/uploads\/2024\/12\/2024123007131061.png","width":168,"height":27,"caption":"YOROOW"},"image":{"@id":"https:\/\/www.yoroow.com\/de\/#\/schema\/logo\/image\/"},"sameAs":["https:\/\/www.facebook.com\/people\/yoroowfaucetfactory\/61564236752362\/"]}]}},"_links":{"self":[{"href":"https:\/\/www.yoroow.com\/de\/wp-json\/wp\/v2\/product\/10211","targetHints":{"allow":["GET"]}}],"collection":[{"href":"https:\/\/www.yoroow.com\/de\/wp-json\/wp\/v2\/product"}],"about":[{"href":"https:\/\/www.yoroow.com\/de\/wp-json\/wp\/v2\/types\/product"}],"wp:featuredmedia":[{"embeddable":true,"href":"https:\/\/www.yoroow.com\/de\/wp-json\/wp\/v2\/media\/10216"}],"wp:attachment":[{"href":"https:\/\/www.yoroow.com\/de\/wp-json\/wp\/v2\/media?parent=10211"}],"wp:term":[{"taxonomy":"product_brand","embeddable":true,"href":"https:\/\/www.yoroow.com\/de\/wp-json\/wp\/v2\/product_brand?post=10211"},{"taxonomy":"product_cat","embeddable":true,"href":"https:\/\/www.yoroow.com\/de\/wp-json\/wp\/v2\/product_cat?post=10211"},{"taxonomy":"product_tag","embeddable":true,"href":"https:\/\/www.yoroow.com\/de\/wp-json\/wp\/v2\/product_tag?post=10211"}],"curies":[{"name":"wp","href":"https:\/\/api.w.org\/{rel}","templated":true}]}}