{"id":10175,"date":"2025-02-14T15:43:28","date_gmt":"2025-02-14T07:43:28","guid":{"rendered":"https:\/\/www.yoroow.com\/?post_type=product&#038;p=10175"},"modified":"2025-05-16T09:20:35","modified_gmt":"2025-05-16T01:20:35","slug":"yoroow-einzelgriff-zinkkorper-waschtischarmatur-kaltes-wasser-schnell-zu-offnen-waschtischarmatur-fur-badezimmer-kunststoff-wasserhahne","status":"publish","type":"product","link":"https:\/\/www.yoroow.com\/de\/produktdetail\/yoroow-einzelgriff-zinkkorper-waschtischarmatur-kaltes-wasser-schnell-zu-offnen-waschtischarmatur-fur-badezimmer-kunststoff-wasserhahne\/","title":{"rendered":"Moderner einzelner kalter Waschtischhahn Handh\u00e4hne f\u00fcr modern gestaltete Waschbecken Wasserhahnzubeh\u00f6r"},"content":{"rendered":"<p>Dieser moderne Handwasserhahn wurde f\u00fcr die Verwendung mit modernen Waschbecken entwickelt und bietet eine einfache und funktionelle L\u00f6sung f\u00fcr die Kaltwasserversorgung. Der einzelne Kaltwassergriff erm\u00f6glicht eine einfache Bedienung, und das schlichte Design der Armatur unterstreicht die \u00c4sthetik eines jeden modernen Badezimmers. Die Armatur ist aus langlebigen Materialien gefertigt und h\u00e4lt dem regelm\u00e4\u00dfigen Gebrauch stand. Dieses in China hergestellte Produkt bietet wettbewerbsf\u00e4hige Preise und eine effiziente Produktion, was es zu einer guten Option f\u00fcr den Export in die s\u00fcdamerikanischen und s\u00fcdostasiatischen M\u00e4rkte macht, wo moderne und erschwingliche Badaccessoires sehr gefragt sind.<\/p>","protected":false},"excerpt":{"rendered":"<p>Dieser moderne Handwasserhahn wurde f\u00fcr die Verwendung mit modernen Waschbecken entwickelt und bietet eine einfache und funktionelle L\u00f6sung f\u00fcr die Kaltwasserversorgung. Der einzelne Kaltwassergriff erm\u00f6glicht eine einfache Bedienung, und das schlichte Design der Armatur unterstreicht die \u00c4sthetik eines jeden modernen Badezimmers. Die Armatur ist aus strapazierf\u00e4higen Materialien gefertigt und f\u00fcr den regelm\u00e4\u00dfigen Gebrauch ausgelegt. Gefertigt in...<\/p>","protected":false},"featured_media":10182,"template":"","meta":{"_acf_changed":false,"_kad_post_transparent":"default","_kad_post_title":"","_kad_post_layout":"default","_kad_post_sidebar_id":"","_kad_post_content_style":"default","_kad_post_vertical_padding":"default","_kad_post_feature":"","_kad_post_feature_position":"","_kad_post_header":false,"_kad_post_footer":false},"product_brand":[],"product_cat":[219],"product_tag":[3435,3504],"class_list":{"0":"post-10175","1":"product","2":"type-product","3":"status-publish","4":"has-post-thumbnail","6":"product_cat-single-cold-basin-faucet","7":"product_tag-basin-hand-taps","8":"product_tag-taps-for-basin","10":"first","11":"instock","12":"shipping-taxable","13":"purchasable","14":"product-type-variable","15":"wvs-archive-product-wrapper","16":"entry","17":"content-bg","18":"loop-entry"},"acf":[],"yoast_head":"<!-- This site is optimized with the Yoast SEO Premium plugin v25.4 (Yoast SEO v27.0) - https:\/\/yoast.com\/product\/yoast-seo-premium-wordpress\/ -->\n<title>Modern Single Cold Basin Faucet Hand Taps for Modern Designed Basins Faucet Accessories - YOROOW<\/title>\n<meta name=\"description\" content=\"Modern single cold basin faucet hand taps for modern designed basins. Faucet accessories made in China for South American and Southeast Asian export markets.\" \/>\n<meta name=\"robots\" content=\"index, follow, max-snippet:-1, max-image-preview:large, max-video-preview:-1\" \/>\n<link rel=\"canonical\" href=\"https:\/\/www.yoroow.com\/de\/produktdetail\/yoroow-einzelgriff-zinkkorper-waschtischarmatur-kaltes-wasser-schnell-zu-offnen-waschtischarmatur-fur-badezimmer-kunststoff-wasserhahne\/\" \/>\n<meta property=\"og:locale\" content=\"de_DE\" \/>\n<meta property=\"og:type\" content=\"article\" \/>\n<meta property=\"og:title\" content=\"Modern Single Cold Basin Faucet Hand Taps for Modern Designed Basins Faucet Accessories\" \/>\n<meta property=\"og:description\" content=\"Modern single cold basin faucet hand taps for modern designed basins. Faucet accessories made in China for South American and Southeast Asian export markets.\" \/>\n<meta property=\"og:url\" content=\"https:\/\/www.yoroow.com\/de\/produktdetail\/yoroow-einzelgriff-zinkkorper-waschtischarmatur-kaltes-wasser-schnell-zu-offnen-waschtischarmatur-fur-badezimmer-kunststoff-wasserhahne\/\" \/>\n<meta property=\"og:site_name\" content=\"YOROOW\" \/>\n<meta property=\"article:publisher\" content=\"https:\/\/www.facebook.com\/people\/yoroowfaucetfactory\/61564236752362\/\" \/>\n<meta property=\"article:modified_time\" content=\"2025-05-16T01:20:35+00:00\" \/>\n<meta property=\"og:image\" content=\"https:\/\/www.yoroow.com\/wp-content\/uploads\/2025\/02\/\u5fae\u4fe1\u56fe\u7247_20210609104054.jpg\" \/>\n\t<meta property=\"og:image:width\" content=\"700\" \/>\n\t<meta property=\"og:image:height\" content=\"700\" \/>\n\t<meta property=\"og:image:type\" content=\"image\/jpeg\" \/>\n<meta name=\"twitter:card\" content=\"summary_large_image\" \/>\n<meta name=\"twitter:label1\" content=\"Gesch\u00e4tzte Lesezeit\" \/>\n\t<meta name=\"twitter:data1\" content=\"3\u00a0Minuten\" \/>\n<script type=\"application\/ld+json\" class=\"yoast-schema-graph\">{\"@context\":\"https:\/\/schema.org\",\"@graph\":[{\"@type\":\"WebPage\",\"@id\":\"https:\/\/www.yoroow.com\/de\/produktdetail\/yoroow-einzelgriff-zinkkorper-waschtischarmatur-kaltes-wasser-schnell-zu-offnen-waschtischarmatur-fur-badezimmer-kunststoff-wasserhahne\/\",\"url\":\"https:\/\/www.yoroow.com\/de\/produktdetail\/yoroow-einzelgriff-zinkkorper-waschtischarmatur-kaltes-wasser-schnell-zu-offnen-waschtischarmatur-fur-badezimmer-kunststoff-wasserhahne\/\",\"name\":\"Modern Single Cold Basin Faucet Hand Taps for Modern Designed Basins Faucet Accessories - YOROOW\",\"isPartOf\":{\"@id\":\"https:\/\/www.yoroow.com\/de\/#website\"},\"primaryImageOfPage\":{\"@id\":\"https:\/\/www.yoroow.com\/de\/produktdetail\/yoroow-einzelgriff-zinkkorper-waschtischarmatur-kaltes-wasser-schnell-zu-offnen-waschtischarmatur-fur-badezimmer-kunststoff-wasserhahne\/#primaryimage\"},\"image\":{\"@id\":\"https:\/\/www.yoroow.com\/de\/produktdetail\/yoroow-einzelgriff-zinkkorper-waschtischarmatur-kaltes-wasser-schnell-zu-offnen-waschtischarmatur-fur-badezimmer-kunststoff-wasserhahne\/#primaryimage\"},\"thumbnailUrl\":\"https:\/\/www.yoroow.com\/wp-content\/uploads\/2025\/02\/\u5fae\u4fe1\u56fe\u7247_20210609104054.jpg\",\"datePublished\":\"2025-02-14T07:43:28+00:00\",\"dateModified\":\"2025-05-16T01:20:35+00:00\",\"description\":\"Modern single cold basin faucet hand taps for modern designed basins. Faucet accessories made in China for South American and Southeast Asian export markets.\",\"breadcrumb\":{\"@id\":\"https:\/\/www.yoroow.com\/de\/produktdetail\/yoroow-einzelgriff-zinkkorper-waschtischarmatur-kaltes-wasser-schnell-zu-offnen-waschtischarmatur-fur-badezimmer-kunststoff-wasserhahne\/#breadcrumb\"},\"inLanguage\":\"de\",\"potentialAction\":[{\"@type\":\"ReadAction\",\"target\":[\"https:\/\/www.yoroow.com\/de\/produktdetail\/yoroow-einzelgriff-zinkkorper-waschtischarmatur-kaltes-wasser-schnell-zu-offnen-waschtischarmatur-fur-badezimmer-kunststoff-wasserhahne\/\"]}]},{\"@type\":\"ImageObject\",\"inLanguage\":\"de\",\"@id\":\"https:\/\/www.yoroow.com\/de\/produktdetail\/yoroow-einzelgriff-zinkkorper-waschtischarmatur-kaltes-wasser-schnell-zu-offnen-waschtischarmatur-fur-badezimmer-kunststoff-wasserhahne\/#primaryimage\",\"url\":\"https:\/\/www.yoroow.com\/wp-content\/uploads\/2025\/02\/\u5fae\u4fe1\u56fe\u7247_20210609104054.jpg\",\"contentUrl\":\"https:\/\/www.yoroow.com\/wp-content\/uploads\/2025\/02\/\u5fae\u4fe1\u56fe\u7247_20210609104054.jpg\",\"width\":700,\"height\":700,\"caption\":\"Modern Single Cold Basin Faucet Hand Taps for Modern Designed Basins Faucet Accessories\"},{\"@type\":\"BreadcrumbList\",\"@id\":\"https:\/\/www.yoroow.com\/de\/produktdetail\/yoroow-einzelgriff-zinkkorper-waschtischarmatur-kaltes-wasser-schnell-zu-offnen-waschtischarmatur-fur-badezimmer-kunststoff-wasserhahne\/#breadcrumb\",\"itemListElement\":[{\"@type\":\"ListItem\",\"position\":1,\"name\":\"home\",\"item\":\"https:\/\/www.yoroow.com\/\"},{\"@type\":\"ListItem\",\"position\":2,\"name\":\"Product\",\"item\":\"https:\/\/www.yoroow.com\/product\/\"},{\"@type\":\"ListItem\",\"position\":3,\"name\":\"Modern Single Cold Basin Faucet Hand Taps for Modern Designed Basins Faucet Accessories\"}]},{\"@type\":\"WebSite\",\"@id\":\"https:\/\/www.yoroow.com\/de\/#website\",\"url\":\"https:\/\/www.yoroow.com\/de\/\",\"name\":\"YOROOW\",\"description\":\"\",\"publisher\":{\"@id\":\"https:\/\/www.yoroow.com\/de\/#organization\"},\"potentialAction\":[{\"@type\":\"SearchAction\",\"target\":{\"@type\":\"EntryPoint\",\"urlTemplate\":\"https:\/\/www.yoroow.com\/de\/?s={search_term_string}\"},\"query-input\":{\"@type\":\"PropertyValueSpecification\",\"valueRequired\":true,\"valueName\":\"search_term_string\"}}],\"inLanguage\":\"de\"},{\"@type\":\"Organization\",\"@id\":\"https:\/\/www.yoroow.com\/de\/#organization\",\"name\":\"YOROOW\",\"url\":\"https:\/\/www.yoroow.com\/de\/\",\"logo\":{\"@type\":\"ImageObject\",\"inLanguage\":\"de\",\"@id\":\"https:\/\/www.yoroow.com\/de\/#\/schema\/logo\/image\/\",\"url\":\"https:\/\/www.yoroow.com\/wp-content\/uploads\/2024\/12\/2024123007131061.png\",\"contentUrl\":\"https:\/\/www.yoroow.com\/wp-content\/uploads\/2024\/12\/2024123007131061.png\",\"width\":168,\"height\":27,\"caption\":\"YOROOW\"},\"image\":{\"@id\":\"https:\/\/www.yoroow.com\/de\/#\/schema\/logo\/image\/\"},\"sameAs\":[\"https:\/\/www.facebook.com\/people\/yoroowfaucetfactory\/61564236752362\/\"]}]}<\/script>\n<!-- \/ Yoast SEO Premium plugin. -->","yoast_head_json":{"title":"Modern Single Cold Basin Faucet Hand Taps for Modern Designed Basins Faucet Accessories - YOROOW","description":"Modern single cold basin faucet hand taps for modern designed basins. Faucet accessories made in China for South American and Southeast Asian export markets.","robots":{"index":"index","follow":"follow","max-snippet":"max-snippet:-1","max-image-preview":"max-image-preview:large","max-video-preview":"max-video-preview:-1"},"canonical":"https:\/\/www.yoroow.com\/de\/produktdetail\/yoroow-einzelgriff-zinkkorper-waschtischarmatur-kaltes-wasser-schnell-zu-offnen-waschtischarmatur-fur-badezimmer-kunststoff-wasserhahne\/","og_locale":"de_DE","og_type":"article","og_title":"Modern Single Cold Basin Faucet Hand Taps for Modern Designed Basins Faucet Accessories","og_description":"Modern single cold basin faucet hand taps for modern designed basins. Faucet accessories made in China for South American and Southeast Asian export markets.","og_url":"https:\/\/www.yoroow.com\/de\/produktdetail\/yoroow-einzelgriff-zinkkorper-waschtischarmatur-kaltes-wasser-schnell-zu-offnen-waschtischarmatur-fur-badezimmer-kunststoff-wasserhahne\/","og_site_name":"YOROOW","article_publisher":"https:\/\/www.facebook.com\/people\/yoroowfaucetfactory\/61564236752362\/","article_modified_time":"2025-05-16T01:20:35+00:00","og_image":[{"width":700,"height":700,"url":"https:\/\/www.yoroow.com\/wp-content\/uploads\/2025\/02\/\u5fae\u4fe1\u56fe\u7247_20210609104054.jpg","type":"image\/jpeg"}],"twitter_card":"summary_large_image","twitter_misc":{"Gesch\u00e4tzte Lesezeit":"3\u00a0Minuten"},"schema":{"@context":"https:\/\/schema.org","@graph":[{"@type":"WebPage","@id":"https:\/\/www.yoroow.com\/de\/produktdetail\/yoroow-einzelgriff-zinkkorper-waschtischarmatur-kaltes-wasser-schnell-zu-offnen-waschtischarmatur-fur-badezimmer-kunststoff-wasserhahne\/","url":"https:\/\/www.yoroow.com\/de\/produktdetail\/yoroow-einzelgriff-zinkkorper-waschtischarmatur-kaltes-wasser-schnell-zu-offnen-waschtischarmatur-fur-badezimmer-kunststoff-wasserhahne\/","name":"Modern Single Cold Basin Faucet Hand Taps for Modern Designed Basins Faucet Accessories - YOROOW","isPartOf":{"@id":"https:\/\/www.yoroow.com\/de\/#website"},"primaryImageOfPage":{"@id":"https:\/\/www.yoroow.com\/de\/produktdetail\/yoroow-einzelgriff-zinkkorper-waschtischarmatur-kaltes-wasser-schnell-zu-offnen-waschtischarmatur-fur-badezimmer-kunststoff-wasserhahne\/#primaryimage"},"image":{"@id":"https:\/\/www.yoroow.com\/de\/produktdetail\/yoroow-einzelgriff-zinkkorper-waschtischarmatur-kaltes-wasser-schnell-zu-offnen-waschtischarmatur-fur-badezimmer-kunststoff-wasserhahne\/#primaryimage"},"thumbnailUrl":"https:\/\/www.yoroow.com\/wp-content\/uploads\/2025\/02\/\u5fae\u4fe1\u56fe\u7247_20210609104054.jpg","datePublished":"2025-02-14T07:43:28+00:00","dateModified":"2025-05-16T01:20:35+00:00","description":"Modern single cold basin faucet hand taps for modern designed basins. Faucet accessories made in China for South American and Southeast Asian export markets.","breadcrumb":{"@id":"https:\/\/www.yoroow.com\/de\/produktdetail\/yoroow-einzelgriff-zinkkorper-waschtischarmatur-kaltes-wasser-schnell-zu-offnen-waschtischarmatur-fur-badezimmer-kunststoff-wasserhahne\/#breadcrumb"},"inLanguage":"de","potentialAction":[{"@type":"ReadAction","target":["https:\/\/www.yoroow.com\/de\/produktdetail\/yoroow-einzelgriff-zinkkorper-waschtischarmatur-kaltes-wasser-schnell-zu-offnen-waschtischarmatur-fur-badezimmer-kunststoff-wasserhahne\/"]}]},{"@type":"ImageObject","inLanguage":"de","@id":"https:\/\/www.yoroow.com\/de\/produktdetail\/yoroow-einzelgriff-zinkkorper-waschtischarmatur-kaltes-wasser-schnell-zu-offnen-waschtischarmatur-fur-badezimmer-kunststoff-wasserhahne\/#primaryimage","url":"https:\/\/www.yoroow.com\/wp-content\/uploads\/2025\/02\/\u5fae\u4fe1\u56fe\u7247_20210609104054.jpg","contentUrl":"https:\/\/www.yoroow.com\/wp-content\/uploads\/2025\/02\/\u5fae\u4fe1\u56fe\u7247_20210609104054.jpg","width":700,"height":700,"caption":"Modern Single Cold Basin Faucet Hand Taps for Modern Designed Basins Faucet Accessories"},{"@type":"BreadcrumbList","@id":"https:\/\/www.yoroow.com\/de\/produktdetail\/yoroow-einzelgriff-zinkkorper-waschtischarmatur-kaltes-wasser-schnell-zu-offnen-waschtischarmatur-fur-badezimmer-kunststoff-wasserhahne\/#breadcrumb","itemListElement":[{"@type":"ListItem","position":1,"name":"home","item":"https:\/\/www.yoroow.com\/"},{"@type":"ListItem","position":2,"name":"Product","item":"https:\/\/www.yoroow.com\/product\/"},{"@type":"ListItem","position":3,"name":"Modern Single Cold Basin Faucet Hand Taps for Modern Designed Basins Faucet Accessories"}]},{"@type":"WebSite","@id":"https:\/\/www.yoroow.com\/de\/#website","url":"https:\/\/www.yoroow.com\/de\/","name":"YOROOW","description":"","publisher":{"@id":"https:\/\/www.yoroow.com\/de\/#organization"},"potentialAction":[{"@type":"SearchAction","target":{"@type":"EntryPoint","urlTemplate":"https:\/\/www.yoroow.com\/de\/?s={search_term_string}"},"query-input":{"@type":"PropertyValueSpecification","valueRequired":true,"valueName":"search_term_string"}}],"inLanguage":"de"},{"@type":"Organization","@id":"https:\/\/www.yoroow.com\/de\/#organization","name":"YOROOW","url":"https:\/\/www.yoroow.com\/de\/","logo":{"@type":"ImageObject","inLanguage":"de","@id":"https:\/\/www.yoroow.com\/de\/#\/schema\/logo\/image\/","url":"https:\/\/www.yoroow.com\/wp-content\/uploads\/2024\/12\/2024123007131061.png","contentUrl":"https:\/\/www.yoroow.com\/wp-content\/uploads\/2024\/12\/2024123007131061.png","width":168,"height":27,"caption":"YOROOW"},"image":{"@id":"https:\/\/www.yoroow.com\/de\/#\/schema\/logo\/image\/"},"sameAs":["https:\/\/www.facebook.com\/people\/yoroowfaucetfactory\/61564236752362\/"]}]}},"_links":{"self":[{"href":"https:\/\/www.yoroow.com\/de\/wp-json\/wp\/v2\/product\/10175","targetHints":{"allow":["GET"]}}],"collection":[{"href":"https:\/\/www.yoroow.com\/de\/wp-json\/wp\/v2\/product"}],"about":[{"href":"https:\/\/www.yoroow.com\/de\/wp-json\/wp\/v2\/types\/product"}],"wp:featuredmedia":[{"embeddable":true,"href":"https:\/\/www.yoroow.com\/de\/wp-json\/wp\/v2\/media\/10182"}],"wp:attachment":[{"href":"https:\/\/www.yoroow.com\/de\/wp-json\/wp\/v2\/media?parent=10175"}],"wp:term":[{"taxonomy":"product_brand","embeddable":true,"href":"https:\/\/www.yoroow.com\/de\/wp-json\/wp\/v2\/product_brand?post=10175"},{"taxonomy":"product_cat","embeddable":true,"href":"https:\/\/www.yoroow.com\/de\/wp-json\/wp\/v2\/product_cat?post=10175"},{"taxonomy":"product_tag","embeddable":true,"href":"https:\/\/www.yoroow.com\/de\/wp-json\/wp\/v2\/product_tag?post=10175"}],"curies":[{"name":"wp","href":"https:\/\/api.w.org\/{rel}","templated":true}]}}